{"id":2762,"date":"2025-09-10T11:27:42","date_gmt":"2025-09-10T08:27:42","guid":{"rendered":"https:\/\/www.pameco.fi\/tuote\/ajo-700t-puomisto-vesakon-leikkaukseen\/"},"modified":"2026-01-15T07:13:35","modified_gmt":"2026-01-15T05:13:35","slug":"ajo-700t-puomisto-vesakon-leikkaukseen","status":"publish","type":"product","link":"https:\/\/www.pameco.fi\/en\/tuote\/ajo-700t-puomisto-vesakon-leikkaukseen\/","title":{"rendered":"AJO 700T -puomimurskain vesakon raivaukseen"},"content":{"rendered":"","protected":false},"excerpt":{"rendered":"<p><strong>AJO 700 T PUOMIMURSKAIN<\/strong><\/p>\n<ul class=\"check-list\">\n<li class=\"bottom-margin-1em color--secondary\"><span style=\"color: #a6a49d;\">T\u00e4yshydraulinen neliosainen puomisto<\/span><\/li>\n<li class=\"bottom-margin-1em color--secondary\"><span style=\"color: #a6a49d;\">Kiinnitys peruskoneen eteen esim. Volvo, kunta 500 jne.<\/span><\/li>\n<li class=\"bottom-margin-1em color--secondary\"><span style=\"color: #a6a49d;\">Laite toimitetaan 1 tai 2-piirisell\u00e4 hydrauliikalla<\/span><\/li>\n<li class=\"bottom-margin-1em color--secondary\"><span style=\"color: #a6a49d;\">Mik\u00e4li peruskone on varustettu kuormantuntevalla hydrauliikalla, on t\u00e4st\u00e4<\/span><br \/>\n<span style=\"color: #a6a49d;\">ilmoitettava tilauksen yhteydess\u00e4.<\/span><\/li>\n<li class=\"bottom-margin-1em color--secondary\"><span style=\"color: #a6a49d;\">S\u00e4hk\u00f6isesti esiohjattu venttiilip\u00f6yt\u00e4 (12 tai 24V j\u00e4rjestelm\u00e4)<\/span><\/li>\n<li class=\"bottom-margin-1em color--secondary\"><span style=\"color: #a6a49d;\">Puomin liikenopeudet s\u00e4\u00e4dett\u00e4viss\u00e4 ohjaamoon asennettavalta n\u00e4yt\u00f6lt\u00e4<\/span><\/li>\n<li class=\"bottom-margin-1em color--secondary\"><span style=\"color: #a6a49d;\">Yksivipuohjaus, hydraulinen varolaite keskipuomissa, palautus joystickin<\/span><br \/>\n<span style=\"color: #a6a49d;\">napista<\/span><\/li>\n<li class=\"bottom-margin-1em color--secondary\"><span style=\"color: #a6a49d;\">Ulottuma ter\u00e4p\u00e4\u00e4n AJO TM 150 kanssa on 7200 mm<\/span><\/li>\n<li class=\"bottom-margin-1em color--secondary\"><span style=\"color: #a6a49d;\">Hydraulinen varolaite joustaa ulkopuomin t\u00f6rm\u00e4tess\u00e4 esteeseen, tuo<\/span><br \/>\n<span style=\"color: #a6a49d;\">turvallisuutta ty\u00f6skentelyyn ja suojaa koneita vaurioilta<\/span><\/li>\n<li class=\"bottom-margin-1em color--secondary\"><span style=\"color: #a6a49d;\">Hydrauliikka\u00f6ljyn j\u00e4\u00e4hdytin termostaattiohjatulla puhaltimella kuuluu aina<\/span><br \/>\n<span style=\"color: #a6a49d;\">puomin vakiovarusteluun.<\/span><\/li>\n<li class=\"bottom-margin-1em color--secondary\"><span style=\"color: #a6a49d;\">Puomiston paino 1160 kg ilman lis\u00e4painoja<\/span><\/li>\n<li class=\"bottom-margin-1em color--secondary\"><span style=\"color: #a6a49d;\">Kokonais\u00f6ljyntarve puomistolle n.30-40 l\/min paine 180 &#8211; 200 bar<\/span><\/li>\n<li class=\"bottom-margin-1em color--secondary\"><span style=\"color: #a6a49d;\">AJO puominp\u00e4\u00e4ss\u00e4 pikakiinnitys ter\u00e4p\u00e4ille<\/span><\/li>\n<li class=\"bottom-margin-1em color--secondary\"><span style=\"color: #a6a49d;\">S\u00e4hk\u00f6kaapeli sek\u00e4 hydrauliletkut omiin liittimiins\u00e4, AJO ter\u00e4p\u00e4\u00e4<\/span><br \/>\n<span style=\"color: #a6a49d;\">puominp\u00e4\u00e4n mekaaniseen pikaliittimeen ja AJO- raivauslaite on valmiina<\/span><br \/>\n<span style=\"color: #a6a49d;\">t\u00f6ihin<\/span><\/li>\n<li class=\"bottom-margin-1em color--secondary\"><span style=\"color: #a6a49d;\">Suositeltu minimipaino peruskoneelle on 9t.<\/span><\/li>\n<li class=\"bottom-margin-1em color--secondary\"><span style=\"color: #a6a49d;\">Lis\u00e4hydrauliikkayksikk\u00f6, vastapainosarja sek\u00e4 ter\u00e4p\u00e4\u00e4n k\u00e4\u00e4nt\u00f6laite saatavilla lis\u00e4varusteina.<\/span><\/li>\n<\/ul>\n<p>&nbsp;<\/p>\n[table id=20 \/]\n<p>&nbsp;<\/p>\n<p><a class=\"button\" href=\"https:\/\/www.pameco.fi\/yhteystiedot\/tarjouspyynto\/\" target=\"_blank\" rel=\"noopener\">L\u00e4het\u00e4 tarjouspyynt\u00f6<\/a><\/p>\n","protected":false},"featured_media":3407,"comment_status":"open","ping_status":"closed","template":"","meta":{"_improvement_type_select":"improve_an_existing","_thumb_yes_seoaic":false,"_frame_yes_seoaic":false,"seoaic_generate_description":"","seoaic_improve_instructions_prompt":"","seoaic_rollback_content_improvement":"","seoaic_idea_thumbnail_generator":"","thumbnail_generated":false,"thumbnail_generate_prompt":"","seoaic_article_description":""},"product_brand":[],"product_cat":[42,41],"product_tag":[110,109,108],"class_list":{"0":"post-2762","1":"product","2":"type-product","3":"status-publish","4":"has-post-thumbnail","6":"product_cat-ajo-puomit","7":"product_cat-ajo-raivauslaitteet","8":"product_tag-niittokone","9":"product_tag-niittopuomi","10":"product_tag-puomimurskain","12":"first","13":"instock","14":"taxable","15":"shipping-taxable","16":"product-type-simple"},"yoast_head":"<!-- This site is optimized with the Yoast SEO plugin v27.2 - https:\/\/yoast.com\/product\/yoast-seo-wordpress\/ -->\n<title>AJO 700T -puomimurskain vesakon raivaukseen - Pameco<\/title>\n<meta name=\"robots\" content=\"index, follow, max-snippet:-1, max-image-preview:large, max-video-preview:-1\" \/>\n<link rel=\"canonical\" href=\"https:\/\/www.pameco.fi\/en\/tuote\/ajo-700t-puomisto-vesakon-leikkaukseen\/\" \/>\n<meta property=\"og:locale\" content=\"en_US\" \/>\n<meta property=\"og:type\" content=\"article\" \/>\n<meta property=\"og:title\" content=\"AJO 700T -puomimurskain vesakon raivaukseen - Pameco\" \/>\n<meta property=\"og:description\" content=\"AJO 700 T PUOMIMURSKAIN   T\u00e4yshydraulinen neliosainen puomisto  Kiinnitys peruskoneen eteen esim. Volvo, kunta 500 jne.  Laite toimitetaan 1 tai 2-piirisell\u00e4 hydrauliikalla  Mik\u00e4li peruskone on varustettu kuormantuntevalla hydrauliikalla, on t\u00e4st\u00e4 ilmoitettava tilauksen yhteydess\u00e4.  S\u00e4hk\u00f6isesti esiohjattu venttiilip\u00f6yt\u00e4 (12 tai 24V j\u00e4rjestelm\u00e4)  Puomin liikenopeudet s\u00e4\u00e4dett\u00e4viss\u00e4 ohjaamoon asennettavalta n\u00e4yt\u00f6lt\u00e4  Yksivipuohjaus, hydraulinen varolaite keskipuomissa, palautus joystickin napista  Ulottuma ter\u00e4p\u00e4\u00e4n AJO TM 150 kanssa on 7200 mm  Hydraulinen varolaite joustaa ulkopuomin t\u00f6rm\u00e4tess\u00e4 esteeseen, tuo turvallisuutta ty\u00f6skentelyyn ja suojaa koneita vaurioilta  Hydrauliikka\u00f6ljyn j\u00e4\u00e4hdytin termostaattiohjatulla puhaltimella kuuluu aina puomin vakiovarusteluun.  Puomiston paino 1160 kg ilman lis\u00e4painoja  Kokonais\u00f6ljyntarve puomistolle n.30-40 l\/min paine 180 - 200 bar  AJO puominp\u00e4\u00e4ss\u00e4 pikakiinnitys ter\u00e4p\u00e4ille  S\u00e4hk\u00f6kaapeli sek\u00e4 hydrauliletkut omiin liittimiins\u00e4, AJO ter\u00e4p\u00e4\u00e4 puominp\u00e4\u00e4n mekaaniseen pikaliittimeen ja AJO- raivauslaite on valmiina t\u00f6ihin  Suositeltu minimipaino peruskoneelle on 9t.  Lis\u00e4hydrauliikkayksikk\u00f6, vastapainosarja sek\u00e4 ter\u00e4p\u00e4\u00e4n k\u00e4\u00e4nt\u00f6laite saatavilla lis\u00e4varusteina.  &nbsp;    &nbsp;  L\u00e4het\u00e4 tarjouspyynt\u00f6\" \/>\n<meta property=\"og:url\" content=\"https:\/\/www.pameco.fi\/en\/tuote\/ajo-700t-puomisto-vesakon-leikkaukseen\/\" \/>\n<meta property=\"og:site_name\" content=\"Pameco\" \/>\n<meta property=\"article:publisher\" content=\"https:\/\/www.facebook.com\/ntmoy\" \/>\n<meta property=\"article:modified_time\" content=\"2026-01-15T05:13:35+00:00\" \/>\n<meta property=\"og:image\" content=\"https:\/\/www.pameco.fi\/wpc\/uploads\/2025\/09\/nettiin.jpg\" \/>\n\t<meta property=\"og:image:width\" content=\"2048\" \/>\n\t<meta property=\"og:image:height\" content=\"1536\" \/>\n\t<meta property=\"og:image:type\" content=\"image\/jpeg\" \/>\n<meta name=\"twitter:card\" content=\"summary_large_image\" \/>\n<meta name=\"twitter:label1\" content=\"Est. reading time\" \/>\n\t<meta name=\"twitter:data1\" content=\"1 minute\" \/>\n<script type=\"application\/ld+json\" class=\"yoast-schema-graph\">{\"@context\":\"https:\/\/schema.org\",\"@graph\":[{\"@type\":\"WebPage\",\"@id\":\"https:\/\/www.pameco.fi\/en\/tuote\/ajo-700t-puomisto-vesakon-leikkaukseen\/\",\"url\":\"https:\/\/www.pameco.fi\/en\/tuote\/ajo-700t-puomisto-vesakon-leikkaukseen\/\",\"name\":\"AJO 700T -puomimurskain vesakon raivaukseen - Pameco\",\"isPartOf\":{\"@id\":\"https:\/\/www.pameco.fi\/en\/#website\"},\"primaryImageOfPage\":{\"@id\":\"https:\/\/www.pameco.fi\/en\/tuote\/ajo-700t-puomisto-vesakon-leikkaukseen\/#primaryimage\"},\"image\":{\"@id\":\"https:\/\/www.pameco.fi\/en\/tuote\/ajo-700t-puomisto-vesakon-leikkaukseen\/#primaryimage\"},\"thumbnailUrl\":\"https:\/\/www.pameco.fi\/wpc\/uploads\/2025\/09\/nettiin.jpg\",\"datePublished\":\"2025-09-10T08:27:42+00:00\",\"dateModified\":\"2026-01-15T05:13:35+00:00\",\"breadcrumb\":{\"@id\":\"https:\/\/www.pameco.fi\/en\/tuote\/ajo-700t-puomisto-vesakon-leikkaukseen\/#breadcrumb\"},\"inLanguage\":\"en-US\",\"potentialAction\":[{\"@type\":\"ReadAction\",\"target\":[\"https:\/\/www.pameco.fi\/en\/tuote\/ajo-700t-puomisto-vesakon-leikkaukseen\/\"]}]},{\"@type\":\"ImageObject\",\"inLanguage\":\"en-US\",\"@id\":\"https:\/\/www.pameco.fi\/en\/tuote\/ajo-700t-puomisto-vesakon-leikkaukseen\/#primaryimage\",\"url\":\"https:\/\/www.pameco.fi\/wpc\/uploads\/2025\/09\/nettiin.jpg\",\"contentUrl\":\"https:\/\/www.pameco.fi\/wpc\/uploads\/2025\/09\/nettiin.jpg\",\"width\":2048,\"height\":1536},{\"@type\":\"BreadcrumbList\",\"@id\":\"https:\/\/www.pameco.fi\/en\/tuote\/ajo-700t-puomisto-vesakon-leikkaukseen\/#breadcrumb\",\"itemListElement\":[{\"@type\":\"ListItem\",\"position\":1,\"name\":\"Home\",\"item\":\"https:\/\/www.pameco.fi\/en\/\"},{\"@type\":\"ListItem\",\"position\":2,\"name\":\"Shop\",\"item\":\"https:\/\/www.pameco.fi\/verkkokauppa\/\"},{\"@type\":\"ListItem\",\"position\":3,\"name\":\"AJO 700T -puomimurskain vesakon raivaukseen\"}]},{\"@type\":\"WebSite\",\"@id\":\"https:\/\/www.pameco.fi\/en\/#website\",\"url\":\"https:\/\/www.pameco.fi\/en\/\",\"name\":\"Pameco\",\"description\":\"Suomalaiset PAMECO, HOKKE ja AJO-tuotteet kone\u00adurakointiin ja maa\u00adtilojen lietteen- sek\u00e4 vesien\u00adk\u00e4sittelyyn\",\"publisher\":{\"@id\":\"https:\/\/www.pameco.fi\/en\/#organization\"},\"alternateName\":\"Nurmeksen Ter\u00e4smyynti Oy\",\"potentialAction\":[{\"@type\":\"SearchAction\",\"target\":{\"@type\":\"EntryPoint\",\"urlTemplate\":\"https:\/\/www.pameco.fi\/en\/?s={search_term_string}\"},\"query-input\":{\"@type\":\"PropertyValueSpecification\",\"valueRequired\":true,\"valueName\":\"search_term_string\"}}],\"inLanguage\":\"en-US\"},{\"@type\":\"Organization\",\"@id\":\"https:\/\/www.pameco.fi\/en\/#organization\",\"name\":\"Pameco\",\"alternateName\":\"Nurmeksen Ter\u00e4smyynti Oy\",\"url\":\"https:\/\/www.pameco.fi\/en\/\",\"logo\":{\"@type\":\"ImageObject\",\"inLanguage\":\"en-US\",\"@id\":\"https:\/\/www.pameco.fi\/en\/#\/schema\/logo\/image\/\",\"url\":\"https:\/\/www.pameco.fi\/wpc\/uploads\/2025\/09\/profiilikuva.png\",\"contentUrl\":\"https:\/\/www.pameco.fi\/wpc\/uploads\/2025\/09\/profiilikuva.png\",\"width\":1500,\"height\":1500,\"caption\":\"Pameco\"},\"image\":{\"@id\":\"https:\/\/www.pameco.fi\/en\/#\/schema\/logo\/image\/\"},\"sameAs\":[\"https:\/\/www.facebook.com\/ntmoy\",\"https:\/\/www.youtube.com\/channel\/UCDQ51KVHtb23Y4nTYonSeRw\"]}]}<\/script>\n<!-- \/ Yoast SEO plugin. -->","yoast_head_json":{"title":"AJO 700T -puomimurskain vesakon raivaukseen - Pameco","robots":{"index":"index","follow":"follow","max-snippet":"max-snippet:-1","max-image-preview":"max-image-preview:large","max-video-preview":"max-video-preview:-1"},"canonical":"https:\/\/www.pameco.fi\/en\/tuote\/ajo-700t-puomisto-vesakon-leikkaukseen\/","og_locale":"en_US","og_type":"article","og_title":"AJO 700T -puomimurskain vesakon raivaukseen - Pameco","og_description":"AJO 700 T PUOMIMURSKAIN   T\u00e4yshydraulinen neliosainen puomisto  Kiinnitys peruskoneen eteen esim. Volvo, kunta 500 jne.  Laite toimitetaan 1 tai 2-piirisell\u00e4 hydrauliikalla  Mik\u00e4li peruskone on varustettu kuormantuntevalla hydrauliikalla, on t\u00e4st\u00e4 ilmoitettava tilauksen yhteydess\u00e4.  S\u00e4hk\u00f6isesti esiohjattu venttiilip\u00f6yt\u00e4 (12 tai 24V j\u00e4rjestelm\u00e4)  Puomin liikenopeudet s\u00e4\u00e4dett\u00e4viss\u00e4 ohjaamoon asennettavalta n\u00e4yt\u00f6lt\u00e4  Yksivipuohjaus, hydraulinen varolaite keskipuomissa, palautus joystickin napista  Ulottuma ter\u00e4p\u00e4\u00e4n AJO TM 150 kanssa on 7200 mm  Hydraulinen varolaite joustaa ulkopuomin t\u00f6rm\u00e4tess\u00e4 esteeseen, tuo turvallisuutta ty\u00f6skentelyyn ja suojaa koneita vaurioilta  Hydrauliikka\u00f6ljyn j\u00e4\u00e4hdytin termostaattiohjatulla puhaltimella kuuluu aina puomin vakiovarusteluun.  Puomiston paino 1160 kg ilman lis\u00e4painoja  Kokonais\u00f6ljyntarve puomistolle n.30-40 l\/min paine 180 - 200 bar  AJO puominp\u00e4\u00e4ss\u00e4 pikakiinnitys ter\u00e4p\u00e4ille  S\u00e4hk\u00f6kaapeli sek\u00e4 hydrauliletkut omiin liittimiins\u00e4, AJO ter\u00e4p\u00e4\u00e4 puominp\u00e4\u00e4n mekaaniseen pikaliittimeen ja AJO- raivauslaite on valmiina t\u00f6ihin  Suositeltu minimipaino peruskoneelle on 9t.  Lis\u00e4hydrauliikkayksikk\u00f6, vastapainosarja sek\u00e4 ter\u00e4p\u00e4\u00e4n k\u00e4\u00e4nt\u00f6laite saatavilla lis\u00e4varusteina.  &nbsp;    &nbsp;  L\u00e4het\u00e4 tarjouspyynt\u00f6","og_url":"https:\/\/www.pameco.fi\/en\/tuote\/ajo-700t-puomisto-vesakon-leikkaukseen\/","og_site_name":"Pameco","article_publisher":"https:\/\/www.facebook.com\/ntmoy","article_modified_time":"2026-01-15T05:13:35+00:00","og_image":[{"width":2048,"height":1536,"url":"https:\/\/www.pameco.fi\/wpc\/uploads\/2025\/09\/nettiin.jpg","type":"image\/jpeg"}],"twitter_card":"summary_large_image","twitter_misc":{"Est. reading time":"1 minute"},"schema":{"@context":"https:\/\/schema.org","@graph":[{"@type":"WebPage","@id":"https:\/\/www.pameco.fi\/en\/tuote\/ajo-700t-puomisto-vesakon-leikkaukseen\/","url":"https:\/\/www.pameco.fi\/en\/tuote\/ajo-700t-puomisto-vesakon-leikkaukseen\/","name":"AJO 700T -puomimurskain vesakon raivaukseen - Pameco","isPartOf":{"@id":"https:\/\/www.pameco.fi\/en\/#website"},"primaryImageOfPage":{"@id":"https:\/\/www.pameco.fi\/en\/tuote\/ajo-700t-puomisto-vesakon-leikkaukseen\/#primaryimage"},"image":{"@id":"https:\/\/www.pameco.fi\/en\/tuote\/ajo-700t-puomisto-vesakon-leikkaukseen\/#primaryimage"},"thumbnailUrl":"https:\/\/www.pameco.fi\/wpc\/uploads\/2025\/09\/nettiin.jpg","datePublished":"2025-09-10T08:27:42+00:00","dateModified":"2026-01-15T05:13:35+00:00","breadcrumb":{"@id":"https:\/\/www.pameco.fi\/en\/tuote\/ajo-700t-puomisto-vesakon-leikkaukseen\/#breadcrumb"},"inLanguage":"en-US","potentialAction":[{"@type":"ReadAction","target":["https:\/\/www.pameco.fi\/en\/tuote\/ajo-700t-puomisto-vesakon-leikkaukseen\/"]}]},{"@type":"ImageObject","inLanguage":"en-US","@id":"https:\/\/www.pameco.fi\/en\/tuote\/ajo-700t-puomisto-vesakon-leikkaukseen\/#primaryimage","url":"https:\/\/www.pameco.fi\/wpc\/uploads\/2025\/09\/nettiin.jpg","contentUrl":"https:\/\/www.pameco.fi\/wpc\/uploads\/2025\/09\/nettiin.jpg","width":2048,"height":1536},{"@type":"BreadcrumbList","@id":"https:\/\/www.pameco.fi\/en\/tuote\/ajo-700t-puomisto-vesakon-leikkaukseen\/#breadcrumb","itemListElement":[{"@type":"ListItem","position":1,"name":"Home","item":"https:\/\/www.pameco.fi\/en\/"},{"@type":"ListItem","position":2,"name":"Shop","item":"https:\/\/www.pameco.fi\/verkkokauppa\/"},{"@type":"ListItem","position":3,"name":"AJO 700T -puomimurskain vesakon raivaukseen"}]},{"@type":"WebSite","@id":"https:\/\/www.pameco.fi\/en\/#website","url":"https:\/\/www.pameco.fi\/en\/","name":"Pameco","description":"Suomalaiset PAMECO, HOKKE ja AJO-tuotteet kone\u00adurakointiin ja maa\u00adtilojen lietteen- sek\u00e4 vesien\u00adk\u00e4sittelyyn","publisher":{"@id":"https:\/\/www.pameco.fi\/en\/#organization"},"alternateName":"Nurmeksen Ter\u00e4smyynti Oy","potentialAction":[{"@type":"SearchAction","target":{"@type":"EntryPoint","urlTemplate":"https:\/\/www.pameco.fi\/en\/?s={search_term_string}"},"query-input":{"@type":"PropertyValueSpecification","valueRequired":true,"valueName":"search_term_string"}}],"inLanguage":"en-US"},{"@type":"Organization","@id":"https:\/\/www.pameco.fi\/en\/#organization","name":"Pameco","alternateName":"Nurmeksen Ter\u00e4smyynti Oy","url":"https:\/\/www.pameco.fi\/en\/","logo":{"@type":"ImageObject","inLanguage":"en-US","@id":"https:\/\/www.pameco.fi\/en\/#\/schema\/logo\/image\/","url":"https:\/\/www.pameco.fi\/wpc\/uploads\/2025\/09\/profiilikuva.png","contentUrl":"https:\/\/www.pameco.fi\/wpc\/uploads\/2025\/09\/profiilikuva.png","width":1500,"height":1500,"caption":"Pameco"},"image":{"@id":"https:\/\/www.pameco.fi\/en\/#\/schema\/logo\/image\/"},"sameAs":["https:\/\/www.facebook.com\/ntmoy","https:\/\/www.youtube.com\/channel\/UCDQ51KVHtb23Y4nTYonSeRw"]}]}},"_links":{"self":[{"href":"https:\/\/www.pameco.fi\/en\/wp-json\/wp\/v2\/product\/2762","targetHints":{"allow":["GET"]}}],"collection":[{"href":"https:\/\/www.pameco.fi\/en\/wp-json\/wp\/v2\/product"}],"about":[{"href":"https:\/\/www.pameco.fi\/en\/wp-json\/wp\/v2\/types\/product"}],"replies":[{"embeddable":true,"href":"https:\/\/www.pameco.fi\/en\/wp-json\/wp\/v2\/comments?post=2762"}],"wp:featuredmedia":[{"embeddable":true,"href":"https:\/\/www.pameco.fi\/en\/wp-json\/wp\/v2\/media\/3407"}],"wp:attachment":[{"href":"https:\/\/www.pameco.fi\/en\/wp-json\/wp\/v2\/media?parent=2762"}],"wp:term":[{"taxonomy":"product_brand","embeddable":true,"href":"https:\/\/www.pameco.fi\/en\/wp-json\/wp\/v2\/product_brand?post=2762"},{"taxonomy":"product_cat","embeddable":true,"href":"https:\/\/www.pameco.fi\/en\/wp-json\/wp\/v2\/product_cat?post=2762"},{"taxonomy":"product_tag","embeddable":true,"href":"https:\/\/www.pameco.fi\/en\/wp-json\/wp\/v2\/product_tag?post=2762"}],"curies":[{"name":"wp","href":"https:\/\/api.w.org\/{rel}","templated":true}]}}