{"id":2766,"date":"2025-09-10T11:27:43","date_gmt":"2025-09-10T08:27:43","guid":{"rendered":"https:\/\/www.pameco.fi\/tuote\/ajo-3r-vaakaleikkuri-vesakon-raivaukseen\/"},"modified":"2025-09-29T12:40:48","modified_gmt":"2025-09-29T09:40:48","slug":"ajo-3r-vaakaleikkuri-vesakon-raivaukseen","status":"publish","type":"product","link":"https:\/\/www.pameco.fi\/en\/tuote\/ajo-3r-vaakaleikkuri-vesakon-raivaukseen\/","title":{"rendered":"AJO 3R -vaakaleikkuri vesakon raivaukseen"},"content":{"rendered":"","protected":false},"excerpt":{"rendered":"<ul class=\"check-list\">\n<li class=\"color--secondary\"><span class=\"top-margin-1em\" style=\"color: #a6a49d;\">Vesakkoleikkuri veitsilautasilla.<\/span><\/li>\n<li class=\"color--secondary top-margin-1em\"><span style=\"color: #a6a49d;\">Vaakaleikkuuter\u00e4p\u00e4\u00e4n saa pikakiinnityksell\u00e4 kiinni AJO-puomistoihin.<\/span><\/li>\n<li class=\"color--secondary top-margin-1em\"><span style=\"color: #a6a49d;\">Laite toimii hydraulimoottorilla ja voima v\u00e4litet\u00e4\u00e4n leikkuuakselilta toiselle kiilahihnoilla.<\/span><\/li>\n<li class=\"color--secondary top-margin-1em\"><span style=\"color: #a6a49d;\">Kyseinen vesakon raivauster\u00e4p\u00e4\u00e4 on kolmiakselinen tuoden lis\u00e4\u00e4 ty\u00f6leveytt\u00e4 ja tehokkuutta ty\u00f6skentelyyn.<\/span><\/li>\n<li class=\"color--secondary top-margin-1em\"><span style=\"color: #a6a49d;\">Tilauksesta raivauster\u00e4p\u00e4ihin voidaan tehd\u00e4 my\u00f6s asiakkaan tarpeen mukaisia kiinnikkeit\u00e4.<\/span><\/li>\n<\/ul>\n<p><a class=\"button\" href=\"https:\/\/www.pameco.fi\/yhteystiedot\/tarjouspyynto\/\">L\u00e4het\u00e4 tarjouspyynt\u00f6<\/a><\/p>\n<p>&nbsp;<\/p>\n[table id=23 \/]\n","protected":false},"featured_media":188,"comment_status":"open","ping_status":"closed","template":"","meta":{"_improvement_type_select":"improve_an_existing","_thumb_yes_seoaic":false,"_frame_yes_seoaic":false,"seoaic_generate_description":"","seoaic_improve_instructions_prompt":"","seoaic_rollback_content_improvement":"","seoaic_idea_thumbnail_generator":"","thumbnail_generated":false,"thumbnail_generate_prompt":"","seoaic_article_description":""},"product_brand":[],"product_cat":[41,44],"product_tag":[],"class_list":{"0":"post-2766","1":"product","2":"type-product","3":"status-publish","4":"has-post-thumbnail","6":"product_cat-ajo-raivauslaitteet","7":"product_cat-ajo-vaakaleikkurit","9":"first","10":"instock","11":"taxable","12":"shipping-taxable","13":"product-type-simple"},"yoast_head":"<!-- This site is optimized with the Yoast SEO plugin v27.2 - https:\/\/yoast.com\/product\/yoast-seo-wordpress\/ -->\n<title>AJO 3R -vaakaleikkuri vesakon raivaukseen - Pameco<\/title>\n<meta name=\"robots\" content=\"index, follow, max-snippet:-1, max-image-preview:large, max-video-preview:-1\" \/>\n<link rel=\"canonical\" href=\"https:\/\/www.pameco.fi\/en\/tuote\/ajo-3r-vaakaleikkuri-vesakon-raivaukseen\/\" \/>\n<meta property=\"og:locale\" content=\"en_US\" \/>\n<meta property=\"og:type\" content=\"article\" \/>\n<meta property=\"og:title\" content=\"AJO 3R -vaakaleikkuri vesakon raivaukseen - Pameco\" \/>\n<meta property=\"og:description\" content=\"Vesakkoleikkuri veitsilautasilla.  Vaakaleikkuuter\u00e4p\u00e4\u00e4n saa pikakiinnityksell\u00e4 kiinni AJO-puomistoihin.  Laite toimii hydraulimoottorilla ja voima v\u00e4litet\u00e4\u00e4n leikkuuakselilta toiselle kiilahihnoilla.  Kyseinen vesakon raivauster\u00e4p\u00e4\u00e4 on kolmiakselinen tuoden lis\u00e4\u00e4 ty\u00f6leveytt\u00e4 ja tehokkuutta ty\u00f6skentelyyn.  Tilauksesta raivauster\u00e4p\u00e4ihin voidaan tehd\u00e4 my\u00f6s asiakkaan tarpeen mukaisia kiinnikkeit\u00e4.  L\u00e4het\u00e4 tarjouspyynt\u00f6  &nbsp;\" \/>\n<meta property=\"og:url\" content=\"https:\/\/www.pameco.fi\/en\/tuote\/ajo-3r-vaakaleikkuri-vesakon-raivaukseen\/\" \/>\n<meta property=\"og:site_name\" content=\"Pameco\" \/>\n<meta property=\"article:publisher\" content=\"https:\/\/www.facebook.com\/ntmoy\" \/>\n<meta property=\"article:modified_time\" content=\"2025-09-29T09:40:48+00:00\" \/>\n<meta property=\"og:image\" content=\"https:\/\/www.pameco.fi\/wpc\/uploads\/2025\/08\/AJO-3R-vaakaleikkuri-vesakon-raivaukseen-01.jpg\" \/>\n\t<meta property=\"og:image:width\" content=\"1440\" \/>\n\t<meta property=\"og:image:height\" content=\"1080\" \/>\n\t<meta property=\"og:image:type\" content=\"image\/jpeg\" \/>\n<meta name=\"twitter:card\" content=\"summary_large_image\" \/>\n<meta name=\"twitter:label1\" content=\"Est. reading time\" \/>\n\t<meta name=\"twitter:data1\" content=\"1 minute\" \/>\n<script type=\"application\/ld+json\" class=\"yoast-schema-graph\">{\"@context\":\"https:\/\/schema.org\",\"@graph\":[{\"@type\":\"WebPage\",\"@id\":\"https:\/\/www.pameco.fi\/en\/tuote\/ajo-3r-vaakaleikkuri-vesakon-raivaukseen\/\",\"url\":\"https:\/\/www.pameco.fi\/en\/tuote\/ajo-3r-vaakaleikkuri-vesakon-raivaukseen\/\",\"name\":\"AJO 3R -vaakaleikkuri vesakon raivaukseen - Pameco\",\"isPartOf\":{\"@id\":\"https:\/\/www.pameco.fi\/en\/#website\"},\"primaryImageOfPage\":{\"@id\":\"https:\/\/www.pameco.fi\/en\/tuote\/ajo-3r-vaakaleikkuri-vesakon-raivaukseen\/#primaryimage\"},\"image\":{\"@id\":\"https:\/\/www.pameco.fi\/en\/tuote\/ajo-3r-vaakaleikkuri-vesakon-raivaukseen\/#primaryimage\"},\"thumbnailUrl\":\"https:\/\/www.pameco.fi\/wpc\/uploads\/2025\/08\/AJO-3R-vaakaleikkuri-vesakon-raivaukseen-01.jpg\",\"datePublished\":\"2025-09-10T08:27:43+00:00\",\"dateModified\":\"2025-09-29T09:40:48+00:00\",\"breadcrumb\":{\"@id\":\"https:\/\/www.pameco.fi\/en\/tuote\/ajo-3r-vaakaleikkuri-vesakon-raivaukseen\/#breadcrumb\"},\"inLanguage\":\"en-US\",\"potentialAction\":[{\"@type\":\"ReadAction\",\"target\":[\"https:\/\/www.pameco.fi\/en\/tuote\/ajo-3r-vaakaleikkuri-vesakon-raivaukseen\/\"]}]},{\"@type\":\"ImageObject\",\"inLanguage\":\"en-US\",\"@id\":\"https:\/\/www.pameco.fi\/en\/tuote\/ajo-3r-vaakaleikkuri-vesakon-raivaukseen\/#primaryimage\",\"url\":\"https:\/\/www.pameco.fi\/wpc\/uploads\/2025\/08\/AJO-3R-vaakaleikkuri-vesakon-raivaukseen-01.jpg\",\"contentUrl\":\"https:\/\/www.pameco.fi\/wpc\/uploads\/2025\/08\/AJO-3R-vaakaleikkuri-vesakon-raivaukseen-01.jpg\",\"width\":1440,\"height\":1080},{\"@type\":\"BreadcrumbList\",\"@id\":\"https:\/\/www.pameco.fi\/en\/tuote\/ajo-3r-vaakaleikkuri-vesakon-raivaukseen\/#breadcrumb\",\"itemListElement\":[{\"@type\":\"ListItem\",\"position\":1,\"name\":\"Home\",\"item\":\"https:\/\/www.pameco.fi\/en\/\"},{\"@type\":\"ListItem\",\"position\":2,\"name\":\"Shop\",\"item\":\"https:\/\/www.pameco.fi\/verkkokauppa\/\"},{\"@type\":\"ListItem\",\"position\":3,\"name\":\"AJO 3R -vaakaleikkuri vesakon raivaukseen\"}]},{\"@type\":\"WebSite\",\"@id\":\"https:\/\/www.pameco.fi\/en\/#website\",\"url\":\"https:\/\/www.pameco.fi\/en\/\",\"name\":\"Pameco\",\"description\":\"Suomalaiset PAMECO, HOKKE ja AJO-tuotteet kone\u00adurakointiin ja maa\u00adtilojen lietteen- sek\u00e4 vesien\u00adk\u00e4sittelyyn\",\"publisher\":{\"@id\":\"https:\/\/www.pameco.fi\/en\/#organization\"},\"alternateName\":\"Nurmeksen Ter\u00e4smyynti Oy\",\"potentialAction\":[{\"@type\":\"SearchAction\",\"target\":{\"@type\":\"EntryPoint\",\"urlTemplate\":\"https:\/\/www.pameco.fi\/en\/?s={search_term_string}\"},\"query-input\":{\"@type\":\"PropertyValueSpecification\",\"valueRequired\":true,\"valueName\":\"search_term_string\"}}],\"inLanguage\":\"en-US\"},{\"@type\":\"Organization\",\"@id\":\"https:\/\/www.pameco.fi\/en\/#organization\",\"name\":\"Pameco\",\"alternateName\":\"Nurmeksen Ter\u00e4smyynti Oy\",\"url\":\"https:\/\/www.pameco.fi\/en\/\",\"logo\":{\"@type\":\"ImageObject\",\"inLanguage\":\"en-US\",\"@id\":\"https:\/\/www.pameco.fi\/en\/#\/schema\/logo\/image\/\",\"url\":\"https:\/\/www.pameco.fi\/wpc\/uploads\/2025\/09\/profiilikuva.png\",\"contentUrl\":\"https:\/\/www.pameco.fi\/wpc\/uploads\/2025\/09\/profiilikuva.png\",\"width\":1500,\"height\":1500,\"caption\":\"Pameco\"},\"image\":{\"@id\":\"https:\/\/www.pameco.fi\/en\/#\/schema\/logo\/image\/\"},\"sameAs\":[\"https:\/\/www.facebook.com\/ntmoy\",\"https:\/\/www.youtube.com\/channel\/UCDQ51KVHtb23Y4nTYonSeRw\"]}]}<\/script>\n<!-- \/ Yoast SEO plugin. -->","yoast_head_json":{"title":"AJO 3R -vaakaleikkuri vesakon raivaukseen - Pameco","robots":{"index":"index","follow":"follow","max-snippet":"max-snippet:-1","max-image-preview":"max-image-preview:large","max-video-preview":"max-video-preview:-1"},"canonical":"https:\/\/www.pameco.fi\/en\/tuote\/ajo-3r-vaakaleikkuri-vesakon-raivaukseen\/","og_locale":"en_US","og_type":"article","og_title":"AJO 3R -vaakaleikkuri vesakon raivaukseen - Pameco","og_description":"Vesakkoleikkuri veitsilautasilla.  Vaakaleikkuuter\u00e4p\u00e4\u00e4n saa pikakiinnityksell\u00e4 kiinni AJO-puomistoihin.  Laite toimii hydraulimoottorilla ja voima v\u00e4litet\u00e4\u00e4n leikkuuakselilta toiselle kiilahihnoilla.  Kyseinen vesakon raivauster\u00e4p\u00e4\u00e4 on kolmiakselinen tuoden lis\u00e4\u00e4 ty\u00f6leveytt\u00e4 ja tehokkuutta ty\u00f6skentelyyn.  Tilauksesta raivauster\u00e4p\u00e4ihin voidaan tehd\u00e4 my\u00f6s asiakkaan tarpeen mukaisia kiinnikkeit\u00e4.  L\u00e4het\u00e4 tarjouspyynt\u00f6  &nbsp;","og_url":"https:\/\/www.pameco.fi\/en\/tuote\/ajo-3r-vaakaleikkuri-vesakon-raivaukseen\/","og_site_name":"Pameco","article_publisher":"https:\/\/www.facebook.com\/ntmoy","article_modified_time":"2025-09-29T09:40:48+00:00","og_image":[{"width":1440,"height":1080,"url":"https:\/\/www.pameco.fi\/wpc\/uploads\/2025\/08\/AJO-3R-vaakaleikkuri-vesakon-raivaukseen-01.jpg","type":"image\/jpeg"}],"twitter_card":"summary_large_image","twitter_misc":{"Est. reading time":"1 minute"},"schema":{"@context":"https:\/\/schema.org","@graph":[{"@type":"WebPage","@id":"https:\/\/www.pameco.fi\/en\/tuote\/ajo-3r-vaakaleikkuri-vesakon-raivaukseen\/","url":"https:\/\/www.pameco.fi\/en\/tuote\/ajo-3r-vaakaleikkuri-vesakon-raivaukseen\/","name":"AJO 3R -vaakaleikkuri vesakon raivaukseen - Pameco","isPartOf":{"@id":"https:\/\/www.pameco.fi\/en\/#website"},"primaryImageOfPage":{"@id":"https:\/\/www.pameco.fi\/en\/tuote\/ajo-3r-vaakaleikkuri-vesakon-raivaukseen\/#primaryimage"},"image":{"@id":"https:\/\/www.pameco.fi\/en\/tuote\/ajo-3r-vaakaleikkuri-vesakon-raivaukseen\/#primaryimage"},"thumbnailUrl":"https:\/\/www.pameco.fi\/wpc\/uploads\/2025\/08\/AJO-3R-vaakaleikkuri-vesakon-raivaukseen-01.jpg","datePublished":"2025-09-10T08:27:43+00:00","dateModified":"2025-09-29T09:40:48+00:00","breadcrumb":{"@id":"https:\/\/www.pameco.fi\/en\/tuote\/ajo-3r-vaakaleikkuri-vesakon-raivaukseen\/#breadcrumb"},"inLanguage":"en-US","potentialAction":[{"@type":"ReadAction","target":["https:\/\/www.pameco.fi\/en\/tuote\/ajo-3r-vaakaleikkuri-vesakon-raivaukseen\/"]}]},{"@type":"ImageObject","inLanguage":"en-US","@id":"https:\/\/www.pameco.fi\/en\/tuote\/ajo-3r-vaakaleikkuri-vesakon-raivaukseen\/#primaryimage","url":"https:\/\/www.pameco.fi\/wpc\/uploads\/2025\/08\/AJO-3R-vaakaleikkuri-vesakon-raivaukseen-01.jpg","contentUrl":"https:\/\/www.pameco.fi\/wpc\/uploads\/2025\/08\/AJO-3R-vaakaleikkuri-vesakon-raivaukseen-01.jpg","width":1440,"height":1080},{"@type":"BreadcrumbList","@id":"https:\/\/www.pameco.fi\/en\/tuote\/ajo-3r-vaakaleikkuri-vesakon-raivaukseen\/#breadcrumb","itemListElement":[{"@type":"ListItem","position":1,"name":"Home","item":"https:\/\/www.pameco.fi\/en\/"},{"@type":"ListItem","position":2,"name":"Shop","item":"https:\/\/www.pameco.fi\/verkkokauppa\/"},{"@type":"ListItem","position":3,"name":"AJO 3R -vaakaleikkuri vesakon raivaukseen"}]},{"@type":"WebSite","@id":"https:\/\/www.pameco.fi\/en\/#website","url":"https:\/\/www.pameco.fi\/en\/","name":"Pameco","description":"Suomalaiset PAMECO, HOKKE ja AJO-tuotteet kone\u00adurakointiin ja maa\u00adtilojen lietteen- sek\u00e4 vesien\u00adk\u00e4sittelyyn","publisher":{"@id":"https:\/\/www.pameco.fi\/en\/#organization"},"alternateName":"Nurmeksen Ter\u00e4smyynti Oy","potentialAction":[{"@type":"SearchAction","target":{"@type":"EntryPoint","urlTemplate":"https:\/\/www.pameco.fi\/en\/?s={search_term_string}"},"query-input":{"@type":"PropertyValueSpecification","valueRequired":true,"valueName":"search_term_string"}}],"inLanguage":"en-US"},{"@type":"Organization","@id":"https:\/\/www.pameco.fi\/en\/#organization","name":"Pameco","alternateName":"Nurmeksen Ter\u00e4smyynti Oy","url":"https:\/\/www.pameco.fi\/en\/","logo":{"@type":"ImageObject","inLanguage":"en-US","@id":"https:\/\/www.pameco.fi\/en\/#\/schema\/logo\/image\/","url":"https:\/\/www.pameco.fi\/wpc\/uploads\/2025\/09\/profiilikuva.png","contentUrl":"https:\/\/www.pameco.fi\/wpc\/uploads\/2025\/09\/profiilikuva.png","width":1500,"height":1500,"caption":"Pameco"},"image":{"@id":"https:\/\/www.pameco.fi\/en\/#\/schema\/logo\/image\/"},"sameAs":["https:\/\/www.facebook.com\/ntmoy","https:\/\/www.youtube.com\/channel\/UCDQ51KVHtb23Y4nTYonSeRw"]}]}},"_links":{"self":[{"href":"https:\/\/www.pameco.fi\/en\/wp-json\/wp\/v2\/product\/2766","targetHints":{"allow":["GET"]}}],"collection":[{"href":"https:\/\/www.pameco.fi\/en\/wp-json\/wp\/v2\/product"}],"about":[{"href":"https:\/\/www.pameco.fi\/en\/wp-json\/wp\/v2\/types\/product"}],"replies":[{"embeddable":true,"href":"https:\/\/www.pameco.fi\/en\/wp-json\/wp\/v2\/comments?post=2766"}],"wp:featuredmedia":[{"embeddable":true,"href":"https:\/\/www.pameco.fi\/en\/wp-json\/wp\/v2\/media\/188"}],"wp:attachment":[{"href":"https:\/\/www.pameco.fi\/en\/wp-json\/wp\/v2\/media?parent=2766"}],"wp:term":[{"taxonomy":"product_brand","embeddable":true,"href":"https:\/\/www.pameco.fi\/en\/wp-json\/wp\/v2\/product_brand?post=2766"},{"taxonomy":"product_cat","embeddable":true,"href":"https:\/\/www.pameco.fi\/en\/wp-json\/wp\/v2\/product_cat?post=2766"},{"taxonomy":"product_tag","embeddable":true,"href":"https:\/\/www.pameco.fi\/en\/wp-json\/wp\/v2\/product_tag?post=2766"}],"curies":[{"name":"wp","href":"https:\/\/api.w.org\/{rel}","templated":true}]}}