{"id":2829,"date":"2025-09-10T12:20:16","date_gmt":"2025-09-10T09:20:16","guid":{"rendered":"https:\/\/www.pameco.fi\/tuote\/pameco-traktorin-yleiskauha-1900mm\/"},"modified":"2026-04-14T16:05:07","modified_gmt":"2026-04-14T13:05:07","slug":"pameco-traktorin-yleiskauha-1900mm","status":"publish","type":"product","link":"https:\/\/www.pameco.fi\/en\/tuote\/pameco-traktorin-yleiskauha-1900mm\/","title":{"rendered":"Pameco Traktorin yleiskauha 1900mm"},"content":{"rendered":"<p>HUOM! KAUHOISSA PIENT\u00c4 MAALIVIKAA VARASTOINNISTA JOHTUEN!<\/p>\n<p>&nbsp;<\/p>\n<p>Nurmeksen Ter\u00e4smyynti Oy:n valmistamat ammattik\u00e4ytt\u00f6\u00f6n tarkoitetut ja yleisk\u00e4ytt\u00f6\u00f6n soveltuvat kauhat.<\/p>\n<p>Kauhat soveltuvat maa-aineksien, lumen yms ainesten kuormaukseen<\/p>\n<p class=\"notice-text\">***HUOM!*** KAUHOJEN TOIMITUS ON AINA ASIAKASTA L\u00c4HIMP\u00c4\u00c4N POSTIN TAI KAUKOKIIDON RAHTITERMINAALIIN, KYSY RAHTI TARJOUS ENNEN TILAUSTA JOS HALUAT JOTTA KAUHA TOIMITETAAN KOTIOVELLE, RAHTITERMINAALIT L\u00d6YTYV\u00c4T YHTEYSTIEDOT OSIOSTA.<\/p>\n<p class=\"notice-text\">***HUOM!*** USEAMMAN KUIN YHDEN KAUHAN TILAUKSESSA KYSY AINA RAHDISTA TARJOUS.<\/p>\n<p>Useamman kauhan tilauksissa voimme lastata kauhoja sis\u00e4kk\u00e4in ja n\u00e4in ollen s\u00e4\u00e4st\u00e4\u00e4 rahtiautossa tilaa ja samalla kustannuksetkin putoavat.<\/p>\n","protected":false},"excerpt":{"rendered":"<ul class=\"check-list\">\n<li>Malli 1900: Huulen leveys 1,9m ja sis\u00e4leveys 1,8m<\/li>\n<li>Tilavuus noin 660 litraa<\/li>\n<li>Kaikissa malleissa pohjan pituus 80cm, Kauhat valmistetaan S355 laadun rakenneter\u00e4ksest\u00e4.<\/li>\n<li>12*110mm viistetty Huulilevy HB500<\/li>\n<li>Kantap\u00e4\u00e4ss\u00e4 sis\u00e4puolella kotelointi<\/li>\n<li>Pohjassa pitkitt\u00e4in Kulutuster\u00e4slatat HB500<\/li>\n<li>Kantap\u00e4\u00e4ss\u00e4 Kulutuster\u00e4slatta HB500 poikittain joka parantaa pohjan kest\u00e4vyytt\u00e4 sek\u00e4 mahdollistaa kantap\u00e4\u00e4ll\u00e4 tasoittamisen.<\/li>\n<li>Etunurkissa kulutuster\u00e4s vahvikkeet.<\/li>\n<li>Paino 205kg<\/li>\n<li>Saatavilla yleisimm\u00e4t traktori kiinnikkeet esim. Euro, Vila, Isme jne, kiinnikkeet eiv\u00e4t sis\u00e4lly hintaan, pultattavat kiinnikkeet voi tilata erikseen ty\u00f6laitekiinnikkeet osiosta.<\/li>\n<li>kuvasta poiketen kauhoissa on kiinnikkeet pulttikiinnitteiset.<\/li>\n<li>Etunurkissa kulutuster\u00e4s vahvikkeet.<\/li>\n<\/ul>\n","protected":false},"featured_media":306,"comment_status":"open","ping_status":"closed","template":"","meta":{"_improvement_type_select":"improve_an_existing","_thumb_yes_seoaic":false,"_frame_yes_seoaic":false,"seoaic_generate_description":"","seoaic_improve_instructions_prompt":"","seoaic_rollback_content_improvement":"","seoaic_idea_thumbnail_generator":"","thumbnail_generated":false,"thumbnail_generate_prompt":"","seoaic_article_description":""},"product_brand":[],"product_cat":[112,53],"product_tag":[],"class_list":{"0":"post-2829","1":"product","2":"type-product","3":"status-publish","4":"has-post-thumbnail","6":"product_cat-kampanja","7":"product_cat-kauhat-routapiikit-ja-kantoharat","8":"product_shipping_class-isokokoinen-rahti","10":"first","11":"instock","12":"taxable","13":"shipping-taxable","14":"purchasable","15":"product-type-variable","16":"has-default-attributes"},"yoast_head":"<!-- This site is optimized with the Yoast SEO plugin v27.2 - https:\/\/yoast.com\/product\/yoast-seo-wordpress\/ -->\n<title>Pameco Traktorin yleiskauha 1900mm - Pameco<\/title>\n<meta name=\"robots\" content=\"index, follow, max-snippet:-1, max-image-preview:large, max-video-preview:-1\" \/>\n<link rel=\"canonical\" href=\"https:\/\/www.pameco.fi\/en\/tuote\/pameco-traktorin-yleiskauha-1900mm\/\" \/>\n<meta property=\"og:locale\" content=\"en_US\" \/>\n<meta property=\"og:type\" content=\"article\" \/>\n<meta property=\"og:title\" content=\"Pameco Traktorin yleiskauha 1900mm - Pameco\" \/>\n<meta property=\"og:description\" content=\"Malli 1900: Huulen leveys 1,9m ja sis\u00e4leveys 1,8m  Tilavuus noin 660 litraa  Kaikissa malleissa pohjan pituus 80cm, Kauhat valmistetaan S355 laadun rakenneter\u00e4ksest\u00e4.  12*110mm viistetty Huulilevy HB500  Kantap\u00e4\u00e4ss\u00e4 sis\u00e4puolella kotelointi  Pohjassa pitkitt\u00e4in Kulutuster\u00e4slatat HB500  Kantap\u00e4\u00e4ss\u00e4 Kulutuster\u00e4slatta HB500 poikittain joka parantaa pohjan kest\u00e4vyytt\u00e4 sek\u00e4 mahdollistaa kantap\u00e4\u00e4ll\u00e4 tasoittamisen.  Etunurkissa kulutuster\u00e4s vahvikkeet.  Paino 205kg  Saatavilla yleisimm\u00e4t traktori kiinnikkeet esim. Euro, Vila, Isme jne, kiinnikkeet eiv\u00e4t sis\u00e4lly hintaan, pultattavat kiinnikkeet voi tilata erikseen ty\u00f6laitekiinnikkeet osiosta.  kuvasta poiketen kauhoissa on kiinnikkeet pulttikiinnitteiset.  Etunurkissa kulutuster\u00e4s vahvikkeet.\" \/>\n<meta property=\"og:url\" content=\"https:\/\/www.pameco.fi\/en\/tuote\/pameco-traktorin-yleiskauha-1900mm\/\" \/>\n<meta property=\"og:site_name\" content=\"Pameco\" \/>\n<meta property=\"article:publisher\" content=\"https:\/\/www.facebook.com\/ntmoy\" \/>\n<meta property=\"article:modified_time\" content=\"2026-04-14T13:05:07+00:00\" \/>\n<meta property=\"og:image\" content=\"https:\/\/www.pameco.fi\/wpc\/uploads\/2025\/08\/Traktorin-yleiskauha-2600mm.jpg\" \/>\n\t<meta property=\"og:image:width\" content=\"1343\" \/>\n\t<meta property=\"og:image:height\" content=\"1020\" \/>\n\t<meta property=\"og:image:type\" content=\"image\/jpeg\" \/>\n<meta name=\"twitter:card\" content=\"summary_large_image\" \/>\n<meta name=\"twitter:label1\" content=\"Est. reading time\" \/>\n\t<meta name=\"twitter:data1\" content=\"1 minute\" \/>\n<script type=\"application\/ld+json\" class=\"yoast-schema-graph\">{\"@context\":\"https:\/\/schema.org\",\"@graph\":[{\"@type\":\"WebPage\",\"@id\":\"https:\/\/www.pameco.fi\/en\/tuote\/pameco-traktorin-yleiskauha-1900mm\/\",\"url\":\"https:\/\/www.pameco.fi\/en\/tuote\/pameco-traktorin-yleiskauha-1900mm\/\",\"name\":\"Pameco Traktorin yleiskauha 1900mm - Pameco\",\"isPartOf\":{\"@id\":\"https:\/\/www.pameco.fi\/en\/#website\"},\"primaryImageOfPage\":{\"@id\":\"https:\/\/www.pameco.fi\/en\/tuote\/pameco-traktorin-yleiskauha-1900mm\/#primaryimage\"},\"image\":{\"@id\":\"https:\/\/www.pameco.fi\/en\/tuote\/pameco-traktorin-yleiskauha-1900mm\/#primaryimage\"},\"thumbnailUrl\":\"https:\/\/www.pameco.fi\/wpc\/uploads\/2025\/08\/Traktorin-yleiskauha-2600mm.jpg\",\"datePublished\":\"2025-09-10T09:20:16+00:00\",\"dateModified\":\"2026-04-14T13:05:07+00:00\",\"breadcrumb\":{\"@id\":\"https:\/\/www.pameco.fi\/en\/tuote\/pameco-traktorin-yleiskauha-1900mm\/#breadcrumb\"},\"inLanguage\":\"en-US\",\"potentialAction\":[{\"@type\":\"ReadAction\",\"target\":[\"https:\/\/www.pameco.fi\/en\/tuote\/pameco-traktorin-yleiskauha-1900mm\/\"]}]},{\"@type\":\"ImageObject\",\"inLanguage\":\"en-US\",\"@id\":\"https:\/\/www.pameco.fi\/en\/tuote\/pameco-traktorin-yleiskauha-1900mm\/#primaryimage\",\"url\":\"https:\/\/www.pameco.fi\/wpc\/uploads\/2025\/08\/Traktorin-yleiskauha-2600mm.jpg\",\"contentUrl\":\"https:\/\/www.pameco.fi\/wpc\/uploads\/2025\/08\/Traktorin-yleiskauha-2600mm.jpg\",\"width\":1343,\"height\":1020},{\"@type\":\"BreadcrumbList\",\"@id\":\"https:\/\/www.pameco.fi\/en\/tuote\/pameco-traktorin-yleiskauha-1900mm\/#breadcrumb\",\"itemListElement\":[{\"@type\":\"ListItem\",\"position\":1,\"name\":\"Home\",\"item\":\"https:\/\/www.pameco.fi\/en\/\"},{\"@type\":\"ListItem\",\"position\":2,\"name\":\"Shop\",\"item\":\"https:\/\/www.pameco.fi\/verkkokauppa\/\"},{\"@type\":\"ListItem\",\"position\":3,\"name\":\"Pameco Traktorin yleiskauha 1900mm\"}]},{\"@type\":\"WebSite\",\"@id\":\"https:\/\/www.pameco.fi\/en\/#website\",\"url\":\"https:\/\/www.pameco.fi\/en\/\",\"name\":\"Pameco\",\"description\":\"Suomalaiset PAMECO, HOKKE ja AJO-tuotteet kone\u00adurakointiin ja maa\u00adtilojen lietteen- sek\u00e4 vesien\u00adk\u00e4sittelyyn\",\"publisher\":{\"@id\":\"https:\/\/www.pameco.fi\/en\/#organization\"},\"alternateName\":\"Nurmeksen Ter\u00e4smyynti Oy\",\"potentialAction\":[{\"@type\":\"SearchAction\",\"target\":{\"@type\":\"EntryPoint\",\"urlTemplate\":\"https:\/\/www.pameco.fi\/en\/?s={search_term_string}\"},\"query-input\":{\"@type\":\"PropertyValueSpecification\",\"valueRequired\":true,\"valueName\":\"search_term_string\"}}],\"inLanguage\":\"en-US\"},{\"@type\":\"Organization\",\"@id\":\"https:\/\/www.pameco.fi\/en\/#organization\",\"name\":\"Pameco\",\"alternateName\":\"Nurmeksen Ter\u00e4smyynti Oy\",\"url\":\"https:\/\/www.pameco.fi\/en\/\",\"logo\":{\"@type\":\"ImageObject\",\"inLanguage\":\"en-US\",\"@id\":\"https:\/\/www.pameco.fi\/en\/#\/schema\/logo\/image\/\",\"url\":\"https:\/\/www.pameco.fi\/wpc\/uploads\/2025\/09\/profiilikuva.png\",\"contentUrl\":\"https:\/\/www.pameco.fi\/wpc\/uploads\/2025\/09\/profiilikuva.png\",\"width\":1500,\"height\":1500,\"caption\":\"Pameco\"},\"image\":{\"@id\":\"https:\/\/www.pameco.fi\/en\/#\/schema\/logo\/image\/\"},\"sameAs\":[\"https:\/\/www.facebook.com\/ntmoy\",\"https:\/\/www.youtube.com\/channel\/UCDQ51KVHtb23Y4nTYonSeRw\"]}]}<\/script>\n<!-- \/ Yoast SEO plugin. -->","yoast_head_json":{"title":"Pameco Traktorin yleiskauha 1900mm - Pameco","robots":{"index":"index","follow":"follow","max-snippet":"max-snippet:-1","max-image-preview":"max-image-preview:large","max-video-preview":"max-video-preview:-1"},"canonical":"https:\/\/www.pameco.fi\/en\/tuote\/pameco-traktorin-yleiskauha-1900mm\/","og_locale":"en_US","og_type":"article","og_title":"Pameco Traktorin yleiskauha 1900mm - Pameco","og_description":"Malli 1900: Huulen leveys 1,9m ja sis\u00e4leveys 1,8m  Tilavuus noin 660 litraa  Kaikissa malleissa pohjan pituus 80cm, Kauhat valmistetaan S355 laadun rakenneter\u00e4ksest\u00e4.  12*110mm viistetty Huulilevy HB500  Kantap\u00e4\u00e4ss\u00e4 sis\u00e4puolella kotelointi  Pohjassa pitkitt\u00e4in Kulutuster\u00e4slatat HB500  Kantap\u00e4\u00e4ss\u00e4 Kulutuster\u00e4slatta HB500 poikittain joka parantaa pohjan kest\u00e4vyytt\u00e4 sek\u00e4 mahdollistaa kantap\u00e4\u00e4ll\u00e4 tasoittamisen.  Etunurkissa kulutuster\u00e4s vahvikkeet.  Paino 205kg  Saatavilla yleisimm\u00e4t traktori kiinnikkeet esim. Euro, Vila, Isme jne, kiinnikkeet eiv\u00e4t sis\u00e4lly hintaan, pultattavat kiinnikkeet voi tilata erikseen ty\u00f6laitekiinnikkeet osiosta.  kuvasta poiketen kauhoissa on kiinnikkeet pulttikiinnitteiset.  Etunurkissa kulutuster\u00e4s vahvikkeet.","og_url":"https:\/\/www.pameco.fi\/en\/tuote\/pameco-traktorin-yleiskauha-1900mm\/","og_site_name":"Pameco","article_publisher":"https:\/\/www.facebook.com\/ntmoy","article_modified_time":"2026-04-14T13:05:07+00:00","og_image":[{"width":1343,"height":1020,"url":"https:\/\/www.pameco.fi\/wpc\/uploads\/2025\/08\/Traktorin-yleiskauha-2600mm.jpg","type":"image\/jpeg"}],"twitter_card":"summary_large_image","twitter_misc":{"Est. reading time":"1 minute"},"schema":{"@context":"https:\/\/schema.org","@graph":[{"@type":"WebPage","@id":"https:\/\/www.pameco.fi\/en\/tuote\/pameco-traktorin-yleiskauha-1900mm\/","url":"https:\/\/www.pameco.fi\/en\/tuote\/pameco-traktorin-yleiskauha-1900mm\/","name":"Pameco Traktorin yleiskauha 1900mm - Pameco","isPartOf":{"@id":"https:\/\/www.pameco.fi\/en\/#website"},"primaryImageOfPage":{"@id":"https:\/\/www.pameco.fi\/en\/tuote\/pameco-traktorin-yleiskauha-1900mm\/#primaryimage"},"image":{"@id":"https:\/\/www.pameco.fi\/en\/tuote\/pameco-traktorin-yleiskauha-1900mm\/#primaryimage"},"thumbnailUrl":"https:\/\/www.pameco.fi\/wpc\/uploads\/2025\/08\/Traktorin-yleiskauha-2600mm.jpg","datePublished":"2025-09-10T09:20:16+00:00","dateModified":"2026-04-14T13:05:07+00:00","breadcrumb":{"@id":"https:\/\/www.pameco.fi\/en\/tuote\/pameco-traktorin-yleiskauha-1900mm\/#breadcrumb"},"inLanguage":"en-US","potentialAction":[{"@type":"ReadAction","target":["https:\/\/www.pameco.fi\/en\/tuote\/pameco-traktorin-yleiskauha-1900mm\/"]}]},{"@type":"ImageObject","inLanguage":"en-US","@id":"https:\/\/www.pameco.fi\/en\/tuote\/pameco-traktorin-yleiskauha-1900mm\/#primaryimage","url":"https:\/\/www.pameco.fi\/wpc\/uploads\/2025\/08\/Traktorin-yleiskauha-2600mm.jpg","contentUrl":"https:\/\/www.pameco.fi\/wpc\/uploads\/2025\/08\/Traktorin-yleiskauha-2600mm.jpg","width":1343,"height":1020},{"@type":"BreadcrumbList","@id":"https:\/\/www.pameco.fi\/en\/tuote\/pameco-traktorin-yleiskauha-1900mm\/#breadcrumb","itemListElement":[{"@type":"ListItem","position":1,"name":"Home","item":"https:\/\/www.pameco.fi\/en\/"},{"@type":"ListItem","position":2,"name":"Shop","item":"https:\/\/www.pameco.fi\/verkkokauppa\/"},{"@type":"ListItem","position":3,"name":"Pameco Traktorin yleiskauha 1900mm"}]},{"@type":"WebSite","@id":"https:\/\/www.pameco.fi\/en\/#website","url":"https:\/\/www.pameco.fi\/en\/","name":"Pameco","description":"Suomalaiset PAMECO, HOKKE ja AJO-tuotteet kone\u00adurakointiin ja maa\u00adtilojen lietteen- sek\u00e4 vesien\u00adk\u00e4sittelyyn","publisher":{"@id":"https:\/\/www.pameco.fi\/en\/#organization"},"alternateName":"Nurmeksen Ter\u00e4smyynti Oy","potentialAction":[{"@type":"SearchAction","target":{"@type":"EntryPoint","urlTemplate":"https:\/\/www.pameco.fi\/en\/?s={search_term_string}"},"query-input":{"@type":"PropertyValueSpecification","valueRequired":true,"valueName":"search_term_string"}}],"inLanguage":"en-US"},{"@type":"Organization","@id":"https:\/\/www.pameco.fi\/en\/#organization","name":"Pameco","alternateName":"Nurmeksen Ter\u00e4smyynti Oy","url":"https:\/\/www.pameco.fi\/en\/","logo":{"@type":"ImageObject","inLanguage":"en-US","@id":"https:\/\/www.pameco.fi\/en\/#\/schema\/logo\/image\/","url":"https:\/\/www.pameco.fi\/wpc\/uploads\/2025\/09\/profiilikuva.png","contentUrl":"https:\/\/www.pameco.fi\/wpc\/uploads\/2025\/09\/profiilikuva.png","width":1500,"height":1500,"caption":"Pameco"},"image":{"@id":"https:\/\/www.pameco.fi\/en\/#\/schema\/logo\/image\/"},"sameAs":["https:\/\/www.facebook.com\/ntmoy","https:\/\/www.youtube.com\/channel\/UCDQ51KVHtb23Y4nTYonSeRw"]}]}},"_links":{"self":[{"href":"https:\/\/www.pameco.fi\/en\/wp-json\/wp\/v2\/product\/2829","targetHints":{"allow":["GET"]}}],"collection":[{"href":"https:\/\/www.pameco.fi\/en\/wp-json\/wp\/v2\/product"}],"about":[{"href":"https:\/\/www.pameco.fi\/en\/wp-json\/wp\/v2\/types\/product"}],"replies":[{"embeddable":true,"href":"https:\/\/www.pameco.fi\/en\/wp-json\/wp\/v2\/comments?post=2829"}],"wp:featuredmedia":[{"embeddable":true,"href":"https:\/\/www.pameco.fi\/en\/wp-json\/wp\/v2\/media\/306"}],"wp:attachment":[{"href":"https:\/\/www.pameco.fi\/en\/wp-json\/wp\/v2\/media?parent=2829"}],"wp:term":[{"taxonomy":"product_brand","embeddable":true,"href":"https:\/\/www.pameco.fi\/en\/wp-json\/wp\/v2\/product_brand?post=2829"},{"taxonomy":"product_cat","embeddable":true,"href":"https:\/\/www.pameco.fi\/en\/wp-json\/wp\/v2\/product_cat?post=2829"},{"taxonomy":"product_tag","embeddable":true,"href":"https:\/\/www.pameco.fi\/en\/wp-json\/wp\/v2\/product_tag?post=2829"}],"curies":[{"name":"wp","href":"https:\/\/api.w.org\/{rel}","templated":true}]}}