{"id":2846,"date":"2025-09-10T12:20:22","date_gmt":"2025-09-10T09:20:22","guid":{"rendered":"https:\/\/www.pameco.fi\/tuote\/vaihtolavakiskot-vaijeritartunnalla-160-180mm\/"},"modified":"2025-09-15T12:43:53","modified_gmt":"2025-09-15T09:43:53","slug":"vaihtolavakiskot-vaijeritartunnalla-160-180mm","status":"publish","type":"product","link":"https:\/\/www.pameco.fi\/en\/tuote\/vaihtolavakiskot-vaijeritartunnalla-160-180mm\/","title":{"rendered":"Vaihtolavakiskot vaijeritartunnalla 160-180mm"},"content":{"rendered":"","protected":false},"excerpt":{"rendered":"<ul class=\"check-list\">\n<li>Vaihtolavakiskot vaijeri tartunnalla<\/li>\n<li>Kiskon korkeus 160 tai 180mm<\/li>\n<li>Sis\u00e4lt\u00e4\u00e4 kuljetuksen aikaiset tuet.<\/li>\n<li>Kiskopituus noin 6metri\u00e4<\/li>\n<\/ul>\n<p>HUOM! Ilmoita tilatessa miten kauas kiskon p\u00e4\u00e4st\u00e4 vaijerikoukut hitsataan, vaihtolavalaitteissa on paljon eroja.<\/p>\n<p class=\"notice-text\">TUOTTEEN SUUREN KOON TAKIA TOIMITUSTAPA VERKKOKAUPASSA NOUTO, KYSY KUITENKIN RAHTITARJOUS ERIKSEEN S\u00c4HK\u00d6POSTILLA TAI SOITTAMALLA NIIN KATSOTAAN MILLAINEN KYYTI SAATAISI J\u00c4RJESTETTY\u00c4.<\/p>\n","protected":false},"featured_media":371,"comment_status":"open","ping_status":"closed","template":"","meta":{"_improvement_type_select":"improve_an_existing","_thumb_yes_seoaic":false,"_frame_yes_seoaic":false,"seoaic_generate_description":"","seoaic_improve_instructions_prompt":"","seoaic_rollback_content_improvement":"","seoaic_idea_thumbnail_generator":"","thumbnail_generated":false,"thumbnail_generate_prompt":"","seoaic_article_description":""},"product_brand":[],"product_cat":[56],"product_tag":[],"class_list":{"0":"post-2846","1":"product","2":"type-product","3":"status-publish","4":"has-post-thumbnail","6":"product_cat-vaihtolavatarvikkeet","7":"product_shipping_class-vain-nouto-toimipisteelta","9":"first","10":"instock","11":"taxable","12":"shipping-taxable","13":"purchasable","14":"product-type-variable"},"yoast_head":"<!-- This site is optimized with the Yoast SEO plugin v27.2 - https:\/\/yoast.com\/product\/yoast-seo-wordpress\/ -->\n<title>Vaihtolavakiskot vaijeritartunnalla 160-180mm - Pameco<\/title>\n<meta name=\"robots\" content=\"index, follow, max-snippet:-1, max-image-preview:large, max-video-preview:-1\" \/>\n<link rel=\"canonical\" href=\"https:\/\/www.pameco.fi\/en\/tuote\/vaihtolavakiskot-vaijeritartunnalla-160-180mm\/\" \/>\n<meta property=\"og:locale\" content=\"en_US\" \/>\n<meta property=\"og:type\" content=\"article\" \/>\n<meta property=\"og:title\" content=\"Vaihtolavakiskot vaijeritartunnalla 160-180mm - Pameco\" \/>\n<meta property=\"og:description\" content=\"Vaihtolavakiskot vaijeri tartunnalla  Kiskon korkeus 160 tai 180mm  Sis\u00e4lt\u00e4\u00e4 kuljetuksen aikaiset tuet.  Kiskopituus noin 6metri\u00e4  HUOM! Ilmoita tilatessa miten kauas kiskon p\u00e4\u00e4st\u00e4 vaijerikoukut hitsataan, vaihtolavalaitteissa on paljon eroja. TUOTTEEN SUUREN KOON TAKIA TOIMITUSTAPA VERKKOKAUPASSA NOUTO, KYSY KUITENKIN RAHTITARJOUS ERIKSEEN S\u00c4HK\u00d6POSTILLA TAI SOITTAMALLA NIIN KATSOTAAN MILLAINEN KYYTI SAATAISI J\u00c4RJESTETTY\u00c4.\" \/>\n<meta property=\"og:url\" content=\"https:\/\/www.pameco.fi\/en\/tuote\/vaihtolavakiskot-vaijeritartunnalla-160-180mm\/\" \/>\n<meta property=\"og:site_name\" content=\"Pameco\" \/>\n<meta property=\"article:publisher\" content=\"https:\/\/www.facebook.com\/ntmoy\" \/>\n<meta property=\"article:modified_time\" content=\"2025-09-15T09:43:53+00:00\" \/>\n<meta property=\"og:image\" content=\"https:\/\/www.pameco.fi\/wpc\/uploads\/2025\/08\/Vaihtolavakiskot-vaijeri-tartunnalla-180mm-1.jpg\" \/>\n\t<meta property=\"og:image:width\" content=\"1200\" \/>\n\t<meta property=\"og:image:height\" content=\"1600\" \/>\n\t<meta property=\"og:image:type\" content=\"image\/jpeg\" \/>\n<meta name=\"twitter:card\" content=\"summary_large_image\" \/>\n<meta name=\"twitter:label1\" content=\"Est. reading time\" \/>\n\t<meta name=\"twitter:data1\" content=\"1 minute\" \/>\n<script type=\"application\/ld+json\" class=\"yoast-schema-graph\">{\"@context\":\"https:\/\/schema.org\",\"@graph\":[{\"@type\":\"WebPage\",\"@id\":\"https:\/\/www.pameco.fi\/en\/tuote\/vaihtolavakiskot-vaijeritartunnalla-160-180mm\/\",\"url\":\"https:\/\/www.pameco.fi\/en\/tuote\/vaihtolavakiskot-vaijeritartunnalla-160-180mm\/\",\"name\":\"Vaihtolavakiskot vaijeritartunnalla 160-180mm - Pameco\",\"isPartOf\":{\"@id\":\"https:\/\/www.pameco.fi\/en\/#website\"},\"primaryImageOfPage\":{\"@id\":\"https:\/\/www.pameco.fi\/en\/tuote\/vaihtolavakiskot-vaijeritartunnalla-160-180mm\/#primaryimage\"},\"image\":{\"@id\":\"https:\/\/www.pameco.fi\/en\/tuote\/vaihtolavakiskot-vaijeritartunnalla-160-180mm\/#primaryimage\"},\"thumbnailUrl\":\"https:\/\/www.pameco.fi\/wpc\/uploads\/2025\/08\/Vaihtolavakiskot-vaijeri-tartunnalla-180mm-1.jpg\",\"datePublished\":\"2025-09-10T09:20:22+00:00\",\"dateModified\":\"2025-09-15T09:43:53+00:00\",\"breadcrumb\":{\"@id\":\"https:\/\/www.pameco.fi\/en\/tuote\/vaihtolavakiskot-vaijeritartunnalla-160-180mm\/#breadcrumb\"},\"inLanguage\":\"en-US\",\"potentialAction\":[{\"@type\":\"ReadAction\",\"target\":[\"https:\/\/www.pameco.fi\/en\/tuote\/vaihtolavakiskot-vaijeritartunnalla-160-180mm\/\"]}]},{\"@type\":\"ImageObject\",\"inLanguage\":\"en-US\",\"@id\":\"https:\/\/www.pameco.fi\/en\/tuote\/vaihtolavakiskot-vaijeritartunnalla-160-180mm\/#primaryimage\",\"url\":\"https:\/\/www.pameco.fi\/wpc\/uploads\/2025\/08\/Vaihtolavakiskot-vaijeri-tartunnalla-180mm-1.jpg\",\"contentUrl\":\"https:\/\/www.pameco.fi\/wpc\/uploads\/2025\/08\/Vaihtolavakiskot-vaijeri-tartunnalla-180mm-1.jpg\",\"width\":1200,\"height\":1600},{\"@type\":\"BreadcrumbList\",\"@id\":\"https:\/\/www.pameco.fi\/en\/tuote\/vaihtolavakiskot-vaijeritartunnalla-160-180mm\/#breadcrumb\",\"itemListElement\":[{\"@type\":\"ListItem\",\"position\":1,\"name\":\"Home\",\"item\":\"https:\/\/www.pameco.fi\/en\/\"},{\"@type\":\"ListItem\",\"position\":2,\"name\":\"Shop\",\"item\":\"https:\/\/www.pameco.fi\/verkkokauppa\/\"},{\"@type\":\"ListItem\",\"position\":3,\"name\":\"Vaihtolavakiskot vaijeritartunnalla 160-180mm\"}]},{\"@type\":\"WebSite\",\"@id\":\"https:\/\/www.pameco.fi\/en\/#website\",\"url\":\"https:\/\/www.pameco.fi\/en\/\",\"name\":\"Pameco\",\"description\":\"Suomalaiset PAMECO, HOKKE ja AJO-tuotteet kone\u00adurakointiin ja maa\u00adtilojen lietteen- sek\u00e4 vesien\u00adk\u00e4sittelyyn\",\"publisher\":{\"@id\":\"https:\/\/www.pameco.fi\/en\/#organization\"},\"alternateName\":\"Nurmeksen Ter\u00e4smyynti Oy\",\"potentialAction\":[{\"@type\":\"SearchAction\",\"target\":{\"@type\":\"EntryPoint\",\"urlTemplate\":\"https:\/\/www.pameco.fi\/en\/?s={search_term_string}\"},\"query-input\":{\"@type\":\"PropertyValueSpecification\",\"valueRequired\":true,\"valueName\":\"search_term_string\"}}],\"inLanguage\":\"en-US\"},{\"@type\":\"Organization\",\"@id\":\"https:\/\/www.pameco.fi\/en\/#organization\",\"name\":\"Pameco\",\"alternateName\":\"Nurmeksen Ter\u00e4smyynti Oy\",\"url\":\"https:\/\/www.pameco.fi\/en\/\",\"logo\":{\"@type\":\"ImageObject\",\"inLanguage\":\"en-US\",\"@id\":\"https:\/\/www.pameco.fi\/en\/#\/schema\/logo\/image\/\",\"url\":\"https:\/\/www.pameco.fi\/wpc\/uploads\/2025\/09\/profiilikuva.png\",\"contentUrl\":\"https:\/\/www.pameco.fi\/wpc\/uploads\/2025\/09\/profiilikuva.png\",\"width\":1500,\"height\":1500,\"caption\":\"Pameco\"},\"image\":{\"@id\":\"https:\/\/www.pameco.fi\/en\/#\/schema\/logo\/image\/\"},\"sameAs\":[\"https:\/\/www.facebook.com\/ntmoy\",\"https:\/\/www.youtube.com\/channel\/UCDQ51KVHtb23Y4nTYonSeRw\"]}]}<\/script>\n<!-- \/ Yoast SEO plugin. -->","yoast_head_json":{"title":"Vaihtolavakiskot vaijeritartunnalla 160-180mm - Pameco","robots":{"index":"index","follow":"follow","max-snippet":"max-snippet:-1","max-image-preview":"max-image-preview:large","max-video-preview":"max-video-preview:-1"},"canonical":"https:\/\/www.pameco.fi\/en\/tuote\/vaihtolavakiskot-vaijeritartunnalla-160-180mm\/","og_locale":"en_US","og_type":"article","og_title":"Vaihtolavakiskot vaijeritartunnalla 160-180mm - Pameco","og_description":"Vaihtolavakiskot vaijeri tartunnalla  Kiskon korkeus 160 tai 180mm  Sis\u00e4lt\u00e4\u00e4 kuljetuksen aikaiset tuet.  Kiskopituus noin 6metri\u00e4  HUOM! Ilmoita tilatessa miten kauas kiskon p\u00e4\u00e4st\u00e4 vaijerikoukut hitsataan, vaihtolavalaitteissa on paljon eroja. TUOTTEEN SUUREN KOON TAKIA TOIMITUSTAPA VERKKOKAUPASSA NOUTO, KYSY KUITENKIN RAHTITARJOUS ERIKSEEN S\u00c4HK\u00d6POSTILLA TAI SOITTAMALLA NIIN KATSOTAAN MILLAINEN KYYTI SAATAISI J\u00c4RJESTETTY\u00c4.","og_url":"https:\/\/www.pameco.fi\/en\/tuote\/vaihtolavakiskot-vaijeritartunnalla-160-180mm\/","og_site_name":"Pameco","article_publisher":"https:\/\/www.facebook.com\/ntmoy","article_modified_time":"2025-09-15T09:43:53+00:00","og_image":[{"width":1200,"height":1600,"url":"https:\/\/www.pameco.fi\/wpc\/uploads\/2025\/08\/Vaihtolavakiskot-vaijeri-tartunnalla-180mm-1.jpg","type":"image\/jpeg"}],"twitter_card":"summary_large_image","twitter_misc":{"Est. reading time":"1 minute"},"schema":{"@context":"https:\/\/schema.org","@graph":[{"@type":"WebPage","@id":"https:\/\/www.pameco.fi\/en\/tuote\/vaihtolavakiskot-vaijeritartunnalla-160-180mm\/","url":"https:\/\/www.pameco.fi\/en\/tuote\/vaihtolavakiskot-vaijeritartunnalla-160-180mm\/","name":"Vaihtolavakiskot vaijeritartunnalla 160-180mm - Pameco","isPartOf":{"@id":"https:\/\/www.pameco.fi\/en\/#website"},"primaryImageOfPage":{"@id":"https:\/\/www.pameco.fi\/en\/tuote\/vaihtolavakiskot-vaijeritartunnalla-160-180mm\/#primaryimage"},"image":{"@id":"https:\/\/www.pameco.fi\/en\/tuote\/vaihtolavakiskot-vaijeritartunnalla-160-180mm\/#primaryimage"},"thumbnailUrl":"https:\/\/www.pameco.fi\/wpc\/uploads\/2025\/08\/Vaihtolavakiskot-vaijeri-tartunnalla-180mm-1.jpg","datePublished":"2025-09-10T09:20:22+00:00","dateModified":"2025-09-15T09:43:53+00:00","breadcrumb":{"@id":"https:\/\/www.pameco.fi\/en\/tuote\/vaihtolavakiskot-vaijeritartunnalla-160-180mm\/#breadcrumb"},"inLanguage":"en-US","potentialAction":[{"@type":"ReadAction","target":["https:\/\/www.pameco.fi\/en\/tuote\/vaihtolavakiskot-vaijeritartunnalla-160-180mm\/"]}]},{"@type":"ImageObject","inLanguage":"en-US","@id":"https:\/\/www.pameco.fi\/en\/tuote\/vaihtolavakiskot-vaijeritartunnalla-160-180mm\/#primaryimage","url":"https:\/\/www.pameco.fi\/wpc\/uploads\/2025\/08\/Vaihtolavakiskot-vaijeri-tartunnalla-180mm-1.jpg","contentUrl":"https:\/\/www.pameco.fi\/wpc\/uploads\/2025\/08\/Vaihtolavakiskot-vaijeri-tartunnalla-180mm-1.jpg","width":1200,"height":1600},{"@type":"BreadcrumbList","@id":"https:\/\/www.pameco.fi\/en\/tuote\/vaihtolavakiskot-vaijeritartunnalla-160-180mm\/#breadcrumb","itemListElement":[{"@type":"ListItem","position":1,"name":"Home","item":"https:\/\/www.pameco.fi\/en\/"},{"@type":"ListItem","position":2,"name":"Shop","item":"https:\/\/www.pameco.fi\/verkkokauppa\/"},{"@type":"ListItem","position":3,"name":"Vaihtolavakiskot vaijeritartunnalla 160-180mm"}]},{"@type":"WebSite","@id":"https:\/\/www.pameco.fi\/en\/#website","url":"https:\/\/www.pameco.fi\/en\/","name":"Pameco","description":"Suomalaiset PAMECO, HOKKE ja AJO-tuotteet kone\u00adurakointiin ja maa\u00adtilojen lietteen- sek\u00e4 vesien\u00adk\u00e4sittelyyn","publisher":{"@id":"https:\/\/www.pameco.fi\/en\/#organization"},"alternateName":"Nurmeksen Ter\u00e4smyynti Oy","potentialAction":[{"@type":"SearchAction","target":{"@type":"EntryPoint","urlTemplate":"https:\/\/www.pameco.fi\/en\/?s={search_term_string}"},"query-input":{"@type":"PropertyValueSpecification","valueRequired":true,"valueName":"search_term_string"}}],"inLanguage":"en-US"},{"@type":"Organization","@id":"https:\/\/www.pameco.fi\/en\/#organization","name":"Pameco","alternateName":"Nurmeksen Ter\u00e4smyynti Oy","url":"https:\/\/www.pameco.fi\/en\/","logo":{"@type":"ImageObject","inLanguage":"en-US","@id":"https:\/\/www.pameco.fi\/en\/#\/schema\/logo\/image\/","url":"https:\/\/www.pameco.fi\/wpc\/uploads\/2025\/09\/profiilikuva.png","contentUrl":"https:\/\/www.pameco.fi\/wpc\/uploads\/2025\/09\/profiilikuva.png","width":1500,"height":1500,"caption":"Pameco"},"image":{"@id":"https:\/\/www.pameco.fi\/en\/#\/schema\/logo\/image\/"},"sameAs":["https:\/\/www.facebook.com\/ntmoy","https:\/\/www.youtube.com\/channel\/UCDQ51KVHtb23Y4nTYonSeRw"]}]}},"_links":{"self":[{"href":"https:\/\/www.pameco.fi\/en\/wp-json\/wp\/v2\/product\/2846","targetHints":{"allow":["GET"]}}],"collection":[{"href":"https:\/\/www.pameco.fi\/en\/wp-json\/wp\/v2\/product"}],"about":[{"href":"https:\/\/www.pameco.fi\/en\/wp-json\/wp\/v2\/types\/product"}],"replies":[{"embeddable":true,"href":"https:\/\/www.pameco.fi\/en\/wp-json\/wp\/v2\/comments?post=2846"}],"wp:featuredmedia":[{"embeddable":true,"href":"https:\/\/www.pameco.fi\/en\/wp-json\/wp\/v2\/media\/371"}],"wp:attachment":[{"href":"https:\/\/www.pameco.fi\/en\/wp-json\/wp\/v2\/media?parent=2846"}],"wp:term":[{"taxonomy":"product_brand","embeddable":true,"href":"https:\/\/www.pameco.fi\/en\/wp-json\/wp\/v2\/product_brand?post=2846"},{"taxonomy":"product_cat","embeddable":true,"href":"https:\/\/www.pameco.fi\/en\/wp-json\/wp\/v2\/product_cat?post=2846"},{"taxonomy":"product_tag","embeddable":true,"href":"https:\/\/www.pameco.fi\/en\/wp-json\/wp\/v2\/product_tag?post=2846"}],"curies":[{"name":"wp","href":"https:\/\/api.w.org\/{rel}","templated":true}]}}