{"id":2943,"date":"2025-09-10T12:20:45","date_gmt":"2025-09-10T09:20:45","guid":{"rendered":"https:\/\/www.pameco.fi\/tuote\/pameco-2350-vallileikkuri-sivuaura-volvo-sovitteella\/"},"modified":"2026-03-27T09:49:43","modified_gmt":"2026-03-27T07:49:43","slug":"pameco-2350-vallileikkuri-sivuaura-volvo-sovitteella","status":"publish","type":"product","link":"https:\/\/www.pameco.fi\/en\/tuote\/pameco-2350-vallileikkuri-sivuaura-volvo-sovitteella\/","title":{"rendered":"Pameco 2350 Vallileikkuri-Sivuaura -Volvo sovitteella-"},"content":{"rendered":"","protected":false},"excerpt":{"rendered":"<h2 class=\"h4\">Pameco 2350 Vallileikkuri-sivuaura<\/h2>\n<p><strong>CE-merkitty talvikunnossapidon tuote.<\/strong><\/p>\n<ul class=\"check-list\">\n<li class=\"color--secondary\"><span style=\"color: #a6a49d;\">Ter\u00e4n leveys 2350mm, koko siiven pituus noin 2,7metri\u00e4.<\/span><\/li>\n<li class=\"color--secondary\"><span style=\"color: #a6a49d;\">Vakiona 12mm paksut k\u00e4\u00e4nnett\u00e4v\u00e4t tasater\u00e4t HB500, reik\u00e4jako 305mm<\/span><\/li>\n<li class=\"color--secondary\"><span style=\"color: #a6a49d;\">Korkeus n.1200 mm<\/span><\/li>\n<li class=\"color--secondary\"><span style=\"color: #a6a49d;\">Polyuretaanimaalaus kest\u00e4\u00e4 hyvin kulutusta ja on liukas.<\/span><\/li>\n<li class=\"color--secondary\"><span style=\"color: #a6a49d;\">T\u00f6rm\u00e4yssuoja varoventtiili<\/span><\/li>\n<li class=\"color--secondary\"><span style=\"color: #a6a49d;\">Tarvitsee kaksitoimisen hydrauliikkalohkon<\/span><\/li>\n<li class=\"color--secondary\"><span style=\"color: #a6a49d;\">Volvo kiinnikkeell\u00e4<\/span><\/li>\n<li class=\"color--secondary\"><span style=\"color: #a6a49d;\">Siipi valmistetaan mankeloimalla<\/span><\/li>\n<li class=\"color--secondary\"><span style=\"color: #a6a49d;\">Paino noin 600kg<\/span><\/li>\n<\/ul>\n[youtube video=\"https:\/\/youtu.be\/AcjdOw55PQo\"]\n<p class=\"notice-text\"><a class=\"button\" href=\"https:\/\/www.pameco.fi\/yhteystiedot\/tarjouspyynto\/\" target=\"_blank\" rel=\"noopener\">L\u00e4het\u00e4 tarjouspyynt\u00f6<\/a><\/p>\n","protected":false},"featured_media":729,"comment_status":"open","ping_status":"closed","template":"","meta":{"_improvement_type_select":"improve_an_existing","_thumb_yes_seoaic":false,"_frame_yes_seoaic":false,"seoaic_generate_description":"","seoaic_improve_instructions_prompt":"","seoaic_rollback_content_improvement":"","seoaic_idea_thumbnail_generator":"","thumbnail_generated":false,"thumbnail_generate_prompt":"","seoaic_article_description":""},"product_brand":[],"product_cat":[66,112],"product_tag":[],"class_list":{"0":"post-2943","1":"product","2":"type-product","3":"status-publish","4":"has-post-thumbnail","6":"product_cat-auraus-ja-hiekoituslaitteet","7":"product_cat-kampanja","8":"product_shipping_class-vain-nouto-toimipisteelta","10":"first","11":"instock","12":"sale","13":"taxable","14":"shipping-taxable","15":"purchasable","16":"product-type-simple"},"yoast_head":"<!-- This site is optimized with the Yoast SEO plugin v27.2 - https:\/\/yoast.com\/product\/yoast-seo-wordpress\/ -->\n<title>Pameco 2350 Vallileikkuri-Sivuaura -Volvo sovitteella- Pameco<\/title>\n<meta name=\"robots\" content=\"index, follow, max-snippet:-1, max-image-preview:large, max-video-preview:-1\" \/>\n<link rel=\"canonical\" href=\"https:\/\/www.pameco.fi\/en\/tuote\/pameco-2350-vallileikkuri-sivuaura-volvo-sovitteella\/\" \/>\n<meta property=\"og:locale\" content=\"en_US\" \/>\n<meta property=\"og:type\" content=\"article\" \/>\n<meta property=\"og:title\" content=\"Pameco 2350 Vallileikkuri-Sivuaura -Volvo sovitteella- Pameco\" \/>\n<meta property=\"og:description\" content=\"Pameco 2350 Vallileikkuri-sivuaura CE-merkitty talvikunnossapidon tuote.   Ter\u00e4n leveys 2350mm, koko siiven pituus noin 2,7metri\u00e4.  Vakiona 12mm paksut k\u00e4\u00e4nnett\u00e4v\u00e4t tasater\u00e4t HB500, reik\u00e4jako 305mm  Korkeus n.1200 mm  Polyuretaanimaalaus kest\u00e4\u00e4 hyvin kulutusta ja on liukas.  T\u00f6rm\u00e4yssuoja varoventtiili  Tarvitsee kaksitoimisen hydrauliikkalohkon  Volvo kiinnikkeell\u00e4  Siipi valmistetaan mankeloimalla  Paino noin 600kg   L\u00e4het\u00e4 tarjouspyynt\u00f6\" \/>\n<meta property=\"og:url\" content=\"https:\/\/www.pameco.fi\/en\/tuote\/pameco-2350-vallileikkuri-sivuaura-volvo-sovitteella\/\" \/>\n<meta property=\"og:site_name\" content=\"Pameco\" \/>\n<meta property=\"article:publisher\" content=\"https:\/\/www.facebook.com\/ntmoy\" \/>\n<meta property=\"article:modified_time\" content=\"2026-03-27T07:49:43+00:00\" \/>\n<meta property=\"og:image\" content=\"https:\/\/www.pameco.fi\/wpc\/uploads\/2025\/08\/WhatsApp-Image-2022-09-21-at-10.59.53-1.jpeg\" \/>\n\t<meta property=\"og:image:width\" content=\"1179\" \/>\n\t<meta property=\"og:image:height\" content=\"807\" \/>\n\t<meta property=\"og:image:type\" content=\"image\/jpeg\" \/>\n<meta name=\"twitter:card\" content=\"summary_large_image\" \/>\n<meta name=\"twitter:label1\" content=\"Est. reading time\" \/>\n\t<meta name=\"twitter:data1\" content=\"1 minute\" \/>\n<script type=\"application\/ld+json\" class=\"yoast-schema-graph\">{\"@context\":\"https:\/\/schema.org\",\"@graph\":[{\"@type\":\"WebPage\",\"@id\":\"https:\/\/www.pameco.fi\/en\/tuote\/pameco-2350-vallileikkuri-sivuaura-volvo-sovitteella\/\",\"url\":\"https:\/\/www.pameco.fi\/en\/tuote\/pameco-2350-vallileikkuri-sivuaura-volvo-sovitteella\/\",\"name\":\"Pameco 2350 Vallileikkuri-Sivuaura -Volvo sovitteella- Pameco\",\"isPartOf\":{\"@id\":\"https:\/\/www.pameco.fi\/en\/#website\"},\"primaryImageOfPage\":{\"@id\":\"https:\/\/www.pameco.fi\/en\/tuote\/pameco-2350-vallileikkuri-sivuaura-volvo-sovitteella\/#primaryimage\"},\"image\":{\"@id\":\"https:\/\/www.pameco.fi\/en\/tuote\/pameco-2350-vallileikkuri-sivuaura-volvo-sovitteella\/#primaryimage\"},\"thumbnailUrl\":\"https:\/\/www.pameco.fi\/wpc\/uploads\/2025\/08\/WhatsApp-Image-2022-09-21-at-10.59.53-1.jpeg\",\"datePublished\":\"2025-09-10T09:20:45+00:00\",\"dateModified\":\"2026-03-27T07:49:43+00:00\",\"breadcrumb\":{\"@id\":\"https:\/\/www.pameco.fi\/en\/tuote\/pameco-2350-vallileikkuri-sivuaura-volvo-sovitteella\/#breadcrumb\"},\"inLanguage\":\"en-US\",\"potentialAction\":[{\"@type\":\"ReadAction\",\"target\":[\"https:\/\/www.pameco.fi\/en\/tuote\/pameco-2350-vallileikkuri-sivuaura-volvo-sovitteella\/\"]}]},{\"@type\":\"ImageObject\",\"inLanguage\":\"en-US\",\"@id\":\"https:\/\/www.pameco.fi\/en\/tuote\/pameco-2350-vallileikkuri-sivuaura-volvo-sovitteella\/#primaryimage\",\"url\":\"https:\/\/www.pameco.fi\/wpc\/uploads\/2025\/08\/WhatsApp-Image-2022-09-21-at-10.59.53-1.jpeg\",\"contentUrl\":\"https:\/\/www.pameco.fi\/wpc\/uploads\/2025\/08\/WhatsApp-Image-2022-09-21-at-10.59.53-1.jpeg\",\"width\":1179,\"height\":807},{\"@type\":\"BreadcrumbList\",\"@id\":\"https:\/\/www.pameco.fi\/en\/tuote\/pameco-2350-vallileikkuri-sivuaura-volvo-sovitteella\/#breadcrumb\",\"itemListElement\":[{\"@type\":\"ListItem\",\"position\":1,\"name\":\"Home\",\"item\":\"https:\/\/www.pameco.fi\/en\/\"},{\"@type\":\"ListItem\",\"position\":2,\"name\":\"Shop\",\"item\":\"https:\/\/www.pameco.fi\/verkkokauppa\/\"},{\"@type\":\"ListItem\",\"position\":3,\"name\":\"Pameco 2350 Vallileikkuri-Sivuaura -Volvo sovitteella-\"}]},{\"@type\":\"WebSite\",\"@id\":\"https:\/\/www.pameco.fi\/en\/#website\",\"url\":\"https:\/\/www.pameco.fi\/en\/\",\"name\":\"Pameco\",\"description\":\"Suomalaiset PAMECO, HOKKE ja AJO-tuotteet kone\u00adurakointiin ja maa\u00adtilojen lietteen- sek\u00e4 vesien\u00adk\u00e4sittelyyn\",\"publisher\":{\"@id\":\"https:\/\/www.pameco.fi\/en\/#organization\"},\"alternateName\":\"Nurmeksen Ter\u00e4smyynti Oy\",\"potentialAction\":[{\"@type\":\"SearchAction\",\"target\":{\"@type\":\"EntryPoint\",\"urlTemplate\":\"https:\/\/www.pameco.fi\/en\/?s={search_term_string}\"},\"query-input\":{\"@type\":\"PropertyValueSpecification\",\"valueRequired\":true,\"valueName\":\"search_term_string\"}}],\"inLanguage\":\"en-US\"},{\"@type\":\"Organization\",\"@id\":\"https:\/\/www.pameco.fi\/en\/#organization\",\"name\":\"Pameco\",\"alternateName\":\"Nurmeksen Ter\u00e4smyynti Oy\",\"url\":\"https:\/\/www.pameco.fi\/en\/\",\"logo\":{\"@type\":\"ImageObject\",\"inLanguage\":\"en-US\",\"@id\":\"https:\/\/www.pameco.fi\/en\/#\/schema\/logo\/image\/\",\"url\":\"https:\/\/www.pameco.fi\/wpc\/uploads\/2025\/09\/profiilikuva.png\",\"contentUrl\":\"https:\/\/www.pameco.fi\/wpc\/uploads\/2025\/09\/profiilikuva.png\",\"width\":1500,\"height\":1500,\"caption\":\"Pameco\"},\"image\":{\"@id\":\"https:\/\/www.pameco.fi\/en\/#\/schema\/logo\/image\/\"},\"sameAs\":[\"https:\/\/www.facebook.com\/ntmoy\",\"https:\/\/www.youtube.com\/channel\/UCDQ51KVHtb23Y4nTYonSeRw\"]}]}<\/script>\n<!-- \/ Yoast SEO plugin. -->","yoast_head_json":{"title":"Pameco 2350 Vallileikkuri-Sivuaura -Volvo sovitteella- Pameco","robots":{"index":"index","follow":"follow","max-snippet":"max-snippet:-1","max-image-preview":"max-image-preview:large","max-video-preview":"max-video-preview:-1"},"canonical":"https:\/\/www.pameco.fi\/en\/tuote\/pameco-2350-vallileikkuri-sivuaura-volvo-sovitteella\/","og_locale":"en_US","og_type":"article","og_title":"Pameco 2350 Vallileikkuri-Sivuaura -Volvo sovitteella- Pameco","og_description":"Pameco 2350 Vallileikkuri-sivuaura CE-merkitty talvikunnossapidon tuote.   Ter\u00e4n leveys 2350mm, koko siiven pituus noin 2,7metri\u00e4.  Vakiona 12mm paksut k\u00e4\u00e4nnett\u00e4v\u00e4t tasater\u00e4t HB500, reik\u00e4jako 305mm  Korkeus n.1200 mm  Polyuretaanimaalaus kest\u00e4\u00e4 hyvin kulutusta ja on liukas.  T\u00f6rm\u00e4yssuoja varoventtiili  Tarvitsee kaksitoimisen hydrauliikkalohkon  Volvo kiinnikkeell\u00e4  Siipi valmistetaan mankeloimalla  Paino noin 600kg   L\u00e4het\u00e4 tarjouspyynt\u00f6","og_url":"https:\/\/www.pameco.fi\/en\/tuote\/pameco-2350-vallileikkuri-sivuaura-volvo-sovitteella\/","og_site_name":"Pameco","article_publisher":"https:\/\/www.facebook.com\/ntmoy","article_modified_time":"2026-03-27T07:49:43+00:00","og_image":[{"width":1179,"height":807,"url":"https:\/\/www.pameco.fi\/wpc\/uploads\/2025\/08\/WhatsApp-Image-2022-09-21-at-10.59.53-1.jpeg","type":"image\/jpeg"}],"twitter_card":"summary_large_image","twitter_misc":{"Est. reading time":"1 minute"},"schema":{"@context":"https:\/\/schema.org","@graph":[{"@type":"WebPage","@id":"https:\/\/www.pameco.fi\/en\/tuote\/pameco-2350-vallileikkuri-sivuaura-volvo-sovitteella\/","url":"https:\/\/www.pameco.fi\/en\/tuote\/pameco-2350-vallileikkuri-sivuaura-volvo-sovitteella\/","name":"Pameco 2350 Vallileikkuri-Sivuaura -Volvo sovitteella- Pameco","isPartOf":{"@id":"https:\/\/www.pameco.fi\/en\/#website"},"primaryImageOfPage":{"@id":"https:\/\/www.pameco.fi\/en\/tuote\/pameco-2350-vallileikkuri-sivuaura-volvo-sovitteella\/#primaryimage"},"image":{"@id":"https:\/\/www.pameco.fi\/en\/tuote\/pameco-2350-vallileikkuri-sivuaura-volvo-sovitteella\/#primaryimage"},"thumbnailUrl":"https:\/\/www.pameco.fi\/wpc\/uploads\/2025\/08\/WhatsApp-Image-2022-09-21-at-10.59.53-1.jpeg","datePublished":"2025-09-10T09:20:45+00:00","dateModified":"2026-03-27T07:49:43+00:00","breadcrumb":{"@id":"https:\/\/www.pameco.fi\/en\/tuote\/pameco-2350-vallileikkuri-sivuaura-volvo-sovitteella\/#breadcrumb"},"inLanguage":"en-US","potentialAction":[{"@type":"ReadAction","target":["https:\/\/www.pameco.fi\/en\/tuote\/pameco-2350-vallileikkuri-sivuaura-volvo-sovitteella\/"]}]},{"@type":"ImageObject","inLanguage":"en-US","@id":"https:\/\/www.pameco.fi\/en\/tuote\/pameco-2350-vallileikkuri-sivuaura-volvo-sovitteella\/#primaryimage","url":"https:\/\/www.pameco.fi\/wpc\/uploads\/2025\/08\/WhatsApp-Image-2022-09-21-at-10.59.53-1.jpeg","contentUrl":"https:\/\/www.pameco.fi\/wpc\/uploads\/2025\/08\/WhatsApp-Image-2022-09-21-at-10.59.53-1.jpeg","width":1179,"height":807},{"@type":"BreadcrumbList","@id":"https:\/\/www.pameco.fi\/en\/tuote\/pameco-2350-vallileikkuri-sivuaura-volvo-sovitteella\/#breadcrumb","itemListElement":[{"@type":"ListItem","position":1,"name":"Home","item":"https:\/\/www.pameco.fi\/en\/"},{"@type":"ListItem","position":2,"name":"Shop","item":"https:\/\/www.pameco.fi\/verkkokauppa\/"},{"@type":"ListItem","position":3,"name":"Pameco 2350 Vallileikkuri-Sivuaura -Volvo sovitteella-"}]},{"@type":"WebSite","@id":"https:\/\/www.pameco.fi\/en\/#website","url":"https:\/\/www.pameco.fi\/en\/","name":"Pameco","description":"Suomalaiset PAMECO, HOKKE ja AJO-tuotteet kone\u00adurakointiin ja maa\u00adtilojen lietteen- sek\u00e4 vesien\u00adk\u00e4sittelyyn","publisher":{"@id":"https:\/\/www.pameco.fi\/en\/#organization"},"alternateName":"Nurmeksen Ter\u00e4smyynti Oy","potentialAction":[{"@type":"SearchAction","target":{"@type":"EntryPoint","urlTemplate":"https:\/\/www.pameco.fi\/en\/?s={search_term_string}"},"query-input":{"@type":"PropertyValueSpecification","valueRequired":true,"valueName":"search_term_string"}}],"inLanguage":"en-US"},{"@type":"Organization","@id":"https:\/\/www.pameco.fi\/en\/#organization","name":"Pameco","alternateName":"Nurmeksen Ter\u00e4smyynti Oy","url":"https:\/\/www.pameco.fi\/en\/","logo":{"@type":"ImageObject","inLanguage":"en-US","@id":"https:\/\/www.pameco.fi\/en\/#\/schema\/logo\/image\/","url":"https:\/\/www.pameco.fi\/wpc\/uploads\/2025\/09\/profiilikuva.png","contentUrl":"https:\/\/www.pameco.fi\/wpc\/uploads\/2025\/09\/profiilikuva.png","width":1500,"height":1500,"caption":"Pameco"},"image":{"@id":"https:\/\/www.pameco.fi\/en\/#\/schema\/logo\/image\/"},"sameAs":["https:\/\/www.facebook.com\/ntmoy","https:\/\/www.youtube.com\/channel\/UCDQ51KVHtb23Y4nTYonSeRw"]}]}},"_links":{"self":[{"href":"https:\/\/www.pameco.fi\/en\/wp-json\/wp\/v2\/product\/2943","targetHints":{"allow":["GET"]}}],"collection":[{"href":"https:\/\/www.pameco.fi\/en\/wp-json\/wp\/v2\/product"}],"about":[{"href":"https:\/\/www.pameco.fi\/en\/wp-json\/wp\/v2\/types\/product"}],"replies":[{"embeddable":true,"href":"https:\/\/www.pameco.fi\/en\/wp-json\/wp\/v2\/comments?post=2943"}],"wp:featuredmedia":[{"embeddable":true,"href":"https:\/\/www.pameco.fi\/en\/wp-json\/wp\/v2\/media\/729"}],"wp:attachment":[{"href":"https:\/\/www.pameco.fi\/en\/wp-json\/wp\/v2\/media?parent=2943"}],"wp:term":[{"taxonomy":"product_brand","embeddable":true,"href":"https:\/\/www.pameco.fi\/en\/wp-json\/wp\/v2\/product_brand?post=2943"},{"taxonomy":"product_cat","embeddable":true,"href":"https:\/\/www.pameco.fi\/en\/wp-json\/wp\/v2\/product_cat?post=2943"},{"taxonomy":"product_tag","embeddable":true,"href":"https:\/\/www.pameco.fi\/en\/wp-json\/wp\/v2\/product_tag?post=2943"}],"curies":[{"name":"wp","href":"https:\/\/api.w.org\/{rel}","templated":true}]}}