{"id":2982,"date":"2025-09-10T12:20:56","date_gmt":"2025-09-10T09:20:56","guid":{"rendered":"https:\/\/www.pameco.fi\/tuote\/pameco-nostolaite-aurapuskuri-valtra-q-sarja\/"},"modified":"2025-09-15T10:17:30","modified_gmt":"2025-09-15T07:17:30","slug":"pameco-nostolaite-aurapuskuri-valtra-q-sarja","status":"publish","type":"product","link":"https:\/\/www.pameco.fi\/en\/tuote\/pameco-nostolaite-aurapuskuri-valtra-q-sarja\/","title":{"rendered":"Pameco nostolaite aurapuskuri Valtra Q-Sarja"},"content":{"rendered":"","protected":false},"excerpt":{"rendered":"<h2>Pameco aurapuskuri valtra Q-Sarjan etunostolaitteisiin<\/h2>\n<p>T\u00e4ydellinen asennusvalmis paketti Q- sarjan Valtroihin.<\/p>\n<ul class=\"check-list\">\n<li>Aurapuskuri levy<\/li>\n<li>Etunostolaite korvakot (30mm S355)<\/li>\n<li>J\u00e4re\u00e4 ty\u00f6nt\u00f6varsi<\/li>\n<li>Kaikki tarvittavat tapit kuuluu mukaan.<\/li>\n<li>Jousikuormitteinen auran tapin lukitus<\/li>\n<\/ul>\n","protected":false},"featured_media":935,"comment_status":"open","ping_status":"closed","template":"","meta":{"_improvement_type_select":"improve_an_existing","_thumb_yes_seoaic":false,"_frame_yes_seoaic":false,"seoaic_generate_description":"","seoaic_improve_instructions_prompt":"","seoaic_rollback_content_improvement":"","seoaic_idea_thumbnail_generator":"","thumbnail_generated":false,"thumbnail_generate_prompt":"","seoaic_article_description":""},"product_brand":[],"product_cat":[66],"product_tag":[],"class_list":{"0":"post-2982","1":"product","2":"type-product","3":"status-publish","4":"has-post-thumbnail","6":"product_cat-auraus-ja-hiekoituslaitteet","7":"product_shipping_class-rahti-toimitus-kotiovelle","9":"first","10":"onbackorder","11":"taxable","12":"shipping-taxable","13":"purchasable","14":"product-type-simple"},"yoast_head":"<!-- This site is optimized with the Yoast SEO plugin v27.2 - https:\/\/yoast.com\/product\/yoast-seo-wordpress\/ -->\n<title>Pameco nostolaite aurapuskuri Valtra Q-Sarja - Pameco<\/title>\n<meta name=\"robots\" content=\"index, follow, max-snippet:-1, max-image-preview:large, max-video-preview:-1\" \/>\n<link rel=\"canonical\" href=\"https:\/\/www.pameco.fi\/en\/tuote\/pameco-nostolaite-aurapuskuri-valtra-q-sarja\/\" \/>\n<meta property=\"og:locale\" content=\"en_US\" \/>\n<meta property=\"og:type\" content=\"article\" \/>\n<meta property=\"og:title\" content=\"Pameco nostolaite aurapuskuri Valtra Q-Sarja - Pameco\" \/>\n<meta property=\"og:description\" content=\"Pameco aurapuskuri valtra Q-Sarjan etunostolaitteisiin T\u00e4ydellinen asennusvalmis paketti Q- sarjan Valtroihin.   Aurapuskuri levy  Etunostolaite korvakot (30mm S355)  J\u00e4re\u00e4 ty\u00f6nt\u00f6varsi  Kaikki tarvittavat tapit kuuluu mukaan.  Jousikuormitteinen auran tapin lukitus\" \/>\n<meta property=\"og:url\" content=\"https:\/\/www.pameco.fi\/en\/tuote\/pameco-nostolaite-aurapuskuri-valtra-q-sarja\/\" \/>\n<meta property=\"og:site_name\" content=\"Pameco\" \/>\n<meta property=\"article:publisher\" content=\"https:\/\/www.facebook.com\/ntmoy\" \/>\n<meta property=\"article:modified_time\" content=\"2025-09-15T07:17:30+00:00\" \/>\n<meta property=\"og:image\" content=\"https:\/\/www.pameco.fi\/wpc\/uploads\/2025\/08\/IMG-20250113-WA0002.jpg\" \/>\n\t<meta property=\"og:image:width\" content=\"923\" \/>\n\t<meta property=\"og:image:height\" content=\"1145\" \/>\n\t<meta property=\"og:image:type\" content=\"image\/jpeg\" \/>\n<meta name=\"twitter:card\" content=\"summary_large_image\" \/>\n<meta name=\"twitter:label1\" content=\"Est. reading time\" \/>\n\t<meta name=\"twitter:data1\" content=\"1 minute\" \/>\n<script type=\"application\/ld+json\" class=\"yoast-schema-graph\">{\"@context\":\"https:\/\/schema.org\",\"@graph\":[{\"@type\":\"WebPage\",\"@id\":\"https:\/\/www.pameco.fi\/en\/tuote\/pameco-nostolaite-aurapuskuri-valtra-q-sarja\/\",\"url\":\"https:\/\/www.pameco.fi\/en\/tuote\/pameco-nostolaite-aurapuskuri-valtra-q-sarja\/\",\"name\":\"Pameco nostolaite aurapuskuri Valtra Q-Sarja - Pameco\",\"isPartOf\":{\"@id\":\"https:\/\/www.pameco.fi\/en\/#website\"},\"primaryImageOfPage\":{\"@id\":\"https:\/\/www.pameco.fi\/en\/tuote\/pameco-nostolaite-aurapuskuri-valtra-q-sarja\/#primaryimage\"},\"image\":{\"@id\":\"https:\/\/www.pameco.fi\/en\/tuote\/pameco-nostolaite-aurapuskuri-valtra-q-sarja\/#primaryimage\"},\"thumbnailUrl\":\"https:\/\/www.pameco.fi\/wpc\/uploads\/2025\/08\/IMG-20250113-WA0002.jpg\",\"datePublished\":\"2025-09-10T09:20:56+00:00\",\"dateModified\":\"2025-09-15T07:17:30+00:00\",\"breadcrumb\":{\"@id\":\"https:\/\/www.pameco.fi\/en\/tuote\/pameco-nostolaite-aurapuskuri-valtra-q-sarja\/#breadcrumb\"},\"inLanguage\":\"en-US\",\"potentialAction\":[{\"@type\":\"ReadAction\",\"target\":[\"https:\/\/www.pameco.fi\/en\/tuote\/pameco-nostolaite-aurapuskuri-valtra-q-sarja\/\"]}]},{\"@type\":\"ImageObject\",\"inLanguage\":\"en-US\",\"@id\":\"https:\/\/www.pameco.fi\/en\/tuote\/pameco-nostolaite-aurapuskuri-valtra-q-sarja\/#primaryimage\",\"url\":\"https:\/\/www.pameco.fi\/wpc\/uploads\/2025\/08\/IMG-20250113-WA0002.jpg\",\"contentUrl\":\"https:\/\/www.pameco.fi\/wpc\/uploads\/2025\/08\/IMG-20250113-WA0002.jpg\",\"width\":923,\"height\":1145},{\"@type\":\"BreadcrumbList\",\"@id\":\"https:\/\/www.pameco.fi\/en\/tuote\/pameco-nostolaite-aurapuskuri-valtra-q-sarja\/#breadcrumb\",\"itemListElement\":[{\"@type\":\"ListItem\",\"position\":1,\"name\":\"Home\",\"item\":\"https:\/\/www.pameco.fi\/en\/\"},{\"@type\":\"ListItem\",\"position\":2,\"name\":\"Shop\",\"item\":\"https:\/\/www.pameco.fi\/verkkokauppa\/\"},{\"@type\":\"ListItem\",\"position\":3,\"name\":\"Pameco nostolaite aurapuskuri Valtra Q-Sarja\"}]},{\"@type\":\"WebSite\",\"@id\":\"https:\/\/www.pameco.fi\/en\/#website\",\"url\":\"https:\/\/www.pameco.fi\/en\/\",\"name\":\"Pameco\",\"description\":\"Suomalaiset PAMECO, HOKKE ja AJO-tuotteet kone\u00adurakointiin ja maa\u00adtilojen lietteen- sek\u00e4 vesien\u00adk\u00e4sittelyyn\",\"publisher\":{\"@id\":\"https:\/\/www.pameco.fi\/en\/#organization\"},\"alternateName\":\"Nurmeksen Ter\u00e4smyynti Oy\",\"potentialAction\":[{\"@type\":\"SearchAction\",\"target\":{\"@type\":\"EntryPoint\",\"urlTemplate\":\"https:\/\/www.pameco.fi\/en\/?s={search_term_string}\"},\"query-input\":{\"@type\":\"PropertyValueSpecification\",\"valueRequired\":true,\"valueName\":\"search_term_string\"}}],\"inLanguage\":\"en-US\"},{\"@type\":\"Organization\",\"@id\":\"https:\/\/www.pameco.fi\/en\/#organization\",\"name\":\"Pameco\",\"alternateName\":\"Nurmeksen Ter\u00e4smyynti Oy\",\"url\":\"https:\/\/www.pameco.fi\/en\/\",\"logo\":{\"@type\":\"ImageObject\",\"inLanguage\":\"en-US\",\"@id\":\"https:\/\/www.pameco.fi\/en\/#\/schema\/logo\/image\/\",\"url\":\"https:\/\/www.pameco.fi\/wpc\/uploads\/2025\/09\/profiilikuva.png\",\"contentUrl\":\"https:\/\/www.pameco.fi\/wpc\/uploads\/2025\/09\/profiilikuva.png\",\"width\":1500,\"height\":1500,\"caption\":\"Pameco\"},\"image\":{\"@id\":\"https:\/\/www.pameco.fi\/en\/#\/schema\/logo\/image\/\"},\"sameAs\":[\"https:\/\/www.facebook.com\/ntmoy\",\"https:\/\/www.youtube.com\/channel\/UCDQ51KVHtb23Y4nTYonSeRw\"]}]}<\/script>\n<!-- \/ Yoast SEO plugin. -->","yoast_head_json":{"title":"Pameco nostolaite aurapuskuri Valtra Q-Sarja - Pameco","robots":{"index":"index","follow":"follow","max-snippet":"max-snippet:-1","max-image-preview":"max-image-preview:large","max-video-preview":"max-video-preview:-1"},"canonical":"https:\/\/www.pameco.fi\/en\/tuote\/pameco-nostolaite-aurapuskuri-valtra-q-sarja\/","og_locale":"en_US","og_type":"article","og_title":"Pameco nostolaite aurapuskuri Valtra Q-Sarja - Pameco","og_description":"Pameco aurapuskuri valtra Q-Sarjan etunostolaitteisiin T\u00e4ydellinen asennusvalmis paketti Q- sarjan Valtroihin.   Aurapuskuri levy  Etunostolaite korvakot (30mm S355)  J\u00e4re\u00e4 ty\u00f6nt\u00f6varsi  Kaikki tarvittavat tapit kuuluu mukaan.  Jousikuormitteinen auran tapin lukitus","og_url":"https:\/\/www.pameco.fi\/en\/tuote\/pameco-nostolaite-aurapuskuri-valtra-q-sarja\/","og_site_name":"Pameco","article_publisher":"https:\/\/www.facebook.com\/ntmoy","article_modified_time":"2025-09-15T07:17:30+00:00","og_image":[{"width":923,"height":1145,"url":"https:\/\/www.pameco.fi\/wpc\/uploads\/2025\/08\/IMG-20250113-WA0002.jpg","type":"image\/jpeg"}],"twitter_card":"summary_large_image","twitter_misc":{"Est. reading time":"1 minute"},"schema":{"@context":"https:\/\/schema.org","@graph":[{"@type":"WebPage","@id":"https:\/\/www.pameco.fi\/en\/tuote\/pameco-nostolaite-aurapuskuri-valtra-q-sarja\/","url":"https:\/\/www.pameco.fi\/en\/tuote\/pameco-nostolaite-aurapuskuri-valtra-q-sarja\/","name":"Pameco nostolaite aurapuskuri Valtra Q-Sarja - Pameco","isPartOf":{"@id":"https:\/\/www.pameco.fi\/en\/#website"},"primaryImageOfPage":{"@id":"https:\/\/www.pameco.fi\/en\/tuote\/pameco-nostolaite-aurapuskuri-valtra-q-sarja\/#primaryimage"},"image":{"@id":"https:\/\/www.pameco.fi\/en\/tuote\/pameco-nostolaite-aurapuskuri-valtra-q-sarja\/#primaryimage"},"thumbnailUrl":"https:\/\/www.pameco.fi\/wpc\/uploads\/2025\/08\/IMG-20250113-WA0002.jpg","datePublished":"2025-09-10T09:20:56+00:00","dateModified":"2025-09-15T07:17:30+00:00","breadcrumb":{"@id":"https:\/\/www.pameco.fi\/en\/tuote\/pameco-nostolaite-aurapuskuri-valtra-q-sarja\/#breadcrumb"},"inLanguage":"en-US","potentialAction":[{"@type":"ReadAction","target":["https:\/\/www.pameco.fi\/en\/tuote\/pameco-nostolaite-aurapuskuri-valtra-q-sarja\/"]}]},{"@type":"ImageObject","inLanguage":"en-US","@id":"https:\/\/www.pameco.fi\/en\/tuote\/pameco-nostolaite-aurapuskuri-valtra-q-sarja\/#primaryimage","url":"https:\/\/www.pameco.fi\/wpc\/uploads\/2025\/08\/IMG-20250113-WA0002.jpg","contentUrl":"https:\/\/www.pameco.fi\/wpc\/uploads\/2025\/08\/IMG-20250113-WA0002.jpg","width":923,"height":1145},{"@type":"BreadcrumbList","@id":"https:\/\/www.pameco.fi\/en\/tuote\/pameco-nostolaite-aurapuskuri-valtra-q-sarja\/#breadcrumb","itemListElement":[{"@type":"ListItem","position":1,"name":"Home","item":"https:\/\/www.pameco.fi\/en\/"},{"@type":"ListItem","position":2,"name":"Shop","item":"https:\/\/www.pameco.fi\/verkkokauppa\/"},{"@type":"ListItem","position":3,"name":"Pameco nostolaite aurapuskuri Valtra Q-Sarja"}]},{"@type":"WebSite","@id":"https:\/\/www.pameco.fi\/en\/#website","url":"https:\/\/www.pameco.fi\/en\/","name":"Pameco","description":"Suomalaiset PAMECO, HOKKE ja AJO-tuotteet kone\u00adurakointiin ja maa\u00adtilojen lietteen- sek\u00e4 vesien\u00adk\u00e4sittelyyn","publisher":{"@id":"https:\/\/www.pameco.fi\/en\/#organization"},"alternateName":"Nurmeksen Ter\u00e4smyynti Oy","potentialAction":[{"@type":"SearchAction","target":{"@type":"EntryPoint","urlTemplate":"https:\/\/www.pameco.fi\/en\/?s={search_term_string}"},"query-input":{"@type":"PropertyValueSpecification","valueRequired":true,"valueName":"search_term_string"}}],"inLanguage":"en-US"},{"@type":"Organization","@id":"https:\/\/www.pameco.fi\/en\/#organization","name":"Pameco","alternateName":"Nurmeksen Ter\u00e4smyynti Oy","url":"https:\/\/www.pameco.fi\/en\/","logo":{"@type":"ImageObject","inLanguage":"en-US","@id":"https:\/\/www.pameco.fi\/en\/#\/schema\/logo\/image\/","url":"https:\/\/www.pameco.fi\/wpc\/uploads\/2025\/09\/profiilikuva.png","contentUrl":"https:\/\/www.pameco.fi\/wpc\/uploads\/2025\/09\/profiilikuva.png","width":1500,"height":1500,"caption":"Pameco"},"image":{"@id":"https:\/\/www.pameco.fi\/en\/#\/schema\/logo\/image\/"},"sameAs":["https:\/\/www.facebook.com\/ntmoy","https:\/\/www.youtube.com\/channel\/UCDQ51KVHtb23Y4nTYonSeRw"]}]}},"_links":{"self":[{"href":"https:\/\/www.pameco.fi\/en\/wp-json\/wp\/v2\/product\/2982","targetHints":{"allow":["GET"]}}],"collection":[{"href":"https:\/\/www.pameco.fi\/en\/wp-json\/wp\/v2\/product"}],"about":[{"href":"https:\/\/www.pameco.fi\/en\/wp-json\/wp\/v2\/types\/product"}],"replies":[{"embeddable":true,"href":"https:\/\/www.pameco.fi\/en\/wp-json\/wp\/v2\/comments?post=2982"}],"wp:featuredmedia":[{"embeddable":true,"href":"https:\/\/www.pameco.fi\/en\/wp-json\/wp\/v2\/media\/935"}],"wp:attachment":[{"href":"https:\/\/www.pameco.fi\/en\/wp-json\/wp\/v2\/media?parent=2982"}],"wp:term":[{"taxonomy":"product_brand","embeddable":true,"href":"https:\/\/www.pameco.fi\/en\/wp-json\/wp\/v2\/product_brand?post=2982"},{"taxonomy":"product_cat","embeddable":true,"href":"https:\/\/www.pameco.fi\/en\/wp-json\/wp\/v2\/product_cat?post=2982"},{"taxonomy":"product_tag","embeddable":true,"href":"https:\/\/www.pameco.fi\/en\/wp-json\/wp\/v2\/product_tag?post=2982"}],"curies":[{"name":"wp","href":"https:\/\/api.w.org\/{rel}","templated":true}]}}