{"id":3024,"date":"2025-09-10T12:35:46","date_gmt":"2025-09-10T09:35:46","guid":{"rendered":"https:\/\/www.pameco.fi\/tuote\/pameco-alustera-at3050-john-deere-pienikokoiset-rungot\/"},"modified":"2025-10-01T07:25:17","modified_gmt":"2025-10-01T04:25:17","slug":"pameco-alustera-at3050-john-deere-pienikokoiset-rungot","status":"publish","type":"product","link":"https:\/\/www.pameco.fi\/en\/tuote\/pameco-alustera-at3050-john-deere-pienikokoiset-rungot\/","title":{"rendered":"Pameco Aluster\u00e4 AT3050 John Deere -Pienikokoiset rungot-"},"content":{"rendered":"","protected":false},"excerpt":{"rendered":"<p>Sopii: 6R145\/155\/165\/185<\/p>\n<p><strong>CE-merkitty talvikunnossapidon tuote.<\/strong><\/p>\n<ul class=\"check-list\">\n<li class=\"color--secondary\"><span style=\"color: #a6a49d;\">Ter\u00e4n leveys 3050mm<\/span><\/li>\n<li class=\"color--secondary\"><span style=\"color: #a6a49d;\">Hydraulinen kallistus n.50mm, 12 astetta (vakiovaruste)<\/span><\/li>\n<li class=\"color--secondary\"><span style=\"color: #a6a49d;\">Ter\u00e4v\u00e4t Betek tappiter\u00e4t (kuuluu toimitukseen)<\/span><\/li>\n<li class=\"color--secondary\"><span style=\"color: #a6a49d;\">Maavara tappiterill\u00e4 noin 18-22cm tappiter\u00e4n k\u00e4rkeen mitattuna<\/span><\/li>\n<li class=\"color--secondary\"><span style=\"color: #a6a49d;\">Polyuretaanimaalaus kest\u00e4\u00e4 hyvin kulutusta ja on liukas.<\/span><\/li>\n<li class=\"color--secondary\"><span style=\"color: #a6a49d;\">Paineakku (30bar vastapaineella)<\/span><\/li>\n<li class=\"color--secondary\"><span style=\"color: #a6a49d;\">Ter\u00e4n saa irti irrottamalla 5 tappia jolloin pelkk\u00e4 runko j\u00e4\u00e4 traktoriin kiinni, runkokin on pultattavissa irti traktorista ilman renkaiden irroitusta.<\/span><\/li>\n<li class=\"color--secondary\"><span style=\"color: #a6a49d;\">Rakenne ei hankaloita huoltojen suorittamista<\/span><\/li>\n<li class=\"color--secondary\"><span style=\"color: #a6a49d;\">Tarvitsee kaksi kappaletta 2-toimisia hydrauliikkalohkoja, k\u00e4ytet\u00e4\u00e4n siis traktorin omaa hydrauliikkaa.<\/span><\/li>\n<li class=\"color--secondary\"><span style=\"color: #a6a49d;\">Em\u00e4ter\u00e4 valmistettu kokonaan kulutuster\u00e4ksest\u00e4, runko 40mm paksua S355 laadun rakenneter\u00e4st\u00e4.<\/span><\/li>\n<li class=\"color--secondary\"><span style=\"color: #a6a49d;\">Kaikki tapit vaihdettavissa k\u00e4sity\u00f6kaluilla<\/span><\/li>\n<\/ul>\n<p><strong>HUOM! Lis\u00e4varusteena mahdollista saada kaikkiin aluster\u00e4malleihimme hydraulinen 250mm jatke tappiterill\u00e4 oikealle puolelle(luovutuspuolelle).<\/strong><\/p>\n<ul class=\"check-list\">\n<li class=\"color--secondary\"><span style=\"color: #a6a49d;\">Jatketta ei voi asentaa j\u00e4lkik\u00e4teen joten jatke tilattava jo aluster\u00e4n tilauksen yhteydess\u00e4.<\/span><\/li>\n<li class=\"color--secondary\"><span style=\"color: #a6a49d;\">Tarvitsee 3:n lohkon k\u00e4ytt\u00f6\u00f6n tai hydrauliikan voi varustella 6\/2 s\u00e4hk\u00f6isell\u00e4 venttiilill\u00e4 jolloin jatketta voi k\u00e4ytt\u00e4\u00e4 vuoronper\u00e4\u00e4n kallistuksen kanssa, t\u00e4ll\u00f6in 2 hydraulilohkoa riitt\u00e4\u00e4.<\/span><\/li>\n<\/ul>\n[youtube video=\"https:\/\/youtu.be\/u29i9bmCJKQ\"]\n[module id='3221' description='pameco-alustera-voidaan-asentaa']\n<p>&nbsp;<\/p>\n<p><a class=\"button\" href=\"https:\/\/www.pameco.fi\/yhteystiedot\/tarjouspyynto\/\" target=\"_blank\" rel=\"noopener\">L\u00e4het\u00e4 tarjouspyynt\u00f6<\/a><\/p>\n","protected":false},"featured_media":837,"comment_status":"open","ping_status":"closed","template":"","meta":{"_improvement_type_select":"improve_an_existing","_thumb_yes_seoaic":false,"_frame_yes_seoaic":false,"seoaic_generate_description":"","seoaic_improve_instructions_prompt":"","seoaic_rollback_content_improvement":"","seoaic_idea_thumbnail_generator":"","thumbnail_generated":false,"thumbnail_generate_prompt":"","seoaic_article_description":""},"product_brand":[],"product_cat":[66],"product_tag":[],"class_list":{"0":"post-3024","1":"product","2":"type-product","3":"status-publish","4":"has-post-thumbnail","6":"product_cat-auraus-ja-hiekoituslaitteet","7":"product_shipping_class-vain-nouto-toimipisteelta","9":"first","10":"instock","11":"taxable","12":"shipping-taxable","13":"product-type-simple"},"yoast_head":"<!-- This site is optimized with the Yoast SEO plugin v27.2 - https:\/\/yoast.com\/product\/yoast-seo-wordpress\/ -->\n<title>Pameco Aluster\u00e4 AT3050 John Deere -Pienikokoiset rungot- Pameco<\/title>\n<meta name=\"robots\" content=\"index, follow, max-snippet:-1, max-image-preview:large, max-video-preview:-1\" \/>\n<link rel=\"canonical\" href=\"https:\/\/www.pameco.fi\/en\/tuote\/pameco-alustera-at3050-john-deere-pienikokoiset-rungot\/\" \/>\n<meta property=\"og:locale\" content=\"en_US\" \/>\n<meta property=\"og:type\" content=\"article\" \/>\n<meta property=\"og:title\" content=\"Pameco Aluster\u00e4 AT3050 John Deere -Pienikokoiset rungot- Pameco\" \/>\n<meta property=\"og:description\" content=\"Sopii: 6R145\/155\/165\/185  CE-merkitty talvikunnossapidon tuote.   Ter\u00e4n leveys 3050mm  Hydraulinen kallistus n.50mm, 12 astetta (vakiovaruste)  Ter\u00e4v\u00e4t Betek tappiter\u00e4t (kuuluu toimitukseen)  Maavara tappiterill\u00e4 noin 18-22cm tappiter\u00e4n k\u00e4rkeen mitattuna  Polyuretaanimaalaus kest\u00e4\u00e4 hyvin kulutusta ja on liukas.  Paineakku (30bar vastapaineella)  Ter\u00e4n saa irti irrottamalla 5 tappia jolloin pelkk\u00e4 runko j\u00e4\u00e4 traktoriin kiinni, runkokin on pultattavissa irti traktorista ilman renkaiden irroitusta.  Rakenne ei hankaloita huoltojen suorittamista  Tarvitsee kaksi kappaletta 2-toimisia hydrauliikkalohkoja, k\u00e4ytet\u00e4\u00e4n siis traktorin omaa hydrauliikkaa.  Em\u00e4ter\u00e4 valmistettu kokonaan kulutuster\u00e4ksest\u00e4, runko 40mm paksua S355 laadun rakenneter\u00e4st\u00e4.  Kaikki tapit vaihdettavissa k\u00e4sity\u00f6kaluilla  HUOM! Lis\u00e4varusteena mahdollista saada kaikkiin aluster\u00e4malleihimme hydraulinen 250mm jatke tappiterill\u00e4 oikealle puolelle(luovutuspuolelle).   Jatketta ei voi asentaa j\u00e4lkik\u00e4teen joten jatke tilattava jo aluster\u00e4n tilauksen yhteydess\u00e4.  Tarvitsee 3:n lohkon k\u00e4ytt\u00f6\u00f6n tai hydrauliikan voi varustella 6\/2 s\u00e4hk\u00f6isell\u00e4 venttiilill\u00e4 jolloin jatketta voi k\u00e4ytt\u00e4\u00e4 vuoronper\u00e4\u00e4n kallistuksen kanssa, t\u00e4ll\u00f6in 2 hydraulilohkoa riitt\u00e4\u00e4.      &nbsp;  L\u00e4het\u00e4 tarjouspyynt\u00f6\" \/>\n<meta property=\"og:url\" content=\"https:\/\/www.pameco.fi\/en\/tuote\/pameco-alustera-at3050-john-deere-pienikokoiset-rungot\/\" \/>\n<meta property=\"og:site_name\" content=\"Pameco\" \/>\n<meta property=\"article:publisher\" content=\"https:\/\/www.facebook.com\/ntmoy\" \/>\n<meta property=\"article:modified_time\" content=\"2025-10-01T04:25:17+00:00\" \/>\n<meta property=\"og:image\" content=\"https:\/\/www.pameco.fi\/wpc\/uploads\/2025\/08\/2222.jpg\" \/>\n\t<meta property=\"og:image:width\" content=\"1151\" \/>\n\t<meta property=\"og:image:height\" content=\"767\" \/>\n\t<meta property=\"og:image:type\" content=\"image\/jpeg\" \/>\n<meta name=\"twitter:card\" content=\"summary_large_image\" \/>\n<meta name=\"twitter:label1\" content=\"Est. reading time\" \/>\n\t<meta name=\"twitter:data1\" content=\"1 minute\" \/>\n<script type=\"application\/ld+json\" class=\"yoast-schema-graph\">{\"@context\":\"https:\/\/schema.org\",\"@graph\":[{\"@type\":\"WebPage\",\"@id\":\"https:\/\/www.pameco.fi\/en\/tuote\/pameco-alustera-at3050-john-deere-pienikokoiset-rungot\/\",\"url\":\"https:\/\/www.pameco.fi\/en\/tuote\/pameco-alustera-at3050-john-deere-pienikokoiset-rungot\/\",\"name\":\"Pameco Aluster\u00e4 AT3050 John Deere -Pienikokoiset rungot- Pameco\",\"isPartOf\":{\"@id\":\"https:\/\/www.pameco.fi\/en\/#website\"},\"primaryImageOfPage\":{\"@id\":\"https:\/\/www.pameco.fi\/en\/tuote\/pameco-alustera-at3050-john-deere-pienikokoiset-rungot\/#primaryimage\"},\"image\":{\"@id\":\"https:\/\/www.pameco.fi\/en\/tuote\/pameco-alustera-at3050-john-deere-pienikokoiset-rungot\/#primaryimage\"},\"thumbnailUrl\":\"https:\/\/www.pameco.fi\/wpc\/uploads\/2025\/08\/2222.jpg\",\"datePublished\":\"2025-09-10T09:35:46+00:00\",\"dateModified\":\"2025-10-01T04:25:17+00:00\",\"breadcrumb\":{\"@id\":\"https:\/\/www.pameco.fi\/en\/tuote\/pameco-alustera-at3050-john-deere-pienikokoiset-rungot\/#breadcrumb\"},\"inLanguage\":\"en-US\",\"potentialAction\":[{\"@type\":\"ReadAction\",\"target\":[\"https:\/\/www.pameco.fi\/en\/tuote\/pameco-alustera-at3050-john-deere-pienikokoiset-rungot\/\"]}]},{\"@type\":\"ImageObject\",\"inLanguage\":\"en-US\",\"@id\":\"https:\/\/www.pameco.fi\/en\/tuote\/pameco-alustera-at3050-john-deere-pienikokoiset-rungot\/#primaryimage\",\"url\":\"https:\/\/www.pameco.fi\/wpc\/uploads\/2025\/08\/2222.jpg\",\"contentUrl\":\"https:\/\/www.pameco.fi\/wpc\/uploads\/2025\/08\/2222.jpg\",\"width\":1151,\"height\":767},{\"@type\":\"BreadcrumbList\",\"@id\":\"https:\/\/www.pameco.fi\/en\/tuote\/pameco-alustera-at3050-john-deere-pienikokoiset-rungot\/#breadcrumb\",\"itemListElement\":[{\"@type\":\"ListItem\",\"position\":1,\"name\":\"Home\",\"item\":\"https:\/\/www.pameco.fi\/en\/\"},{\"@type\":\"ListItem\",\"position\":2,\"name\":\"Shop\",\"item\":\"https:\/\/www.pameco.fi\/verkkokauppa\/\"},{\"@type\":\"ListItem\",\"position\":3,\"name\":\"Pameco Aluster\u00e4 AT3050 John Deere -Pienikokoiset rungot-\"}]},{\"@type\":\"WebSite\",\"@id\":\"https:\/\/www.pameco.fi\/en\/#website\",\"url\":\"https:\/\/www.pameco.fi\/en\/\",\"name\":\"Pameco\",\"description\":\"Suomalaiset PAMECO, HOKKE ja AJO-tuotteet kone\u00adurakointiin ja maa\u00adtilojen lietteen- sek\u00e4 vesien\u00adk\u00e4sittelyyn\",\"publisher\":{\"@id\":\"https:\/\/www.pameco.fi\/en\/#organization\"},\"alternateName\":\"Nurmeksen Ter\u00e4smyynti Oy\",\"potentialAction\":[{\"@type\":\"SearchAction\",\"target\":{\"@type\":\"EntryPoint\",\"urlTemplate\":\"https:\/\/www.pameco.fi\/en\/?s={search_term_string}\"},\"query-input\":{\"@type\":\"PropertyValueSpecification\",\"valueRequired\":true,\"valueName\":\"search_term_string\"}}],\"inLanguage\":\"en-US\"},{\"@type\":\"Organization\",\"@id\":\"https:\/\/www.pameco.fi\/en\/#organization\",\"name\":\"Pameco\",\"alternateName\":\"Nurmeksen Ter\u00e4smyynti Oy\",\"url\":\"https:\/\/www.pameco.fi\/en\/\",\"logo\":{\"@type\":\"ImageObject\",\"inLanguage\":\"en-US\",\"@id\":\"https:\/\/www.pameco.fi\/en\/#\/schema\/logo\/image\/\",\"url\":\"https:\/\/www.pameco.fi\/wpc\/uploads\/2025\/09\/profiilikuva.png\",\"contentUrl\":\"https:\/\/www.pameco.fi\/wpc\/uploads\/2025\/09\/profiilikuva.png\",\"width\":1500,\"height\":1500,\"caption\":\"Pameco\"},\"image\":{\"@id\":\"https:\/\/www.pameco.fi\/en\/#\/schema\/logo\/image\/\"},\"sameAs\":[\"https:\/\/www.facebook.com\/ntmoy\",\"https:\/\/www.youtube.com\/channel\/UCDQ51KVHtb23Y4nTYonSeRw\"]}]}<\/script>\n<!-- \/ Yoast SEO plugin. -->","yoast_head_json":{"title":"Pameco Aluster\u00e4 AT3050 John Deere -Pienikokoiset rungot- Pameco","robots":{"index":"index","follow":"follow","max-snippet":"max-snippet:-1","max-image-preview":"max-image-preview:large","max-video-preview":"max-video-preview:-1"},"canonical":"https:\/\/www.pameco.fi\/en\/tuote\/pameco-alustera-at3050-john-deere-pienikokoiset-rungot\/","og_locale":"en_US","og_type":"article","og_title":"Pameco Aluster\u00e4 AT3050 John Deere -Pienikokoiset rungot- Pameco","og_description":"Sopii: 6R145\/155\/165\/185  CE-merkitty talvikunnossapidon tuote.   Ter\u00e4n leveys 3050mm  Hydraulinen kallistus n.50mm, 12 astetta (vakiovaruste)  Ter\u00e4v\u00e4t Betek tappiter\u00e4t (kuuluu toimitukseen)  Maavara tappiterill\u00e4 noin 18-22cm tappiter\u00e4n k\u00e4rkeen mitattuna  Polyuretaanimaalaus kest\u00e4\u00e4 hyvin kulutusta ja on liukas.  Paineakku (30bar vastapaineella)  Ter\u00e4n saa irti irrottamalla 5 tappia jolloin pelkk\u00e4 runko j\u00e4\u00e4 traktoriin kiinni, runkokin on pultattavissa irti traktorista ilman renkaiden irroitusta.  Rakenne ei hankaloita huoltojen suorittamista  Tarvitsee kaksi kappaletta 2-toimisia hydrauliikkalohkoja, k\u00e4ytet\u00e4\u00e4n siis traktorin omaa hydrauliikkaa.  Em\u00e4ter\u00e4 valmistettu kokonaan kulutuster\u00e4ksest\u00e4, runko 40mm paksua S355 laadun rakenneter\u00e4st\u00e4.  Kaikki tapit vaihdettavissa k\u00e4sity\u00f6kaluilla  HUOM! Lis\u00e4varusteena mahdollista saada kaikkiin aluster\u00e4malleihimme hydraulinen 250mm jatke tappiterill\u00e4 oikealle puolelle(luovutuspuolelle).   Jatketta ei voi asentaa j\u00e4lkik\u00e4teen joten jatke tilattava jo aluster\u00e4n tilauksen yhteydess\u00e4.  Tarvitsee 3:n lohkon k\u00e4ytt\u00f6\u00f6n tai hydrauliikan voi varustella 6\/2 s\u00e4hk\u00f6isell\u00e4 venttiilill\u00e4 jolloin jatketta voi k\u00e4ytt\u00e4\u00e4 vuoronper\u00e4\u00e4n kallistuksen kanssa, t\u00e4ll\u00f6in 2 hydraulilohkoa riitt\u00e4\u00e4.      &nbsp;  L\u00e4het\u00e4 tarjouspyynt\u00f6","og_url":"https:\/\/www.pameco.fi\/en\/tuote\/pameco-alustera-at3050-john-deere-pienikokoiset-rungot\/","og_site_name":"Pameco","article_publisher":"https:\/\/www.facebook.com\/ntmoy","article_modified_time":"2025-10-01T04:25:17+00:00","og_image":[{"width":1151,"height":767,"url":"https:\/\/www.pameco.fi\/wpc\/uploads\/2025\/08\/2222.jpg","type":"image\/jpeg"}],"twitter_card":"summary_large_image","twitter_misc":{"Est. reading time":"1 minute"},"schema":{"@context":"https:\/\/schema.org","@graph":[{"@type":"WebPage","@id":"https:\/\/www.pameco.fi\/en\/tuote\/pameco-alustera-at3050-john-deere-pienikokoiset-rungot\/","url":"https:\/\/www.pameco.fi\/en\/tuote\/pameco-alustera-at3050-john-deere-pienikokoiset-rungot\/","name":"Pameco Aluster\u00e4 AT3050 John Deere -Pienikokoiset rungot- Pameco","isPartOf":{"@id":"https:\/\/www.pameco.fi\/en\/#website"},"primaryImageOfPage":{"@id":"https:\/\/www.pameco.fi\/en\/tuote\/pameco-alustera-at3050-john-deere-pienikokoiset-rungot\/#primaryimage"},"image":{"@id":"https:\/\/www.pameco.fi\/en\/tuote\/pameco-alustera-at3050-john-deere-pienikokoiset-rungot\/#primaryimage"},"thumbnailUrl":"https:\/\/www.pameco.fi\/wpc\/uploads\/2025\/08\/2222.jpg","datePublished":"2025-09-10T09:35:46+00:00","dateModified":"2025-10-01T04:25:17+00:00","breadcrumb":{"@id":"https:\/\/www.pameco.fi\/en\/tuote\/pameco-alustera-at3050-john-deere-pienikokoiset-rungot\/#breadcrumb"},"inLanguage":"en-US","potentialAction":[{"@type":"ReadAction","target":["https:\/\/www.pameco.fi\/en\/tuote\/pameco-alustera-at3050-john-deere-pienikokoiset-rungot\/"]}]},{"@type":"ImageObject","inLanguage":"en-US","@id":"https:\/\/www.pameco.fi\/en\/tuote\/pameco-alustera-at3050-john-deere-pienikokoiset-rungot\/#primaryimage","url":"https:\/\/www.pameco.fi\/wpc\/uploads\/2025\/08\/2222.jpg","contentUrl":"https:\/\/www.pameco.fi\/wpc\/uploads\/2025\/08\/2222.jpg","width":1151,"height":767},{"@type":"BreadcrumbList","@id":"https:\/\/www.pameco.fi\/en\/tuote\/pameco-alustera-at3050-john-deere-pienikokoiset-rungot\/#breadcrumb","itemListElement":[{"@type":"ListItem","position":1,"name":"Home","item":"https:\/\/www.pameco.fi\/en\/"},{"@type":"ListItem","position":2,"name":"Shop","item":"https:\/\/www.pameco.fi\/verkkokauppa\/"},{"@type":"ListItem","position":3,"name":"Pameco Aluster\u00e4 AT3050 John Deere -Pienikokoiset rungot-"}]},{"@type":"WebSite","@id":"https:\/\/www.pameco.fi\/en\/#website","url":"https:\/\/www.pameco.fi\/en\/","name":"Pameco","description":"Suomalaiset PAMECO, HOKKE ja AJO-tuotteet kone\u00adurakointiin ja maa\u00adtilojen lietteen- sek\u00e4 vesien\u00adk\u00e4sittelyyn","publisher":{"@id":"https:\/\/www.pameco.fi\/en\/#organization"},"alternateName":"Nurmeksen Ter\u00e4smyynti Oy","potentialAction":[{"@type":"SearchAction","target":{"@type":"EntryPoint","urlTemplate":"https:\/\/www.pameco.fi\/en\/?s={search_term_string}"},"query-input":{"@type":"PropertyValueSpecification","valueRequired":true,"valueName":"search_term_string"}}],"inLanguage":"en-US"},{"@type":"Organization","@id":"https:\/\/www.pameco.fi\/en\/#organization","name":"Pameco","alternateName":"Nurmeksen Ter\u00e4smyynti Oy","url":"https:\/\/www.pameco.fi\/en\/","logo":{"@type":"ImageObject","inLanguage":"en-US","@id":"https:\/\/www.pameco.fi\/en\/#\/schema\/logo\/image\/","url":"https:\/\/www.pameco.fi\/wpc\/uploads\/2025\/09\/profiilikuva.png","contentUrl":"https:\/\/www.pameco.fi\/wpc\/uploads\/2025\/09\/profiilikuva.png","width":1500,"height":1500,"caption":"Pameco"},"image":{"@id":"https:\/\/www.pameco.fi\/en\/#\/schema\/logo\/image\/"},"sameAs":["https:\/\/www.facebook.com\/ntmoy","https:\/\/www.youtube.com\/channel\/UCDQ51KVHtb23Y4nTYonSeRw"]}]}},"_links":{"self":[{"href":"https:\/\/www.pameco.fi\/en\/wp-json\/wp\/v2\/product\/3024","targetHints":{"allow":["GET"]}}],"collection":[{"href":"https:\/\/www.pameco.fi\/en\/wp-json\/wp\/v2\/product"}],"about":[{"href":"https:\/\/www.pameco.fi\/en\/wp-json\/wp\/v2\/types\/product"}],"replies":[{"embeddable":true,"href":"https:\/\/www.pameco.fi\/en\/wp-json\/wp\/v2\/comments?post=3024"}],"wp:featuredmedia":[{"embeddable":true,"href":"https:\/\/www.pameco.fi\/en\/wp-json\/wp\/v2\/media\/837"}],"wp:attachment":[{"href":"https:\/\/www.pameco.fi\/en\/wp-json\/wp\/v2\/media?parent=3024"}],"wp:term":[{"taxonomy":"product_brand","embeddable":true,"href":"https:\/\/www.pameco.fi\/en\/wp-json\/wp\/v2\/product_brand?post=3024"},{"taxonomy":"product_cat","embeddable":true,"href":"https:\/\/www.pameco.fi\/en\/wp-json\/wp\/v2\/product_cat?post=3024"},{"taxonomy":"product_tag","embeddable":true,"href":"https:\/\/www.pameco.fi\/en\/wp-json\/wp\/v2\/product_tag?post=3024"}],"curies":[{"name":"wp","href":"https:\/\/api.w.org\/{rel}","templated":true}]}}