{"id":2774,"date":"2025-09-10T11:27:44","date_gmt":"2025-09-10T08:27:44","guid":{"rendered":"https:\/\/www.pameco.fi\/tuote\/ajo-t240-hydraulinen-kuorma-auton-telasirottelulaite\/"},"modified":"2025-10-01T10:53:43","modified_gmt":"2025-10-01T07:53:43","slug":"ajo-t240-hydraulinen-kuorma-auton-telasirottelulaite","status":"publish","type":"product","link":"https:\/\/www.pameco.fi\/et\/tuote\/ajo-t240-hydraulinen-kuorma-auton-telasirottelulaite\/","title":{"rendered":"AJO T240 -hydraulinen kuorma-auton telasirottelulaite"},"content":{"rendered":"","protected":false},"excerpt":{"rendered":"<ul class=\"check-list\">\n<li class=\"color--secondary\"><span class=\"remove-top-margin top-margin-1em bottom-margin-1em\" style=\"color: #a6a49d;\">Hydraulinen kevytkuorma-auton telasirottelulaite sopii suolan ja hiekan sirotteluun.<\/span><\/li>\n<li class=\"color--secondary remove-top-margin top-margin-1em bottom-margin-1em\"><span style=\"color: #a6a49d;\">Hiekoituslaite asennetaan pikakiinnityksell\u00e4 per\u00e4laudan paikalle.<\/span><\/li>\n<li class=\"color--secondary remove-top-margin top-margin-1em bottom-margin-1em\"><span style=\"color: #a6a49d;\">Karkeas\u00e4\u00e4t\u00f6 tehd\u00e4\u00e4n mekaanisesti ja hienos\u00e4\u00e4t\u00f6 on toteutettu pneumaattisesti ja ohjaus tapahtuu ohjaamosta.<\/span><\/li>\n<li class=\"color--secondary\"><span class=\"remove-top-margin top-margin-1em bottom-margin-1em\" style=\"color: #a6a49d;\">Laitteen mukana tulees\u00e4\u00e4dett\u00e4v\u00e4t seisontajalat varastointia varten.<\/span><\/li>\n<li class=\"top-margin-1em color--secondary\"><span style=\"color: #a6a49d;\">Laitteen runko on kokonaan kuumasinkitty<\/span><\/li>\n<\/ul>\n<p>&nbsp;<\/p>\n<p class=\"h3\">Tekniset tiedot<\/p>\n[table id=27 \/]\n<p>&nbsp;<\/p>\n<p><a class=\"button\" href=\"https:\/\/www.pameco.fi\/yhteystiedot\/tarjouspyynto\/\" target=\"_blank\" rel=\"noopener\">L\u00e4het\u00e4 tarjouspyynt\u00f6<\/a><\/p>\n","protected":false},"featured_media":204,"comment_status":"open","ping_status":"closed","template":"","meta":{"_improvement_type_select":"improve_an_existing","_thumb_yes_seoaic":false,"_frame_yes_seoaic":false,"seoaic_generate_description":"","seoaic_improve_instructions_prompt":"","seoaic_rollback_content_improvement":"","seoaic_idea_thumbnail_generator":"","thumbnail_generated":false,"thumbnail_generate_prompt":"","seoaic_article_description":""},"product_brand":[],"product_cat":[46],"product_tag":[],"class_list":{"0":"post-2774","1":"product","2":"type-product","3":"status-publish","4":"has-post-thumbnail","6":"product_cat-ajo-hiekoittimet","7":"product_shipping_class-vain-nouto-toimipisteelta","9":"first","10":"instock","11":"taxable","12":"shipping-taxable","13":"product-type-simple"},"yoast_head":"<!-- This site is optimized with the Yoast SEO plugin v27.2 - https:\/\/yoast.com\/product\/yoast-seo-wordpress\/ -->\n<title>AJO T240 -hydraulinen kuorma-auton telasirottelulaite - Pameco<\/title>\n<meta name=\"robots\" content=\"index, follow, max-snippet:-1, max-image-preview:large, max-video-preview:-1\" \/>\n<link rel=\"canonical\" href=\"https:\/\/www.pameco.fi\/et\/tuote\/ajo-t240-hydraulinen-kuorma-auton-telasirottelulaite\/\" \/>\n<meta property=\"og:locale\" content=\"et_EE\" \/>\n<meta property=\"og:type\" content=\"article\" \/>\n<meta property=\"og:title\" content=\"AJO T240 -hydraulinen kuorma-auton telasirottelulaite - Pameco\" \/>\n<meta property=\"og:description\" content=\"Hydraulinen kevytkuorma-auton telasirottelulaite sopii suolan ja hiekan sirotteluun.  Hiekoituslaite asennetaan pikakiinnityksell\u00e4 per\u00e4laudan paikalle.  Karkeas\u00e4\u00e4t\u00f6 tehd\u00e4\u00e4n mekaanisesti ja hienos\u00e4\u00e4t\u00f6 on toteutettu pneumaattisesti ja ohjaus tapahtuu ohjaamosta.  Laitteen mukana tulees\u00e4\u00e4dett\u00e4v\u00e4t seisontajalat varastointia varten.  Laitteen runko on kokonaan kuumasinkitty  &nbsp; Tekniset tiedot   &nbsp;  L\u00e4het\u00e4 tarjouspyynt\u00f6\" \/>\n<meta property=\"og:url\" content=\"https:\/\/www.pameco.fi\/et\/tuote\/ajo-t240-hydraulinen-kuorma-auton-telasirottelulaite\/\" \/>\n<meta property=\"og:site_name\" content=\"Pameco\" \/>\n<meta property=\"article:publisher\" content=\"https:\/\/www.facebook.com\/ntmoy\" \/>\n<meta property=\"article:modified_time\" content=\"2025-10-01T07:53:43+00:00\" \/>\n<meta property=\"og:image\" content=\"https:\/\/www.pameco.fi\/wpc\/uploads\/2025\/08\/AJO-T240-hydraulinen-kuorma-auton-telasirottelulaite.jpg\" \/>\n\t<meta property=\"og:image:width\" content=\"1194\" \/>\n\t<meta property=\"og:image:height\" content=\"899\" \/>\n\t<meta property=\"og:image:type\" content=\"image\/jpeg\" \/>\n<meta name=\"twitter:card\" content=\"summary_large_image\" \/>\n<meta name=\"twitter:label1\" content=\"Est. reading time\" \/>\n\t<meta name=\"twitter:data1\" content=\"1 minute\" \/>\n<script type=\"application\/ld+json\" class=\"yoast-schema-graph\">{\"@context\":\"https:\/\/schema.org\",\"@graph\":[{\"@type\":\"WebPage\",\"@id\":\"https:\/\/www.pameco.fi\/et\/tuote\/ajo-t240-hydraulinen-kuorma-auton-telasirottelulaite\/\",\"url\":\"https:\/\/www.pameco.fi\/et\/tuote\/ajo-t240-hydraulinen-kuorma-auton-telasirottelulaite\/\",\"name\":\"AJO T240 -hydraulinen kuorma-auton telasirottelulaite - Pameco\",\"isPartOf\":{\"@id\":\"https:\/\/www.pameco.fi\/et\/#website\"},\"primaryImageOfPage\":{\"@id\":\"https:\/\/www.pameco.fi\/et\/tuote\/ajo-t240-hydraulinen-kuorma-auton-telasirottelulaite\/#primaryimage\"},\"image\":{\"@id\":\"https:\/\/www.pameco.fi\/et\/tuote\/ajo-t240-hydraulinen-kuorma-auton-telasirottelulaite\/#primaryimage\"},\"thumbnailUrl\":\"https:\/\/www.pameco.fi\/wpc\/uploads\/2025\/08\/AJO-T240-hydraulinen-kuorma-auton-telasirottelulaite.jpg\",\"datePublished\":\"2025-09-10T08:27:44+00:00\",\"dateModified\":\"2025-10-01T07:53:43+00:00\",\"breadcrumb\":{\"@id\":\"https:\/\/www.pameco.fi\/et\/tuote\/ajo-t240-hydraulinen-kuorma-auton-telasirottelulaite\/#breadcrumb\"},\"inLanguage\":\"et\",\"potentialAction\":[{\"@type\":\"ReadAction\",\"target\":[\"https:\/\/www.pameco.fi\/et\/tuote\/ajo-t240-hydraulinen-kuorma-auton-telasirottelulaite\/\"]}]},{\"@type\":\"ImageObject\",\"inLanguage\":\"et\",\"@id\":\"https:\/\/www.pameco.fi\/et\/tuote\/ajo-t240-hydraulinen-kuorma-auton-telasirottelulaite\/#primaryimage\",\"url\":\"https:\/\/www.pameco.fi\/wpc\/uploads\/2025\/08\/AJO-T240-hydraulinen-kuorma-auton-telasirottelulaite.jpg\",\"contentUrl\":\"https:\/\/www.pameco.fi\/wpc\/uploads\/2025\/08\/AJO-T240-hydraulinen-kuorma-auton-telasirottelulaite.jpg\",\"width\":1194,\"height\":899},{\"@type\":\"BreadcrumbList\",\"@id\":\"https:\/\/www.pameco.fi\/et\/tuote\/ajo-t240-hydraulinen-kuorma-auton-telasirottelulaite\/#breadcrumb\",\"itemListElement\":[{\"@type\":\"ListItem\",\"position\":1,\"name\":\"Esileht\",\"item\":\"https:\/\/www.pameco.fi\/et\/\"},{\"@type\":\"ListItem\",\"position\":2,\"name\":\"Pood\",\"item\":\"https:\/\/www.pameco.fi\/verkkokauppa\/\"},{\"@type\":\"ListItem\",\"position\":3,\"name\":\"AJO T240 -hydraulinen kuorma-auton telasirottelulaite\"}]},{\"@type\":\"WebSite\",\"@id\":\"https:\/\/www.pameco.fi\/et\/#website\",\"url\":\"https:\/\/www.pameco.fi\/et\/\",\"name\":\"Pameco\",\"description\":\"Suomalaiset PAMECO, HOKKE ja AJO-tuotteet kone\u00adurakointiin ja maa\u00adtilojen lietteen- sek\u00e4 vesien\u00adk\u00e4sittelyyn\",\"publisher\":{\"@id\":\"https:\/\/www.pameco.fi\/et\/#organization\"},\"alternateName\":\"Nurmeksen Ter\u00e4smyynti Oy\",\"potentialAction\":[{\"@type\":\"SearchAction\",\"target\":{\"@type\":\"EntryPoint\",\"urlTemplate\":\"https:\/\/www.pameco.fi\/et\/?s={search_term_string}\"},\"query-input\":{\"@type\":\"PropertyValueSpecification\",\"valueRequired\":true,\"valueName\":\"search_term_string\"}}],\"inLanguage\":\"et\"},{\"@type\":\"Organization\",\"@id\":\"https:\/\/www.pameco.fi\/et\/#organization\",\"name\":\"Pameco\",\"alternateName\":\"Nurmeksen Ter\u00e4smyynti Oy\",\"url\":\"https:\/\/www.pameco.fi\/et\/\",\"logo\":{\"@type\":\"ImageObject\",\"inLanguage\":\"et\",\"@id\":\"https:\/\/www.pameco.fi\/et\/#\/schema\/logo\/image\/\",\"url\":\"https:\/\/www.pameco.fi\/wpc\/uploads\/2025\/09\/profiilikuva.png\",\"contentUrl\":\"https:\/\/www.pameco.fi\/wpc\/uploads\/2025\/09\/profiilikuva.png\",\"width\":1500,\"height\":1500,\"caption\":\"Pameco\"},\"image\":{\"@id\":\"https:\/\/www.pameco.fi\/et\/#\/schema\/logo\/image\/\"},\"sameAs\":[\"https:\/\/www.facebook.com\/ntmoy\",\"https:\/\/www.youtube.com\/channel\/UCDQ51KVHtb23Y4nTYonSeRw\"]}]}<\/script>\n<!-- \/ Yoast SEO plugin. -->","yoast_head_json":{"title":"AJO T240 -hydraulinen kuorma-auton telasirottelulaite - Pameco","robots":{"index":"index","follow":"follow","max-snippet":"max-snippet:-1","max-image-preview":"max-image-preview:large","max-video-preview":"max-video-preview:-1"},"canonical":"https:\/\/www.pameco.fi\/et\/tuote\/ajo-t240-hydraulinen-kuorma-auton-telasirottelulaite\/","og_locale":"et_EE","og_type":"article","og_title":"AJO T240 -hydraulinen kuorma-auton telasirottelulaite - Pameco","og_description":"Hydraulinen kevytkuorma-auton telasirottelulaite sopii suolan ja hiekan sirotteluun.  Hiekoituslaite asennetaan pikakiinnityksell\u00e4 per\u00e4laudan paikalle.  Karkeas\u00e4\u00e4t\u00f6 tehd\u00e4\u00e4n mekaanisesti ja hienos\u00e4\u00e4t\u00f6 on toteutettu pneumaattisesti ja ohjaus tapahtuu ohjaamosta.  Laitteen mukana tulees\u00e4\u00e4dett\u00e4v\u00e4t seisontajalat varastointia varten.  Laitteen runko on kokonaan kuumasinkitty  &nbsp; Tekniset tiedot   &nbsp;  L\u00e4het\u00e4 tarjouspyynt\u00f6","og_url":"https:\/\/www.pameco.fi\/et\/tuote\/ajo-t240-hydraulinen-kuorma-auton-telasirottelulaite\/","og_site_name":"Pameco","article_publisher":"https:\/\/www.facebook.com\/ntmoy","article_modified_time":"2025-10-01T07:53:43+00:00","og_image":[{"width":1194,"height":899,"url":"https:\/\/www.pameco.fi\/wpc\/uploads\/2025\/08\/AJO-T240-hydraulinen-kuorma-auton-telasirottelulaite.jpg","type":"image\/jpeg"}],"twitter_card":"summary_large_image","twitter_misc":{"Est. reading time":"1 minute"},"schema":{"@context":"https:\/\/schema.org","@graph":[{"@type":"WebPage","@id":"https:\/\/www.pameco.fi\/et\/tuote\/ajo-t240-hydraulinen-kuorma-auton-telasirottelulaite\/","url":"https:\/\/www.pameco.fi\/et\/tuote\/ajo-t240-hydraulinen-kuorma-auton-telasirottelulaite\/","name":"AJO T240 -hydraulinen kuorma-auton telasirottelulaite - Pameco","isPartOf":{"@id":"https:\/\/www.pameco.fi\/et\/#website"},"primaryImageOfPage":{"@id":"https:\/\/www.pameco.fi\/et\/tuote\/ajo-t240-hydraulinen-kuorma-auton-telasirottelulaite\/#primaryimage"},"image":{"@id":"https:\/\/www.pameco.fi\/et\/tuote\/ajo-t240-hydraulinen-kuorma-auton-telasirottelulaite\/#primaryimage"},"thumbnailUrl":"https:\/\/www.pameco.fi\/wpc\/uploads\/2025\/08\/AJO-T240-hydraulinen-kuorma-auton-telasirottelulaite.jpg","datePublished":"2025-09-10T08:27:44+00:00","dateModified":"2025-10-01T07:53:43+00:00","breadcrumb":{"@id":"https:\/\/www.pameco.fi\/et\/tuote\/ajo-t240-hydraulinen-kuorma-auton-telasirottelulaite\/#breadcrumb"},"inLanguage":"et","potentialAction":[{"@type":"ReadAction","target":["https:\/\/www.pameco.fi\/et\/tuote\/ajo-t240-hydraulinen-kuorma-auton-telasirottelulaite\/"]}]},{"@type":"ImageObject","inLanguage":"et","@id":"https:\/\/www.pameco.fi\/et\/tuote\/ajo-t240-hydraulinen-kuorma-auton-telasirottelulaite\/#primaryimage","url":"https:\/\/www.pameco.fi\/wpc\/uploads\/2025\/08\/AJO-T240-hydraulinen-kuorma-auton-telasirottelulaite.jpg","contentUrl":"https:\/\/www.pameco.fi\/wpc\/uploads\/2025\/08\/AJO-T240-hydraulinen-kuorma-auton-telasirottelulaite.jpg","width":1194,"height":899},{"@type":"BreadcrumbList","@id":"https:\/\/www.pameco.fi\/et\/tuote\/ajo-t240-hydraulinen-kuorma-auton-telasirottelulaite\/#breadcrumb","itemListElement":[{"@type":"ListItem","position":1,"name":"Esileht","item":"https:\/\/www.pameco.fi\/et\/"},{"@type":"ListItem","position":2,"name":"Pood","item":"https:\/\/www.pameco.fi\/verkkokauppa\/"},{"@type":"ListItem","position":3,"name":"AJO T240 -hydraulinen kuorma-auton telasirottelulaite"}]},{"@type":"WebSite","@id":"https:\/\/www.pameco.fi\/et\/#website","url":"https:\/\/www.pameco.fi\/et\/","name":"Pameco","description":"Suomalaiset PAMECO, HOKKE ja AJO-tuotteet kone\u00adurakointiin ja maa\u00adtilojen lietteen- sek\u00e4 vesien\u00adk\u00e4sittelyyn","publisher":{"@id":"https:\/\/www.pameco.fi\/et\/#organization"},"alternateName":"Nurmeksen Ter\u00e4smyynti Oy","potentialAction":[{"@type":"SearchAction","target":{"@type":"EntryPoint","urlTemplate":"https:\/\/www.pameco.fi\/et\/?s={search_term_string}"},"query-input":{"@type":"PropertyValueSpecification","valueRequired":true,"valueName":"search_term_string"}}],"inLanguage":"et"},{"@type":"Organization","@id":"https:\/\/www.pameco.fi\/et\/#organization","name":"Pameco","alternateName":"Nurmeksen Ter\u00e4smyynti Oy","url":"https:\/\/www.pameco.fi\/et\/","logo":{"@type":"ImageObject","inLanguage":"et","@id":"https:\/\/www.pameco.fi\/et\/#\/schema\/logo\/image\/","url":"https:\/\/www.pameco.fi\/wpc\/uploads\/2025\/09\/profiilikuva.png","contentUrl":"https:\/\/www.pameco.fi\/wpc\/uploads\/2025\/09\/profiilikuva.png","width":1500,"height":1500,"caption":"Pameco"},"image":{"@id":"https:\/\/www.pameco.fi\/et\/#\/schema\/logo\/image\/"},"sameAs":["https:\/\/www.facebook.com\/ntmoy","https:\/\/www.youtube.com\/channel\/UCDQ51KVHtb23Y4nTYonSeRw"]}]}},"_links":{"self":[{"href":"https:\/\/www.pameco.fi\/et\/wp-json\/wp\/v2\/product\/2774","targetHints":{"allow":["GET"]}}],"collection":[{"href":"https:\/\/www.pameco.fi\/et\/wp-json\/wp\/v2\/product"}],"about":[{"href":"https:\/\/www.pameco.fi\/et\/wp-json\/wp\/v2\/types\/product"}],"replies":[{"embeddable":true,"href":"https:\/\/www.pameco.fi\/et\/wp-json\/wp\/v2\/comments?post=2774"}],"wp:featuredmedia":[{"embeddable":true,"href":"https:\/\/www.pameco.fi\/et\/wp-json\/wp\/v2\/media\/204"}],"wp:attachment":[{"href":"https:\/\/www.pameco.fi\/et\/wp-json\/wp\/v2\/media?parent=2774"}],"wp:term":[{"taxonomy":"product_brand","embeddable":true,"href":"https:\/\/www.pameco.fi\/et\/wp-json\/wp\/v2\/product_brand?post=2774"},{"taxonomy":"product_cat","embeddable":true,"href":"https:\/\/www.pameco.fi\/et\/wp-json\/wp\/v2\/product_cat?post=2774"},{"taxonomy":"product_tag","embeddable":true,"href":"https:\/\/www.pameco.fi\/et\/wp-json\/wp\/v2\/product_tag?post=2774"}],"curies":[{"name":"wp","href":"https:\/\/api.w.org\/{rel}","templated":true}]}}