{"id":2780,"date":"2025-09-10T11:27:46","date_gmt":"2025-09-10T08:27:46","guid":{"rendered":"https:\/\/www.pameco.fi\/tuote\/hokke-nva-nivelaura-jousitetulla-terarakenteella\/"},"modified":"2026-02-25T14:22:38","modified_gmt":"2026-02-25T12:22:38","slug":"hokke-nva-nivelaura-jousitetulla-terarakenteella","status":"publish","type":"product","link":"https:\/\/www.pameco.fi\/et\/tuote\/hokke-nva-nivelaura-jousitetulla-terarakenteella\/","title":{"rendered":"HOKKE NVA \u2013nivelaura jousitetulla ter\u00e4rakenteella"},"content":{"rendered":"","protected":false},"excerpt":{"rendered":"<ul class=\"check-list\">\n<li class=\"color--secondary\"><span class=\"top-margin-1em bottom-margin-1em\" style=\"color: #a6a49d;\">Nivelaura on suunniteltu kaupunkien ja taajamien kunnossapitoon<\/span><\/li>\n<li class=\"color--secondary top-margin-1em bottom-margin-1em\"><span style=\"color: #a6a49d;\"> Kokovalikoima on laaja ja peruskoneiksi k\u00e4yv\u00e4t niin ty\u00f6koneet kuin kuorma-autotkin<\/span><\/li>\n<li class=\"color--secondary top-margin-1em bottom-margin-1em\"><span style=\"color: #a6a49d;\">Jousitettu em\u00e4ter\u00e4rakenne suojaa kuljettajaa, auraa ja peruskonetta ty\u00f6skentelyn aikana<\/span><\/li>\n<li class=\"color--secondary top-margin-1em bottom-margin-1em\"><span style=\"color: #a6a49d;\">Siiven muotoilu on tasakorkea tai molemmille puolille heitt\u00e4v\u00e4<\/span><\/li>\n<li class=\"color--secondary top-margin-1em bottom-margin-1em\"><span style=\"color: #a6a49d;\">Nivelaura toimii V- ja Y-asennoissa sek\u00e4 vinoetuaurana molemmille puolille heitt\u00e4v\u00e4n\u00e4<\/span><\/li>\n<li class=\"color--secondary top-margin-1em bottom-margin-1em\"><span style=\"color: #a6a49d;\">NVA 320-NVA 430 vakiona L-siivell\u00e4, vaihtoehtona matalampi H-siipi. NVA-280 ja NVA-300 saatavana ainoastaan H-siivell\u00e4.<\/span><\/li>\n<li class=\"color--secondary top-margin-1em bottom-margin-1em\"><span class=\"bottom-margin-1em\" style=\"color: #a6a49d;\">Ter\u00e4n voi s\u00e4\u00e4t\u00e4\u00e4 tien pintaa leikkaavaan tai laahaavaan kulmaan<\/span><\/li>\n<li class=\"color--secondary top-margin-1em bottom-margin-1em\"><span class=\"bottom-margin-1em remove-top-margin\" style=\"color: #a6a49d;\">Pystykellunta ja kallistelu on yhdysrakenteisena auran ty\u00f6nt\u00f6rungossa<\/span><\/li>\n<li class=\"color--secondary top-margin-1em bottom-margin-1em\"><span class=\"color--primary color--secondary bottom-margin-1em top-margin-1em\" style=\"color: #a6a49d;\">Aura varustellaan vakiona nivelauraventtiilill\u00e4 ja \u00e4\u00e4rivaloilla<\/span><\/li>\n<li class=\"color--secondary\"><span class=\"top-margin-1em bottom-margin-1em remove-top-margin remove-bottom-margin\" style=\"color: #a6a49d;\">LED-tasovilkut ja ryhm\u00e4liitin saatavilla lis\u00e4varusteina<\/span><\/li>\n<\/ul>\n<p>&nbsp;<\/p>\n<p>&nbsp;<\/p>\n<p class=\"h3\">Tekniset tiedot<\/p>\n[table id=4 \/]\n<p>&nbsp;<\/p>\n<p><a class=\"button\" href=\"https:\/\/www.pameco.fi\/yhteystiedot\/tarjouspyynto\/\" target=\"_blank\" rel=\"noopener\">L\u00e4het\u00e4 tarjouspyynt\u00f6<\/a><\/p>\n","protected":false},"featured_media":3678,"comment_status":"open","ping_status":"closed","template":"","meta":{"_improvement_type_select":"improve_an_existing","_thumb_yes_seoaic":false,"_frame_yes_seoaic":false,"seoaic_generate_description":"","seoaic_improve_instructions_prompt":"","seoaic_rollback_content_improvement":"","seoaic_idea_thumbnail_generator":"","thumbnail_generated":false,"thumbnail_generate_prompt":"","seoaic_article_description":""},"product_brand":[],"product_cat":[48],"product_tag":[],"class_list":{"0":"post-2780","1":"product","2":"type-product","3":"status-publish","4":"has-post-thumbnail","6":"product_cat-hokke-lumiaurat","8":"first","9":"instock","10":"featured","11":"taxable","12":"shipping-taxable","13":"product-type-simple"},"yoast_head":"<!-- This site is optimized with the Yoast SEO plugin v27.2 - https:\/\/yoast.com\/product\/yoast-seo-wordpress\/ -->\n<title>HOKKE NVA \u2013nivelaura jousitetulla ter\u00e4rakenteella - Pameco<\/title>\n<meta name=\"robots\" content=\"index, follow, max-snippet:-1, max-image-preview:large, max-video-preview:-1\" \/>\n<link rel=\"canonical\" href=\"https:\/\/www.pameco.fi\/et\/tuote\/hokke-nva-nivelaura-jousitetulla-terarakenteella\/\" \/>\n<meta property=\"og:locale\" content=\"et_EE\" \/>\n<meta property=\"og:type\" content=\"article\" \/>\n<meta property=\"og:title\" content=\"HOKKE NVA \u2013nivelaura jousitetulla ter\u00e4rakenteella - Pameco\" \/>\n<meta property=\"og:description\" content=\"Nivelaura on suunniteltu kaupunkien ja taajamien kunnossapitoon   Kokovalikoima on laaja ja peruskoneiksi k\u00e4yv\u00e4t niin ty\u00f6koneet kuin kuorma-autotkin  Jousitettu em\u00e4ter\u00e4rakenne suojaa kuljettajaa, auraa ja peruskonetta ty\u00f6skentelyn aikana  Siiven muotoilu on tasakorkea tai molemmille puolille heitt\u00e4v\u00e4  Nivelaura toimii V- ja Y-asennoissa sek\u00e4 vinoetuaurana molemmille puolille heitt\u00e4v\u00e4n\u00e4  NVA 320-NVA 430 vakiona L-siivell\u00e4, vaihtoehtona matalampi H-siipi. NVA-280 ja NVA-300 saatavana ainoastaan H-siivell\u00e4.  Ter\u00e4n voi s\u00e4\u00e4t\u00e4\u00e4 tien pintaa leikkaavaan tai laahaavaan kulmaan  Pystykellunta ja kallistelu on yhdysrakenteisena auran ty\u00f6nt\u00f6rungossa  Aura varustellaan vakiona nivelauraventtiilill\u00e4 ja \u00e4\u00e4rivaloilla  LED-tasovilkut ja ryhm\u00e4liitin saatavilla lis\u00e4varusteina  &nbsp;  &nbsp; Tekniset tiedot   &nbsp;  L\u00e4het\u00e4 tarjouspyynt\u00f6\" \/>\n<meta property=\"og:url\" content=\"https:\/\/www.pameco.fi\/et\/tuote\/hokke-nva-nivelaura-jousitetulla-terarakenteella\/\" \/>\n<meta property=\"og:site_name\" content=\"Pameco\" \/>\n<meta property=\"article:publisher\" content=\"https:\/\/www.facebook.com\/ntmoy\" \/>\n<meta property=\"article:modified_time\" content=\"2026-02-25T12:22:38+00:00\" \/>\n<meta property=\"og:image\" content=\"https:\/\/www.pameco.fi\/wpc\/uploads\/2025\/09\/IMG20251126144155-scaled.jpg\" \/>\n\t<meta property=\"og:image:width\" content=\"2560\" \/>\n\t<meta property=\"og:image:height\" content=\"1920\" \/>\n\t<meta property=\"og:image:type\" content=\"image\/jpeg\" \/>\n<meta name=\"twitter:card\" content=\"summary_large_image\" \/>\n<meta name=\"twitter:label1\" content=\"Est. reading time\" \/>\n\t<meta name=\"twitter:data1\" content=\"1 minute\" \/>\n<script type=\"application\/ld+json\" class=\"yoast-schema-graph\">{\"@context\":\"https:\/\/schema.org\",\"@graph\":[{\"@type\":\"WebPage\",\"@id\":\"https:\/\/www.pameco.fi\/et\/tuote\/hokke-nva-nivelaura-jousitetulla-terarakenteella\/\",\"url\":\"https:\/\/www.pameco.fi\/et\/tuote\/hokke-nva-nivelaura-jousitetulla-terarakenteella\/\",\"name\":\"HOKKE NVA \u2013nivelaura jousitetulla ter\u00e4rakenteella - Pameco\",\"isPartOf\":{\"@id\":\"https:\/\/www.pameco.fi\/et\/#website\"},\"primaryImageOfPage\":{\"@id\":\"https:\/\/www.pameco.fi\/et\/tuote\/hokke-nva-nivelaura-jousitetulla-terarakenteella\/#primaryimage\"},\"image\":{\"@id\":\"https:\/\/www.pameco.fi\/et\/tuote\/hokke-nva-nivelaura-jousitetulla-terarakenteella\/#primaryimage\"},\"thumbnailUrl\":\"https:\/\/www.pameco.fi\/wpc\/uploads\/2025\/09\/IMG20251126144155-scaled.jpg\",\"datePublished\":\"2025-09-10T08:27:46+00:00\",\"dateModified\":\"2026-02-25T12:22:38+00:00\",\"breadcrumb\":{\"@id\":\"https:\/\/www.pameco.fi\/et\/tuote\/hokke-nva-nivelaura-jousitetulla-terarakenteella\/#breadcrumb\"},\"inLanguage\":\"et\",\"potentialAction\":[{\"@type\":\"ReadAction\",\"target\":[\"https:\/\/www.pameco.fi\/et\/tuote\/hokke-nva-nivelaura-jousitetulla-terarakenteella\/\"]}]},{\"@type\":\"ImageObject\",\"inLanguage\":\"et\",\"@id\":\"https:\/\/www.pameco.fi\/et\/tuote\/hokke-nva-nivelaura-jousitetulla-terarakenteella\/#primaryimage\",\"url\":\"https:\/\/www.pameco.fi\/wpc\/uploads\/2025\/09\/IMG20251126144155-scaled.jpg\",\"contentUrl\":\"https:\/\/www.pameco.fi\/wpc\/uploads\/2025\/09\/IMG20251126144155-scaled.jpg\",\"width\":2560,\"height\":1920},{\"@type\":\"BreadcrumbList\",\"@id\":\"https:\/\/www.pameco.fi\/et\/tuote\/hokke-nva-nivelaura-jousitetulla-terarakenteella\/#breadcrumb\",\"itemListElement\":[{\"@type\":\"ListItem\",\"position\":1,\"name\":\"Esileht\",\"item\":\"https:\/\/www.pameco.fi\/et\/\"},{\"@type\":\"ListItem\",\"position\":2,\"name\":\"Pood\",\"item\":\"https:\/\/www.pameco.fi\/verkkokauppa\/\"},{\"@type\":\"ListItem\",\"position\":3,\"name\":\"HOKKE NVA \u2013nivelaura jousitetulla ter\u00e4rakenteella\"}]},{\"@type\":\"WebSite\",\"@id\":\"https:\/\/www.pameco.fi\/et\/#website\",\"url\":\"https:\/\/www.pameco.fi\/et\/\",\"name\":\"Pameco\",\"description\":\"Suomalaiset PAMECO, HOKKE ja AJO-tuotteet kone\u00adurakointiin ja maa\u00adtilojen lietteen- sek\u00e4 vesien\u00adk\u00e4sittelyyn\",\"publisher\":{\"@id\":\"https:\/\/www.pameco.fi\/et\/#organization\"},\"alternateName\":\"Nurmeksen Ter\u00e4smyynti Oy\",\"potentialAction\":[{\"@type\":\"SearchAction\",\"target\":{\"@type\":\"EntryPoint\",\"urlTemplate\":\"https:\/\/www.pameco.fi\/et\/?s={search_term_string}\"},\"query-input\":{\"@type\":\"PropertyValueSpecification\",\"valueRequired\":true,\"valueName\":\"search_term_string\"}}],\"inLanguage\":\"et\"},{\"@type\":\"Organization\",\"@id\":\"https:\/\/www.pameco.fi\/et\/#organization\",\"name\":\"Pameco\",\"alternateName\":\"Nurmeksen Ter\u00e4smyynti Oy\",\"url\":\"https:\/\/www.pameco.fi\/et\/\",\"logo\":{\"@type\":\"ImageObject\",\"inLanguage\":\"et\",\"@id\":\"https:\/\/www.pameco.fi\/et\/#\/schema\/logo\/image\/\",\"url\":\"https:\/\/www.pameco.fi\/wpc\/uploads\/2025\/09\/profiilikuva.png\",\"contentUrl\":\"https:\/\/www.pameco.fi\/wpc\/uploads\/2025\/09\/profiilikuva.png\",\"width\":1500,\"height\":1500,\"caption\":\"Pameco\"},\"image\":{\"@id\":\"https:\/\/www.pameco.fi\/et\/#\/schema\/logo\/image\/\"},\"sameAs\":[\"https:\/\/www.facebook.com\/ntmoy\",\"https:\/\/www.youtube.com\/channel\/UCDQ51KVHtb23Y4nTYonSeRw\"]}]}<\/script>\n<!-- \/ Yoast SEO plugin. -->","yoast_head_json":{"title":"HOKKE NVA \u2013nivelaura jousitetulla ter\u00e4rakenteella - Pameco","robots":{"index":"index","follow":"follow","max-snippet":"max-snippet:-1","max-image-preview":"max-image-preview:large","max-video-preview":"max-video-preview:-1"},"canonical":"https:\/\/www.pameco.fi\/et\/tuote\/hokke-nva-nivelaura-jousitetulla-terarakenteella\/","og_locale":"et_EE","og_type":"article","og_title":"HOKKE NVA \u2013nivelaura jousitetulla ter\u00e4rakenteella - Pameco","og_description":"Nivelaura on suunniteltu kaupunkien ja taajamien kunnossapitoon   Kokovalikoima on laaja ja peruskoneiksi k\u00e4yv\u00e4t niin ty\u00f6koneet kuin kuorma-autotkin  Jousitettu em\u00e4ter\u00e4rakenne suojaa kuljettajaa, auraa ja peruskonetta ty\u00f6skentelyn aikana  Siiven muotoilu on tasakorkea tai molemmille puolille heitt\u00e4v\u00e4  Nivelaura toimii V- ja Y-asennoissa sek\u00e4 vinoetuaurana molemmille puolille heitt\u00e4v\u00e4n\u00e4  NVA 320-NVA 430 vakiona L-siivell\u00e4, vaihtoehtona matalampi H-siipi. NVA-280 ja NVA-300 saatavana ainoastaan H-siivell\u00e4.  Ter\u00e4n voi s\u00e4\u00e4t\u00e4\u00e4 tien pintaa leikkaavaan tai laahaavaan kulmaan  Pystykellunta ja kallistelu on yhdysrakenteisena auran ty\u00f6nt\u00f6rungossa  Aura varustellaan vakiona nivelauraventtiilill\u00e4 ja \u00e4\u00e4rivaloilla  LED-tasovilkut ja ryhm\u00e4liitin saatavilla lis\u00e4varusteina  &nbsp;  &nbsp; Tekniset tiedot   &nbsp;  L\u00e4het\u00e4 tarjouspyynt\u00f6","og_url":"https:\/\/www.pameco.fi\/et\/tuote\/hokke-nva-nivelaura-jousitetulla-terarakenteella\/","og_site_name":"Pameco","article_publisher":"https:\/\/www.facebook.com\/ntmoy","article_modified_time":"2026-02-25T12:22:38+00:00","og_image":[{"width":2560,"height":1920,"url":"https:\/\/www.pameco.fi\/wpc\/uploads\/2025\/09\/IMG20251126144155-scaled.jpg","type":"image\/jpeg"}],"twitter_card":"summary_large_image","twitter_misc":{"Est. reading time":"1 minute"},"schema":{"@context":"https:\/\/schema.org","@graph":[{"@type":"WebPage","@id":"https:\/\/www.pameco.fi\/et\/tuote\/hokke-nva-nivelaura-jousitetulla-terarakenteella\/","url":"https:\/\/www.pameco.fi\/et\/tuote\/hokke-nva-nivelaura-jousitetulla-terarakenteella\/","name":"HOKKE NVA \u2013nivelaura jousitetulla ter\u00e4rakenteella - Pameco","isPartOf":{"@id":"https:\/\/www.pameco.fi\/et\/#website"},"primaryImageOfPage":{"@id":"https:\/\/www.pameco.fi\/et\/tuote\/hokke-nva-nivelaura-jousitetulla-terarakenteella\/#primaryimage"},"image":{"@id":"https:\/\/www.pameco.fi\/et\/tuote\/hokke-nva-nivelaura-jousitetulla-terarakenteella\/#primaryimage"},"thumbnailUrl":"https:\/\/www.pameco.fi\/wpc\/uploads\/2025\/09\/IMG20251126144155-scaled.jpg","datePublished":"2025-09-10T08:27:46+00:00","dateModified":"2026-02-25T12:22:38+00:00","breadcrumb":{"@id":"https:\/\/www.pameco.fi\/et\/tuote\/hokke-nva-nivelaura-jousitetulla-terarakenteella\/#breadcrumb"},"inLanguage":"et","potentialAction":[{"@type":"ReadAction","target":["https:\/\/www.pameco.fi\/et\/tuote\/hokke-nva-nivelaura-jousitetulla-terarakenteella\/"]}]},{"@type":"ImageObject","inLanguage":"et","@id":"https:\/\/www.pameco.fi\/et\/tuote\/hokke-nva-nivelaura-jousitetulla-terarakenteella\/#primaryimage","url":"https:\/\/www.pameco.fi\/wpc\/uploads\/2025\/09\/IMG20251126144155-scaled.jpg","contentUrl":"https:\/\/www.pameco.fi\/wpc\/uploads\/2025\/09\/IMG20251126144155-scaled.jpg","width":2560,"height":1920},{"@type":"BreadcrumbList","@id":"https:\/\/www.pameco.fi\/et\/tuote\/hokke-nva-nivelaura-jousitetulla-terarakenteella\/#breadcrumb","itemListElement":[{"@type":"ListItem","position":1,"name":"Esileht","item":"https:\/\/www.pameco.fi\/et\/"},{"@type":"ListItem","position":2,"name":"Pood","item":"https:\/\/www.pameco.fi\/verkkokauppa\/"},{"@type":"ListItem","position":3,"name":"HOKKE NVA \u2013nivelaura jousitetulla ter\u00e4rakenteella"}]},{"@type":"WebSite","@id":"https:\/\/www.pameco.fi\/et\/#website","url":"https:\/\/www.pameco.fi\/et\/","name":"Pameco","description":"Suomalaiset PAMECO, HOKKE ja AJO-tuotteet kone\u00adurakointiin ja maa\u00adtilojen lietteen- sek\u00e4 vesien\u00adk\u00e4sittelyyn","publisher":{"@id":"https:\/\/www.pameco.fi\/et\/#organization"},"alternateName":"Nurmeksen Ter\u00e4smyynti Oy","potentialAction":[{"@type":"SearchAction","target":{"@type":"EntryPoint","urlTemplate":"https:\/\/www.pameco.fi\/et\/?s={search_term_string}"},"query-input":{"@type":"PropertyValueSpecification","valueRequired":true,"valueName":"search_term_string"}}],"inLanguage":"et"},{"@type":"Organization","@id":"https:\/\/www.pameco.fi\/et\/#organization","name":"Pameco","alternateName":"Nurmeksen Ter\u00e4smyynti Oy","url":"https:\/\/www.pameco.fi\/et\/","logo":{"@type":"ImageObject","inLanguage":"et","@id":"https:\/\/www.pameco.fi\/et\/#\/schema\/logo\/image\/","url":"https:\/\/www.pameco.fi\/wpc\/uploads\/2025\/09\/profiilikuva.png","contentUrl":"https:\/\/www.pameco.fi\/wpc\/uploads\/2025\/09\/profiilikuva.png","width":1500,"height":1500,"caption":"Pameco"},"image":{"@id":"https:\/\/www.pameco.fi\/et\/#\/schema\/logo\/image\/"},"sameAs":["https:\/\/www.facebook.com\/ntmoy","https:\/\/www.youtube.com\/channel\/UCDQ51KVHtb23Y4nTYonSeRw"]}]}},"_links":{"self":[{"href":"https:\/\/www.pameco.fi\/et\/wp-json\/wp\/v2\/product\/2780","targetHints":{"allow":["GET"]}}],"collection":[{"href":"https:\/\/www.pameco.fi\/et\/wp-json\/wp\/v2\/product"}],"about":[{"href":"https:\/\/www.pameco.fi\/et\/wp-json\/wp\/v2\/types\/product"}],"replies":[{"embeddable":true,"href":"https:\/\/www.pameco.fi\/et\/wp-json\/wp\/v2\/comments?post=2780"}],"wp:featuredmedia":[{"embeddable":true,"href":"https:\/\/www.pameco.fi\/et\/wp-json\/wp\/v2\/media\/3678"}],"wp:attachment":[{"href":"https:\/\/www.pameco.fi\/et\/wp-json\/wp\/v2\/media?parent=2780"}],"wp:term":[{"taxonomy":"product_brand","embeddable":true,"href":"https:\/\/www.pameco.fi\/et\/wp-json\/wp\/v2\/product_brand?post=2780"},{"taxonomy":"product_cat","embeddable":true,"href":"https:\/\/www.pameco.fi\/et\/wp-json\/wp\/v2\/product_cat?post=2780"},{"taxonomy":"product_tag","embeddable":true,"href":"https:\/\/www.pameco.fi\/et\/wp-json\/wp\/v2\/product_tag?post=2780"}],"curies":[{"name":"wp","href":"https:\/\/api.w.org\/{rel}","templated":true}]}}