{"id":2781,"date":"2025-09-10T11:27:46","date_gmt":"2025-09-10T08:27:46","guid":{"rendered":"https:\/\/www.pameco.fi\/tuote\/hokke-ekl-ja-ekl-k-koneaurat-siiven-laukaisulaitteella\/"},"modified":"2025-11-19T14:03:55","modified_gmt":"2025-11-19T12:03:55","slug":"hokke-ekl-ja-ekl-k-koneaurat-siiven-laukaisulaitteella","status":"publish","type":"product","link":"https:\/\/www.pameco.fi\/et\/tuote\/hokke-ekl-ja-ekl-k-koneaurat-siiven-laukaisulaitteella\/","title":{"rendered":"HOKKE EKL ja EKL\/K -koneaurat siiven laukaisulaitteella"},"content":{"rendered":"","protected":false},"excerpt":{"rendered":"<ul class=\"check-list\">\n<li class=\"top-margin-1em bottom-margin-1em color--secondary\"><span style=\"color: #a6a49d;\">Lumiaura on tarkoitettu taajamien ja kevyen liikenteen v\u00e4ylien puhdistukseen<\/span><\/li>\n<li class=\"top-margin-1em bottom-margin-1em color--secondary\"><span style=\"color: #a6a49d;\">EKL on kartioaura jonka siiven muotoilu on heitt\u00e4v\u00e4 oikealle puolelle. EKL\/K on perhosaura, joka on muotoiltu heitt\u00e4v\u00e4ksi molemmille puolille<\/span><\/li>\n<li class=\"top-margin-1em bottom-margin-1em color--secondary\"><span style=\"color: #a6a49d;\"> Siiven k\u00e4\u00e4nt\u00f6 on toteutettu kaksitoimisella hydrauliikkasylinterill\u00e4<\/span><\/li>\n<li class=\"top-margin-1em bottom-margin-1em color--secondary\"><span style=\"color: #a6a49d;\">Siivess\u00e4 on turvalaitteena laukaisumekanismi, jonka voima on s\u00e4\u00e4dett\u00e4v\u00e4. Ominaisuus suojaa kuljettajaa, auraa ja peruskonetta vaurioilta ty\u00f6skentelyn aikana<\/span><\/li>\n<li class=\"top-margin-1em bottom-margin-1em color--secondary\"><span style=\"color: #a6a49d;\">\u00c4\u00e4rivalot ja ryhm\u00e4liitin saatavilla lis\u00e4varusteina<\/span><\/li>\n<\/ul>\n<p>&nbsp;<\/p>\n<p class=\"h3\">Tekniset tiedot<\/p>\n[table id=5 \/]\n<p>&nbsp;<\/p>\n<p>&nbsp;<\/p>\n<p><a class=\"button\" href=\"https:\/\/www.pameco.fi\/yhteystiedot\/tarjouspyynto\/\" target=\"_blank\" rel=\"noopener\">L\u00e4het\u00e4 tarjouspyynt\u00f6<\/a><\/p>\n","protected":false},"featured_media":3654,"comment_status":"open","ping_status":"closed","template":"","meta":{"_improvement_type_select":"improve_an_existing","_thumb_yes_seoaic":false,"_frame_yes_seoaic":false,"seoaic_generate_description":"","seoaic_improve_instructions_prompt":"","seoaic_rollback_content_improvement":"","seoaic_idea_thumbnail_generator":"","thumbnail_generated":false,"thumbnail_generate_prompt":"","seoaic_article_description":""},"product_brand":[],"product_cat":[48],"product_tag":[],"class_list":{"0":"post-2781","1":"product","2":"type-product","3":"status-publish","4":"has-post-thumbnail","6":"product_cat-hokke-lumiaurat","8":"first","9":"instock","10":"taxable","11":"shipping-taxable","12":"product-type-simple"},"yoast_head":"<!-- This site is optimized with the Yoast SEO plugin v27.2 - https:\/\/yoast.com\/product\/yoast-seo-wordpress\/ -->\n<title>HOKKE EKL ja EKL\/K -koneaurat siiven laukaisulaitteella - Pameco<\/title>\n<meta name=\"robots\" content=\"index, follow, max-snippet:-1, max-image-preview:large, max-video-preview:-1\" \/>\n<link rel=\"canonical\" href=\"https:\/\/www.pameco.fi\/et\/tuote\/hokke-ekl-ja-ekl-k-koneaurat-siiven-laukaisulaitteella\/\" \/>\n<meta property=\"og:locale\" content=\"et_EE\" \/>\n<meta property=\"og:type\" content=\"article\" \/>\n<meta property=\"og:title\" content=\"HOKKE EKL ja EKL\/K -koneaurat siiven laukaisulaitteella - Pameco\" \/>\n<meta property=\"og:description\" content=\"Lumiaura on tarkoitettu taajamien ja kevyen liikenteen v\u00e4ylien puhdistukseen  EKL on kartioaura jonka siiven muotoilu on heitt\u00e4v\u00e4 oikealle puolelle. EKL\/K on perhosaura, joka on muotoiltu heitt\u00e4v\u00e4ksi molemmille puolille   Siiven k\u00e4\u00e4nt\u00f6 on toteutettu kaksitoimisella hydrauliikkasylinterill\u00e4  Siivess\u00e4 on turvalaitteena laukaisumekanismi, jonka voima on s\u00e4\u00e4dett\u00e4v\u00e4. Ominaisuus suojaa kuljettajaa, auraa ja peruskonetta vaurioilta ty\u00f6skentelyn aikana  \u00c4\u00e4rivalot ja ryhm\u00e4liitin saatavilla lis\u00e4varusteina  &nbsp; Tekniset tiedot   &nbsp;  &nbsp;  L\u00e4het\u00e4 tarjouspyynt\u00f6\" \/>\n<meta property=\"og:url\" content=\"https:\/\/www.pameco.fi\/et\/tuote\/hokke-ekl-ja-ekl-k-koneaurat-siiven-laukaisulaitteella\/\" \/>\n<meta property=\"og:site_name\" content=\"Pameco\" \/>\n<meta property=\"article:publisher\" content=\"https:\/\/www.facebook.com\/ntmoy\" \/>\n<meta property=\"article:modified_time\" content=\"2025-11-19T12:03:55+00:00\" \/>\n<meta property=\"og:image\" content=\"https:\/\/www.pameco.fi\/wpc\/uploads\/2025\/09\/Nimeton-malli-22.png\" \/>\n\t<meta property=\"og:image:width\" content=\"1200\" \/>\n\t<meta property=\"og:image:height\" content=\"800\" \/>\n\t<meta property=\"og:image:type\" content=\"image\/png\" \/>\n<meta name=\"twitter:card\" content=\"summary_large_image\" \/>\n<meta name=\"twitter:label1\" content=\"Est. reading time\" \/>\n\t<meta name=\"twitter:data1\" content=\"1 minute\" \/>\n<script type=\"application\/ld+json\" class=\"yoast-schema-graph\">{\"@context\":\"https:\/\/schema.org\",\"@graph\":[{\"@type\":\"WebPage\",\"@id\":\"https:\/\/www.pameco.fi\/et\/tuote\/hokke-ekl-ja-ekl-k-koneaurat-siiven-laukaisulaitteella\/\",\"url\":\"https:\/\/www.pameco.fi\/et\/tuote\/hokke-ekl-ja-ekl-k-koneaurat-siiven-laukaisulaitteella\/\",\"name\":\"HOKKE EKL ja EKL\/K -koneaurat siiven laukaisulaitteella - Pameco\",\"isPartOf\":{\"@id\":\"https:\/\/www.pameco.fi\/et\/#website\"},\"primaryImageOfPage\":{\"@id\":\"https:\/\/www.pameco.fi\/et\/tuote\/hokke-ekl-ja-ekl-k-koneaurat-siiven-laukaisulaitteella\/#primaryimage\"},\"image\":{\"@id\":\"https:\/\/www.pameco.fi\/et\/tuote\/hokke-ekl-ja-ekl-k-koneaurat-siiven-laukaisulaitteella\/#primaryimage\"},\"thumbnailUrl\":\"https:\/\/www.pameco.fi\/wpc\/uploads\/2025\/09\/Nimeton-malli-22.png\",\"datePublished\":\"2025-09-10T08:27:46+00:00\",\"dateModified\":\"2025-11-19T12:03:55+00:00\",\"breadcrumb\":{\"@id\":\"https:\/\/www.pameco.fi\/et\/tuote\/hokke-ekl-ja-ekl-k-koneaurat-siiven-laukaisulaitteella\/#breadcrumb\"},\"inLanguage\":\"et\",\"potentialAction\":[{\"@type\":\"ReadAction\",\"target\":[\"https:\/\/www.pameco.fi\/et\/tuote\/hokke-ekl-ja-ekl-k-koneaurat-siiven-laukaisulaitteella\/\"]}]},{\"@type\":\"ImageObject\",\"inLanguage\":\"et\",\"@id\":\"https:\/\/www.pameco.fi\/et\/tuote\/hokke-ekl-ja-ekl-k-koneaurat-siiven-laukaisulaitteella\/#primaryimage\",\"url\":\"https:\/\/www.pameco.fi\/wpc\/uploads\/2025\/09\/Nimeton-malli-22.png\",\"contentUrl\":\"https:\/\/www.pameco.fi\/wpc\/uploads\/2025\/09\/Nimeton-malli-22.png\",\"width\":1200,\"height\":800},{\"@type\":\"BreadcrumbList\",\"@id\":\"https:\/\/www.pameco.fi\/et\/tuote\/hokke-ekl-ja-ekl-k-koneaurat-siiven-laukaisulaitteella\/#breadcrumb\",\"itemListElement\":[{\"@type\":\"ListItem\",\"position\":1,\"name\":\"Esileht\",\"item\":\"https:\/\/www.pameco.fi\/et\/\"},{\"@type\":\"ListItem\",\"position\":2,\"name\":\"Pood\",\"item\":\"https:\/\/www.pameco.fi\/verkkokauppa\/\"},{\"@type\":\"ListItem\",\"position\":3,\"name\":\"HOKKE EKL ja EKL\/K -koneaurat siiven laukaisulaitteella\"}]},{\"@type\":\"WebSite\",\"@id\":\"https:\/\/www.pameco.fi\/et\/#website\",\"url\":\"https:\/\/www.pameco.fi\/et\/\",\"name\":\"Pameco\",\"description\":\"Suomalaiset PAMECO, HOKKE ja AJO-tuotteet kone\u00adurakointiin ja maa\u00adtilojen lietteen- sek\u00e4 vesien\u00adk\u00e4sittelyyn\",\"publisher\":{\"@id\":\"https:\/\/www.pameco.fi\/et\/#organization\"},\"alternateName\":\"Nurmeksen Ter\u00e4smyynti Oy\",\"potentialAction\":[{\"@type\":\"SearchAction\",\"target\":{\"@type\":\"EntryPoint\",\"urlTemplate\":\"https:\/\/www.pameco.fi\/et\/?s={search_term_string}\"},\"query-input\":{\"@type\":\"PropertyValueSpecification\",\"valueRequired\":true,\"valueName\":\"search_term_string\"}}],\"inLanguage\":\"et\"},{\"@type\":\"Organization\",\"@id\":\"https:\/\/www.pameco.fi\/et\/#organization\",\"name\":\"Pameco\",\"alternateName\":\"Nurmeksen Ter\u00e4smyynti Oy\",\"url\":\"https:\/\/www.pameco.fi\/et\/\",\"logo\":{\"@type\":\"ImageObject\",\"inLanguage\":\"et\",\"@id\":\"https:\/\/www.pameco.fi\/et\/#\/schema\/logo\/image\/\",\"url\":\"https:\/\/www.pameco.fi\/wpc\/uploads\/2025\/09\/profiilikuva.png\",\"contentUrl\":\"https:\/\/www.pameco.fi\/wpc\/uploads\/2025\/09\/profiilikuva.png\",\"width\":1500,\"height\":1500,\"caption\":\"Pameco\"},\"image\":{\"@id\":\"https:\/\/www.pameco.fi\/et\/#\/schema\/logo\/image\/\"},\"sameAs\":[\"https:\/\/www.facebook.com\/ntmoy\",\"https:\/\/www.youtube.com\/channel\/UCDQ51KVHtb23Y4nTYonSeRw\"]}]}<\/script>\n<!-- \/ Yoast SEO plugin. -->","yoast_head_json":{"title":"HOKKE EKL ja EKL\/K -koneaurat siiven laukaisulaitteella - Pameco","robots":{"index":"index","follow":"follow","max-snippet":"max-snippet:-1","max-image-preview":"max-image-preview:large","max-video-preview":"max-video-preview:-1"},"canonical":"https:\/\/www.pameco.fi\/et\/tuote\/hokke-ekl-ja-ekl-k-koneaurat-siiven-laukaisulaitteella\/","og_locale":"et_EE","og_type":"article","og_title":"HOKKE EKL ja EKL\/K -koneaurat siiven laukaisulaitteella - Pameco","og_description":"Lumiaura on tarkoitettu taajamien ja kevyen liikenteen v\u00e4ylien puhdistukseen  EKL on kartioaura jonka siiven muotoilu on heitt\u00e4v\u00e4 oikealle puolelle. EKL\/K on perhosaura, joka on muotoiltu heitt\u00e4v\u00e4ksi molemmille puolille   Siiven k\u00e4\u00e4nt\u00f6 on toteutettu kaksitoimisella hydrauliikkasylinterill\u00e4  Siivess\u00e4 on turvalaitteena laukaisumekanismi, jonka voima on s\u00e4\u00e4dett\u00e4v\u00e4. Ominaisuus suojaa kuljettajaa, auraa ja peruskonetta vaurioilta ty\u00f6skentelyn aikana  \u00c4\u00e4rivalot ja ryhm\u00e4liitin saatavilla lis\u00e4varusteina  &nbsp; Tekniset tiedot   &nbsp;  &nbsp;  L\u00e4het\u00e4 tarjouspyynt\u00f6","og_url":"https:\/\/www.pameco.fi\/et\/tuote\/hokke-ekl-ja-ekl-k-koneaurat-siiven-laukaisulaitteella\/","og_site_name":"Pameco","article_publisher":"https:\/\/www.facebook.com\/ntmoy","article_modified_time":"2025-11-19T12:03:55+00:00","og_image":[{"width":1200,"height":800,"url":"https:\/\/www.pameco.fi\/wpc\/uploads\/2025\/09\/Nimeton-malli-22.png","type":"image\/png"}],"twitter_card":"summary_large_image","twitter_misc":{"Est. reading time":"1 minute"},"schema":{"@context":"https:\/\/schema.org","@graph":[{"@type":"WebPage","@id":"https:\/\/www.pameco.fi\/et\/tuote\/hokke-ekl-ja-ekl-k-koneaurat-siiven-laukaisulaitteella\/","url":"https:\/\/www.pameco.fi\/et\/tuote\/hokke-ekl-ja-ekl-k-koneaurat-siiven-laukaisulaitteella\/","name":"HOKKE EKL ja EKL\/K -koneaurat siiven laukaisulaitteella - Pameco","isPartOf":{"@id":"https:\/\/www.pameco.fi\/et\/#website"},"primaryImageOfPage":{"@id":"https:\/\/www.pameco.fi\/et\/tuote\/hokke-ekl-ja-ekl-k-koneaurat-siiven-laukaisulaitteella\/#primaryimage"},"image":{"@id":"https:\/\/www.pameco.fi\/et\/tuote\/hokke-ekl-ja-ekl-k-koneaurat-siiven-laukaisulaitteella\/#primaryimage"},"thumbnailUrl":"https:\/\/www.pameco.fi\/wpc\/uploads\/2025\/09\/Nimeton-malli-22.png","datePublished":"2025-09-10T08:27:46+00:00","dateModified":"2025-11-19T12:03:55+00:00","breadcrumb":{"@id":"https:\/\/www.pameco.fi\/et\/tuote\/hokke-ekl-ja-ekl-k-koneaurat-siiven-laukaisulaitteella\/#breadcrumb"},"inLanguage":"et","potentialAction":[{"@type":"ReadAction","target":["https:\/\/www.pameco.fi\/et\/tuote\/hokke-ekl-ja-ekl-k-koneaurat-siiven-laukaisulaitteella\/"]}]},{"@type":"ImageObject","inLanguage":"et","@id":"https:\/\/www.pameco.fi\/et\/tuote\/hokke-ekl-ja-ekl-k-koneaurat-siiven-laukaisulaitteella\/#primaryimage","url":"https:\/\/www.pameco.fi\/wpc\/uploads\/2025\/09\/Nimeton-malli-22.png","contentUrl":"https:\/\/www.pameco.fi\/wpc\/uploads\/2025\/09\/Nimeton-malli-22.png","width":1200,"height":800},{"@type":"BreadcrumbList","@id":"https:\/\/www.pameco.fi\/et\/tuote\/hokke-ekl-ja-ekl-k-koneaurat-siiven-laukaisulaitteella\/#breadcrumb","itemListElement":[{"@type":"ListItem","position":1,"name":"Esileht","item":"https:\/\/www.pameco.fi\/et\/"},{"@type":"ListItem","position":2,"name":"Pood","item":"https:\/\/www.pameco.fi\/verkkokauppa\/"},{"@type":"ListItem","position":3,"name":"HOKKE EKL ja EKL\/K -koneaurat siiven laukaisulaitteella"}]},{"@type":"WebSite","@id":"https:\/\/www.pameco.fi\/et\/#website","url":"https:\/\/www.pameco.fi\/et\/","name":"Pameco","description":"Suomalaiset PAMECO, HOKKE ja AJO-tuotteet kone\u00adurakointiin ja maa\u00adtilojen lietteen- sek\u00e4 vesien\u00adk\u00e4sittelyyn","publisher":{"@id":"https:\/\/www.pameco.fi\/et\/#organization"},"alternateName":"Nurmeksen Ter\u00e4smyynti Oy","potentialAction":[{"@type":"SearchAction","target":{"@type":"EntryPoint","urlTemplate":"https:\/\/www.pameco.fi\/et\/?s={search_term_string}"},"query-input":{"@type":"PropertyValueSpecification","valueRequired":true,"valueName":"search_term_string"}}],"inLanguage":"et"},{"@type":"Organization","@id":"https:\/\/www.pameco.fi\/et\/#organization","name":"Pameco","alternateName":"Nurmeksen Ter\u00e4smyynti Oy","url":"https:\/\/www.pameco.fi\/et\/","logo":{"@type":"ImageObject","inLanguage":"et","@id":"https:\/\/www.pameco.fi\/et\/#\/schema\/logo\/image\/","url":"https:\/\/www.pameco.fi\/wpc\/uploads\/2025\/09\/profiilikuva.png","contentUrl":"https:\/\/www.pameco.fi\/wpc\/uploads\/2025\/09\/profiilikuva.png","width":1500,"height":1500,"caption":"Pameco"},"image":{"@id":"https:\/\/www.pameco.fi\/et\/#\/schema\/logo\/image\/"},"sameAs":["https:\/\/www.facebook.com\/ntmoy","https:\/\/www.youtube.com\/channel\/UCDQ51KVHtb23Y4nTYonSeRw"]}]}},"_links":{"self":[{"href":"https:\/\/www.pameco.fi\/et\/wp-json\/wp\/v2\/product\/2781","targetHints":{"allow":["GET"]}}],"collection":[{"href":"https:\/\/www.pameco.fi\/et\/wp-json\/wp\/v2\/product"}],"about":[{"href":"https:\/\/www.pameco.fi\/et\/wp-json\/wp\/v2\/types\/product"}],"replies":[{"embeddable":true,"href":"https:\/\/www.pameco.fi\/et\/wp-json\/wp\/v2\/comments?post=2781"}],"wp:featuredmedia":[{"embeddable":true,"href":"https:\/\/www.pameco.fi\/et\/wp-json\/wp\/v2\/media\/3654"}],"wp:attachment":[{"href":"https:\/\/www.pameco.fi\/et\/wp-json\/wp\/v2\/media?parent=2781"}],"wp:term":[{"taxonomy":"product_brand","embeddable":true,"href":"https:\/\/www.pameco.fi\/et\/wp-json\/wp\/v2\/product_brand?post=2781"},{"taxonomy":"product_cat","embeddable":true,"href":"https:\/\/www.pameco.fi\/et\/wp-json\/wp\/v2\/product_cat?post=2781"},{"taxonomy":"product_tag","embeddable":true,"href":"https:\/\/www.pameco.fi\/et\/wp-json\/wp\/v2\/product_tag?post=2781"}],"curies":[{"name":"wp","href":"https:\/\/api.w.org\/{rel}","templated":true}]}}