{"id":2783,"date":"2025-09-10T11:27:47","date_gmt":"2025-09-10T08:27:47","guid":{"rendered":"https:\/\/www.pameco.fi\/tuote\/hokke-hka-js-lumiaura-kaksikkoteralla\/"},"modified":"2025-11-19T10:41:35","modified_gmt":"2025-11-19T08:41:35","slug":"hokke-hka-js-lumiaura-kaksikkoteralla","status":"publish","type":"product","link":"https:\/\/www.pameco.fi\/et\/tuote\/hokke-hka-js-lumiaura-kaksikkoteralla\/","title":{"rendered":"HOKKE HKA -Maantieaura"},"content":{"rendered":"","protected":false},"excerpt":{"rendered":"<ul class=\"check-list\">\n<li class=\"color--secondary\"><span style=\"color: #a6a49d;\">Lumiaura maanteiden, taajamien ja isojen alueiden kunnossapitoon.<\/span><\/li>\n<li class=\"color--secondary\"><span style=\"color: #a6a49d;\">Perhosaura my\u00f6t\u00e4ilee tien muotoja, tekee siisti\u00e4 j\u00e4lke\u00e4 ja v\u00e4hent\u00e4\u00e4 polanteiden muodostumista. <\/span><\/li>\n<li class=\"color--secondary\"><span style=\"color: #a6a49d;\">Aura on heitt\u00e4v\u00e4siipinen sek\u00e4 oikealle ett\u00e4 vasemmalle ja ter\u00e4rakenne on kiinte\u00e4, asennoltaan leikkaavassa 45 asteen kulmassa tien pintaan n\u00e4hden.<\/span><\/li>\n<li class=\"color--secondary\"><span style=\"color: #a6a49d;\">Aura varustellaan vakiona \u00e4\u00e4rivaloilla, lautasjalaksilla ja kaksikkoter\u00e4valmiudella. <\/span><\/li>\n<li class=\"color--secondary\"><span style=\"color: #a6a49d;\">Led-tasovilkut, Kaksikkoter\u00e4 ja ryhm\u00e4liitin saatavilla lis\u00e4varusteina.<\/span><\/li>\n<li class=\"color--secondary\"><span style=\"color: #a6a49d;\">Lis\u00e4varusteena saatavaa kaksikkoter\u00e4\u00e4 k\u00e4ytet\u00e4\u00e4n erityisesti puhdistavana tuplater\u00e4n\u00e4 varsinaisen aurauksen aikana. Kaksikkoter\u00e4n kulutuster\u00e4 on paksua kumia.\u00a0<\/span><\/li>\n<\/ul>\n<p>&nbsp;<\/p>\n<p class=\"h3\">Tekniset tiedot<\/p>\n[table id=33 \/]\n<p>&nbsp;<\/p>\n<p><a class=\"button\" href=\"https:\/\/www.pameco.fi\/yhteystiedot\/tarjouspyynto\/\" target=\"_blank\" rel=\"noopener\">L\u00e4het\u00e4 tarjouspyynt\u00f6<\/a><\/p>\n","protected":false},"featured_media":3650,"comment_status":"open","ping_status":"closed","template":"","meta":{"_improvement_type_select":"improve_an_existing","_thumb_yes_seoaic":false,"_frame_yes_seoaic":false,"seoaic_generate_description":"","seoaic_improve_instructions_prompt":"","seoaic_rollback_content_improvement":"","seoaic_idea_thumbnail_generator":"","thumbnail_generated":false,"thumbnail_generate_prompt":"","seoaic_article_description":""},"product_brand":[],"product_cat":[48],"product_tag":[],"class_list":{"0":"post-2783","1":"product","2":"type-product","3":"status-publish","4":"has-post-thumbnail","6":"product_cat-hokke-lumiaurat","8":"first","9":"instock","10":"taxable","11":"shipping-taxable","12":"product-type-simple"},"yoast_head":"<!-- This site is optimized with the Yoast SEO plugin v27.2 - https:\/\/yoast.com\/product\/yoast-seo-wordpress\/ -->\n<title>HOKKE HKA -Maantieaura - Pameco<\/title>\n<meta name=\"robots\" content=\"index, follow, max-snippet:-1, max-image-preview:large, max-video-preview:-1\" \/>\n<link rel=\"canonical\" href=\"https:\/\/www.pameco.fi\/et\/tuote\/hokke-hka-js-lumiaura-kaksikkoteralla\/\" \/>\n<meta property=\"og:locale\" content=\"et_EE\" \/>\n<meta property=\"og:type\" content=\"article\" \/>\n<meta property=\"og:title\" content=\"HOKKE HKA -Maantieaura - Pameco\" \/>\n<meta property=\"og:description\" content=\"Lumiaura maanteiden, taajamien ja isojen alueiden kunnossapitoon.  Perhosaura my\u00f6t\u00e4ilee tien muotoja, tekee siisti\u00e4 j\u00e4lke\u00e4 ja v\u00e4hent\u00e4\u00e4 polanteiden muodostumista.   Aura on heitt\u00e4v\u00e4siipinen sek\u00e4 oikealle ett\u00e4 vasemmalle ja ter\u00e4rakenne on kiinte\u00e4, asennoltaan leikkaavassa 45 asteen kulmassa tien pintaan n\u00e4hden.  Aura varustellaan vakiona \u00e4\u00e4rivaloilla, lautasjalaksilla ja kaksikkoter\u00e4valmiudella.   Led-tasovilkut, Kaksikkoter\u00e4 ja ryhm\u00e4liitin saatavilla lis\u00e4varusteina.  Lis\u00e4varusteena saatavaa kaksikkoter\u00e4\u00e4 k\u00e4ytet\u00e4\u00e4n erityisesti puhdistavana tuplater\u00e4n\u00e4 varsinaisen aurauksen aikana. Kaksikkoter\u00e4n kulutuster\u00e4 on paksua kumia.\u00a0  &nbsp; Tekniset tiedot   &nbsp;  L\u00e4het\u00e4 tarjouspyynt\u00f6\" \/>\n<meta property=\"og:url\" content=\"https:\/\/www.pameco.fi\/et\/tuote\/hokke-hka-js-lumiaura-kaksikkoteralla\/\" \/>\n<meta property=\"og:site_name\" content=\"Pameco\" \/>\n<meta property=\"article:publisher\" content=\"https:\/\/www.facebook.com\/ntmoy\" \/>\n<meta property=\"article:modified_time\" content=\"2025-11-19T08:41:35+00:00\" \/>\n<meta property=\"og:image\" content=\"https:\/\/www.pameco.fi\/wpc\/uploads\/2025\/09\/Nimeton-malli-20.png\" \/>\n\t<meta property=\"og:image:width\" content=\"1200\" \/>\n\t<meta property=\"og:image:height\" content=\"800\" \/>\n\t<meta property=\"og:image:type\" content=\"image\/png\" \/>\n<meta name=\"twitter:card\" content=\"summary_large_image\" \/>\n<meta name=\"twitter:label1\" content=\"Est. reading time\" \/>\n\t<meta name=\"twitter:data1\" content=\"1 minute\" \/>\n<script type=\"application\/ld+json\" class=\"yoast-schema-graph\">{\"@context\":\"https:\/\/schema.org\",\"@graph\":[{\"@type\":\"WebPage\",\"@id\":\"https:\/\/www.pameco.fi\/et\/tuote\/hokke-hka-js-lumiaura-kaksikkoteralla\/\",\"url\":\"https:\/\/www.pameco.fi\/et\/tuote\/hokke-hka-js-lumiaura-kaksikkoteralla\/\",\"name\":\"HOKKE HKA -Maantieaura - Pameco\",\"isPartOf\":{\"@id\":\"https:\/\/www.pameco.fi\/et\/#website\"},\"primaryImageOfPage\":{\"@id\":\"https:\/\/www.pameco.fi\/et\/tuote\/hokke-hka-js-lumiaura-kaksikkoteralla\/#primaryimage\"},\"image\":{\"@id\":\"https:\/\/www.pameco.fi\/et\/tuote\/hokke-hka-js-lumiaura-kaksikkoteralla\/#primaryimage\"},\"thumbnailUrl\":\"https:\/\/www.pameco.fi\/wpc\/uploads\/2025\/09\/Nimeton-malli-20.png\",\"datePublished\":\"2025-09-10T08:27:47+00:00\",\"dateModified\":\"2025-11-19T08:41:35+00:00\",\"breadcrumb\":{\"@id\":\"https:\/\/www.pameco.fi\/et\/tuote\/hokke-hka-js-lumiaura-kaksikkoteralla\/#breadcrumb\"},\"inLanguage\":\"et\",\"potentialAction\":[{\"@type\":\"ReadAction\",\"target\":[\"https:\/\/www.pameco.fi\/et\/tuote\/hokke-hka-js-lumiaura-kaksikkoteralla\/\"]}]},{\"@type\":\"ImageObject\",\"inLanguage\":\"et\",\"@id\":\"https:\/\/www.pameco.fi\/et\/tuote\/hokke-hka-js-lumiaura-kaksikkoteralla\/#primaryimage\",\"url\":\"https:\/\/www.pameco.fi\/wpc\/uploads\/2025\/09\/Nimeton-malli-20.png\",\"contentUrl\":\"https:\/\/www.pameco.fi\/wpc\/uploads\/2025\/09\/Nimeton-malli-20.png\",\"width\":1200,\"height\":800},{\"@type\":\"BreadcrumbList\",\"@id\":\"https:\/\/www.pameco.fi\/et\/tuote\/hokke-hka-js-lumiaura-kaksikkoteralla\/#breadcrumb\",\"itemListElement\":[{\"@type\":\"ListItem\",\"position\":1,\"name\":\"Esileht\",\"item\":\"https:\/\/www.pameco.fi\/et\/\"},{\"@type\":\"ListItem\",\"position\":2,\"name\":\"Pood\",\"item\":\"https:\/\/www.pameco.fi\/verkkokauppa\/\"},{\"@type\":\"ListItem\",\"position\":3,\"name\":\"HOKKE HKA -Maantieaura\"}]},{\"@type\":\"WebSite\",\"@id\":\"https:\/\/www.pameco.fi\/et\/#website\",\"url\":\"https:\/\/www.pameco.fi\/et\/\",\"name\":\"Pameco\",\"description\":\"Suomalaiset PAMECO, HOKKE ja AJO-tuotteet kone\u00adurakointiin ja maa\u00adtilojen lietteen- sek\u00e4 vesien\u00adk\u00e4sittelyyn\",\"publisher\":{\"@id\":\"https:\/\/www.pameco.fi\/et\/#organization\"},\"alternateName\":\"Nurmeksen Ter\u00e4smyynti Oy\",\"potentialAction\":[{\"@type\":\"SearchAction\",\"target\":{\"@type\":\"EntryPoint\",\"urlTemplate\":\"https:\/\/www.pameco.fi\/et\/?s={search_term_string}\"},\"query-input\":{\"@type\":\"PropertyValueSpecification\",\"valueRequired\":true,\"valueName\":\"search_term_string\"}}],\"inLanguage\":\"et\"},{\"@type\":\"Organization\",\"@id\":\"https:\/\/www.pameco.fi\/et\/#organization\",\"name\":\"Pameco\",\"alternateName\":\"Nurmeksen Ter\u00e4smyynti Oy\",\"url\":\"https:\/\/www.pameco.fi\/et\/\",\"logo\":{\"@type\":\"ImageObject\",\"inLanguage\":\"et\",\"@id\":\"https:\/\/www.pameco.fi\/et\/#\/schema\/logo\/image\/\",\"url\":\"https:\/\/www.pameco.fi\/wpc\/uploads\/2025\/09\/profiilikuva.png\",\"contentUrl\":\"https:\/\/www.pameco.fi\/wpc\/uploads\/2025\/09\/profiilikuva.png\",\"width\":1500,\"height\":1500,\"caption\":\"Pameco\"},\"image\":{\"@id\":\"https:\/\/www.pameco.fi\/et\/#\/schema\/logo\/image\/\"},\"sameAs\":[\"https:\/\/www.facebook.com\/ntmoy\",\"https:\/\/www.youtube.com\/channel\/UCDQ51KVHtb23Y4nTYonSeRw\"]}]}<\/script>\n<!-- \/ Yoast SEO plugin. -->","yoast_head_json":{"title":"HOKKE HKA -Maantieaura - Pameco","robots":{"index":"index","follow":"follow","max-snippet":"max-snippet:-1","max-image-preview":"max-image-preview:large","max-video-preview":"max-video-preview:-1"},"canonical":"https:\/\/www.pameco.fi\/et\/tuote\/hokke-hka-js-lumiaura-kaksikkoteralla\/","og_locale":"et_EE","og_type":"article","og_title":"HOKKE HKA -Maantieaura - Pameco","og_description":"Lumiaura maanteiden, taajamien ja isojen alueiden kunnossapitoon.  Perhosaura my\u00f6t\u00e4ilee tien muotoja, tekee siisti\u00e4 j\u00e4lke\u00e4 ja v\u00e4hent\u00e4\u00e4 polanteiden muodostumista.   Aura on heitt\u00e4v\u00e4siipinen sek\u00e4 oikealle ett\u00e4 vasemmalle ja ter\u00e4rakenne on kiinte\u00e4, asennoltaan leikkaavassa 45 asteen kulmassa tien pintaan n\u00e4hden.  Aura varustellaan vakiona \u00e4\u00e4rivaloilla, lautasjalaksilla ja kaksikkoter\u00e4valmiudella.   Led-tasovilkut, Kaksikkoter\u00e4 ja ryhm\u00e4liitin saatavilla lis\u00e4varusteina.  Lis\u00e4varusteena saatavaa kaksikkoter\u00e4\u00e4 k\u00e4ytet\u00e4\u00e4n erityisesti puhdistavana tuplater\u00e4n\u00e4 varsinaisen aurauksen aikana. Kaksikkoter\u00e4n kulutuster\u00e4 on paksua kumia.\u00a0  &nbsp; Tekniset tiedot   &nbsp;  L\u00e4het\u00e4 tarjouspyynt\u00f6","og_url":"https:\/\/www.pameco.fi\/et\/tuote\/hokke-hka-js-lumiaura-kaksikkoteralla\/","og_site_name":"Pameco","article_publisher":"https:\/\/www.facebook.com\/ntmoy","article_modified_time":"2025-11-19T08:41:35+00:00","og_image":[{"width":1200,"height":800,"url":"https:\/\/www.pameco.fi\/wpc\/uploads\/2025\/09\/Nimeton-malli-20.png","type":"image\/png"}],"twitter_card":"summary_large_image","twitter_misc":{"Est. reading time":"1 minute"},"schema":{"@context":"https:\/\/schema.org","@graph":[{"@type":"WebPage","@id":"https:\/\/www.pameco.fi\/et\/tuote\/hokke-hka-js-lumiaura-kaksikkoteralla\/","url":"https:\/\/www.pameco.fi\/et\/tuote\/hokke-hka-js-lumiaura-kaksikkoteralla\/","name":"HOKKE HKA -Maantieaura - Pameco","isPartOf":{"@id":"https:\/\/www.pameco.fi\/et\/#website"},"primaryImageOfPage":{"@id":"https:\/\/www.pameco.fi\/et\/tuote\/hokke-hka-js-lumiaura-kaksikkoteralla\/#primaryimage"},"image":{"@id":"https:\/\/www.pameco.fi\/et\/tuote\/hokke-hka-js-lumiaura-kaksikkoteralla\/#primaryimage"},"thumbnailUrl":"https:\/\/www.pameco.fi\/wpc\/uploads\/2025\/09\/Nimeton-malli-20.png","datePublished":"2025-09-10T08:27:47+00:00","dateModified":"2025-11-19T08:41:35+00:00","breadcrumb":{"@id":"https:\/\/www.pameco.fi\/et\/tuote\/hokke-hka-js-lumiaura-kaksikkoteralla\/#breadcrumb"},"inLanguage":"et","potentialAction":[{"@type":"ReadAction","target":["https:\/\/www.pameco.fi\/et\/tuote\/hokke-hka-js-lumiaura-kaksikkoteralla\/"]}]},{"@type":"ImageObject","inLanguage":"et","@id":"https:\/\/www.pameco.fi\/et\/tuote\/hokke-hka-js-lumiaura-kaksikkoteralla\/#primaryimage","url":"https:\/\/www.pameco.fi\/wpc\/uploads\/2025\/09\/Nimeton-malli-20.png","contentUrl":"https:\/\/www.pameco.fi\/wpc\/uploads\/2025\/09\/Nimeton-malli-20.png","width":1200,"height":800},{"@type":"BreadcrumbList","@id":"https:\/\/www.pameco.fi\/et\/tuote\/hokke-hka-js-lumiaura-kaksikkoteralla\/#breadcrumb","itemListElement":[{"@type":"ListItem","position":1,"name":"Esileht","item":"https:\/\/www.pameco.fi\/et\/"},{"@type":"ListItem","position":2,"name":"Pood","item":"https:\/\/www.pameco.fi\/verkkokauppa\/"},{"@type":"ListItem","position":3,"name":"HOKKE HKA -Maantieaura"}]},{"@type":"WebSite","@id":"https:\/\/www.pameco.fi\/et\/#website","url":"https:\/\/www.pameco.fi\/et\/","name":"Pameco","description":"Suomalaiset PAMECO, HOKKE ja AJO-tuotteet kone\u00adurakointiin ja maa\u00adtilojen lietteen- sek\u00e4 vesien\u00adk\u00e4sittelyyn","publisher":{"@id":"https:\/\/www.pameco.fi\/et\/#organization"},"alternateName":"Nurmeksen Ter\u00e4smyynti Oy","potentialAction":[{"@type":"SearchAction","target":{"@type":"EntryPoint","urlTemplate":"https:\/\/www.pameco.fi\/et\/?s={search_term_string}"},"query-input":{"@type":"PropertyValueSpecification","valueRequired":true,"valueName":"search_term_string"}}],"inLanguage":"et"},{"@type":"Organization","@id":"https:\/\/www.pameco.fi\/et\/#organization","name":"Pameco","alternateName":"Nurmeksen Ter\u00e4smyynti Oy","url":"https:\/\/www.pameco.fi\/et\/","logo":{"@type":"ImageObject","inLanguage":"et","@id":"https:\/\/www.pameco.fi\/et\/#\/schema\/logo\/image\/","url":"https:\/\/www.pameco.fi\/wpc\/uploads\/2025\/09\/profiilikuva.png","contentUrl":"https:\/\/www.pameco.fi\/wpc\/uploads\/2025\/09\/profiilikuva.png","width":1500,"height":1500,"caption":"Pameco"},"image":{"@id":"https:\/\/www.pameco.fi\/et\/#\/schema\/logo\/image\/"},"sameAs":["https:\/\/www.facebook.com\/ntmoy","https:\/\/www.youtube.com\/channel\/UCDQ51KVHtb23Y4nTYonSeRw"]}]}},"_links":{"self":[{"href":"https:\/\/www.pameco.fi\/et\/wp-json\/wp\/v2\/product\/2783","targetHints":{"allow":["GET"]}}],"collection":[{"href":"https:\/\/www.pameco.fi\/et\/wp-json\/wp\/v2\/product"}],"about":[{"href":"https:\/\/www.pameco.fi\/et\/wp-json\/wp\/v2\/types\/product"}],"replies":[{"embeddable":true,"href":"https:\/\/www.pameco.fi\/et\/wp-json\/wp\/v2\/comments?post=2783"}],"wp:featuredmedia":[{"embeddable":true,"href":"https:\/\/www.pameco.fi\/et\/wp-json\/wp\/v2\/media\/3650"}],"wp:attachment":[{"href":"https:\/\/www.pameco.fi\/et\/wp-json\/wp\/v2\/media?parent=2783"}],"wp:term":[{"taxonomy":"product_brand","embeddable":true,"href":"https:\/\/www.pameco.fi\/et\/wp-json\/wp\/v2\/product_brand?post=2783"},{"taxonomy":"product_cat","embeddable":true,"href":"https:\/\/www.pameco.fi\/et\/wp-json\/wp\/v2\/product_cat?post=2783"},{"taxonomy":"product_tag","embeddable":true,"href":"https:\/\/www.pameco.fi\/et\/wp-json\/wp\/v2\/product_tag?post=2783"}],"curies":[{"name":"wp","href":"https:\/\/api.w.org\/{rel}","templated":true}]}}