{"id":2822,"date":"2025-09-10T12:20:14","date_gmt":"2025-09-10T09:20:14","guid":{"rendered":"https:\/\/www.pameco.fi\/tuote\/s70-hitsattava-kiinnike\/"},"modified":"2026-03-19T11:53:16","modified_gmt":"2026-03-19T09:53:16","slug":"s70-hitsattava-kiinnike","status":"publish","type":"product","link":"https:\/\/www.pameco.fi\/et\/tuote\/s70-hitsattava-kiinnike\/","title":{"rendered":"S70 hitsattava kiinnike"},"content":{"rendered":"","protected":false},"excerpt":{"rendered":"<p>70mm akselit, mittatarkkaa vedetty\u00e4 akselia<br \/>\n25mm Poskilevyt(S355)<br \/>\nSis\u00e4leveys 450mm<br \/>\n<span style=\"background-color: var(--body-color); color: var(--default-text-color); font-family: var(--primary-font); font-size: 1.125rem; font-weight: var(--default-text-weight);\">Tappien v\u00e4linen et\u00e4isyys 600mm<\/span><\/p>\n<p>Paino noin 85kg<\/p>\n","protected":false},"featured_media":285,"comment_status":"open","ping_status":"closed","template":"","meta":{"_improvement_type_select":"improve_an_existing","_thumb_yes_seoaic":false,"_frame_yes_seoaic":false,"seoaic_generate_description":"","seoaic_improve_instructions_prompt":"","seoaic_rollback_content_improvement":"","seoaic_idea_thumbnail_generator":"","thumbnail_generated":false,"thumbnail_generate_prompt":"","seoaic_article_description":""},"product_brand":[],"product_cat":[50],"product_tag":[],"class_list":{"0":"post-2822","1":"product","2":"type-product","3":"status-publish","4":"has-post-thumbnail","6":"product_cat-tyolaitekiinnikkeet","7":"product_shipping_class-rahti-toimitus-kotiovelle","9":"first","10":"instock","11":"taxable","12":"shipping-taxable","13":"purchasable","14":"product-type-simple"},"yoast_head":"<!-- This site is optimized with the Yoast SEO plugin v27.2 - https:\/\/yoast.com\/product\/yoast-seo-wordpress\/ -->\n<title>S70 hitsattava kiinnike - Pameco<\/title>\n<meta name=\"robots\" content=\"index, follow, max-snippet:-1, max-image-preview:large, max-video-preview:-1\" \/>\n<link rel=\"canonical\" href=\"https:\/\/www.pameco.fi\/et\/tuote\/s70-hitsattava-kiinnike\/\" \/>\n<meta property=\"og:locale\" content=\"et_EE\" \/>\n<meta property=\"og:type\" content=\"article\" \/>\n<meta property=\"og:title\" content=\"S70 hitsattava kiinnike - Pameco\" \/>\n<meta property=\"og:description\" content=\"70mm akselit, mittatarkkaa vedetty\u00e4 akselia 25mm Poskilevyt(S355) Sis\u00e4leveys 450mm Tappien v\u00e4linen et\u00e4isyys 600mm  Paino noin 85kg\" \/>\n<meta property=\"og:url\" content=\"https:\/\/www.pameco.fi\/et\/tuote\/s70-hitsattava-kiinnike\/\" \/>\n<meta property=\"og:site_name\" content=\"Pameco\" \/>\n<meta property=\"article:publisher\" content=\"https:\/\/www.facebook.com\/ntmoy\" \/>\n<meta property=\"article:modified_time\" content=\"2026-03-19T09:53:16+00:00\" \/>\n<meta property=\"og:image\" content=\"https:\/\/www.pameco.fi\/wpc\/uploads\/2025\/08\/WhatsApp-Image-2023-01-13-at-07.22.05-3.jpeg\" \/>\n\t<meta property=\"og:image:width\" content=\"1289\" \/>\n\t<meta property=\"og:image:height\" content=\"887\" \/>\n\t<meta property=\"og:image:type\" content=\"image\/jpeg\" \/>\n<meta name=\"twitter:card\" content=\"summary_large_image\" \/>\n<meta name=\"twitter:label1\" content=\"Est. reading time\" \/>\n\t<meta name=\"twitter:data1\" content=\"1 minute\" \/>\n<script type=\"application\/ld+json\" class=\"yoast-schema-graph\">{\"@context\":\"https:\/\/schema.org\",\"@graph\":[{\"@type\":\"WebPage\",\"@id\":\"https:\/\/www.pameco.fi\/et\/tuote\/s70-hitsattava-kiinnike\/\",\"url\":\"https:\/\/www.pameco.fi\/et\/tuote\/s70-hitsattava-kiinnike\/\",\"name\":\"S70 hitsattava kiinnike - Pameco\",\"isPartOf\":{\"@id\":\"https:\/\/www.pameco.fi\/et\/#website\"},\"primaryImageOfPage\":{\"@id\":\"https:\/\/www.pameco.fi\/et\/tuote\/s70-hitsattava-kiinnike\/#primaryimage\"},\"image\":{\"@id\":\"https:\/\/www.pameco.fi\/et\/tuote\/s70-hitsattava-kiinnike\/#primaryimage\"},\"thumbnailUrl\":\"https:\/\/www.pameco.fi\/wpc\/uploads\/2025\/08\/WhatsApp-Image-2023-01-13-at-07.22.05-3.jpeg\",\"datePublished\":\"2025-09-10T09:20:14+00:00\",\"dateModified\":\"2026-03-19T09:53:16+00:00\",\"breadcrumb\":{\"@id\":\"https:\/\/www.pameco.fi\/et\/tuote\/s70-hitsattava-kiinnike\/#breadcrumb\"},\"inLanguage\":\"et\",\"potentialAction\":[{\"@type\":\"ReadAction\",\"target\":[\"https:\/\/www.pameco.fi\/et\/tuote\/s70-hitsattava-kiinnike\/\"]}]},{\"@type\":\"ImageObject\",\"inLanguage\":\"et\",\"@id\":\"https:\/\/www.pameco.fi\/et\/tuote\/s70-hitsattava-kiinnike\/#primaryimage\",\"url\":\"https:\/\/www.pameco.fi\/wpc\/uploads\/2025\/08\/WhatsApp-Image-2023-01-13-at-07.22.05-3.jpeg\",\"contentUrl\":\"https:\/\/www.pameco.fi\/wpc\/uploads\/2025\/08\/WhatsApp-Image-2023-01-13-at-07.22.05-3.jpeg\",\"width\":1289,\"height\":887},{\"@type\":\"BreadcrumbList\",\"@id\":\"https:\/\/www.pameco.fi\/et\/tuote\/s70-hitsattava-kiinnike\/#breadcrumb\",\"itemListElement\":[{\"@type\":\"ListItem\",\"position\":1,\"name\":\"Esileht\",\"item\":\"https:\/\/www.pameco.fi\/et\/\"},{\"@type\":\"ListItem\",\"position\":2,\"name\":\"Pood\",\"item\":\"https:\/\/www.pameco.fi\/verkkokauppa\/\"},{\"@type\":\"ListItem\",\"position\":3,\"name\":\"S70 hitsattava kiinnike\"}]},{\"@type\":\"WebSite\",\"@id\":\"https:\/\/www.pameco.fi\/et\/#website\",\"url\":\"https:\/\/www.pameco.fi\/et\/\",\"name\":\"Pameco\",\"description\":\"Suomalaiset PAMECO, HOKKE ja AJO-tuotteet kone\u00adurakointiin ja maa\u00adtilojen lietteen- sek\u00e4 vesien\u00adk\u00e4sittelyyn\",\"publisher\":{\"@id\":\"https:\/\/www.pameco.fi\/et\/#organization\"},\"alternateName\":\"Nurmeksen Ter\u00e4smyynti Oy\",\"potentialAction\":[{\"@type\":\"SearchAction\",\"target\":{\"@type\":\"EntryPoint\",\"urlTemplate\":\"https:\/\/www.pameco.fi\/et\/?s={search_term_string}\"},\"query-input\":{\"@type\":\"PropertyValueSpecification\",\"valueRequired\":true,\"valueName\":\"search_term_string\"}}],\"inLanguage\":\"et\"},{\"@type\":\"Organization\",\"@id\":\"https:\/\/www.pameco.fi\/et\/#organization\",\"name\":\"Pameco\",\"alternateName\":\"Nurmeksen Ter\u00e4smyynti Oy\",\"url\":\"https:\/\/www.pameco.fi\/et\/\",\"logo\":{\"@type\":\"ImageObject\",\"inLanguage\":\"et\",\"@id\":\"https:\/\/www.pameco.fi\/et\/#\/schema\/logo\/image\/\",\"url\":\"https:\/\/www.pameco.fi\/wpc\/uploads\/2025\/09\/profiilikuva.png\",\"contentUrl\":\"https:\/\/www.pameco.fi\/wpc\/uploads\/2025\/09\/profiilikuva.png\",\"width\":1500,\"height\":1500,\"caption\":\"Pameco\"},\"image\":{\"@id\":\"https:\/\/www.pameco.fi\/et\/#\/schema\/logo\/image\/\"},\"sameAs\":[\"https:\/\/www.facebook.com\/ntmoy\",\"https:\/\/www.youtube.com\/channel\/UCDQ51KVHtb23Y4nTYonSeRw\"]}]}<\/script>\n<!-- \/ Yoast SEO plugin. -->","yoast_head_json":{"title":"S70 hitsattava kiinnike - Pameco","robots":{"index":"index","follow":"follow","max-snippet":"max-snippet:-1","max-image-preview":"max-image-preview:large","max-video-preview":"max-video-preview:-1"},"canonical":"https:\/\/www.pameco.fi\/et\/tuote\/s70-hitsattava-kiinnike\/","og_locale":"et_EE","og_type":"article","og_title":"S70 hitsattava kiinnike - Pameco","og_description":"70mm akselit, mittatarkkaa vedetty\u00e4 akselia 25mm Poskilevyt(S355) Sis\u00e4leveys 450mm Tappien v\u00e4linen et\u00e4isyys 600mm  Paino noin 85kg","og_url":"https:\/\/www.pameco.fi\/et\/tuote\/s70-hitsattava-kiinnike\/","og_site_name":"Pameco","article_publisher":"https:\/\/www.facebook.com\/ntmoy","article_modified_time":"2026-03-19T09:53:16+00:00","og_image":[{"width":1289,"height":887,"url":"https:\/\/www.pameco.fi\/wpc\/uploads\/2025\/08\/WhatsApp-Image-2023-01-13-at-07.22.05-3.jpeg","type":"image\/jpeg"}],"twitter_card":"summary_large_image","twitter_misc":{"Est. reading time":"1 minute"},"schema":{"@context":"https:\/\/schema.org","@graph":[{"@type":"WebPage","@id":"https:\/\/www.pameco.fi\/et\/tuote\/s70-hitsattava-kiinnike\/","url":"https:\/\/www.pameco.fi\/et\/tuote\/s70-hitsattava-kiinnike\/","name":"S70 hitsattava kiinnike - Pameco","isPartOf":{"@id":"https:\/\/www.pameco.fi\/et\/#website"},"primaryImageOfPage":{"@id":"https:\/\/www.pameco.fi\/et\/tuote\/s70-hitsattava-kiinnike\/#primaryimage"},"image":{"@id":"https:\/\/www.pameco.fi\/et\/tuote\/s70-hitsattava-kiinnike\/#primaryimage"},"thumbnailUrl":"https:\/\/www.pameco.fi\/wpc\/uploads\/2025\/08\/WhatsApp-Image-2023-01-13-at-07.22.05-3.jpeg","datePublished":"2025-09-10T09:20:14+00:00","dateModified":"2026-03-19T09:53:16+00:00","breadcrumb":{"@id":"https:\/\/www.pameco.fi\/et\/tuote\/s70-hitsattava-kiinnike\/#breadcrumb"},"inLanguage":"et","potentialAction":[{"@type":"ReadAction","target":["https:\/\/www.pameco.fi\/et\/tuote\/s70-hitsattava-kiinnike\/"]}]},{"@type":"ImageObject","inLanguage":"et","@id":"https:\/\/www.pameco.fi\/et\/tuote\/s70-hitsattava-kiinnike\/#primaryimage","url":"https:\/\/www.pameco.fi\/wpc\/uploads\/2025\/08\/WhatsApp-Image-2023-01-13-at-07.22.05-3.jpeg","contentUrl":"https:\/\/www.pameco.fi\/wpc\/uploads\/2025\/08\/WhatsApp-Image-2023-01-13-at-07.22.05-3.jpeg","width":1289,"height":887},{"@type":"BreadcrumbList","@id":"https:\/\/www.pameco.fi\/et\/tuote\/s70-hitsattava-kiinnike\/#breadcrumb","itemListElement":[{"@type":"ListItem","position":1,"name":"Esileht","item":"https:\/\/www.pameco.fi\/et\/"},{"@type":"ListItem","position":2,"name":"Pood","item":"https:\/\/www.pameco.fi\/verkkokauppa\/"},{"@type":"ListItem","position":3,"name":"S70 hitsattava kiinnike"}]},{"@type":"WebSite","@id":"https:\/\/www.pameco.fi\/et\/#website","url":"https:\/\/www.pameco.fi\/et\/","name":"Pameco","description":"Suomalaiset PAMECO, HOKKE ja AJO-tuotteet kone\u00adurakointiin ja maa\u00adtilojen lietteen- sek\u00e4 vesien\u00adk\u00e4sittelyyn","publisher":{"@id":"https:\/\/www.pameco.fi\/et\/#organization"},"alternateName":"Nurmeksen Ter\u00e4smyynti Oy","potentialAction":[{"@type":"SearchAction","target":{"@type":"EntryPoint","urlTemplate":"https:\/\/www.pameco.fi\/et\/?s={search_term_string}"},"query-input":{"@type":"PropertyValueSpecification","valueRequired":true,"valueName":"search_term_string"}}],"inLanguage":"et"},{"@type":"Organization","@id":"https:\/\/www.pameco.fi\/et\/#organization","name":"Pameco","alternateName":"Nurmeksen Ter\u00e4smyynti Oy","url":"https:\/\/www.pameco.fi\/et\/","logo":{"@type":"ImageObject","inLanguage":"et","@id":"https:\/\/www.pameco.fi\/et\/#\/schema\/logo\/image\/","url":"https:\/\/www.pameco.fi\/wpc\/uploads\/2025\/09\/profiilikuva.png","contentUrl":"https:\/\/www.pameco.fi\/wpc\/uploads\/2025\/09\/profiilikuva.png","width":1500,"height":1500,"caption":"Pameco"},"image":{"@id":"https:\/\/www.pameco.fi\/et\/#\/schema\/logo\/image\/"},"sameAs":["https:\/\/www.facebook.com\/ntmoy","https:\/\/www.youtube.com\/channel\/UCDQ51KVHtb23Y4nTYonSeRw"]}]}},"_links":{"self":[{"href":"https:\/\/www.pameco.fi\/et\/wp-json\/wp\/v2\/product\/2822","targetHints":{"allow":["GET"]}}],"collection":[{"href":"https:\/\/www.pameco.fi\/et\/wp-json\/wp\/v2\/product"}],"about":[{"href":"https:\/\/www.pameco.fi\/et\/wp-json\/wp\/v2\/types\/product"}],"replies":[{"embeddable":true,"href":"https:\/\/www.pameco.fi\/et\/wp-json\/wp\/v2\/comments?post=2822"}],"wp:featuredmedia":[{"embeddable":true,"href":"https:\/\/www.pameco.fi\/et\/wp-json\/wp\/v2\/media\/285"}],"wp:attachment":[{"href":"https:\/\/www.pameco.fi\/et\/wp-json\/wp\/v2\/media?parent=2822"}],"wp:term":[{"taxonomy":"product_brand","embeddable":true,"href":"https:\/\/www.pameco.fi\/et\/wp-json\/wp\/v2\/product_brand?post=2822"},{"taxonomy":"product_cat","embeddable":true,"href":"https:\/\/www.pameco.fi\/et\/wp-json\/wp\/v2\/product_cat?post=2822"},{"taxonomy":"product_tag","embeddable":true,"href":"https:\/\/www.pameco.fi\/et\/wp-json\/wp\/v2\/product_tag?post=2822"}],"curies":[{"name":"wp","href":"https:\/\/api.w.org\/{rel}","templated":true}]}}