{"id":2832,"date":"2025-09-10T12:20:17","date_gmt":"2025-09-10T09:20:17","guid":{"rendered":"https:\/\/www.pameco.fi\/tuote\/pameco-matastyskauha\/"},"modified":"2026-03-27T10:02:07","modified_gmt":"2026-03-27T08:02:07","slug":"pameco-matastyskauha","status":"publish","type":"product","link":"https:\/\/www.pameco.fi\/et\/tuote\/pameco-matastyskauha\/","title":{"rendered":"Pameco M\u00e4t\u00e4styskauha"},"content":{"rendered":"","protected":false},"excerpt":{"rendered":"<h2 class=\"h4\">M\u00e4t\u00e4styskauha 10-16ton koneisiin<\/h2>\n<p>Kauhan voit valita haluammasi kiinnikkeell\u00e4 esim NTP10, S60 jne&#8230;(muista ilmoittaa lis\u00e4tietoihin mill\u00e4 kiinnikkeell\u00e4 haluat)<\/p>\n<p>Kauhalla onnistuu laikkum\u00e4t\u00e4stys sek\u00e4 ojitusm\u00e4t\u00e4stys.<\/p>\n<p>Kauhalla onnistuu naveron sek\u00e4 pienien ojien kaivaminen.<\/p>\n<ul class=\"check-list\">\n<li>Tilavuus n. 400 l<\/li>\n<li>Huulilevy 40mm HB500-Leveys 550mm<\/li>\n<li>Kantap\u00e4\u00e4n huulilevy 20mm HB500<\/li>\n<li>Pohjalevy 8mm HB400<\/li>\n<li>Paino noin 420kg<\/li>\n<\/ul>\n<p><a class=\"button\" href=\"https:\/\/www.pameco.fi\/yhteystiedot\/tarjouspyynto\/\" target=\"_blank\" rel=\"noopener\">L\u00e4het\u00e4 tarjouspyynt\u00f6<\/a><\/p>\n","protected":false},"featured_media":331,"comment_status":"open","ping_status":"closed","template":"","meta":{"_improvement_type_select":"improve_an_existing","_thumb_yes_seoaic":false,"_frame_yes_seoaic":false,"seoaic_generate_description":"","seoaic_improve_instructions_prompt":"","seoaic_rollback_content_improvement":"","seoaic_idea_thumbnail_generator":"","thumbnail_generated":false,"thumbnail_generate_prompt":"","seoaic_article_description":""},"product_brand":[],"product_cat":[112,53],"product_tag":[],"class_list":{"0":"post-2832","1":"product","2":"type-product","3":"status-publish","4":"has-post-thumbnail","6":"product_cat-kampanja","7":"product_cat-kauhat-routapiikit-ja-kantoharat","8":"product_shipping_class-isokokoinen-rahti","10":"first","11":"instock","12":"sale","13":"taxable","14":"shipping-taxable","15":"purchasable","16":"product-type-simple"},"yoast_head":"<!-- This site is optimized with the Yoast SEO plugin v27.2 - https:\/\/yoast.com\/product\/yoast-seo-wordpress\/ -->\n<title>Pameco M\u00e4t\u00e4styskauha - Pameco<\/title>\n<meta name=\"robots\" content=\"index, follow, max-snippet:-1, max-image-preview:large, max-video-preview:-1\" \/>\n<link rel=\"canonical\" href=\"https:\/\/www.pameco.fi\/et\/tuote\/pameco-matastyskauha\/\" \/>\n<meta property=\"og:locale\" content=\"et_EE\" \/>\n<meta property=\"og:type\" content=\"article\" \/>\n<meta property=\"og:title\" content=\"Pameco M\u00e4t\u00e4styskauha - Pameco\" \/>\n<meta property=\"og:description\" content=\"M\u00e4t\u00e4styskauha 10-16ton koneisiin Kauhan voit valita haluammasi kiinnikkeell\u00e4 esim NTP10, S60 jne...(muista ilmoittaa lis\u00e4tietoihin mill\u00e4 kiinnikkeell\u00e4 haluat)  Kauhalla onnistuu laikkum\u00e4t\u00e4stys sek\u00e4 ojitusm\u00e4t\u00e4stys.  Kauhalla onnistuu naveron sek\u00e4 pienien ojien kaivaminen.   Tilavuus n. 400 l  Huulilevy 40mm HB500-Leveys 550mm  Kantap\u00e4\u00e4n huulilevy 20mm HB500  Pohjalevy 8mm HB400  Paino noin 420kg  L\u00e4het\u00e4 tarjouspyynt\u00f6\" \/>\n<meta property=\"og:url\" content=\"https:\/\/www.pameco.fi\/et\/tuote\/pameco-matastyskauha\/\" \/>\n<meta property=\"og:site_name\" content=\"Pameco\" \/>\n<meta property=\"article:publisher\" content=\"https:\/\/www.facebook.com\/ntmoy\" \/>\n<meta property=\"article:modified_time\" content=\"2026-03-27T08:02:07+00:00\" \/>\n<meta property=\"og:image\" content=\"https:\/\/www.pameco.fi\/wpc\/uploads\/2025\/08\/IMG-20240328-WA0001.jpg\" \/>\n\t<meta property=\"og:image:width\" content=\"1379\" \/>\n\t<meta property=\"og:image:height\" content=\"1663\" \/>\n\t<meta property=\"og:image:type\" content=\"image\/jpeg\" \/>\n<meta name=\"twitter:card\" content=\"summary_large_image\" \/>\n<meta name=\"twitter:label1\" content=\"Est. reading time\" \/>\n\t<meta name=\"twitter:data1\" content=\"1 minute\" \/>\n<script type=\"application\/ld+json\" class=\"yoast-schema-graph\">{\"@context\":\"https:\/\/schema.org\",\"@graph\":[{\"@type\":\"WebPage\",\"@id\":\"https:\/\/www.pameco.fi\/et\/tuote\/pameco-matastyskauha\/\",\"url\":\"https:\/\/www.pameco.fi\/et\/tuote\/pameco-matastyskauha\/\",\"name\":\"Pameco M\u00e4t\u00e4styskauha - Pameco\",\"isPartOf\":{\"@id\":\"https:\/\/www.pameco.fi\/et\/#website\"},\"primaryImageOfPage\":{\"@id\":\"https:\/\/www.pameco.fi\/et\/tuote\/pameco-matastyskauha\/#primaryimage\"},\"image\":{\"@id\":\"https:\/\/www.pameco.fi\/et\/tuote\/pameco-matastyskauha\/#primaryimage\"},\"thumbnailUrl\":\"https:\/\/www.pameco.fi\/wpc\/uploads\/2025\/08\/IMG-20240328-WA0001.jpg\",\"datePublished\":\"2025-09-10T09:20:17+00:00\",\"dateModified\":\"2026-03-27T08:02:07+00:00\",\"breadcrumb\":{\"@id\":\"https:\/\/www.pameco.fi\/et\/tuote\/pameco-matastyskauha\/#breadcrumb\"},\"inLanguage\":\"et\",\"potentialAction\":[{\"@type\":\"ReadAction\",\"target\":[\"https:\/\/www.pameco.fi\/et\/tuote\/pameco-matastyskauha\/\"]}]},{\"@type\":\"ImageObject\",\"inLanguage\":\"et\",\"@id\":\"https:\/\/www.pameco.fi\/et\/tuote\/pameco-matastyskauha\/#primaryimage\",\"url\":\"https:\/\/www.pameco.fi\/wpc\/uploads\/2025\/08\/IMG-20240328-WA0001.jpg\",\"contentUrl\":\"https:\/\/www.pameco.fi\/wpc\/uploads\/2025\/08\/IMG-20240328-WA0001.jpg\",\"width\":1379,\"height\":1663},{\"@type\":\"BreadcrumbList\",\"@id\":\"https:\/\/www.pameco.fi\/et\/tuote\/pameco-matastyskauha\/#breadcrumb\",\"itemListElement\":[{\"@type\":\"ListItem\",\"position\":1,\"name\":\"Esileht\",\"item\":\"https:\/\/www.pameco.fi\/et\/\"},{\"@type\":\"ListItem\",\"position\":2,\"name\":\"Pood\",\"item\":\"https:\/\/www.pameco.fi\/verkkokauppa\/\"},{\"@type\":\"ListItem\",\"position\":3,\"name\":\"Pameco M\u00e4t\u00e4styskauha\"}]},{\"@type\":\"WebSite\",\"@id\":\"https:\/\/www.pameco.fi\/et\/#website\",\"url\":\"https:\/\/www.pameco.fi\/et\/\",\"name\":\"Pameco\",\"description\":\"Suomalaiset PAMECO, HOKKE ja AJO-tuotteet kone\u00adurakointiin ja maa\u00adtilojen lietteen- sek\u00e4 vesien\u00adk\u00e4sittelyyn\",\"publisher\":{\"@id\":\"https:\/\/www.pameco.fi\/et\/#organization\"},\"alternateName\":\"Nurmeksen Ter\u00e4smyynti Oy\",\"potentialAction\":[{\"@type\":\"SearchAction\",\"target\":{\"@type\":\"EntryPoint\",\"urlTemplate\":\"https:\/\/www.pameco.fi\/et\/?s={search_term_string}\"},\"query-input\":{\"@type\":\"PropertyValueSpecification\",\"valueRequired\":true,\"valueName\":\"search_term_string\"}}],\"inLanguage\":\"et\"},{\"@type\":\"Organization\",\"@id\":\"https:\/\/www.pameco.fi\/et\/#organization\",\"name\":\"Pameco\",\"alternateName\":\"Nurmeksen Ter\u00e4smyynti Oy\",\"url\":\"https:\/\/www.pameco.fi\/et\/\",\"logo\":{\"@type\":\"ImageObject\",\"inLanguage\":\"et\",\"@id\":\"https:\/\/www.pameco.fi\/et\/#\/schema\/logo\/image\/\",\"url\":\"https:\/\/www.pameco.fi\/wpc\/uploads\/2025\/09\/profiilikuva.png\",\"contentUrl\":\"https:\/\/www.pameco.fi\/wpc\/uploads\/2025\/09\/profiilikuva.png\",\"width\":1500,\"height\":1500,\"caption\":\"Pameco\"},\"image\":{\"@id\":\"https:\/\/www.pameco.fi\/et\/#\/schema\/logo\/image\/\"},\"sameAs\":[\"https:\/\/www.facebook.com\/ntmoy\",\"https:\/\/www.youtube.com\/channel\/UCDQ51KVHtb23Y4nTYonSeRw\"]}]}<\/script>\n<!-- \/ Yoast SEO plugin. -->","yoast_head_json":{"title":"Pameco M\u00e4t\u00e4styskauha - Pameco","robots":{"index":"index","follow":"follow","max-snippet":"max-snippet:-1","max-image-preview":"max-image-preview:large","max-video-preview":"max-video-preview:-1"},"canonical":"https:\/\/www.pameco.fi\/et\/tuote\/pameco-matastyskauha\/","og_locale":"et_EE","og_type":"article","og_title":"Pameco M\u00e4t\u00e4styskauha - Pameco","og_description":"M\u00e4t\u00e4styskauha 10-16ton koneisiin Kauhan voit valita haluammasi kiinnikkeell\u00e4 esim NTP10, S60 jne...(muista ilmoittaa lis\u00e4tietoihin mill\u00e4 kiinnikkeell\u00e4 haluat)  Kauhalla onnistuu laikkum\u00e4t\u00e4stys sek\u00e4 ojitusm\u00e4t\u00e4stys.  Kauhalla onnistuu naveron sek\u00e4 pienien ojien kaivaminen.   Tilavuus n. 400 l  Huulilevy 40mm HB500-Leveys 550mm  Kantap\u00e4\u00e4n huulilevy 20mm HB500  Pohjalevy 8mm HB400  Paino noin 420kg  L\u00e4het\u00e4 tarjouspyynt\u00f6","og_url":"https:\/\/www.pameco.fi\/et\/tuote\/pameco-matastyskauha\/","og_site_name":"Pameco","article_publisher":"https:\/\/www.facebook.com\/ntmoy","article_modified_time":"2026-03-27T08:02:07+00:00","og_image":[{"width":1379,"height":1663,"url":"https:\/\/www.pameco.fi\/wpc\/uploads\/2025\/08\/IMG-20240328-WA0001.jpg","type":"image\/jpeg"}],"twitter_card":"summary_large_image","twitter_misc":{"Est. reading time":"1 minute"},"schema":{"@context":"https:\/\/schema.org","@graph":[{"@type":"WebPage","@id":"https:\/\/www.pameco.fi\/et\/tuote\/pameco-matastyskauha\/","url":"https:\/\/www.pameco.fi\/et\/tuote\/pameco-matastyskauha\/","name":"Pameco M\u00e4t\u00e4styskauha - Pameco","isPartOf":{"@id":"https:\/\/www.pameco.fi\/et\/#website"},"primaryImageOfPage":{"@id":"https:\/\/www.pameco.fi\/et\/tuote\/pameco-matastyskauha\/#primaryimage"},"image":{"@id":"https:\/\/www.pameco.fi\/et\/tuote\/pameco-matastyskauha\/#primaryimage"},"thumbnailUrl":"https:\/\/www.pameco.fi\/wpc\/uploads\/2025\/08\/IMG-20240328-WA0001.jpg","datePublished":"2025-09-10T09:20:17+00:00","dateModified":"2026-03-27T08:02:07+00:00","breadcrumb":{"@id":"https:\/\/www.pameco.fi\/et\/tuote\/pameco-matastyskauha\/#breadcrumb"},"inLanguage":"et","potentialAction":[{"@type":"ReadAction","target":["https:\/\/www.pameco.fi\/et\/tuote\/pameco-matastyskauha\/"]}]},{"@type":"ImageObject","inLanguage":"et","@id":"https:\/\/www.pameco.fi\/et\/tuote\/pameco-matastyskauha\/#primaryimage","url":"https:\/\/www.pameco.fi\/wpc\/uploads\/2025\/08\/IMG-20240328-WA0001.jpg","contentUrl":"https:\/\/www.pameco.fi\/wpc\/uploads\/2025\/08\/IMG-20240328-WA0001.jpg","width":1379,"height":1663},{"@type":"BreadcrumbList","@id":"https:\/\/www.pameco.fi\/et\/tuote\/pameco-matastyskauha\/#breadcrumb","itemListElement":[{"@type":"ListItem","position":1,"name":"Esileht","item":"https:\/\/www.pameco.fi\/et\/"},{"@type":"ListItem","position":2,"name":"Pood","item":"https:\/\/www.pameco.fi\/verkkokauppa\/"},{"@type":"ListItem","position":3,"name":"Pameco M\u00e4t\u00e4styskauha"}]},{"@type":"WebSite","@id":"https:\/\/www.pameco.fi\/et\/#website","url":"https:\/\/www.pameco.fi\/et\/","name":"Pameco","description":"Suomalaiset PAMECO, HOKKE ja AJO-tuotteet kone\u00adurakointiin ja maa\u00adtilojen lietteen- sek\u00e4 vesien\u00adk\u00e4sittelyyn","publisher":{"@id":"https:\/\/www.pameco.fi\/et\/#organization"},"alternateName":"Nurmeksen Ter\u00e4smyynti Oy","potentialAction":[{"@type":"SearchAction","target":{"@type":"EntryPoint","urlTemplate":"https:\/\/www.pameco.fi\/et\/?s={search_term_string}"},"query-input":{"@type":"PropertyValueSpecification","valueRequired":true,"valueName":"search_term_string"}}],"inLanguage":"et"},{"@type":"Organization","@id":"https:\/\/www.pameco.fi\/et\/#organization","name":"Pameco","alternateName":"Nurmeksen Ter\u00e4smyynti Oy","url":"https:\/\/www.pameco.fi\/et\/","logo":{"@type":"ImageObject","inLanguage":"et","@id":"https:\/\/www.pameco.fi\/et\/#\/schema\/logo\/image\/","url":"https:\/\/www.pameco.fi\/wpc\/uploads\/2025\/09\/profiilikuva.png","contentUrl":"https:\/\/www.pameco.fi\/wpc\/uploads\/2025\/09\/profiilikuva.png","width":1500,"height":1500,"caption":"Pameco"},"image":{"@id":"https:\/\/www.pameco.fi\/et\/#\/schema\/logo\/image\/"},"sameAs":["https:\/\/www.facebook.com\/ntmoy","https:\/\/www.youtube.com\/channel\/UCDQ51KVHtb23Y4nTYonSeRw"]}]}},"_links":{"self":[{"href":"https:\/\/www.pameco.fi\/et\/wp-json\/wp\/v2\/product\/2832","targetHints":{"allow":["GET"]}}],"collection":[{"href":"https:\/\/www.pameco.fi\/et\/wp-json\/wp\/v2\/product"}],"about":[{"href":"https:\/\/www.pameco.fi\/et\/wp-json\/wp\/v2\/types\/product"}],"replies":[{"embeddable":true,"href":"https:\/\/www.pameco.fi\/et\/wp-json\/wp\/v2\/comments?post=2832"}],"wp:featuredmedia":[{"embeddable":true,"href":"https:\/\/www.pameco.fi\/et\/wp-json\/wp\/v2\/media\/331"}],"wp:attachment":[{"href":"https:\/\/www.pameco.fi\/et\/wp-json\/wp\/v2\/media?parent=2832"}],"wp:term":[{"taxonomy":"product_brand","embeddable":true,"href":"https:\/\/www.pameco.fi\/et\/wp-json\/wp\/v2\/product_brand?post=2832"},{"taxonomy":"product_cat","embeddable":true,"href":"https:\/\/www.pameco.fi\/et\/wp-json\/wp\/v2\/product_cat?post=2832"},{"taxonomy":"product_tag","embeddable":true,"href":"https:\/\/www.pameco.fi\/et\/wp-json\/wp\/v2\/product_tag?post=2832"}],"curies":[{"name":"wp","href":"https:\/\/api.w.org\/{rel}","templated":true}]}}