{"id":2891,"date":"2025-09-10T12:20:31","date_gmt":"2025-09-10T09:20:31","guid":{"rendered":"https:\/\/www.pameco.fi\/tuote\/pameco-potkurisekoitin-7m\/"},"modified":"2026-01-13T13:18:08","modified_gmt":"2026-01-13T11:18:08","slug":"pameco-potkurisekoitin-7m","status":"publish","type":"product","link":"https:\/\/www.pameco.fi\/et\/tuote\/pameco-potkurisekoitin-7m\/","title":{"rendered":"Pameco Potkurisekoitin 7m"},"content":{"rendered":"","protected":false},"excerpt":{"rendered":"<ul class=\"check-list\">\n<li>Kokonaispituus 7,15metri\u00e4<\/li>\n<li>Paino 500kg<\/li>\n<li>3lapainen potkuri, halkaisija 77cm<\/li>\n<li>Tehontarve min 80kw<\/li>\n<li>Maalattu 2K polyuretaani maalilla<\/li>\n<li>Akseli on laakeroitu 4pisteest\u00e4, kaikki laakerit on rasvattavia vakiona olevan keskusvoitelu j\u00e4rjestelm\u00e4n kautta.\n<ul class=\"check-list\">\n<li>P\u00e4\u00e4dyss\u00e4 j\u00e4re\u00e4runkonen laippalaakeri.<\/li>\n<li>V\u00e4lilt\u00e4 akseli on laakeroitu 3pisteest\u00e4 POM materiaalilla.<\/li>\n<li>Kaikki laakerit helposti vaihdettavissa akselia irroittamatta.<\/li>\n<\/ul>\n<\/li>\n<li>Potkurin painelaakeri on pronssia<\/li>\n<li>Jokainen potkurisekoitin testataan ja tasapainoitetaan.<\/li>\n<\/ul>\n<p class=\"notice-text\"><a class=\"button\" href=\"https:\/\/www.pameco.fi\/yhteystiedot\/tarjouspyynto\/\">L\u00e4het\u00e4 tarjouspyynt\u00f6<\/a><\/p>\n<p><a class=\"far fa-file-pdf fa--after icon-color--secondary-color\" href=\"https:\/\/www.pameco.fi\/wpc\/uploads\/2025\/09\/Pameco-Potkurisekoitin-kayttoohje-2-PDF.pdf\" target=\"_blank\" rel=\"noopener\">Pameco Potkurisekoitin k\u00e4ytt\u00f6ohje-2-PDF<\/a><br \/>\n<a class=\"far fa-file-pdf fa--after icon-color--secondary-color\" href=\"https:\/\/www.pameco.fi\/wpc\/uploads\/2025\/09\/Potkurisekoitin-esite.pdf\" target=\"_blank\" rel=\"noopener\">Potkurisekoitin esite<\/a><br \/>\n<a class=\"far fa-file-pdf fa--after icon-color--secondary-color\" href=\"https:\/\/www.pameco.fi\/wpc\/uploads\/2025\/09\/Potkurisekoitin-esite_EN.pdf\" target=\"_blank\" rel=\"noopener\">Propeller Agitator brochure_EN<\/a><\/p>\n","protected":false},"featured_media":468,"comment_status":"open","ping_status":"closed","template":"","meta":{"_improvement_type_select":"improve_an_existing","_thumb_yes_seoaic":false,"_frame_yes_seoaic":false,"seoaic_generate_description":"","seoaic_improve_instructions_prompt":"","seoaic_rollback_content_improvement":"","seoaic_idea_thumbnail_generator":"","thumbnail_generated":false,"thumbnail_generate_prompt":"","seoaic_article_description":""},"product_brand":[],"product_cat":[65],"product_tag":[],"class_list":{"0":"post-2891","1":"product","2":"type-product","3":"status-publish","4":"has-post-thumbnail","6":"product_cat-lietteen-kasittelylaitteet-ja-varaosat","7":"product_shipping_class-vain-nouto-toimipisteelta","9":"first","10":"onbackorder","11":"taxable","12":"shipping-taxable","13":"product-type-simple"},"yoast_head":"<!-- This site is optimized with the Yoast SEO plugin v27.2 - https:\/\/yoast.com\/product\/yoast-seo-wordpress\/ -->\n<title>Pameco Potkurisekoitin 7m - Pameco<\/title>\n<meta name=\"robots\" content=\"index, follow, max-snippet:-1, max-image-preview:large, max-video-preview:-1\" \/>\n<link rel=\"canonical\" href=\"https:\/\/www.pameco.fi\/et\/tuote\/pameco-potkurisekoitin-7m\/\" \/>\n<meta property=\"og:locale\" content=\"et_EE\" \/>\n<meta property=\"og:type\" content=\"article\" \/>\n<meta property=\"og:title\" content=\"Pameco Potkurisekoitin 7m - Pameco\" \/>\n<meta property=\"og:description\" content=\"Kokonaispituus 7,15metri\u00e4  Paino 500kg  3lapainen potkuri, halkaisija 77cm  Tehontarve min 80kw  Maalattu 2K polyuretaani maalilla  Akseli on laakeroitu 4pisteest\u00e4, kaikki laakerit on rasvattavia vakiona olevan keskusvoitelu j\u00e4rjestelm\u00e4n kautta.   P\u00e4\u00e4dyss\u00e4 j\u00e4re\u00e4runkonen laippalaakeri.  V\u00e4lilt\u00e4 akseli on laakeroitu 3pisteest\u00e4 POM materiaalilla.  Kaikki laakerit helposti vaihdettavissa akselia irroittamatta.    Potkurin painelaakeri on pronssia  Jokainen potkurisekoitin testataan ja tasapainoitetaan.  L\u00e4het\u00e4 tarjouspyynt\u00f6 Pameco Potkurisekoitin k\u00e4ytt\u00f6ohje-2-PDF Potkurisekoitin esite Propeller Agitator brochure_EN\" \/>\n<meta property=\"og:url\" content=\"https:\/\/www.pameco.fi\/et\/tuote\/pameco-potkurisekoitin-7m\/\" \/>\n<meta property=\"og:site_name\" content=\"Pameco\" \/>\n<meta property=\"article:publisher\" content=\"https:\/\/www.facebook.com\/ntmoy\" \/>\n<meta property=\"article:modified_time\" content=\"2026-01-13T11:18:08+00:00\" \/>\n<meta property=\"og:image\" content=\"https:\/\/www.pameco.fi\/wpc\/uploads\/2025\/08\/Potkurisekoitin-8metria.jpg\" \/>\n\t<meta property=\"og:image:width\" content=\"1386\" \/>\n\t<meta property=\"og:image:height\" content=\"796\" \/>\n\t<meta property=\"og:image:type\" content=\"image\/jpeg\" \/>\n<meta name=\"twitter:card\" content=\"summary_large_image\" \/>\n<meta name=\"twitter:label1\" content=\"Est. reading time\" \/>\n\t<meta name=\"twitter:data1\" content=\"1 minute\" \/>\n<script type=\"application\/ld+json\" class=\"yoast-schema-graph\">{\"@context\":\"https:\/\/schema.org\",\"@graph\":[{\"@type\":\"WebPage\",\"@id\":\"https:\/\/www.pameco.fi\/et\/tuote\/pameco-potkurisekoitin-7m\/\",\"url\":\"https:\/\/www.pameco.fi\/et\/tuote\/pameco-potkurisekoitin-7m\/\",\"name\":\"Pameco Potkurisekoitin 7m - Pameco\",\"isPartOf\":{\"@id\":\"https:\/\/www.pameco.fi\/et\/#website\"},\"primaryImageOfPage\":{\"@id\":\"https:\/\/www.pameco.fi\/et\/tuote\/pameco-potkurisekoitin-7m\/#primaryimage\"},\"image\":{\"@id\":\"https:\/\/www.pameco.fi\/et\/tuote\/pameco-potkurisekoitin-7m\/#primaryimage\"},\"thumbnailUrl\":\"https:\/\/www.pameco.fi\/wpc\/uploads\/2025\/08\/Potkurisekoitin-8metria.jpg\",\"datePublished\":\"2025-09-10T09:20:31+00:00\",\"dateModified\":\"2026-01-13T11:18:08+00:00\",\"breadcrumb\":{\"@id\":\"https:\/\/www.pameco.fi\/et\/tuote\/pameco-potkurisekoitin-7m\/#breadcrumb\"},\"inLanguage\":\"et\",\"potentialAction\":[{\"@type\":\"ReadAction\",\"target\":[\"https:\/\/www.pameco.fi\/et\/tuote\/pameco-potkurisekoitin-7m\/\"]}]},{\"@type\":\"ImageObject\",\"inLanguage\":\"et\",\"@id\":\"https:\/\/www.pameco.fi\/et\/tuote\/pameco-potkurisekoitin-7m\/#primaryimage\",\"url\":\"https:\/\/www.pameco.fi\/wpc\/uploads\/2025\/08\/Potkurisekoitin-8metria.jpg\",\"contentUrl\":\"https:\/\/www.pameco.fi\/wpc\/uploads\/2025\/08\/Potkurisekoitin-8metria.jpg\",\"width\":1386,\"height\":796},{\"@type\":\"BreadcrumbList\",\"@id\":\"https:\/\/www.pameco.fi\/et\/tuote\/pameco-potkurisekoitin-7m\/#breadcrumb\",\"itemListElement\":[{\"@type\":\"ListItem\",\"position\":1,\"name\":\"Esileht\",\"item\":\"https:\/\/www.pameco.fi\/et\/\"},{\"@type\":\"ListItem\",\"position\":2,\"name\":\"Pood\",\"item\":\"https:\/\/www.pameco.fi\/verkkokauppa\/\"},{\"@type\":\"ListItem\",\"position\":3,\"name\":\"Pameco Potkurisekoitin 7m\"}]},{\"@type\":\"WebSite\",\"@id\":\"https:\/\/www.pameco.fi\/et\/#website\",\"url\":\"https:\/\/www.pameco.fi\/et\/\",\"name\":\"Pameco\",\"description\":\"Suomalaiset PAMECO, HOKKE ja AJO-tuotteet kone\u00adurakointiin ja maa\u00adtilojen lietteen- sek\u00e4 vesien\u00adk\u00e4sittelyyn\",\"publisher\":{\"@id\":\"https:\/\/www.pameco.fi\/et\/#organization\"},\"alternateName\":\"Nurmeksen Ter\u00e4smyynti Oy\",\"potentialAction\":[{\"@type\":\"SearchAction\",\"target\":{\"@type\":\"EntryPoint\",\"urlTemplate\":\"https:\/\/www.pameco.fi\/et\/?s={search_term_string}\"},\"query-input\":{\"@type\":\"PropertyValueSpecification\",\"valueRequired\":true,\"valueName\":\"search_term_string\"}}],\"inLanguage\":\"et\"},{\"@type\":\"Organization\",\"@id\":\"https:\/\/www.pameco.fi\/et\/#organization\",\"name\":\"Pameco\",\"alternateName\":\"Nurmeksen Ter\u00e4smyynti Oy\",\"url\":\"https:\/\/www.pameco.fi\/et\/\",\"logo\":{\"@type\":\"ImageObject\",\"inLanguage\":\"et\",\"@id\":\"https:\/\/www.pameco.fi\/et\/#\/schema\/logo\/image\/\",\"url\":\"https:\/\/www.pameco.fi\/wpc\/uploads\/2025\/09\/profiilikuva.png\",\"contentUrl\":\"https:\/\/www.pameco.fi\/wpc\/uploads\/2025\/09\/profiilikuva.png\",\"width\":1500,\"height\":1500,\"caption\":\"Pameco\"},\"image\":{\"@id\":\"https:\/\/www.pameco.fi\/et\/#\/schema\/logo\/image\/\"},\"sameAs\":[\"https:\/\/www.facebook.com\/ntmoy\",\"https:\/\/www.youtube.com\/channel\/UCDQ51KVHtb23Y4nTYonSeRw\"]}]}<\/script>\n<!-- \/ Yoast SEO plugin. -->","yoast_head_json":{"title":"Pameco Potkurisekoitin 7m - Pameco","robots":{"index":"index","follow":"follow","max-snippet":"max-snippet:-1","max-image-preview":"max-image-preview:large","max-video-preview":"max-video-preview:-1"},"canonical":"https:\/\/www.pameco.fi\/et\/tuote\/pameco-potkurisekoitin-7m\/","og_locale":"et_EE","og_type":"article","og_title":"Pameco Potkurisekoitin 7m - Pameco","og_description":"Kokonaispituus 7,15metri\u00e4  Paino 500kg  3lapainen potkuri, halkaisija 77cm  Tehontarve min 80kw  Maalattu 2K polyuretaani maalilla  Akseli on laakeroitu 4pisteest\u00e4, kaikki laakerit on rasvattavia vakiona olevan keskusvoitelu j\u00e4rjestelm\u00e4n kautta.   P\u00e4\u00e4dyss\u00e4 j\u00e4re\u00e4runkonen laippalaakeri.  V\u00e4lilt\u00e4 akseli on laakeroitu 3pisteest\u00e4 POM materiaalilla.  Kaikki laakerit helposti vaihdettavissa akselia irroittamatta.    Potkurin painelaakeri on pronssia  Jokainen potkurisekoitin testataan ja tasapainoitetaan.  L\u00e4het\u00e4 tarjouspyynt\u00f6 Pameco Potkurisekoitin k\u00e4ytt\u00f6ohje-2-PDF Potkurisekoitin esite Propeller Agitator brochure_EN","og_url":"https:\/\/www.pameco.fi\/et\/tuote\/pameco-potkurisekoitin-7m\/","og_site_name":"Pameco","article_publisher":"https:\/\/www.facebook.com\/ntmoy","article_modified_time":"2026-01-13T11:18:08+00:00","og_image":[{"width":1386,"height":796,"url":"https:\/\/www.pameco.fi\/wpc\/uploads\/2025\/08\/Potkurisekoitin-8metria.jpg","type":"image\/jpeg"}],"twitter_card":"summary_large_image","twitter_misc":{"Est. reading time":"1 minute"},"schema":{"@context":"https:\/\/schema.org","@graph":[{"@type":"WebPage","@id":"https:\/\/www.pameco.fi\/et\/tuote\/pameco-potkurisekoitin-7m\/","url":"https:\/\/www.pameco.fi\/et\/tuote\/pameco-potkurisekoitin-7m\/","name":"Pameco Potkurisekoitin 7m - Pameco","isPartOf":{"@id":"https:\/\/www.pameco.fi\/et\/#website"},"primaryImageOfPage":{"@id":"https:\/\/www.pameco.fi\/et\/tuote\/pameco-potkurisekoitin-7m\/#primaryimage"},"image":{"@id":"https:\/\/www.pameco.fi\/et\/tuote\/pameco-potkurisekoitin-7m\/#primaryimage"},"thumbnailUrl":"https:\/\/www.pameco.fi\/wpc\/uploads\/2025\/08\/Potkurisekoitin-8metria.jpg","datePublished":"2025-09-10T09:20:31+00:00","dateModified":"2026-01-13T11:18:08+00:00","breadcrumb":{"@id":"https:\/\/www.pameco.fi\/et\/tuote\/pameco-potkurisekoitin-7m\/#breadcrumb"},"inLanguage":"et","potentialAction":[{"@type":"ReadAction","target":["https:\/\/www.pameco.fi\/et\/tuote\/pameco-potkurisekoitin-7m\/"]}]},{"@type":"ImageObject","inLanguage":"et","@id":"https:\/\/www.pameco.fi\/et\/tuote\/pameco-potkurisekoitin-7m\/#primaryimage","url":"https:\/\/www.pameco.fi\/wpc\/uploads\/2025\/08\/Potkurisekoitin-8metria.jpg","contentUrl":"https:\/\/www.pameco.fi\/wpc\/uploads\/2025\/08\/Potkurisekoitin-8metria.jpg","width":1386,"height":796},{"@type":"BreadcrumbList","@id":"https:\/\/www.pameco.fi\/et\/tuote\/pameco-potkurisekoitin-7m\/#breadcrumb","itemListElement":[{"@type":"ListItem","position":1,"name":"Esileht","item":"https:\/\/www.pameco.fi\/et\/"},{"@type":"ListItem","position":2,"name":"Pood","item":"https:\/\/www.pameco.fi\/verkkokauppa\/"},{"@type":"ListItem","position":3,"name":"Pameco Potkurisekoitin 7m"}]},{"@type":"WebSite","@id":"https:\/\/www.pameco.fi\/et\/#website","url":"https:\/\/www.pameco.fi\/et\/","name":"Pameco","description":"Suomalaiset PAMECO, HOKKE ja AJO-tuotteet kone\u00adurakointiin ja maa\u00adtilojen lietteen- sek\u00e4 vesien\u00adk\u00e4sittelyyn","publisher":{"@id":"https:\/\/www.pameco.fi\/et\/#organization"},"alternateName":"Nurmeksen Ter\u00e4smyynti Oy","potentialAction":[{"@type":"SearchAction","target":{"@type":"EntryPoint","urlTemplate":"https:\/\/www.pameco.fi\/et\/?s={search_term_string}"},"query-input":{"@type":"PropertyValueSpecification","valueRequired":true,"valueName":"search_term_string"}}],"inLanguage":"et"},{"@type":"Organization","@id":"https:\/\/www.pameco.fi\/et\/#organization","name":"Pameco","alternateName":"Nurmeksen Ter\u00e4smyynti Oy","url":"https:\/\/www.pameco.fi\/et\/","logo":{"@type":"ImageObject","inLanguage":"et","@id":"https:\/\/www.pameco.fi\/et\/#\/schema\/logo\/image\/","url":"https:\/\/www.pameco.fi\/wpc\/uploads\/2025\/09\/profiilikuva.png","contentUrl":"https:\/\/www.pameco.fi\/wpc\/uploads\/2025\/09\/profiilikuva.png","width":1500,"height":1500,"caption":"Pameco"},"image":{"@id":"https:\/\/www.pameco.fi\/et\/#\/schema\/logo\/image\/"},"sameAs":["https:\/\/www.facebook.com\/ntmoy","https:\/\/www.youtube.com\/channel\/UCDQ51KVHtb23Y4nTYonSeRw"]}]}},"_links":{"self":[{"href":"https:\/\/www.pameco.fi\/et\/wp-json\/wp\/v2\/product\/2891","targetHints":{"allow":["GET"]}}],"collection":[{"href":"https:\/\/www.pameco.fi\/et\/wp-json\/wp\/v2\/product"}],"about":[{"href":"https:\/\/www.pameco.fi\/et\/wp-json\/wp\/v2\/types\/product"}],"replies":[{"embeddable":true,"href":"https:\/\/www.pameco.fi\/et\/wp-json\/wp\/v2\/comments?post=2891"}],"wp:featuredmedia":[{"embeddable":true,"href":"https:\/\/www.pameco.fi\/et\/wp-json\/wp\/v2\/media\/468"}],"wp:attachment":[{"href":"https:\/\/www.pameco.fi\/et\/wp-json\/wp\/v2\/media?parent=2891"}],"wp:term":[{"taxonomy":"product_brand","embeddable":true,"href":"https:\/\/www.pameco.fi\/et\/wp-json\/wp\/v2\/product_brand?post=2891"},{"taxonomy":"product_cat","embeddable":true,"href":"https:\/\/www.pameco.fi\/et\/wp-json\/wp\/v2\/product_cat?post=2891"},{"taxonomy":"product_tag","embeddable":true,"href":"https:\/\/www.pameco.fi\/et\/wp-json\/wp\/v2\/product_tag?post=2891"}],"curies":[{"name":"wp","href":"https:\/\/api.w.org\/{rel}","templated":true}]}}