{"id":3021,"date":"2025-09-10T12:35:43","date_gmt":"2025-09-10T09:35:43","guid":{"rendered":"https:\/\/www.pameco.fi\/tuote\/pameco-alustera-at2890-valtra-n4-5\/"},"modified":"2026-03-27T09:50:45","modified_gmt":"2026-03-27T07:50:45","slug":"pameco-alustera-at2890-valtra-n4-5","status":"publish","type":"product","link":"https:\/\/www.pameco.fi\/et\/tuote\/pameco-alustera-at2890-valtra-n4-5\/","title":{"rendered":"Pameco Aluster\u00e4 AT2890 Valtra N4\/5"},"content":{"rendered":"","protected":false},"excerpt":{"rendered":"<p><strong>Esittelyteline k\u00e4yt\u00f6ss\u00e4 ollut N-Sarjan Valtran aluster\u00e4 ilman hydraulista jatketta, t\u00e4ydellinen asennusvalmis paketti. HUOM! Varastoinnissa on voinut tulla pient\u00e4 maali vikaa vain t\u00e4m\u00e4<\/strong><\/p>\n<p>&nbsp;<\/p>\n<p><strong>CE-merkitty talvikunnossapidon tuote.<\/strong><\/p>\n<p>Huom! Kuvan malli varustettu 250mm jatkeella joka on lis\u00e4varuste!<\/p>\n<ul class=\"check-list\">\n<li class=\"color--secondary\"><span style=\"color: #a6a49d;\">Ter\u00e4n leveys 2890mm, ty\u00f6leveys n.2680mm<\/span><\/li>\n<li class=\"color--secondary\"><span style=\"color: #a6a49d;\">Luovutuskulma noin 23 astetta.<\/span><\/li>\n<li class=\"color--secondary\"><span style=\"color: #a6a49d;\">Hydraulinen kallistus n.50mm, 12astetta (vakiovaruste)<\/span><\/li>\n<li class=\"color--secondary\"><span style=\"color: #a6a49d;\">Ter\u00e4v\u00e4t Betek tappiter\u00e4t (kuuluu toimitukseen)<\/span><\/li>\n<li class=\"color--secondary\"><span style=\"color: #a6a49d;\">Maavara tappiterill\u00e4 noin 18-22cm tappiter\u00e4n k\u00e4rkeen mitattuna<\/span><\/li>\n<li class=\"color--secondary\"><span style=\"color: #a6a49d;\">Polyuretaanimaalaus kest\u00e4\u00e4 hyvin kulutusta ja on liukas.<\/span><\/li>\n<li class=\"color--secondary\"><span style=\"color: #a6a49d;\">Paineakku (30bar vastapaineella)<\/span><\/li>\n<li class=\"color--secondary\"><span style=\"color: #a6a49d;\">Ter\u00e4n saa irti irrottamalla 5 tappia jolloin pelkk\u00e4 runko j\u00e4\u00e4 traktoriin kiinni, runkokin on pultattavissa irti traktorista ilman renkaiden irroitusta.<\/span><\/li>\n<li class=\"color--secondary\"><span style=\"color: #a6a49d;\">Rakenne ei hankaloita huoltojen suorittamista<\/span><\/li>\n<li class=\"color--secondary\"><span style=\"color: #a6a49d;\">Tarvitsee kaksi kappaletta 2-toimisia hydrauliikkalohkoja, k\u00e4ytet\u00e4\u00e4n siis traktorin omaa hydrauliikkaa.<\/span><\/li>\n<li class=\"color--secondary\"><span style=\"color: #a6a49d;\">Em\u00e4ter\u00e4 valmistettu kokonaan kulutuster\u00e4ksest\u00e4, runko 40mm paksua S355 laadun rakenneter\u00e4st\u00e4.<\/span><\/li>\n<li class=\"color--secondary\"><span style=\"color: #a6a49d;\">Kaikki tapit vaihdettavissa k\u00e4sity\u00f6kaluilla<\/span><\/li>\n<\/ul>\n<p><strong>HUOM! Lis\u00e4varusteena mahdollista saada kaikkiin aluster\u00e4 malleihimme hydraulinen 250mm jatke tappiterill\u00e4 oikealle puolelle (luovutuspuolelle).<\/strong><\/p>\n<ul class=\"check-list\">\n<li class=\"color--secondary\"><span style=\"color: #a6a49d;\">Jatketta ei voi asentaa j\u00e4lkik\u00e4teen joten jatke tilattava jo aluster\u00e4n tilauksen yhteydess\u00e4.<\/span><\/li>\n<li class=\"color--secondary\"><span style=\"color: #a6a49d;\">Tarvitsee 3:n lohkon k\u00e4ytt\u00f6\u00f6n tai hydrauliikan voi varustella 6\/2 s\u00e4hk\u00f6isell\u00e4 venttiilill\u00e4 jolloin jatketta voi k\u00e4ytt\u00e4\u00e4 vuoronper\u00e4\u00e4n kallistuksen kanssa, t\u00e4ll\u00f6in 2 hydraulilohkoa riitt\u00e4\u00e4.<\/span><\/li>\n<\/ul>\n[youtube video=\"https:\/\/youtu.be\/lMuZ7jNLe5o\"]\n[module id='3221' description='pameco-alustera-voidaan-asentaa']\n<p>&nbsp;<\/p>\n<p><a class=\"button\" href=\"https:\/\/www.pameco.fi\/yhteystiedot\/tarjouspyynto\/\" target=\"_blank\" rel=\"noopener\">L\u00e4het\u00e4 tarjouspyynt\u00f6<\/a><\/p>\n","protected":false},"featured_media":823,"comment_status":"open","ping_status":"closed","template":"","meta":{"_improvement_type_select":"improve_an_existing","_thumb_yes_seoaic":false,"_frame_yes_seoaic":false,"seoaic_generate_description":"","seoaic_improve_instructions_prompt":"","seoaic_rollback_content_improvement":"","seoaic_idea_thumbnail_generator":"","thumbnail_generated":false,"thumbnail_generate_prompt":"","seoaic_article_description":""},"product_brand":[],"product_cat":[66,112],"product_tag":[],"class_list":{"0":"post-3021","1":"product","2":"type-product","3":"status-publish","4":"has-post-thumbnail","6":"product_cat-auraus-ja-hiekoituslaitteet","7":"product_cat-kampanja","8":"product_shipping_class-vain-nouto-toimipisteelta","10":"first","11":"instock","12":"sale","13":"taxable","14":"shipping-taxable","15":"purchasable","16":"product-type-simple"},"yoast_head":"<!-- This site is optimized with the Yoast SEO plugin v27.2 - https:\/\/yoast.com\/product\/yoast-seo-wordpress\/ -->\n<title>Pameco Aluster\u00e4 AT2890 Valtra N4\/5 - Pameco<\/title>\n<meta name=\"robots\" content=\"index, follow, max-snippet:-1, max-image-preview:large, max-video-preview:-1\" \/>\n<link rel=\"canonical\" href=\"https:\/\/www.pameco.fi\/et\/tuote\/pameco-alustera-at2890-valtra-n4-5\/\" \/>\n<meta property=\"og:locale\" content=\"et_EE\" \/>\n<meta property=\"og:type\" content=\"article\" \/>\n<meta property=\"og:title\" content=\"Pameco Aluster\u00e4 AT2890 Valtra N4\/5 - Pameco\" \/>\n<meta property=\"og:description\" content=\"Esittelyteline k\u00e4yt\u00f6ss\u00e4 ollut N-Sarjan Valtran aluster\u00e4 ilman hydraulista jatketta, t\u00e4ydellinen asennusvalmis paketti. HUOM! Varastoinnissa on voinut tulla pient\u00e4 maali vikaa vain t\u00e4m\u00e4  &nbsp;  CE-merkitty talvikunnossapidon tuote.  Huom! Kuvan malli varustettu 250mm jatkeella joka on lis\u00e4varuste!   Ter\u00e4n leveys 2890mm, ty\u00f6leveys n.2680mm  Luovutuskulma noin 23 astetta.  Hydraulinen kallistus n.50mm, 12astetta (vakiovaruste)  Ter\u00e4v\u00e4t Betek tappiter\u00e4t (kuuluu toimitukseen)  Maavara tappiterill\u00e4 noin 18-22cm tappiter\u00e4n k\u00e4rkeen mitattuna  Polyuretaanimaalaus kest\u00e4\u00e4 hyvin kulutusta ja on liukas.  Paineakku (30bar vastapaineella)  Ter\u00e4n saa irti irrottamalla 5 tappia jolloin pelkk\u00e4 runko j\u00e4\u00e4 traktoriin kiinni, runkokin on pultattavissa irti traktorista ilman renkaiden irroitusta.  Rakenne ei hankaloita huoltojen suorittamista  Tarvitsee kaksi kappaletta 2-toimisia hydrauliikkalohkoja, k\u00e4ytet\u00e4\u00e4n siis traktorin omaa hydrauliikkaa.  Em\u00e4ter\u00e4 valmistettu kokonaan kulutuster\u00e4ksest\u00e4, runko 40mm paksua S355 laadun rakenneter\u00e4st\u00e4.  Kaikki tapit vaihdettavissa k\u00e4sity\u00f6kaluilla  HUOM! Lis\u00e4varusteena mahdollista saada kaikkiin aluster\u00e4 malleihimme hydraulinen 250mm jatke tappiterill\u00e4 oikealle puolelle (luovutuspuolelle).   Jatketta ei voi asentaa j\u00e4lkik\u00e4teen joten jatke tilattava jo aluster\u00e4n tilauksen yhteydess\u00e4.  Tarvitsee 3:n lohkon k\u00e4ytt\u00f6\u00f6n tai hydrauliikan voi varustella 6\/2 s\u00e4hk\u00f6isell\u00e4 venttiilill\u00e4 jolloin jatketta voi k\u00e4ytt\u00e4\u00e4 vuoronper\u00e4\u00e4n kallistuksen kanssa, t\u00e4ll\u00f6in 2 hydraulilohkoa riitt\u00e4\u00e4.      &nbsp;  L\u00e4het\u00e4 tarjouspyynt\u00f6\" \/>\n<meta property=\"og:url\" content=\"https:\/\/www.pameco.fi\/et\/tuote\/pameco-alustera-at2890-valtra-n4-5\/\" \/>\n<meta property=\"og:site_name\" content=\"Pameco\" \/>\n<meta property=\"article:publisher\" content=\"https:\/\/www.facebook.com\/ntmoy\" \/>\n<meta property=\"article:modified_time\" content=\"2026-03-27T07:50:45+00:00\" \/>\n<meta property=\"og:image\" content=\"https:\/\/www.pameco.fi\/wpc\/uploads\/2025\/08\/IMG-20230915-WA0009.jpg\" \/>\n\t<meta property=\"og:image:width\" content=\"1186\" \/>\n\t<meta property=\"og:image:height\" content=\"1485\" \/>\n\t<meta property=\"og:image:type\" content=\"image\/jpeg\" \/>\n<meta name=\"twitter:card\" content=\"summary_large_image\" \/>\n<meta name=\"twitter:label1\" content=\"Est. reading time\" \/>\n\t<meta name=\"twitter:data1\" content=\"1 minute\" \/>\n<script type=\"application\/ld+json\" class=\"yoast-schema-graph\">{\"@context\":\"https:\/\/schema.org\",\"@graph\":[{\"@type\":\"WebPage\",\"@id\":\"https:\/\/www.pameco.fi\/et\/tuote\/pameco-alustera-at2890-valtra-n4-5\/\",\"url\":\"https:\/\/www.pameco.fi\/et\/tuote\/pameco-alustera-at2890-valtra-n4-5\/\",\"name\":\"Pameco Aluster\u00e4 AT2890 Valtra N4\/5 - Pameco\",\"isPartOf\":{\"@id\":\"https:\/\/www.pameco.fi\/et\/#website\"},\"primaryImageOfPage\":{\"@id\":\"https:\/\/www.pameco.fi\/et\/tuote\/pameco-alustera-at2890-valtra-n4-5\/#primaryimage\"},\"image\":{\"@id\":\"https:\/\/www.pameco.fi\/et\/tuote\/pameco-alustera-at2890-valtra-n4-5\/#primaryimage\"},\"thumbnailUrl\":\"https:\/\/www.pameco.fi\/wpc\/uploads\/2025\/08\/IMG-20230915-WA0009.jpg\",\"datePublished\":\"2025-09-10T09:35:43+00:00\",\"dateModified\":\"2026-03-27T07:50:45+00:00\",\"breadcrumb\":{\"@id\":\"https:\/\/www.pameco.fi\/et\/tuote\/pameco-alustera-at2890-valtra-n4-5\/#breadcrumb\"},\"inLanguage\":\"et\",\"potentialAction\":[{\"@type\":\"ReadAction\",\"target\":[\"https:\/\/www.pameco.fi\/et\/tuote\/pameco-alustera-at2890-valtra-n4-5\/\"]}]},{\"@type\":\"ImageObject\",\"inLanguage\":\"et\",\"@id\":\"https:\/\/www.pameco.fi\/et\/tuote\/pameco-alustera-at2890-valtra-n4-5\/#primaryimage\",\"url\":\"https:\/\/www.pameco.fi\/wpc\/uploads\/2025\/08\/IMG-20230915-WA0009.jpg\",\"contentUrl\":\"https:\/\/www.pameco.fi\/wpc\/uploads\/2025\/08\/IMG-20230915-WA0009.jpg\",\"width\":1186,\"height\":1485},{\"@type\":\"BreadcrumbList\",\"@id\":\"https:\/\/www.pameco.fi\/et\/tuote\/pameco-alustera-at2890-valtra-n4-5\/#breadcrumb\",\"itemListElement\":[{\"@type\":\"ListItem\",\"position\":1,\"name\":\"Esileht\",\"item\":\"https:\/\/www.pameco.fi\/et\/\"},{\"@type\":\"ListItem\",\"position\":2,\"name\":\"Pood\",\"item\":\"https:\/\/www.pameco.fi\/verkkokauppa\/\"},{\"@type\":\"ListItem\",\"position\":3,\"name\":\"Pameco Aluster\u00e4 AT2890 Valtra N4\/5\"}]},{\"@type\":\"WebSite\",\"@id\":\"https:\/\/www.pameco.fi\/et\/#website\",\"url\":\"https:\/\/www.pameco.fi\/et\/\",\"name\":\"Pameco\",\"description\":\"Suomalaiset PAMECO, HOKKE ja AJO-tuotteet kone\u00adurakointiin ja maa\u00adtilojen lietteen- sek\u00e4 vesien\u00adk\u00e4sittelyyn\",\"publisher\":{\"@id\":\"https:\/\/www.pameco.fi\/et\/#organization\"},\"alternateName\":\"Nurmeksen Ter\u00e4smyynti Oy\",\"potentialAction\":[{\"@type\":\"SearchAction\",\"target\":{\"@type\":\"EntryPoint\",\"urlTemplate\":\"https:\/\/www.pameco.fi\/et\/?s={search_term_string}\"},\"query-input\":{\"@type\":\"PropertyValueSpecification\",\"valueRequired\":true,\"valueName\":\"search_term_string\"}}],\"inLanguage\":\"et\"},{\"@type\":\"Organization\",\"@id\":\"https:\/\/www.pameco.fi\/et\/#organization\",\"name\":\"Pameco\",\"alternateName\":\"Nurmeksen Ter\u00e4smyynti Oy\",\"url\":\"https:\/\/www.pameco.fi\/et\/\",\"logo\":{\"@type\":\"ImageObject\",\"inLanguage\":\"et\",\"@id\":\"https:\/\/www.pameco.fi\/et\/#\/schema\/logo\/image\/\",\"url\":\"https:\/\/www.pameco.fi\/wpc\/uploads\/2025\/09\/profiilikuva.png\",\"contentUrl\":\"https:\/\/www.pameco.fi\/wpc\/uploads\/2025\/09\/profiilikuva.png\",\"width\":1500,\"height\":1500,\"caption\":\"Pameco\"},\"image\":{\"@id\":\"https:\/\/www.pameco.fi\/et\/#\/schema\/logo\/image\/\"},\"sameAs\":[\"https:\/\/www.facebook.com\/ntmoy\",\"https:\/\/www.youtube.com\/channel\/UCDQ51KVHtb23Y4nTYonSeRw\"]}]}<\/script>\n<!-- \/ Yoast SEO plugin. -->","yoast_head_json":{"title":"Pameco Aluster\u00e4 AT2890 Valtra N4\/5 - Pameco","robots":{"index":"index","follow":"follow","max-snippet":"max-snippet:-1","max-image-preview":"max-image-preview:large","max-video-preview":"max-video-preview:-1"},"canonical":"https:\/\/www.pameco.fi\/et\/tuote\/pameco-alustera-at2890-valtra-n4-5\/","og_locale":"et_EE","og_type":"article","og_title":"Pameco Aluster\u00e4 AT2890 Valtra N4\/5 - Pameco","og_description":"Esittelyteline k\u00e4yt\u00f6ss\u00e4 ollut N-Sarjan Valtran aluster\u00e4 ilman hydraulista jatketta, t\u00e4ydellinen asennusvalmis paketti. HUOM! Varastoinnissa on voinut tulla pient\u00e4 maali vikaa vain t\u00e4m\u00e4  &nbsp;  CE-merkitty talvikunnossapidon tuote.  Huom! Kuvan malli varustettu 250mm jatkeella joka on lis\u00e4varuste!   Ter\u00e4n leveys 2890mm, ty\u00f6leveys n.2680mm  Luovutuskulma noin 23 astetta.  Hydraulinen kallistus n.50mm, 12astetta (vakiovaruste)  Ter\u00e4v\u00e4t Betek tappiter\u00e4t (kuuluu toimitukseen)  Maavara tappiterill\u00e4 noin 18-22cm tappiter\u00e4n k\u00e4rkeen mitattuna  Polyuretaanimaalaus kest\u00e4\u00e4 hyvin kulutusta ja on liukas.  Paineakku (30bar vastapaineella)  Ter\u00e4n saa irti irrottamalla 5 tappia jolloin pelkk\u00e4 runko j\u00e4\u00e4 traktoriin kiinni, runkokin on pultattavissa irti traktorista ilman renkaiden irroitusta.  Rakenne ei hankaloita huoltojen suorittamista  Tarvitsee kaksi kappaletta 2-toimisia hydrauliikkalohkoja, k\u00e4ytet\u00e4\u00e4n siis traktorin omaa hydrauliikkaa.  Em\u00e4ter\u00e4 valmistettu kokonaan kulutuster\u00e4ksest\u00e4, runko 40mm paksua S355 laadun rakenneter\u00e4st\u00e4.  Kaikki tapit vaihdettavissa k\u00e4sity\u00f6kaluilla  HUOM! Lis\u00e4varusteena mahdollista saada kaikkiin aluster\u00e4 malleihimme hydraulinen 250mm jatke tappiterill\u00e4 oikealle puolelle (luovutuspuolelle).   Jatketta ei voi asentaa j\u00e4lkik\u00e4teen joten jatke tilattava jo aluster\u00e4n tilauksen yhteydess\u00e4.  Tarvitsee 3:n lohkon k\u00e4ytt\u00f6\u00f6n tai hydrauliikan voi varustella 6\/2 s\u00e4hk\u00f6isell\u00e4 venttiilill\u00e4 jolloin jatketta voi k\u00e4ytt\u00e4\u00e4 vuoronper\u00e4\u00e4n kallistuksen kanssa, t\u00e4ll\u00f6in 2 hydraulilohkoa riitt\u00e4\u00e4.      &nbsp;  L\u00e4het\u00e4 tarjouspyynt\u00f6","og_url":"https:\/\/www.pameco.fi\/et\/tuote\/pameco-alustera-at2890-valtra-n4-5\/","og_site_name":"Pameco","article_publisher":"https:\/\/www.facebook.com\/ntmoy","article_modified_time":"2026-03-27T07:50:45+00:00","og_image":[{"width":1186,"height":1485,"url":"https:\/\/www.pameco.fi\/wpc\/uploads\/2025\/08\/IMG-20230915-WA0009.jpg","type":"image\/jpeg"}],"twitter_card":"summary_large_image","twitter_misc":{"Est. reading time":"1 minute"},"schema":{"@context":"https:\/\/schema.org","@graph":[{"@type":"WebPage","@id":"https:\/\/www.pameco.fi\/et\/tuote\/pameco-alustera-at2890-valtra-n4-5\/","url":"https:\/\/www.pameco.fi\/et\/tuote\/pameco-alustera-at2890-valtra-n4-5\/","name":"Pameco Aluster\u00e4 AT2890 Valtra N4\/5 - Pameco","isPartOf":{"@id":"https:\/\/www.pameco.fi\/et\/#website"},"primaryImageOfPage":{"@id":"https:\/\/www.pameco.fi\/et\/tuote\/pameco-alustera-at2890-valtra-n4-5\/#primaryimage"},"image":{"@id":"https:\/\/www.pameco.fi\/et\/tuote\/pameco-alustera-at2890-valtra-n4-5\/#primaryimage"},"thumbnailUrl":"https:\/\/www.pameco.fi\/wpc\/uploads\/2025\/08\/IMG-20230915-WA0009.jpg","datePublished":"2025-09-10T09:35:43+00:00","dateModified":"2026-03-27T07:50:45+00:00","breadcrumb":{"@id":"https:\/\/www.pameco.fi\/et\/tuote\/pameco-alustera-at2890-valtra-n4-5\/#breadcrumb"},"inLanguage":"et","potentialAction":[{"@type":"ReadAction","target":["https:\/\/www.pameco.fi\/et\/tuote\/pameco-alustera-at2890-valtra-n4-5\/"]}]},{"@type":"ImageObject","inLanguage":"et","@id":"https:\/\/www.pameco.fi\/et\/tuote\/pameco-alustera-at2890-valtra-n4-5\/#primaryimage","url":"https:\/\/www.pameco.fi\/wpc\/uploads\/2025\/08\/IMG-20230915-WA0009.jpg","contentUrl":"https:\/\/www.pameco.fi\/wpc\/uploads\/2025\/08\/IMG-20230915-WA0009.jpg","width":1186,"height":1485},{"@type":"BreadcrumbList","@id":"https:\/\/www.pameco.fi\/et\/tuote\/pameco-alustera-at2890-valtra-n4-5\/#breadcrumb","itemListElement":[{"@type":"ListItem","position":1,"name":"Esileht","item":"https:\/\/www.pameco.fi\/et\/"},{"@type":"ListItem","position":2,"name":"Pood","item":"https:\/\/www.pameco.fi\/verkkokauppa\/"},{"@type":"ListItem","position":3,"name":"Pameco Aluster\u00e4 AT2890 Valtra N4\/5"}]},{"@type":"WebSite","@id":"https:\/\/www.pameco.fi\/et\/#website","url":"https:\/\/www.pameco.fi\/et\/","name":"Pameco","description":"Suomalaiset PAMECO, HOKKE ja AJO-tuotteet kone\u00adurakointiin ja maa\u00adtilojen lietteen- sek\u00e4 vesien\u00adk\u00e4sittelyyn","publisher":{"@id":"https:\/\/www.pameco.fi\/et\/#organization"},"alternateName":"Nurmeksen Ter\u00e4smyynti Oy","potentialAction":[{"@type":"SearchAction","target":{"@type":"EntryPoint","urlTemplate":"https:\/\/www.pameco.fi\/et\/?s={search_term_string}"},"query-input":{"@type":"PropertyValueSpecification","valueRequired":true,"valueName":"search_term_string"}}],"inLanguage":"et"},{"@type":"Organization","@id":"https:\/\/www.pameco.fi\/et\/#organization","name":"Pameco","alternateName":"Nurmeksen Ter\u00e4smyynti Oy","url":"https:\/\/www.pameco.fi\/et\/","logo":{"@type":"ImageObject","inLanguage":"et","@id":"https:\/\/www.pameco.fi\/et\/#\/schema\/logo\/image\/","url":"https:\/\/www.pameco.fi\/wpc\/uploads\/2025\/09\/profiilikuva.png","contentUrl":"https:\/\/www.pameco.fi\/wpc\/uploads\/2025\/09\/profiilikuva.png","width":1500,"height":1500,"caption":"Pameco"},"image":{"@id":"https:\/\/www.pameco.fi\/et\/#\/schema\/logo\/image\/"},"sameAs":["https:\/\/www.facebook.com\/ntmoy","https:\/\/www.youtube.com\/channel\/UCDQ51KVHtb23Y4nTYonSeRw"]}]}},"_links":{"self":[{"href":"https:\/\/www.pameco.fi\/et\/wp-json\/wp\/v2\/product\/3021","targetHints":{"allow":["GET"]}}],"collection":[{"href":"https:\/\/www.pameco.fi\/et\/wp-json\/wp\/v2\/product"}],"about":[{"href":"https:\/\/www.pameco.fi\/et\/wp-json\/wp\/v2\/types\/product"}],"replies":[{"embeddable":true,"href":"https:\/\/www.pameco.fi\/et\/wp-json\/wp\/v2\/comments?post=3021"}],"wp:featuredmedia":[{"embeddable":true,"href":"https:\/\/www.pameco.fi\/et\/wp-json\/wp\/v2\/media\/823"}],"wp:attachment":[{"href":"https:\/\/www.pameco.fi\/et\/wp-json\/wp\/v2\/media?parent=3021"}],"wp:term":[{"taxonomy":"product_brand","embeddable":true,"href":"https:\/\/www.pameco.fi\/et\/wp-json\/wp\/v2\/product_brand?post=3021"},{"taxonomy":"product_cat","embeddable":true,"href":"https:\/\/www.pameco.fi\/et\/wp-json\/wp\/v2\/product_cat?post=3021"},{"taxonomy":"product_tag","embeddable":true,"href":"https:\/\/www.pameco.fi\/et\/wp-json\/wp\/v2\/product_tag?post=3021"}],"curies":[{"name":"wp","href":"https:\/\/api.w.org\/{rel}","templated":true}]}}