{"id":2768,"date":"2025-09-10T11:27:43","date_gmt":"2025-09-10T08:27:43","guid":{"rendered":"https:\/\/www.pameco.fi\/tuote\/ajo-rl-75-150-vaakaleikkuri-vesakon-raivaukseen\/"},"modified":"2025-10-01T12:05:06","modified_gmt":"2025-10-01T09:05:06","slug":"ajo-rl-75-150-vaakaleikkuri-vesakon-raivaukseen","status":"publish","type":"product","link":"https:\/\/www.pameco.fi\/sv\/tuote\/ajo-rl-75-150-vaakaleikkuri-vesakon-raivaukseen\/","title":{"rendered":"AJO RL 75\/150 -vaakaleikkuri vesakon raivaukseen"},"content":{"rendered":"","protected":false},"excerpt":{"rendered":"<ul class=\"check-list\">\n<li class=\"color--secondary\"><span class=\"top-margin-1em bottom-margin-1em\" style=\"color: #a6a49d;\">Vesakon vaakaleikkuuter\u00e4p\u00e4\u00e4n saa pikakiinnityksell\u00e4 kiinni AJO-puomistoihin.<\/span><\/li>\n<li class=\"color--secondary top-margin-1em bottom-margin-1em\"><span style=\"color: #a6a49d;\">Tilauksesta raivauster\u00e4p\u00e4ihin voidaan tehd\u00e4 my\u00f6s asiakkaan tarpeen mukaisia kiinnikkeit\u00e4.<\/span><\/li>\n<li class=\"color--secondary top-margin-1em bottom-margin-1em\"><span style=\"color: #a6a49d;\">Kyseinen ter\u00e4p\u00e4\u00e4 on tarkoitettu karkeampaan vesakkoon esimerkiksi peltojen laitamilla tai mets\u00e4autoteiden reunustoilla.<\/span><\/li>\n<li class=\"color--secondary top-margin-1em bottom-margin-1em\"><span style=\"color: #a6a49d;\">Ter\u00e4p\u00e4\u00e4n toiminta perustuu py\u00f6riv\u00e4\u00e4n ter\u00e4\u00e4n ja kiinte\u00e4\u00e4n vastater\u00e4\u00e4n, jonka hahloja vasten vesakko katkeaa saksiperiaatteella.<\/span><\/li>\n<li class=\"color--secondary top-margin-1em bottom-margin-1em\"><span style=\"color: #a6a49d;\">Kiinte\u00e4 ter\u00e4 on samalla alin kohta ter\u00e4p\u00e4\u00e4ss\u00e4, jolloin t\u00f6rm\u00e4yksen sattuessa se suojaa py\u00f6riv\u00e4\u00e4 veitse\u00e4 vaurioilta.<\/span><\/li>\n<li class=\"color--secondary top-margin-1em bottom-margin-1em\"><span style=\"color: #a6a49d;\">Laite toimii hydraulimoottorilla ja voima v\u00e4litet\u00e4\u00e4n leikkuuakselilta toiselle kiilahihnoilla.<\/span><\/li>\n<li class=\"color--secondary\"><span class=\"top-margin-1em bottom-margin-1em\" style=\"color: #a6a49d;\">Lis\u00e4varusteena ter\u00e4p\u00e4\u00e4h\u00e4n on saatavana k\u00e4\u00e4nt\u00f6laite ja jatkopuomi joka sopii esimerkiksi L\u00e4nnen-koneisiin suoraan.<\/span><\/li>\n<\/ul>\n<p>&nbsp;<\/p>\n<p>&nbsp;<\/p>\n<p class=\"h3\">Tekniset tiedot<\/p>\n[table id=24 \/]\n<p>&nbsp;<\/p>\n<p><a class=\"button\" href=\"https:\/\/www.pameco.fi\/yhteystiedot\/tarjouspyynto\/\">L\u00e4het\u00e4 tarjouspyynt\u00f6<\/a><\/p>\n","protected":false},"featured_media":191,"comment_status":"open","ping_status":"closed","template":"","meta":{"_improvement_type_select":"improve_an_existing","_thumb_yes_seoaic":false,"_frame_yes_seoaic":false,"seoaic_generate_description":"","seoaic_improve_instructions_prompt":"","seoaic_rollback_content_improvement":"","seoaic_idea_thumbnail_generator":"","thumbnail_generated":false,"thumbnail_generate_prompt":"","seoaic_article_description":""},"product_brand":[],"product_cat":[41,44],"product_tag":[],"class_list":{"0":"post-2768","1":"product","2":"type-product","3":"status-publish","4":"has-post-thumbnail","6":"product_cat-ajo-raivauslaitteet","7":"product_cat-ajo-vaakaleikkurit","9":"first","10":"instock","11":"taxable","12":"shipping-taxable","13":"product-type-simple"},"yoast_head":"<!-- This site is optimized with the Yoast SEO plugin v27.2 - https:\/\/yoast.com\/product\/yoast-seo-wordpress\/ -->\n<title>AJO RL 75\/150 -vaakaleikkuri vesakon raivaukseen - Pameco<\/title>\n<meta name=\"robots\" content=\"index, follow, max-snippet:-1, max-image-preview:large, max-video-preview:-1\" \/>\n<link rel=\"canonical\" href=\"https:\/\/www.pameco.fi\/sv\/tuote\/ajo-rl-75-150-vaakaleikkuri-vesakon-raivaukseen\/\" \/>\n<meta property=\"og:locale\" content=\"sv_SE\" \/>\n<meta property=\"og:type\" content=\"article\" \/>\n<meta property=\"og:title\" content=\"AJO RL 75\/150 -vaakaleikkuri vesakon raivaukseen - Pameco\" \/>\n<meta property=\"og:description\" content=\"Vesakon vaakaleikkuuter\u00e4p\u00e4\u00e4n saa pikakiinnityksell\u00e4 kiinni AJO-puomistoihin.  Tilauksesta raivauster\u00e4p\u00e4ihin voidaan tehd\u00e4 my\u00f6s asiakkaan tarpeen mukaisia kiinnikkeit\u00e4.  Kyseinen ter\u00e4p\u00e4\u00e4 on tarkoitettu karkeampaan vesakkoon esimerkiksi peltojen laitamilla tai mets\u00e4autoteiden reunustoilla.  Ter\u00e4p\u00e4\u00e4n toiminta perustuu py\u00f6riv\u00e4\u00e4n ter\u00e4\u00e4n ja kiinte\u00e4\u00e4n vastater\u00e4\u00e4n, jonka hahloja vasten vesakko katkeaa saksiperiaatteella.  Kiinte\u00e4 ter\u00e4 on samalla alin kohta ter\u00e4p\u00e4\u00e4ss\u00e4, jolloin t\u00f6rm\u00e4yksen sattuessa se suojaa py\u00f6riv\u00e4\u00e4 veitse\u00e4 vaurioilta.  Laite toimii hydraulimoottorilla ja voima v\u00e4litet\u00e4\u00e4n leikkuuakselilta toiselle kiilahihnoilla.  Lis\u00e4varusteena ter\u00e4p\u00e4\u00e4h\u00e4n on saatavana k\u00e4\u00e4nt\u00f6laite ja jatkopuomi joka sopii esimerkiksi L\u00e4nnen-koneisiin suoraan.  &nbsp;  &nbsp; Tekniset tiedot   &nbsp;  L\u00e4het\u00e4 tarjouspyynt\u00f6\" \/>\n<meta property=\"og:url\" content=\"https:\/\/www.pameco.fi\/sv\/tuote\/ajo-rl-75-150-vaakaleikkuri-vesakon-raivaukseen\/\" \/>\n<meta property=\"og:site_name\" content=\"Pameco\" \/>\n<meta property=\"article:publisher\" content=\"https:\/\/www.facebook.com\/ntmoy\" \/>\n<meta property=\"article:modified_time\" content=\"2025-10-01T09:05:06+00:00\" \/>\n<meta property=\"og:image\" content=\"https:\/\/www.pameco.fi\/wpc\/uploads\/2025\/08\/AJO-RL-75-150-vaakaleikkuri-vesakon-raivaukseen-01.jpg\" \/>\n\t<meta property=\"og:image:width\" content=\"1440\" \/>\n\t<meta property=\"og:image:height\" content=\"1080\" \/>\n\t<meta property=\"og:image:type\" content=\"image\/jpeg\" \/>\n<meta name=\"twitter:card\" content=\"summary_large_image\" \/>\n<meta name=\"twitter:label1\" content=\"Est. reading time\" \/>\n\t<meta name=\"twitter:data1\" content=\"1 minute\" \/>\n<script type=\"application\/ld+json\" class=\"yoast-schema-graph\">{\"@context\":\"https:\/\/schema.org\",\"@graph\":[{\"@type\":\"WebPage\",\"@id\":\"https:\/\/www.pameco.fi\/sv\/tuote\/ajo-rl-75-150-vaakaleikkuri-vesakon-raivaukseen\/\",\"url\":\"https:\/\/www.pameco.fi\/sv\/tuote\/ajo-rl-75-150-vaakaleikkuri-vesakon-raivaukseen\/\",\"name\":\"AJO RL 75\/150 -vaakaleikkuri vesakon raivaukseen - Pameco\",\"isPartOf\":{\"@id\":\"https:\/\/www.pameco.fi\/sv\/#website\"},\"primaryImageOfPage\":{\"@id\":\"https:\/\/www.pameco.fi\/sv\/tuote\/ajo-rl-75-150-vaakaleikkuri-vesakon-raivaukseen\/#primaryimage\"},\"image\":{\"@id\":\"https:\/\/www.pameco.fi\/sv\/tuote\/ajo-rl-75-150-vaakaleikkuri-vesakon-raivaukseen\/#primaryimage\"},\"thumbnailUrl\":\"https:\/\/www.pameco.fi\/wpc\/uploads\/2025\/08\/AJO-RL-75-150-vaakaleikkuri-vesakon-raivaukseen-01.jpg\",\"datePublished\":\"2025-09-10T08:27:43+00:00\",\"dateModified\":\"2025-10-01T09:05:06+00:00\",\"breadcrumb\":{\"@id\":\"https:\/\/www.pameco.fi\/sv\/tuote\/ajo-rl-75-150-vaakaleikkuri-vesakon-raivaukseen\/#breadcrumb\"},\"inLanguage\":\"sv-SE\",\"potentialAction\":[{\"@type\":\"ReadAction\",\"target\":[\"https:\/\/www.pameco.fi\/sv\/tuote\/ajo-rl-75-150-vaakaleikkuri-vesakon-raivaukseen\/\"]}]},{\"@type\":\"ImageObject\",\"inLanguage\":\"sv-SE\",\"@id\":\"https:\/\/www.pameco.fi\/sv\/tuote\/ajo-rl-75-150-vaakaleikkuri-vesakon-raivaukseen\/#primaryimage\",\"url\":\"https:\/\/www.pameco.fi\/wpc\/uploads\/2025\/08\/AJO-RL-75-150-vaakaleikkuri-vesakon-raivaukseen-01.jpg\",\"contentUrl\":\"https:\/\/www.pameco.fi\/wpc\/uploads\/2025\/08\/AJO-RL-75-150-vaakaleikkuri-vesakon-raivaukseen-01.jpg\",\"width\":1440,\"height\":1080},{\"@type\":\"BreadcrumbList\",\"@id\":\"https:\/\/www.pameco.fi\/sv\/tuote\/ajo-rl-75-150-vaakaleikkuri-vesakon-raivaukseen\/#breadcrumb\",\"itemListElement\":[{\"@type\":\"ListItem\",\"position\":1,\"name\":\"Hem\",\"item\":\"https:\/\/www.pameco.fi\/sv\/\"},{\"@type\":\"ListItem\",\"position\":2,\"name\":\"Butik\",\"item\":\"https:\/\/www.pameco.fi\/verkkokauppa\/\"},{\"@type\":\"ListItem\",\"position\":3,\"name\":\"AJO RL 75\/150 -vaakaleikkuri vesakon raivaukseen\"}]},{\"@type\":\"WebSite\",\"@id\":\"https:\/\/www.pameco.fi\/sv\/#website\",\"url\":\"https:\/\/www.pameco.fi\/sv\/\",\"name\":\"Pameco\",\"description\":\"Suomalaiset PAMECO, HOKKE ja AJO-tuotteet kone\u00adurakointiin ja maa\u00adtilojen lietteen- sek\u00e4 vesien\u00adk\u00e4sittelyyn\",\"publisher\":{\"@id\":\"https:\/\/www.pameco.fi\/sv\/#organization\"},\"alternateName\":\"Nurmeksen Ter\u00e4smyynti Oy\",\"potentialAction\":[{\"@type\":\"SearchAction\",\"target\":{\"@type\":\"EntryPoint\",\"urlTemplate\":\"https:\/\/www.pameco.fi\/sv\/?s={search_term_string}\"},\"query-input\":{\"@type\":\"PropertyValueSpecification\",\"valueRequired\":true,\"valueName\":\"search_term_string\"}}],\"inLanguage\":\"sv-SE\"},{\"@type\":\"Organization\",\"@id\":\"https:\/\/www.pameco.fi\/sv\/#organization\",\"name\":\"Pameco\",\"alternateName\":\"Nurmeksen Ter\u00e4smyynti Oy\",\"url\":\"https:\/\/www.pameco.fi\/sv\/\",\"logo\":{\"@type\":\"ImageObject\",\"inLanguage\":\"sv-SE\",\"@id\":\"https:\/\/www.pameco.fi\/sv\/#\/schema\/logo\/image\/\",\"url\":\"https:\/\/www.pameco.fi\/wpc\/uploads\/2025\/09\/profiilikuva.png\",\"contentUrl\":\"https:\/\/www.pameco.fi\/wpc\/uploads\/2025\/09\/profiilikuva.png\",\"width\":1500,\"height\":1500,\"caption\":\"Pameco\"},\"image\":{\"@id\":\"https:\/\/www.pameco.fi\/sv\/#\/schema\/logo\/image\/\"},\"sameAs\":[\"https:\/\/www.facebook.com\/ntmoy\",\"https:\/\/www.youtube.com\/channel\/UCDQ51KVHtb23Y4nTYonSeRw\"]}]}<\/script>\n<!-- \/ Yoast SEO plugin. -->","yoast_head_json":{"title":"AJO RL 75\/150 -vaakaleikkuri vesakon raivaukseen - Pameco","robots":{"index":"index","follow":"follow","max-snippet":"max-snippet:-1","max-image-preview":"max-image-preview:large","max-video-preview":"max-video-preview:-1"},"canonical":"https:\/\/www.pameco.fi\/sv\/tuote\/ajo-rl-75-150-vaakaleikkuri-vesakon-raivaukseen\/","og_locale":"sv_SE","og_type":"article","og_title":"AJO RL 75\/150 -vaakaleikkuri vesakon raivaukseen - Pameco","og_description":"Vesakon vaakaleikkuuter\u00e4p\u00e4\u00e4n saa pikakiinnityksell\u00e4 kiinni AJO-puomistoihin.  Tilauksesta raivauster\u00e4p\u00e4ihin voidaan tehd\u00e4 my\u00f6s asiakkaan tarpeen mukaisia kiinnikkeit\u00e4.  Kyseinen ter\u00e4p\u00e4\u00e4 on tarkoitettu karkeampaan vesakkoon esimerkiksi peltojen laitamilla tai mets\u00e4autoteiden reunustoilla.  Ter\u00e4p\u00e4\u00e4n toiminta perustuu py\u00f6riv\u00e4\u00e4n ter\u00e4\u00e4n ja kiinte\u00e4\u00e4n vastater\u00e4\u00e4n, jonka hahloja vasten vesakko katkeaa saksiperiaatteella.  Kiinte\u00e4 ter\u00e4 on samalla alin kohta ter\u00e4p\u00e4\u00e4ss\u00e4, jolloin t\u00f6rm\u00e4yksen sattuessa se suojaa py\u00f6riv\u00e4\u00e4 veitse\u00e4 vaurioilta.  Laite toimii hydraulimoottorilla ja voima v\u00e4litet\u00e4\u00e4n leikkuuakselilta toiselle kiilahihnoilla.  Lis\u00e4varusteena ter\u00e4p\u00e4\u00e4h\u00e4n on saatavana k\u00e4\u00e4nt\u00f6laite ja jatkopuomi joka sopii esimerkiksi L\u00e4nnen-koneisiin suoraan.  &nbsp;  &nbsp; Tekniset tiedot   &nbsp;  L\u00e4het\u00e4 tarjouspyynt\u00f6","og_url":"https:\/\/www.pameco.fi\/sv\/tuote\/ajo-rl-75-150-vaakaleikkuri-vesakon-raivaukseen\/","og_site_name":"Pameco","article_publisher":"https:\/\/www.facebook.com\/ntmoy","article_modified_time":"2025-10-01T09:05:06+00:00","og_image":[{"width":1440,"height":1080,"url":"https:\/\/www.pameco.fi\/wpc\/uploads\/2025\/08\/AJO-RL-75-150-vaakaleikkuri-vesakon-raivaukseen-01.jpg","type":"image\/jpeg"}],"twitter_card":"summary_large_image","twitter_misc":{"Est. reading time":"1 minute"},"schema":{"@context":"https:\/\/schema.org","@graph":[{"@type":"WebPage","@id":"https:\/\/www.pameco.fi\/sv\/tuote\/ajo-rl-75-150-vaakaleikkuri-vesakon-raivaukseen\/","url":"https:\/\/www.pameco.fi\/sv\/tuote\/ajo-rl-75-150-vaakaleikkuri-vesakon-raivaukseen\/","name":"AJO RL 75\/150 -vaakaleikkuri vesakon raivaukseen - Pameco","isPartOf":{"@id":"https:\/\/www.pameco.fi\/sv\/#website"},"primaryImageOfPage":{"@id":"https:\/\/www.pameco.fi\/sv\/tuote\/ajo-rl-75-150-vaakaleikkuri-vesakon-raivaukseen\/#primaryimage"},"image":{"@id":"https:\/\/www.pameco.fi\/sv\/tuote\/ajo-rl-75-150-vaakaleikkuri-vesakon-raivaukseen\/#primaryimage"},"thumbnailUrl":"https:\/\/www.pameco.fi\/wpc\/uploads\/2025\/08\/AJO-RL-75-150-vaakaleikkuri-vesakon-raivaukseen-01.jpg","datePublished":"2025-09-10T08:27:43+00:00","dateModified":"2025-10-01T09:05:06+00:00","breadcrumb":{"@id":"https:\/\/www.pameco.fi\/sv\/tuote\/ajo-rl-75-150-vaakaleikkuri-vesakon-raivaukseen\/#breadcrumb"},"inLanguage":"sv-SE","potentialAction":[{"@type":"ReadAction","target":["https:\/\/www.pameco.fi\/sv\/tuote\/ajo-rl-75-150-vaakaleikkuri-vesakon-raivaukseen\/"]}]},{"@type":"ImageObject","inLanguage":"sv-SE","@id":"https:\/\/www.pameco.fi\/sv\/tuote\/ajo-rl-75-150-vaakaleikkuri-vesakon-raivaukseen\/#primaryimage","url":"https:\/\/www.pameco.fi\/wpc\/uploads\/2025\/08\/AJO-RL-75-150-vaakaleikkuri-vesakon-raivaukseen-01.jpg","contentUrl":"https:\/\/www.pameco.fi\/wpc\/uploads\/2025\/08\/AJO-RL-75-150-vaakaleikkuri-vesakon-raivaukseen-01.jpg","width":1440,"height":1080},{"@type":"BreadcrumbList","@id":"https:\/\/www.pameco.fi\/sv\/tuote\/ajo-rl-75-150-vaakaleikkuri-vesakon-raivaukseen\/#breadcrumb","itemListElement":[{"@type":"ListItem","position":1,"name":"Hem","item":"https:\/\/www.pameco.fi\/sv\/"},{"@type":"ListItem","position":2,"name":"Butik","item":"https:\/\/www.pameco.fi\/verkkokauppa\/"},{"@type":"ListItem","position":3,"name":"AJO RL 75\/150 -vaakaleikkuri vesakon raivaukseen"}]},{"@type":"WebSite","@id":"https:\/\/www.pameco.fi\/sv\/#website","url":"https:\/\/www.pameco.fi\/sv\/","name":"Pameco","description":"Suomalaiset PAMECO, HOKKE ja AJO-tuotteet kone\u00adurakointiin ja maa\u00adtilojen lietteen- sek\u00e4 vesien\u00adk\u00e4sittelyyn","publisher":{"@id":"https:\/\/www.pameco.fi\/sv\/#organization"},"alternateName":"Nurmeksen Ter\u00e4smyynti Oy","potentialAction":[{"@type":"SearchAction","target":{"@type":"EntryPoint","urlTemplate":"https:\/\/www.pameco.fi\/sv\/?s={search_term_string}"},"query-input":{"@type":"PropertyValueSpecification","valueRequired":true,"valueName":"search_term_string"}}],"inLanguage":"sv-SE"},{"@type":"Organization","@id":"https:\/\/www.pameco.fi\/sv\/#organization","name":"Pameco","alternateName":"Nurmeksen Ter\u00e4smyynti Oy","url":"https:\/\/www.pameco.fi\/sv\/","logo":{"@type":"ImageObject","inLanguage":"sv-SE","@id":"https:\/\/www.pameco.fi\/sv\/#\/schema\/logo\/image\/","url":"https:\/\/www.pameco.fi\/wpc\/uploads\/2025\/09\/profiilikuva.png","contentUrl":"https:\/\/www.pameco.fi\/wpc\/uploads\/2025\/09\/profiilikuva.png","width":1500,"height":1500,"caption":"Pameco"},"image":{"@id":"https:\/\/www.pameco.fi\/sv\/#\/schema\/logo\/image\/"},"sameAs":["https:\/\/www.facebook.com\/ntmoy","https:\/\/www.youtube.com\/channel\/UCDQ51KVHtb23Y4nTYonSeRw"]}]}},"_links":{"self":[{"href":"https:\/\/www.pameco.fi\/sv\/wp-json\/wp\/v2\/product\/2768","targetHints":{"allow":["GET"]}}],"collection":[{"href":"https:\/\/www.pameco.fi\/sv\/wp-json\/wp\/v2\/product"}],"about":[{"href":"https:\/\/www.pameco.fi\/sv\/wp-json\/wp\/v2\/types\/product"}],"replies":[{"embeddable":true,"href":"https:\/\/www.pameco.fi\/sv\/wp-json\/wp\/v2\/comments?post=2768"}],"wp:featuredmedia":[{"embeddable":true,"href":"https:\/\/www.pameco.fi\/sv\/wp-json\/wp\/v2\/media\/191"}],"wp:attachment":[{"href":"https:\/\/www.pameco.fi\/sv\/wp-json\/wp\/v2\/media?parent=2768"}],"wp:term":[{"taxonomy":"product_brand","embeddable":true,"href":"https:\/\/www.pameco.fi\/sv\/wp-json\/wp\/v2\/product_brand?post=2768"},{"taxonomy":"product_cat","embeddable":true,"href":"https:\/\/www.pameco.fi\/sv\/wp-json\/wp\/v2\/product_cat?post=2768"},{"taxonomy":"product_tag","embeddable":true,"href":"https:\/\/www.pameco.fi\/sv\/wp-json\/wp\/v2\/product_tag?post=2768"}],"curies":[{"name":"wp","href":"https:\/\/api.w.org\/{rel}","templated":true}]}}