{"id":2769,"date":"2025-09-10T11:27:43","date_gmt":"2025-09-10T08:27:43","guid":{"rendered":"https:\/\/www.pameco.fi\/tuote\/ajo-vastapainosarja\/"},"modified":"2025-09-29T12:38:11","modified_gmt":"2025-09-29T09:38:11","slug":"ajo-vastapainosarja","status":"publish","type":"product","link":"https:\/\/www.pameco.fi\/sv\/tuote\/ajo-vastapainosarja\/","title":{"rendered":"AJO vastapainosarja"},"content":{"rendered":"","protected":false},"excerpt":{"rendered":"<ul class=\"check-list\">\n<li class=\"top-margin-1em color--secondary\"><span style=\"color: #a6a49d;\">Vastapainosarja AJO 400 \u2013 ja 700T -puomistoihin vakauttamaan peruskoneen kulkua.<\/span><\/li>\n<li class=\"top-margin-1em color--secondary\"><span style=\"color: #a6a49d;\">Lis\u00e4\u00e4 turvallisuutta ja ohjattavuutta ty\u00f6skentelyyn.<\/span><\/li>\n<li class=\"top-margin-1em color--secondary\"><span style=\"color: #a6a49d;\">Painosarjan massa noin 500kg, levypainot asennetaan ty\u00f6nt\u00f6rungon kylkeen, kiinnitys mutterilukituksella.<\/span><\/li>\n<\/ul>\n<p><a class=\"button\" href=\"https:\/\/www.pameco.fi\/yhteystiedot\/tarjouspyynto\/\">L\u00e4het\u00e4 tarjouspyynt\u00f6<\/a><\/p>\n","protected":false},"featured_media":197,"comment_status":"open","ping_status":"closed","template":"","meta":{"_improvement_type_select":"improve_an_existing","_thumb_yes_seoaic":false,"_frame_yes_seoaic":false,"seoaic_generate_description":"","seoaic_improve_instructions_prompt":"","seoaic_rollback_content_improvement":"","seoaic_idea_thumbnail_generator":"","thumbnail_generated":false,"thumbnail_generate_prompt":"","seoaic_article_description":""},"product_brand":[],"product_cat":[39],"product_tag":[],"class_list":{"0":"post-2769","1":"product","2":"type-product","3":"status-publish","4":"has-post-thumbnail","6":"product_cat-ajo-lisavarusteet","8":"first","9":"instock","10":"taxable","11":"shipping-taxable","12":"product-type-simple"},"yoast_head":"<!-- This site is optimized with the Yoast SEO plugin v27.2 - https:\/\/yoast.com\/product\/yoast-seo-wordpress\/ -->\n<title>AJO vastapainosarja - Pameco<\/title>\n<meta name=\"robots\" content=\"index, follow, max-snippet:-1, max-image-preview:large, max-video-preview:-1\" \/>\n<link rel=\"canonical\" href=\"https:\/\/www.pameco.fi\/sv\/tuote\/ajo-vastapainosarja\/\" \/>\n<meta property=\"og:locale\" content=\"sv_SE\" \/>\n<meta property=\"og:type\" content=\"article\" \/>\n<meta property=\"og:title\" content=\"AJO vastapainosarja - Pameco\" \/>\n<meta property=\"og:description\" content=\"Vastapainosarja AJO 400 \u2013 ja 700T -puomistoihin vakauttamaan peruskoneen kulkua.  Lis\u00e4\u00e4 turvallisuutta ja ohjattavuutta ty\u00f6skentelyyn.  Painosarjan massa noin 500kg, levypainot asennetaan ty\u00f6nt\u00f6rungon kylkeen, kiinnitys mutterilukituksella.  L\u00e4het\u00e4 tarjouspyynt\u00f6\" \/>\n<meta property=\"og:url\" content=\"https:\/\/www.pameco.fi\/sv\/tuote\/ajo-vastapainosarja\/\" \/>\n<meta property=\"og:site_name\" content=\"Pameco\" \/>\n<meta property=\"article:publisher\" content=\"https:\/\/www.facebook.com\/ntmoy\" \/>\n<meta property=\"article:modified_time\" content=\"2025-09-29T09:38:11+00:00\" \/>\n<meta property=\"og:image\" content=\"https:\/\/www.pameco.fi\/wpc\/uploads\/2025\/08\/AJO-Vastapainosarja.jpg\" \/>\n\t<meta property=\"og:image:width\" content=\"2000\" \/>\n\t<meta property=\"og:image:height\" content=\"1333\" \/>\n\t<meta property=\"og:image:type\" content=\"image\/jpeg\" \/>\n<meta name=\"twitter:card\" content=\"summary_large_image\" \/>\n<meta name=\"twitter:label1\" content=\"Est. reading time\" \/>\n\t<meta name=\"twitter:data1\" content=\"1 minute\" \/>\n<script type=\"application\/ld+json\" class=\"yoast-schema-graph\">{\"@context\":\"https:\/\/schema.org\",\"@graph\":[{\"@type\":\"WebPage\",\"@id\":\"https:\/\/www.pameco.fi\/sv\/tuote\/ajo-vastapainosarja\/\",\"url\":\"https:\/\/www.pameco.fi\/sv\/tuote\/ajo-vastapainosarja\/\",\"name\":\"AJO vastapainosarja - Pameco\",\"isPartOf\":{\"@id\":\"https:\/\/www.pameco.fi\/sv\/#website\"},\"primaryImageOfPage\":{\"@id\":\"https:\/\/www.pameco.fi\/sv\/tuote\/ajo-vastapainosarja\/#primaryimage\"},\"image\":{\"@id\":\"https:\/\/www.pameco.fi\/sv\/tuote\/ajo-vastapainosarja\/#primaryimage\"},\"thumbnailUrl\":\"https:\/\/www.pameco.fi\/wpc\/uploads\/2025\/08\/AJO-Vastapainosarja.jpg\",\"datePublished\":\"2025-09-10T08:27:43+00:00\",\"dateModified\":\"2025-09-29T09:38:11+00:00\",\"breadcrumb\":{\"@id\":\"https:\/\/www.pameco.fi\/sv\/tuote\/ajo-vastapainosarja\/#breadcrumb\"},\"inLanguage\":\"sv-SE\",\"potentialAction\":[{\"@type\":\"ReadAction\",\"target\":[\"https:\/\/www.pameco.fi\/sv\/tuote\/ajo-vastapainosarja\/\"]}]},{\"@type\":\"ImageObject\",\"inLanguage\":\"sv-SE\",\"@id\":\"https:\/\/www.pameco.fi\/sv\/tuote\/ajo-vastapainosarja\/#primaryimage\",\"url\":\"https:\/\/www.pameco.fi\/wpc\/uploads\/2025\/08\/AJO-Vastapainosarja.jpg\",\"contentUrl\":\"https:\/\/www.pameco.fi\/wpc\/uploads\/2025\/08\/AJO-Vastapainosarja.jpg\",\"width\":2000,\"height\":1333},{\"@type\":\"BreadcrumbList\",\"@id\":\"https:\/\/www.pameco.fi\/sv\/tuote\/ajo-vastapainosarja\/#breadcrumb\",\"itemListElement\":[{\"@type\":\"ListItem\",\"position\":1,\"name\":\"Hem\",\"item\":\"https:\/\/www.pameco.fi\/sv\/\"},{\"@type\":\"ListItem\",\"position\":2,\"name\":\"Butik\",\"item\":\"https:\/\/www.pameco.fi\/verkkokauppa\/\"},{\"@type\":\"ListItem\",\"position\":3,\"name\":\"AJO vastapainosarja\"}]},{\"@type\":\"WebSite\",\"@id\":\"https:\/\/www.pameco.fi\/sv\/#website\",\"url\":\"https:\/\/www.pameco.fi\/sv\/\",\"name\":\"Pameco\",\"description\":\"Suomalaiset PAMECO, HOKKE ja AJO-tuotteet kone\u00adurakointiin ja maa\u00adtilojen lietteen- sek\u00e4 vesien\u00adk\u00e4sittelyyn\",\"publisher\":{\"@id\":\"https:\/\/www.pameco.fi\/sv\/#organization\"},\"alternateName\":\"Nurmeksen Ter\u00e4smyynti Oy\",\"potentialAction\":[{\"@type\":\"SearchAction\",\"target\":{\"@type\":\"EntryPoint\",\"urlTemplate\":\"https:\/\/www.pameco.fi\/sv\/?s={search_term_string}\"},\"query-input\":{\"@type\":\"PropertyValueSpecification\",\"valueRequired\":true,\"valueName\":\"search_term_string\"}}],\"inLanguage\":\"sv-SE\"},{\"@type\":\"Organization\",\"@id\":\"https:\/\/www.pameco.fi\/sv\/#organization\",\"name\":\"Pameco\",\"alternateName\":\"Nurmeksen Ter\u00e4smyynti Oy\",\"url\":\"https:\/\/www.pameco.fi\/sv\/\",\"logo\":{\"@type\":\"ImageObject\",\"inLanguage\":\"sv-SE\",\"@id\":\"https:\/\/www.pameco.fi\/sv\/#\/schema\/logo\/image\/\",\"url\":\"https:\/\/www.pameco.fi\/wpc\/uploads\/2025\/09\/profiilikuva.png\",\"contentUrl\":\"https:\/\/www.pameco.fi\/wpc\/uploads\/2025\/09\/profiilikuva.png\",\"width\":1500,\"height\":1500,\"caption\":\"Pameco\"},\"image\":{\"@id\":\"https:\/\/www.pameco.fi\/sv\/#\/schema\/logo\/image\/\"},\"sameAs\":[\"https:\/\/www.facebook.com\/ntmoy\",\"https:\/\/www.youtube.com\/channel\/UCDQ51KVHtb23Y4nTYonSeRw\"]}]}<\/script>\n<!-- \/ Yoast SEO plugin. -->","yoast_head_json":{"title":"AJO vastapainosarja - Pameco","robots":{"index":"index","follow":"follow","max-snippet":"max-snippet:-1","max-image-preview":"max-image-preview:large","max-video-preview":"max-video-preview:-1"},"canonical":"https:\/\/www.pameco.fi\/sv\/tuote\/ajo-vastapainosarja\/","og_locale":"sv_SE","og_type":"article","og_title":"AJO vastapainosarja - Pameco","og_description":"Vastapainosarja AJO 400 \u2013 ja 700T -puomistoihin vakauttamaan peruskoneen kulkua.  Lis\u00e4\u00e4 turvallisuutta ja ohjattavuutta ty\u00f6skentelyyn.  Painosarjan massa noin 500kg, levypainot asennetaan ty\u00f6nt\u00f6rungon kylkeen, kiinnitys mutterilukituksella.  L\u00e4het\u00e4 tarjouspyynt\u00f6","og_url":"https:\/\/www.pameco.fi\/sv\/tuote\/ajo-vastapainosarja\/","og_site_name":"Pameco","article_publisher":"https:\/\/www.facebook.com\/ntmoy","article_modified_time":"2025-09-29T09:38:11+00:00","og_image":[{"width":2000,"height":1333,"url":"https:\/\/www.pameco.fi\/wpc\/uploads\/2025\/08\/AJO-Vastapainosarja.jpg","type":"image\/jpeg"}],"twitter_card":"summary_large_image","twitter_misc":{"Est. reading time":"1 minute"},"schema":{"@context":"https:\/\/schema.org","@graph":[{"@type":"WebPage","@id":"https:\/\/www.pameco.fi\/sv\/tuote\/ajo-vastapainosarja\/","url":"https:\/\/www.pameco.fi\/sv\/tuote\/ajo-vastapainosarja\/","name":"AJO vastapainosarja - Pameco","isPartOf":{"@id":"https:\/\/www.pameco.fi\/sv\/#website"},"primaryImageOfPage":{"@id":"https:\/\/www.pameco.fi\/sv\/tuote\/ajo-vastapainosarja\/#primaryimage"},"image":{"@id":"https:\/\/www.pameco.fi\/sv\/tuote\/ajo-vastapainosarja\/#primaryimage"},"thumbnailUrl":"https:\/\/www.pameco.fi\/wpc\/uploads\/2025\/08\/AJO-Vastapainosarja.jpg","datePublished":"2025-09-10T08:27:43+00:00","dateModified":"2025-09-29T09:38:11+00:00","breadcrumb":{"@id":"https:\/\/www.pameco.fi\/sv\/tuote\/ajo-vastapainosarja\/#breadcrumb"},"inLanguage":"sv-SE","potentialAction":[{"@type":"ReadAction","target":["https:\/\/www.pameco.fi\/sv\/tuote\/ajo-vastapainosarja\/"]}]},{"@type":"ImageObject","inLanguage":"sv-SE","@id":"https:\/\/www.pameco.fi\/sv\/tuote\/ajo-vastapainosarja\/#primaryimage","url":"https:\/\/www.pameco.fi\/wpc\/uploads\/2025\/08\/AJO-Vastapainosarja.jpg","contentUrl":"https:\/\/www.pameco.fi\/wpc\/uploads\/2025\/08\/AJO-Vastapainosarja.jpg","width":2000,"height":1333},{"@type":"BreadcrumbList","@id":"https:\/\/www.pameco.fi\/sv\/tuote\/ajo-vastapainosarja\/#breadcrumb","itemListElement":[{"@type":"ListItem","position":1,"name":"Hem","item":"https:\/\/www.pameco.fi\/sv\/"},{"@type":"ListItem","position":2,"name":"Butik","item":"https:\/\/www.pameco.fi\/verkkokauppa\/"},{"@type":"ListItem","position":3,"name":"AJO vastapainosarja"}]},{"@type":"WebSite","@id":"https:\/\/www.pameco.fi\/sv\/#website","url":"https:\/\/www.pameco.fi\/sv\/","name":"Pameco","description":"Suomalaiset PAMECO, HOKKE ja AJO-tuotteet kone\u00adurakointiin ja maa\u00adtilojen lietteen- sek\u00e4 vesien\u00adk\u00e4sittelyyn","publisher":{"@id":"https:\/\/www.pameco.fi\/sv\/#organization"},"alternateName":"Nurmeksen Ter\u00e4smyynti Oy","potentialAction":[{"@type":"SearchAction","target":{"@type":"EntryPoint","urlTemplate":"https:\/\/www.pameco.fi\/sv\/?s={search_term_string}"},"query-input":{"@type":"PropertyValueSpecification","valueRequired":true,"valueName":"search_term_string"}}],"inLanguage":"sv-SE"},{"@type":"Organization","@id":"https:\/\/www.pameco.fi\/sv\/#organization","name":"Pameco","alternateName":"Nurmeksen Ter\u00e4smyynti Oy","url":"https:\/\/www.pameco.fi\/sv\/","logo":{"@type":"ImageObject","inLanguage":"sv-SE","@id":"https:\/\/www.pameco.fi\/sv\/#\/schema\/logo\/image\/","url":"https:\/\/www.pameco.fi\/wpc\/uploads\/2025\/09\/profiilikuva.png","contentUrl":"https:\/\/www.pameco.fi\/wpc\/uploads\/2025\/09\/profiilikuva.png","width":1500,"height":1500,"caption":"Pameco"},"image":{"@id":"https:\/\/www.pameco.fi\/sv\/#\/schema\/logo\/image\/"},"sameAs":["https:\/\/www.facebook.com\/ntmoy","https:\/\/www.youtube.com\/channel\/UCDQ51KVHtb23Y4nTYonSeRw"]}]}},"_links":{"self":[{"href":"https:\/\/www.pameco.fi\/sv\/wp-json\/wp\/v2\/product\/2769","targetHints":{"allow":["GET"]}}],"collection":[{"href":"https:\/\/www.pameco.fi\/sv\/wp-json\/wp\/v2\/product"}],"about":[{"href":"https:\/\/www.pameco.fi\/sv\/wp-json\/wp\/v2\/types\/product"}],"replies":[{"embeddable":true,"href":"https:\/\/www.pameco.fi\/sv\/wp-json\/wp\/v2\/comments?post=2769"}],"wp:featuredmedia":[{"embeddable":true,"href":"https:\/\/www.pameco.fi\/sv\/wp-json\/wp\/v2\/media\/197"}],"wp:attachment":[{"href":"https:\/\/www.pameco.fi\/sv\/wp-json\/wp\/v2\/media?parent=2769"}],"wp:term":[{"taxonomy":"product_brand","embeddable":true,"href":"https:\/\/www.pameco.fi\/sv\/wp-json\/wp\/v2\/product_brand?post=2769"},{"taxonomy":"product_cat","embeddable":true,"href":"https:\/\/www.pameco.fi\/sv\/wp-json\/wp\/v2\/product_cat?post=2769"},{"taxonomy":"product_tag","embeddable":true,"href":"https:\/\/www.pameco.fi\/sv\/wp-json\/wp\/v2\/product_tag?post=2769"}],"curies":[{"name":"wp","href":"https:\/\/api.w.org\/{rel}","templated":true}]}}