{"id":2770,"date":"2025-09-10T11:27:44","date_gmt":"2025-09-10T08:27:44","guid":{"rendered":"https:\/\/www.pameco.fi\/tuote\/ajo-t260-hydraulinen-kuorma-auton-telahiekoituslaite\/"},"modified":"2025-10-22T12:46:06","modified_gmt":"2025-10-22T09:46:06","slug":"ajo-t260-hydraulinen-kuorma-auton-telahiekoituslaite","status":"publish","type":"product","link":"https:\/\/www.pameco.fi\/sv\/tuote\/ajo-t260-hydraulinen-kuorma-auton-telahiekoituslaite\/","title":{"rendered":"AJO T260 &#8211; Kuorma-auton telahiekoituslaite"},"content":{"rendered":"","protected":false},"excerpt":{"rendered":"<ul class=\"check-list\">\n<li class=\"color--secondary\"><span class=\"top-margin-1em bottom-margin-1em\" style=\"color: #a6a49d;\">Hydraulinen kuorma-auton telasirottelulaite kiinnitet\u00e4\u00e4n per\u00e4laudan paikalle.<\/span><\/li>\n<li class=\"color--secondary top-margin-1em bottom-margin-1em\"><span style=\"color: #a6a49d;\">Hiekoitin soveltuu suolan ja hiekan sirotteluun.<\/span><\/li>\n<li class=\"color--secondary top-margin-1em bottom-margin-1em\"><span style=\"color: #a6a49d;\">Sirottelum\u00e4\u00e4r\u00e4n karkeas\u00e4\u00e4t\u00f6 tehd\u00e4\u00e4n mekaanisesti ja hienos\u00e4\u00e4t\u00f6 tehd\u00e4\u00e4n pneumaattisesti.<\/span><\/li>\n<li class=\"color--secondary top-margin-1em bottom-margin-1em\"><span style=\"color: #a6a49d;\">Aukeavan per\u00e4laudan ansiosta laite on helppo tyhjent\u00e4\u00e4 ja puhdistaa.<\/span><\/li>\n<li class=\"color--secondary top-margin-1em bottom-margin-1em\"><span style=\"color: #a6a49d;\">Laitteen mukana s\u00e4\u00e4dett\u00e4v\u00e4t tulee seisontajalat varastointia varten.<\/span><\/li>\n<li class=\"color--secondary\"><span class=\"top-margin-1em bottom-margin-1em\" style=\"color: #a6a49d;\">Laite kokonaan kuumasinkitty.<\/span><\/li>\n<\/ul>\n<p>&nbsp;<\/p>\n<p class=\"h3\">Tekniset tiedot<\/p>\n[table id=25 \/]\n<p>&nbsp;<\/p>\n<p>&nbsp;<\/p>\n<h3><a class=\"button\" href=\"https:\/\/www.pameco.fi\/yhteystiedot\/tarjouspyynto\/\" target=\"_blank\" rel=\"noopener\">L\u00e4het\u00e4 tarjouspyynt\u00f6<\/a><\/h3>\n","protected":false},"featured_media":198,"comment_status":"open","ping_status":"closed","template":"","meta":{"_improvement_type_select":"improve_an_existing","_thumb_yes_seoaic":false,"_frame_yes_seoaic":false,"seoaic_generate_description":"","seoaic_improve_instructions_prompt":"","seoaic_rollback_content_improvement":"","seoaic_idea_thumbnail_generator":"","thumbnail_generated":false,"thumbnail_generate_prompt":"","seoaic_article_description":""},"product_brand":[],"product_cat":[46],"product_tag":[],"class_list":{"0":"post-2770","1":"product","2":"type-product","3":"status-publish","4":"has-post-thumbnail","6":"product_cat-ajo-hiekoittimet","8":"first","9":"instock","10":"featured","11":"taxable","12":"shipping-taxable","13":"product-type-simple"},"yoast_head":"<!-- This site is optimized with the Yoast SEO plugin v27.2 - https:\/\/yoast.com\/product\/yoast-seo-wordpress\/ -->\n<title>AJO T260 - Kuorma-auton telahiekoituslaite - Pameco<\/title>\n<meta name=\"robots\" content=\"index, follow, max-snippet:-1, max-image-preview:large, max-video-preview:-1\" \/>\n<link rel=\"canonical\" href=\"https:\/\/www.pameco.fi\/sv\/tuote\/ajo-t260-hydraulinen-kuorma-auton-telahiekoituslaite\/\" \/>\n<meta property=\"og:locale\" content=\"sv_SE\" \/>\n<meta property=\"og:type\" content=\"article\" \/>\n<meta property=\"og:title\" content=\"AJO T260 - Kuorma-auton telahiekoituslaite - Pameco\" \/>\n<meta property=\"og:description\" content=\"Hydraulinen kuorma-auton telasirottelulaite kiinnitet\u00e4\u00e4n per\u00e4laudan paikalle.  Hiekoitin soveltuu suolan ja hiekan sirotteluun.  Sirottelum\u00e4\u00e4r\u00e4n karkeas\u00e4\u00e4t\u00f6 tehd\u00e4\u00e4n mekaanisesti ja hienos\u00e4\u00e4t\u00f6 tehd\u00e4\u00e4n pneumaattisesti.  Aukeavan per\u00e4laudan ansiosta laite on helppo tyhjent\u00e4\u00e4 ja puhdistaa.  Laitteen mukana s\u00e4\u00e4dett\u00e4v\u00e4t tulee seisontajalat varastointia varten.  Laite kokonaan kuumasinkitty.  &nbsp; Tekniset tiedot   &nbsp;  &nbsp; L\u00e4het\u00e4 tarjouspyynt\u00f6\" \/>\n<meta property=\"og:url\" content=\"https:\/\/www.pameco.fi\/sv\/tuote\/ajo-t260-hydraulinen-kuorma-auton-telahiekoituslaite\/\" \/>\n<meta property=\"og:site_name\" content=\"Pameco\" \/>\n<meta property=\"article:publisher\" content=\"https:\/\/www.facebook.com\/ntmoy\" \/>\n<meta property=\"article:modified_time\" content=\"2025-10-22T09:46:06+00:00\" \/>\n<meta property=\"og:image\" content=\"https:\/\/www.pameco.fi\/wpc\/uploads\/2025\/08\/AJO-T260-hydraulinen-kuorma-auton-telahiekoituslaite-01.jpg\" \/>\n\t<meta property=\"og:image:width\" content=\"1169\" \/>\n\t<meta property=\"og:image:height\" content=\"877\" \/>\n\t<meta property=\"og:image:type\" content=\"image\/jpeg\" \/>\n<meta name=\"twitter:card\" content=\"summary_large_image\" \/>\n<meta name=\"twitter:label1\" content=\"Est. reading time\" \/>\n\t<meta name=\"twitter:data1\" content=\"1 minute\" \/>\n<script type=\"application\/ld+json\" class=\"yoast-schema-graph\">{\"@context\":\"https:\/\/schema.org\",\"@graph\":[{\"@type\":\"WebPage\",\"@id\":\"https:\/\/www.pameco.fi\/sv\/tuote\/ajo-t260-hydraulinen-kuorma-auton-telahiekoituslaite\/\",\"url\":\"https:\/\/www.pameco.fi\/sv\/tuote\/ajo-t260-hydraulinen-kuorma-auton-telahiekoituslaite\/\",\"name\":\"AJO T260 - Kuorma-auton telahiekoituslaite - Pameco\",\"isPartOf\":{\"@id\":\"https:\/\/www.pameco.fi\/sv\/#website\"},\"primaryImageOfPage\":{\"@id\":\"https:\/\/www.pameco.fi\/sv\/tuote\/ajo-t260-hydraulinen-kuorma-auton-telahiekoituslaite\/#primaryimage\"},\"image\":{\"@id\":\"https:\/\/www.pameco.fi\/sv\/tuote\/ajo-t260-hydraulinen-kuorma-auton-telahiekoituslaite\/#primaryimage\"},\"thumbnailUrl\":\"https:\/\/www.pameco.fi\/wpc\/uploads\/2025\/08\/AJO-T260-hydraulinen-kuorma-auton-telahiekoituslaite-01.jpg\",\"datePublished\":\"2025-09-10T08:27:44+00:00\",\"dateModified\":\"2025-10-22T09:46:06+00:00\",\"breadcrumb\":{\"@id\":\"https:\/\/www.pameco.fi\/sv\/tuote\/ajo-t260-hydraulinen-kuorma-auton-telahiekoituslaite\/#breadcrumb\"},\"inLanguage\":\"sv-SE\",\"potentialAction\":[{\"@type\":\"ReadAction\",\"target\":[\"https:\/\/www.pameco.fi\/sv\/tuote\/ajo-t260-hydraulinen-kuorma-auton-telahiekoituslaite\/\"]}]},{\"@type\":\"ImageObject\",\"inLanguage\":\"sv-SE\",\"@id\":\"https:\/\/www.pameco.fi\/sv\/tuote\/ajo-t260-hydraulinen-kuorma-auton-telahiekoituslaite\/#primaryimage\",\"url\":\"https:\/\/www.pameco.fi\/wpc\/uploads\/2025\/08\/AJO-T260-hydraulinen-kuorma-auton-telahiekoituslaite-01.jpg\",\"contentUrl\":\"https:\/\/www.pameco.fi\/wpc\/uploads\/2025\/08\/AJO-T260-hydraulinen-kuorma-auton-telahiekoituslaite-01.jpg\",\"width\":1169,\"height\":877},{\"@type\":\"BreadcrumbList\",\"@id\":\"https:\/\/www.pameco.fi\/sv\/tuote\/ajo-t260-hydraulinen-kuorma-auton-telahiekoituslaite\/#breadcrumb\",\"itemListElement\":[{\"@type\":\"ListItem\",\"position\":1,\"name\":\"Hem\",\"item\":\"https:\/\/www.pameco.fi\/sv\/\"},{\"@type\":\"ListItem\",\"position\":2,\"name\":\"Butik\",\"item\":\"https:\/\/www.pameco.fi\/verkkokauppa\/\"},{\"@type\":\"ListItem\",\"position\":3,\"name\":\"AJO T260 &#8211; Kuorma-auton telahiekoituslaite\"}]},{\"@type\":\"WebSite\",\"@id\":\"https:\/\/www.pameco.fi\/sv\/#website\",\"url\":\"https:\/\/www.pameco.fi\/sv\/\",\"name\":\"Pameco\",\"description\":\"Suomalaiset PAMECO, HOKKE ja AJO-tuotteet kone\u00adurakointiin ja maa\u00adtilojen lietteen- sek\u00e4 vesien\u00adk\u00e4sittelyyn\",\"publisher\":{\"@id\":\"https:\/\/www.pameco.fi\/sv\/#organization\"},\"alternateName\":\"Nurmeksen Ter\u00e4smyynti Oy\",\"potentialAction\":[{\"@type\":\"SearchAction\",\"target\":{\"@type\":\"EntryPoint\",\"urlTemplate\":\"https:\/\/www.pameco.fi\/sv\/?s={search_term_string}\"},\"query-input\":{\"@type\":\"PropertyValueSpecification\",\"valueRequired\":true,\"valueName\":\"search_term_string\"}}],\"inLanguage\":\"sv-SE\"},{\"@type\":\"Organization\",\"@id\":\"https:\/\/www.pameco.fi\/sv\/#organization\",\"name\":\"Pameco\",\"alternateName\":\"Nurmeksen Ter\u00e4smyynti Oy\",\"url\":\"https:\/\/www.pameco.fi\/sv\/\",\"logo\":{\"@type\":\"ImageObject\",\"inLanguage\":\"sv-SE\",\"@id\":\"https:\/\/www.pameco.fi\/sv\/#\/schema\/logo\/image\/\",\"url\":\"https:\/\/www.pameco.fi\/wpc\/uploads\/2025\/09\/profiilikuva.png\",\"contentUrl\":\"https:\/\/www.pameco.fi\/wpc\/uploads\/2025\/09\/profiilikuva.png\",\"width\":1500,\"height\":1500,\"caption\":\"Pameco\"},\"image\":{\"@id\":\"https:\/\/www.pameco.fi\/sv\/#\/schema\/logo\/image\/\"},\"sameAs\":[\"https:\/\/www.facebook.com\/ntmoy\",\"https:\/\/www.youtube.com\/channel\/UCDQ51KVHtb23Y4nTYonSeRw\"]}]}<\/script>\n<!-- \/ Yoast SEO plugin. -->","yoast_head_json":{"title":"AJO T260 - Kuorma-auton telahiekoituslaite - Pameco","robots":{"index":"index","follow":"follow","max-snippet":"max-snippet:-1","max-image-preview":"max-image-preview:large","max-video-preview":"max-video-preview:-1"},"canonical":"https:\/\/www.pameco.fi\/sv\/tuote\/ajo-t260-hydraulinen-kuorma-auton-telahiekoituslaite\/","og_locale":"sv_SE","og_type":"article","og_title":"AJO T260 - Kuorma-auton telahiekoituslaite - Pameco","og_description":"Hydraulinen kuorma-auton telasirottelulaite kiinnitet\u00e4\u00e4n per\u00e4laudan paikalle.  Hiekoitin soveltuu suolan ja hiekan sirotteluun.  Sirottelum\u00e4\u00e4r\u00e4n karkeas\u00e4\u00e4t\u00f6 tehd\u00e4\u00e4n mekaanisesti ja hienos\u00e4\u00e4t\u00f6 tehd\u00e4\u00e4n pneumaattisesti.  Aukeavan per\u00e4laudan ansiosta laite on helppo tyhjent\u00e4\u00e4 ja puhdistaa.  Laitteen mukana s\u00e4\u00e4dett\u00e4v\u00e4t tulee seisontajalat varastointia varten.  Laite kokonaan kuumasinkitty.  &nbsp; Tekniset tiedot   &nbsp;  &nbsp; L\u00e4het\u00e4 tarjouspyynt\u00f6","og_url":"https:\/\/www.pameco.fi\/sv\/tuote\/ajo-t260-hydraulinen-kuorma-auton-telahiekoituslaite\/","og_site_name":"Pameco","article_publisher":"https:\/\/www.facebook.com\/ntmoy","article_modified_time":"2025-10-22T09:46:06+00:00","og_image":[{"width":1169,"height":877,"url":"https:\/\/www.pameco.fi\/wpc\/uploads\/2025\/08\/AJO-T260-hydraulinen-kuorma-auton-telahiekoituslaite-01.jpg","type":"image\/jpeg"}],"twitter_card":"summary_large_image","twitter_misc":{"Est. reading time":"1 minute"},"schema":{"@context":"https:\/\/schema.org","@graph":[{"@type":"WebPage","@id":"https:\/\/www.pameco.fi\/sv\/tuote\/ajo-t260-hydraulinen-kuorma-auton-telahiekoituslaite\/","url":"https:\/\/www.pameco.fi\/sv\/tuote\/ajo-t260-hydraulinen-kuorma-auton-telahiekoituslaite\/","name":"AJO T260 - Kuorma-auton telahiekoituslaite - Pameco","isPartOf":{"@id":"https:\/\/www.pameco.fi\/sv\/#website"},"primaryImageOfPage":{"@id":"https:\/\/www.pameco.fi\/sv\/tuote\/ajo-t260-hydraulinen-kuorma-auton-telahiekoituslaite\/#primaryimage"},"image":{"@id":"https:\/\/www.pameco.fi\/sv\/tuote\/ajo-t260-hydraulinen-kuorma-auton-telahiekoituslaite\/#primaryimage"},"thumbnailUrl":"https:\/\/www.pameco.fi\/wpc\/uploads\/2025\/08\/AJO-T260-hydraulinen-kuorma-auton-telahiekoituslaite-01.jpg","datePublished":"2025-09-10T08:27:44+00:00","dateModified":"2025-10-22T09:46:06+00:00","breadcrumb":{"@id":"https:\/\/www.pameco.fi\/sv\/tuote\/ajo-t260-hydraulinen-kuorma-auton-telahiekoituslaite\/#breadcrumb"},"inLanguage":"sv-SE","potentialAction":[{"@type":"ReadAction","target":["https:\/\/www.pameco.fi\/sv\/tuote\/ajo-t260-hydraulinen-kuorma-auton-telahiekoituslaite\/"]}]},{"@type":"ImageObject","inLanguage":"sv-SE","@id":"https:\/\/www.pameco.fi\/sv\/tuote\/ajo-t260-hydraulinen-kuorma-auton-telahiekoituslaite\/#primaryimage","url":"https:\/\/www.pameco.fi\/wpc\/uploads\/2025\/08\/AJO-T260-hydraulinen-kuorma-auton-telahiekoituslaite-01.jpg","contentUrl":"https:\/\/www.pameco.fi\/wpc\/uploads\/2025\/08\/AJO-T260-hydraulinen-kuorma-auton-telahiekoituslaite-01.jpg","width":1169,"height":877},{"@type":"BreadcrumbList","@id":"https:\/\/www.pameco.fi\/sv\/tuote\/ajo-t260-hydraulinen-kuorma-auton-telahiekoituslaite\/#breadcrumb","itemListElement":[{"@type":"ListItem","position":1,"name":"Hem","item":"https:\/\/www.pameco.fi\/sv\/"},{"@type":"ListItem","position":2,"name":"Butik","item":"https:\/\/www.pameco.fi\/verkkokauppa\/"},{"@type":"ListItem","position":3,"name":"AJO T260 &#8211; Kuorma-auton telahiekoituslaite"}]},{"@type":"WebSite","@id":"https:\/\/www.pameco.fi\/sv\/#website","url":"https:\/\/www.pameco.fi\/sv\/","name":"Pameco","description":"Suomalaiset PAMECO, HOKKE ja AJO-tuotteet kone\u00adurakointiin ja maa\u00adtilojen lietteen- sek\u00e4 vesien\u00adk\u00e4sittelyyn","publisher":{"@id":"https:\/\/www.pameco.fi\/sv\/#organization"},"alternateName":"Nurmeksen Ter\u00e4smyynti Oy","potentialAction":[{"@type":"SearchAction","target":{"@type":"EntryPoint","urlTemplate":"https:\/\/www.pameco.fi\/sv\/?s={search_term_string}"},"query-input":{"@type":"PropertyValueSpecification","valueRequired":true,"valueName":"search_term_string"}}],"inLanguage":"sv-SE"},{"@type":"Organization","@id":"https:\/\/www.pameco.fi\/sv\/#organization","name":"Pameco","alternateName":"Nurmeksen Ter\u00e4smyynti Oy","url":"https:\/\/www.pameco.fi\/sv\/","logo":{"@type":"ImageObject","inLanguage":"sv-SE","@id":"https:\/\/www.pameco.fi\/sv\/#\/schema\/logo\/image\/","url":"https:\/\/www.pameco.fi\/wpc\/uploads\/2025\/09\/profiilikuva.png","contentUrl":"https:\/\/www.pameco.fi\/wpc\/uploads\/2025\/09\/profiilikuva.png","width":1500,"height":1500,"caption":"Pameco"},"image":{"@id":"https:\/\/www.pameco.fi\/sv\/#\/schema\/logo\/image\/"},"sameAs":["https:\/\/www.facebook.com\/ntmoy","https:\/\/www.youtube.com\/channel\/UCDQ51KVHtb23Y4nTYonSeRw"]}]}},"_links":{"self":[{"href":"https:\/\/www.pameco.fi\/sv\/wp-json\/wp\/v2\/product\/2770","targetHints":{"allow":["GET"]}}],"collection":[{"href":"https:\/\/www.pameco.fi\/sv\/wp-json\/wp\/v2\/product"}],"about":[{"href":"https:\/\/www.pameco.fi\/sv\/wp-json\/wp\/v2\/types\/product"}],"replies":[{"embeddable":true,"href":"https:\/\/www.pameco.fi\/sv\/wp-json\/wp\/v2\/comments?post=2770"}],"wp:featuredmedia":[{"embeddable":true,"href":"https:\/\/www.pameco.fi\/sv\/wp-json\/wp\/v2\/media\/198"}],"wp:attachment":[{"href":"https:\/\/www.pameco.fi\/sv\/wp-json\/wp\/v2\/media?parent=2770"}],"wp:term":[{"taxonomy":"product_brand","embeddable":true,"href":"https:\/\/www.pameco.fi\/sv\/wp-json\/wp\/v2\/product_brand?post=2770"},{"taxonomy":"product_cat","embeddable":true,"href":"https:\/\/www.pameco.fi\/sv\/wp-json\/wp\/v2\/product_cat?post=2770"},{"taxonomy":"product_tag","embeddable":true,"href":"https:\/\/www.pameco.fi\/sv\/wp-json\/wp\/v2\/product_tag?post=2770"}],"curies":[{"name":"wp","href":"https:\/\/api.w.org\/{rel}","templated":true}]}}