{"id":2773,"date":"2025-09-10T11:27:44","date_gmt":"2025-09-10T08:27:44","guid":{"rendered":"https:\/\/www.pameco.fi\/tuote\/ajo-kaantolaite\/"},"modified":"2025-09-29T12:35:25","modified_gmt":"2025-09-29T09:35:25","slug":"ajo-kaantolaite","status":"publish","type":"product","link":"https:\/\/www.pameco.fi\/sv\/tuote\/ajo-kaantolaite\/","title":{"rendered":"AJO-k\u00e4\u00e4nt\u00f6laite"},"content":{"rendered":"","protected":false},"excerpt":{"rendered":"<p>AJO KL 90 TER\u00c4P\u00c4\u00c4N K\u00c4\u00c4NT\u00d6LAITE (TM 150 &amp; 190 ter\u00e4p\u00e4ihin)<\/p>\n<ul class=\"check-list\">\n<li class=\"color--secondary top-margin-1em\"><span class=\"top-margin-1em color--primary\" style=\"color: #a6a49d;\">Hydraulinen k\u00e4\u00e4nt\u00f6laite ter\u00e4p\u00e4\u00e4n ja puomiston kallistelumekanismin v\u00e4liin<\/span><\/li>\n<li class=\"color--secondary top-margin-1em color--primary\"><span style=\"color: #a6a49d;\">Pikakiinnitteinen<\/span><\/li>\n<li class=\"color--secondary top-margin-1em color--primary\"><span class=\"bottom-margin-1em remove-top-margin remove-bottom-margin\" style=\"color: #a6a49d;\">K\u00e4\u00e4nt\u00e4\u00e4 ter\u00e4p\u00e4\u00e4n suorasta leikkuusuunnasta n. 90\u00b0 ojan pohjalle p\u00e4in<\/span><\/li>\n<\/ul>\n<ul class=\"check-list\">\n<li class=\"color--secondary\"><span style=\"color: #a6a49d;\">Helpottaa esteiden kuten tolppien ohittamista ja n\u00e4in tehostaa ty\u00f6skentely\u00e4<\/span><\/li>\n<\/ul>\n<p><a class=\"button\" href=\"https:\/\/www.pameco.fi\/yhteystiedot\/tarjouspyynto\/\" target=\"_blank\" rel=\"noopener\">L\u00e4het\u00e4 tarjouspyynt\u00f6<\/a><\/p>\n","protected":false},"featured_media":0,"comment_status":"open","ping_status":"closed","template":"","meta":{"_improvement_type_select":"improve_an_existing","_thumb_yes_seoaic":false,"_frame_yes_seoaic":false,"seoaic_generate_description":"","seoaic_improve_instructions_prompt":"","seoaic_rollback_content_improvement":"","seoaic_idea_thumbnail_generator":"","thumbnail_generated":false,"thumbnail_generate_prompt":"","seoaic_article_description":""},"product_brand":[],"product_cat":[39],"product_tag":[],"class_list":{"0":"post-2773","1":"product","2":"type-product","3":"status-publish","5":"product_cat-ajo-lisavarusteet","7":"first","8":"instock","9":"taxable","10":"shipping-taxable","11":"product-type-simple"},"yoast_head":"<!-- This site is optimized with the Yoast SEO plugin v27.2 - https:\/\/yoast.com\/product\/yoast-seo-wordpress\/ -->\n<title>AJO-k\u00e4\u00e4nt\u00f6laite - Pameco<\/title>\n<meta name=\"robots\" content=\"index, follow, max-snippet:-1, max-image-preview:large, max-video-preview:-1\" \/>\n<link rel=\"canonical\" href=\"https:\/\/www.pameco.fi\/sv\/tuote\/ajo-kaantolaite\/\" \/>\n<meta property=\"og:locale\" content=\"sv_SE\" \/>\n<meta property=\"og:type\" content=\"article\" \/>\n<meta property=\"og:title\" content=\"AJO-k\u00e4\u00e4nt\u00f6laite - Pameco\" \/>\n<meta property=\"og:description\" content=\"AJO KL 90 TER\u00c4P\u00c4\u00c4N K\u00c4\u00c4NT\u00d6LAITE (TM 150 &amp; 190 ter\u00e4p\u00e4ihin)   Hydraulinen k\u00e4\u00e4nt\u00f6laite ter\u00e4p\u00e4\u00e4n ja puomiston kallistelumekanismin v\u00e4liin  Pikakiinnitteinen  K\u00e4\u00e4nt\u00e4\u00e4 ter\u00e4p\u00e4\u00e4n suorasta leikkuusuunnasta n. 90\u00b0 ojan pohjalle p\u00e4in    Helpottaa esteiden kuten tolppien ohittamista ja n\u00e4in tehostaa ty\u00f6skentely\u00e4  L\u00e4het\u00e4 tarjouspyynt\u00f6\" \/>\n<meta property=\"og:url\" content=\"https:\/\/www.pameco.fi\/sv\/tuote\/ajo-kaantolaite\/\" \/>\n<meta property=\"og:site_name\" content=\"Pameco\" \/>\n<meta property=\"article:publisher\" content=\"https:\/\/www.facebook.com\/ntmoy\" \/>\n<meta property=\"article:modified_time\" content=\"2025-09-29T09:35:25+00:00\" \/>\n<meta property=\"og:image\" content=\"https:\/\/www.pameco.fi\/wpc\/uploads\/2025\/09\/some-jako_FB_1200x630px.jpg\" \/>\n\t<meta property=\"og:image:width\" content=\"1200\" \/>\n\t<meta property=\"og:image:height\" content=\"630\" \/>\n\t<meta property=\"og:image:type\" content=\"image\/jpeg\" \/>\n<meta name=\"twitter:card\" content=\"summary_large_image\" \/>\n<script type=\"application\/ld+json\" class=\"yoast-schema-graph\">{\"@context\":\"https:\/\/schema.org\",\"@graph\":[{\"@type\":\"WebPage\",\"@id\":\"https:\/\/www.pameco.fi\/sv\/tuote\/ajo-kaantolaite\/\",\"url\":\"https:\/\/www.pameco.fi\/sv\/tuote\/ajo-kaantolaite\/\",\"name\":\"AJO-k\u00e4\u00e4nt\u00f6laite - Pameco\",\"isPartOf\":{\"@id\":\"https:\/\/www.pameco.fi\/sv\/#website\"},\"datePublished\":\"2025-09-10T08:27:44+00:00\",\"dateModified\":\"2025-09-29T09:35:25+00:00\",\"breadcrumb\":{\"@id\":\"https:\/\/www.pameco.fi\/sv\/tuote\/ajo-kaantolaite\/#breadcrumb\"},\"inLanguage\":\"sv-SE\",\"potentialAction\":[{\"@type\":\"ReadAction\",\"target\":[\"https:\/\/www.pameco.fi\/sv\/tuote\/ajo-kaantolaite\/\"]}]},{\"@type\":\"BreadcrumbList\",\"@id\":\"https:\/\/www.pameco.fi\/sv\/tuote\/ajo-kaantolaite\/#breadcrumb\",\"itemListElement\":[{\"@type\":\"ListItem\",\"position\":1,\"name\":\"Hem\",\"item\":\"https:\/\/www.pameco.fi\/sv\/\"},{\"@type\":\"ListItem\",\"position\":2,\"name\":\"Butik\",\"item\":\"https:\/\/www.pameco.fi\/verkkokauppa\/\"},{\"@type\":\"ListItem\",\"position\":3,\"name\":\"AJO-k\u00e4\u00e4nt\u00f6laite\"}]},{\"@type\":\"WebSite\",\"@id\":\"https:\/\/www.pameco.fi\/sv\/#website\",\"url\":\"https:\/\/www.pameco.fi\/sv\/\",\"name\":\"Pameco\",\"description\":\"Suomalaiset PAMECO, HOKKE ja AJO-tuotteet kone\u00adurakointiin ja maa\u00adtilojen lietteen- sek\u00e4 vesien\u00adk\u00e4sittelyyn\",\"publisher\":{\"@id\":\"https:\/\/www.pameco.fi\/sv\/#organization\"},\"alternateName\":\"Nurmeksen Ter\u00e4smyynti Oy\",\"potentialAction\":[{\"@type\":\"SearchAction\",\"target\":{\"@type\":\"EntryPoint\",\"urlTemplate\":\"https:\/\/www.pameco.fi\/sv\/?s={search_term_string}\"},\"query-input\":{\"@type\":\"PropertyValueSpecification\",\"valueRequired\":true,\"valueName\":\"search_term_string\"}}],\"inLanguage\":\"sv-SE\"},{\"@type\":\"Organization\",\"@id\":\"https:\/\/www.pameco.fi\/sv\/#organization\",\"name\":\"Pameco\",\"alternateName\":\"Nurmeksen Ter\u00e4smyynti Oy\",\"url\":\"https:\/\/www.pameco.fi\/sv\/\",\"logo\":{\"@type\":\"ImageObject\",\"inLanguage\":\"sv-SE\",\"@id\":\"https:\/\/www.pameco.fi\/sv\/#\/schema\/logo\/image\/\",\"url\":\"https:\/\/www.pameco.fi\/wpc\/uploads\/2025\/09\/profiilikuva.png\",\"contentUrl\":\"https:\/\/www.pameco.fi\/wpc\/uploads\/2025\/09\/profiilikuva.png\",\"width\":1500,\"height\":1500,\"caption\":\"Pameco\"},\"image\":{\"@id\":\"https:\/\/www.pameco.fi\/sv\/#\/schema\/logo\/image\/\"},\"sameAs\":[\"https:\/\/www.facebook.com\/ntmoy\",\"https:\/\/www.youtube.com\/channel\/UCDQ51KVHtb23Y4nTYonSeRw\"]}]}<\/script>\n<!-- \/ Yoast SEO plugin. -->","yoast_head_json":{"title":"AJO-k\u00e4\u00e4nt\u00f6laite - Pameco","robots":{"index":"index","follow":"follow","max-snippet":"max-snippet:-1","max-image-preview":"max-image-preview:large","max-video-preview":"max-video-preview:-1"},"canonical":"https:\/\/www.pameco.fi\/sv\/tuote\/ajo-kaantolaite\/","og_locale":"sv_SE","og_type":"article","og_title":"AJO-k\u00e4\u00e4nt\u00f6laite - Pameco","og_description":"AJO KL 90 TER\u00c4P\u00c4\u00c4N K\u00c4\u00c4NT\u00d6LAITE (TM 150 &amp; 190 ter\u00e4p\u00e4ihin)   Hydraulinen k\u00e4\u00e4nt\u00f6laite ter\u00e4p\u00e4\u00e4n ja puomiston kallistelumekanismin v\u00e4liin  Pikakiinnitteinen  K\u00e4\u00e4nt\u00e4\u00e4 ter\u00e4p\u00e4\u00e4n suorasta leikkuusuunnasta n. 90\u00b0 ojan pohjalle p\u00e4in    Helpottaa esteiden kuten tolppien ohittamista ja n\u00e4in tehostaa ty\u00f6skentely\u00e4  L\u00e4het\u00e4 tarjouspyynt\u00f6","og_url":"https:\/\/www.pameco.fi\/sv\/tuote\/ajo-kaantolaite\/","og_site_name":"Pameco","article_publisher":"https:\/\/www.facebook.com\/ntmoy","article_modified_time":"2025-09-29T09:35:25+00:00","og_image":[{"width":1200,"height":630,"url":"https:\/\/www.pameco.fi\/wpc\/uploads\/2025\/09\/some-jako_FB_1200x630px.jpg","type":"image\/jpeg"}],"twitter_card":"summary_large_image","schema":{"@context":"https:\/\/schema.org","@graph":[{"@type":"WebPage","@id":"https:\/\/www.pameco.fi\/sv\/tuote\/ajo-kaantolaite\/","url":"https:\/\/www.pameco.fi\/sv\/tuote\/ajo-kaantolaite\/","name":"AJO-k\u00e4\u00e4nt\u00f6laite - Pameco","isPartOf":{"@id":"https:\/\/www.pameco.fi\/sv\/#website"},"datePublished":"2025-09-10T08:27:44+00:00","dateModified":"2025-09-29T09:35:25+00:00","breadcrumb":{"@id":"https:\/\/www.pameco.fi\/sv\/tuote\/ajo-kaantolaite\/#breadcrumb"},"inLanguage":"sv-SE","potentialAction":[{"@type":"ReadAction","target":["https:\/\/www.pameco.fi\/sv\/tuote\/ajo-kaantolaite\/"]}]},{"@type":"BreadcrumbList","@id":"https:\/\/www.pameco.fi\/sv\/tuote\/ajo-kaantolaite\/#breadcrumb","itemListElement":[{"@type":"ListItem","position":1,"name":"Hem","item":"https:\/\/www.pameco.fi\/sv\/"},{"@type":"ListItem","position":2,"name":"Butik","item":"https:\/\/www.pameco.fi\/verkkokauppa\/"},{"@type":"ListItem","position":3,"name":"AJO-k\u00e4\u00e4nt\u00f6laite"}]},{"@type":"WebSite","@id":"https:\/\/www.pameco.fi\/sv\/#website","url":"https:\/\/www.pameco.fi\/sv\/","name":"Pameco","description":"Suomalaiset PAMECO, HOKKE ja AJO-tuotteet kone\u00adurakointiin ja maa\u00adtilojen lietteen- sek\u00e4 vesien\u00adk\u00e4sittelyyn","publisher":{"@id":"https:\/\/www.pameco.fi\/sv\/#organization"},"alternateName":"Nurmeksen Ter\u00e4smyynti Oy","potentialAction":[{"@type":"SearchAction","target":{"@type":"EntryPoint","urlTemplate":"https:\/\/www.pameco.fi\/sv\/?s={search_term_string}"},"query-input":{"@type":"PropertyValueSpecification","valueRequired":true,"valueName":"search_term_string"}}],"inLanguage":"sv-SE"},{"@type":"Organization","@id":"https:\/\/www.pameco.fi\/sv\/#organization","name":"Pameco","alternateName":"Nurmeksen Ter\u00e4smyynti Oy","url":"https:\/\/www.pameco.fi\/sv\/","logo":{"@type":"ImageObject","inLanguage":"sv-SE","@id":"https:\/\/www.pameco.fi\/sv\/#\/schema\/logo\/image\/","url":"https:\/\/www.pameco.fi\/wpc\/uploads\/2025\/09\/profiilikuva.png","contentUrl":"https:\/\/www.pameco.fi\/wpc\/uploads\/2025\/09\/profiilikuva.png","width":1500,"height":1500,"caption":"Pameco"},"image":{"@id":"https:\/\/www.pameco.fi\/sv\/#\/schema\/logo\/image\/"},"sameAs":["https:\/\/www.facebook.com\/ntmoy","https:\/\/www.youtube.com\/channel\/UCDQ51KVHtb23Y4nTYonSeRw"]}]}},"_links":{"self":[{"href":"https:\/\/www.pameco.fi\/sv\/wp-json\/wp\/v2\/product\/2773","targetHints":{"allow":["GET"]}}],"collection":[{"href":"https:\/\/www.pameco.fi\/sv\/wp-json\/wp\/v2\/product"}],"about":[{"href":"https:\/\/www.pameco.fi\/sv\/wp-json\/wp\/v2\/types\/product"}],"replies":[{"embeddable":true,"href":"https:\/\/www.pameco.fi\/sv\/wp-json\/wp\/v2\/comments?post=2773"}],"wp:attachment":[{"href":"https:\/\/www.pameco.fi\/sv\/wp-json\/wp\/v2\/media?parent=2773"}],"wp:term":[{"taxonomy":"product_brand","embeddable":true,"href":"https:\/\/www.pameco.fi\/sv\/wp-json\/wp\/v2\/product_brand?post=2773"},{"taxonomy":"product_cat","embeddable":true,"href":"https:\/\/www.pameco.fi\/sv\/wp-json\/wp\/v2\/product_cat?post=2773"},{"taxonomy":"product_tag","embeddable":true,"href":"https:\/\/www.pameco.fi\/sv\/wp-json\/wp\/v2\/product_tag?post=2773"}],"curies":[{"name":"wp","href":"https:\/\/api.w.org\/{rel}","templated":true}]}}