{"id":2791,"date":"2025-09-10T11:27:50","date_gmt":"2025-09-10T08:27:50","guid":{"rendered":"https:\/\/www.pameco.fi\/tuote\/ryhmaliitin-hydrauliletkujen-asennukseen\/"},"modified":"2025-11-18T07:37:29","modified_gmt":"2025-11-18T05:37:29","slug":"ryhmaliitin-hydrauliletkujen-asennukseen","status":"publish","type":"product","link":"https:\/\/www.pameco.fi\/sv\/tuote\/ryhmaliitin-hydrauliletkujen-asennukseen\/","title":{"rendered":"Ryhm\u00e4liitin hydrauliletkujen asennukseen"},"content":{"rendered":"","protected":false},"excerpt":{"rendered":"<p>Ryhm\u00e4liitin<\/p>\n<p>CEJNin Multi-X on helppok\u00e4ytt\u00f6inen liitinlevyj\u00e4rjestelm\u00e4, joka on suunniteltu k\u00e4ytett\u00e4v\u00e4ksi vaativissa mobilehydrauliikan sovellutuksissa.<\/p>\n<p>Vahvarakenteiset Multi-X-liitinlevyt ovat erinomainen valinta esimerkiksi rakennus- ja maatalousalojen koneisiin.<\/p>\n<p>Niiden asentaminen on helppoa eik\u00e4 vaadi paljon voimaa.<\/p>\n<p>Multi-X:n avulla hydraulisten lis\u00e4laitteiden kytkeminen onnistuu nopeasti ilman riski\u00e4 ristiin kytkenn\u00e4st\u00e4.<\/p>\n<p>&nbsp;<\/p>\n<p><a class=\"button\" href=\"https:\/\/www.pameco.fi\/yhteystiedot\/tarjouspyynto\/\" target=\"_blank\" rel=\"noopener\">L\u00e4het\u00e4 tarjouspyynt\u00f6<\/a><\/p>\n","protected":false},"featured_media":3605,"comment_status":"open","ping_status":"closed","template":"","meta":{"_improvement_type_select":"improve_an_existing","_thumb_yes_seoaic":false,"_frame_yes_seoaic":false,"seoaic_generate_description":"","seoaic_improve_instructions_prompt":"","seoaic_rollback_content_improvement":"","seoaic_idea_thumbnail_generator":"","thumbnail_generated":false,"thumbnail_generate_prompt":"","seoaic_article_description":""},"product_brand":[],"product_cat":[39,40],"product_tag":[],"class_list":{"0":"post-2791","1":"product","2":"type-product","3":"status-publish","4":"has-post-thumbnail","6":"product_cat-ajo-lisavarusteet","7":"product_cat-hokke-lisavarusteet","9":"first","10":"instock","11":"taxable","12":"shipping-taxable","13":"product-type-simple"},"yoast_head":"<!-- This site is optimized with the Yoast SEO plugin v27.2 - https:\/\/yoast.com\/product\/yoast-seo-wordpress\/ -->\n<title>Ryhm\u00e4liitin hydrauliletkujen asennukseen - Pameco<\/title>\n<meta name=\"robots\" content=\"index, follow, max-snippet:-1, max-image-preview:large, max-video-preview:-1\" \/>\n<link rel=\"canonical\" href=\"https:\/\/www.pameco.fi\/sv\/tuote\/ryhmaliitin-hydrauliletkujen-asennukseen\/\" \/>\n<meta property=\"og:locale\" content=\"sv_SE\" \/>\n<meta property=\"og:type\" content=\"article\" \/>\n<meta property=\"og:title\" content=\"Ryhm\u00e4liitin hydrauliletkujen asennukseen - Pameco\" \/>\n<meta property=\"og:description\" content=\"Ryhm\u00e4liitin  CEJNin Multi-X on helppok\u00e4ytt\u00f6inen liitinlevyj\u00e4rjestelm\u00e4, joka on suunniteltu k\u00e4ytett\u00e4v\u00e4ksi vaativissa mobilehydrauliikan sovellutuksissa.  Vahvarakenteiset Multi-X-liitinlevyt ovat erinomainen valinta esimerkiksi rakennus- ja maatalousalojen koneisiin.  Niiden asentaminen on helppoa eik\u00e4 vaadi paljon voimaa.  Multi-X:n avulla hydraulisten lis\u00e4laitteiden kytkeminen onnistuu nopeasti ilman riski\u00e4 ristiin kytkenn\u00e4st\u00e4.  &nbsp;  L\u00e4het\u00e4 tarjouspyynt\u00f6\" \/>\n<meta property=\"og:url\" content=\"https:\/\/www.pameco.fi\/sv\/tuote\/ryhmaliitin-hydrauliletkujen-asennukseen\/\" \/>\n<meta property=\"og:site_name\" content=\"Pameco\" \/>\n<meta property=\"article:publisher\" content=\"https:\/\/www.facebook.com\/ntmoy\" \/>\n<meta property=\"article:modified_time\" content=\"2025-11-18T05:37:29+00:00\" \/>\n<meta property=\"og:image\" content=\"https:\/\/www.pameco.fi\/wpc\/uploads\/2025\/09\/Multi-X-kuva-scaled.jpg\" \/>\n\t<meta property=\"og:image:width\" content=\"2560\" \/>\n\t<meta property=\"og:image:height\" content=\"1451\" \/>\n\t<meta property=\"og:image:type\" content=\"image\/jpeg\" \/>\n<meta name=\"twitter:card\" content=\"summary_large_image\" \/>\n<meta name=\"twitter:label1\" content=\"Est. reading time\" \/>\n\t<meta name=\"twitter:data1\" content=\"1 minute\" \/>\n<script type=\"application\/ld+json\" class=\"yoast-schema-graph\">{\"@context\":\"https:\/\/schema.org\",\"@graph\":[{\"@type\":\"WebPage\",\"@id\":\"https:\/\/www.pameco.fi\/sv\/tuote\/ryhmaliitin-hydrauliletkujen-asennukseen\/\",\"url\":\"https:\/\/www.pameco.fi\/sv\/tuote\/ryhmaliitin-hydrauliletkujen-asennukseen\/\",\"name\":\"Ryhm\u00e4liitin hydrauliletkujen asennukseen - Pameco\",\"isPartOf\":{\"@id\":\"https:\/\/www.pameco.fi\/sv\/#website\"},\"primaryImageOfPage\":{\"@id\":\"https:\/\/www.pameco.fi\/sv\/tuote\/ryhmaliitin-hydrauliletkujen-asennukseen\/#primaryimage\"},\"image\":{\"@id\":\"https:\/\/www.pameco.fi\/sv\/tuote\/ryhmaliitin-hydrauliletkujen-asennukseen\/#primaryimage\"},\"thumbnailUrl\":\"https:\/\/www.pameco.fi\/wpc\/uploads\/2025\/09\/Multi-X-kuva-scaled.jpg\",\"datePublished\":\"2025-09-10T08:27:50+00:00\",\"dateModified\":\"2025-11-18T05:37:29+00:00\",\"breadcrumb\":{\"@id\":\"https:\/\/www.pameco.fi\/sv\/tuote\/ryhmaliitin-hydrauliletkujen-asennukseen\/#breadcrumb\"},\"inLanguage\":\"sv-SE\",\"potentialAction\":[{\"@type\":\"ReadAction\",\"target\":[\"https:\/\/www.pameco.fi\/sv\/tuote\/ryhmaliitin-hydrauliletkujen-asennukseen\/\"]}]},{\"@type\":\"ImageObject\",\"inLanguage\":\"sv-SE\",\"@id\":\"https:\/\/www.pameco.fi\/sv\/tuote\/ryhmaliitin-hydrauliletkujen-asennukseen\/#primaryimage\",\"url\":\"https:\/\/www.pameco.fi\/wpc\/uploads\/2025\/09\/Multi-X-kuva-scaled.jpg\",\"contentUrl\":\"https:\/\/www.pameco.fi\/wpc\/uploads\/2025\/09\/Multi-X-kuva-scaled.jpg\",\"width\":2560,\"height\":1451},{\"@type\":\"BreadcrumbList\",\"@id\":\"https:\/\/www.pameco.fi\/sv\/tuote\/ryhmaliitin-hydrauliletkujen-asennukseen\/#breadcrumb\",\"itemListElement\":[{\"@type\":\"ListItem\",\"position\":1,\"name\":\"Hem\",\"item\":\"https:\/\/www.pameco.fi\/sv\/\"},{\"@type\":\"ListItem\",\"position\":2,\"name\":\"Butik\",\"item\":\"https:\/\/www.pameco.fi\/verkkokauppa\/\"},{\"@type\":\"ListItem\",\"position\":3,\"name\":\"Ryhm\u00e4liitin hydrauliletkujen asennukseen\"}]},{\"@type\":\"WebSite\",\"@id\":\"https:\/\/www.pameco.fi\/sv\/#website\",\"url\":\"https:\/\/www.pameco.fi\/sv\/\",\"name\":\"Pameco\",\"description\":\"Suomalaiset PAMECO, HOKKE ja AJO-tuotteet kone\u00adurakointiin ja maa\u00adtilojen lietteen- sek\u00e4 vesien\u00adk\u00e4sittelyyn\",\"publisher\":{\"@id\":\"https:\/\/www.pameco.fi\/sv\/#organization\"},\"alternateName\":\"Nurmeksen Ter\u00e4smyynti Oy\",\"potentialAction\":[{\"@type\":\"SearchAction\",\"target\":{\"@type\":\"EntryPoint\",\"urlTemplate\":\"https:\/\/www.pameco.fi\/sv\/?s={search_term_string}\"},\"query-input\":{\"@type\":\"PropertyValueSpecification\",\"valueRequired\":true,\"valueName\":\"search_term_string\"}}],\"inLanguage\":\"sv-SE\"},{\"@type\":\"Organization\",\"@id\":\"https:\/\/www.pameco.fi\/sv\/#organization\",\"name\":\"Pameco\",\"alternateName\":\"Nurmeksen Ter\u00e4smyynti Oy\",\"url\":\"https:\/\/www.pameco.fi\/sv\/\",\"logo\":{\"@type\":\"ImageObject\",\"inLanguage\":\"sv-SE\",\"@id\":\"https:\/\/www.pameco.fi\/sv\/#\/schema\/logo\/image\/\",\"url\":\"https:\/\/www.pameco.fi\/wpc\/uploads\/2025\/09\/profiilikuva.png\",\"contentUrl\":\"https:\/\/www.pameco.fi\/wpc\/uploads\/2025\/09\/profiilikuva.png\",\"width\":1500,\"height\":1500,\"caption\":\"Pameco\"},\"image\":{\"@id\":\"https:\/\/www.pameco.fi\/sv\/#\/schema\/logo\/image\/\"},\"sameAs\":[\"https:\/\/www.facebook.com\/ntmoy\",\"https:\/\/www.youtube.com\/channel\/UCDQ51KVHtb23Y4nTYonSeRw\"]}]}<\/script>\n<!-- \/ Yoast SEO plugin. -->","yoast_head_json":{"title":"Ryhm\u00e4liitin hydrauliletkujen asennukseen - Pameco","robots":{"index":"index","follow":"follow","max-snippet":"max-snippet:-1","max-image-preview":"max-image-preview:large","max-video-preview":"max-video-preview:-1"},"canonical":"https:\/\/www.pameco.fi\/sv\/tuote\/ryhmaliitin-hydrauliletkujen-asennukseen\/","og_locale":"sv_SE","og_type":"article","og_title":"Ryhm\u00e4liitin hydrauliletkujen asennukseen - Pameco","og_description":"Ryhm\u00e4liitin  CEJNin Multi-X on helppok\u00e4ytt\u00f6inen liitinlevyj\u00e4rjestelm\u00e4, joka on suunniteltu k\u00e4ytett\u00e4v\u00e4ksi vaativissa mobilehydrauliikan sovellutuksissa.  Vahvarakenteiset Multi-X-liitinlevyt ovat erinomainen valinta esimerkiksi rakennus- ja maatalousalojen koneisiin.  Niiden asentaminen on helppoa eik\u00e4 vaadi paljon voimaa.  Multi-X:n avulla hydraulisten lis\u00e4laitteiden kytkeminen onnistuu nopeasti ilman riski\u00e4 ristiin kytkenn\u00e4st\u00e4.  &nbsp;  L\u00e4het\u00e4 tarjouspyynt\u00f6","og_url":"https:\/\/www.pameco.fi\/sv\/tuote\/ryhmaliitin-hydrauliletkujen-asennukseen\/","og_site_name":"Pameco","article_publisher":"https:\/\/www.facebook.com\/ntmoy","article_modified_time":"2025-11-18T05:37:29+00:00","og_image":[{"width":2560,"height":1451,"url":"https:\/\/www.pameco.fi\/wpc\/uploads\/2025\/09\/Multi-X-kuva-scaled.jpg","type":"image\/jpeg"}],"twitter_card":"summary_large_image","twitter_misc":{"Est. reading time":"1 minute"},"schema":{"@context":"https:\/\/schema.org","@graph":[{"@type":"WebPage","@id":"https:\/\/www.pameco.fi\/sv\/tuote\/ryhmaliitin-hydrauliletkujen-asennukseen\/","url":"https:\/\/www.pameco.fi\/sv\/tuote\/ryhmaliitin-hydrauliletkujen-asennukseen\/","name":"Ryhm\u00e4liitin hydrauliletkujen asennukseen - Pameco","isPartOf":{"@id":"https:\/\/www.pameco.fi\/sv\/#website"},"primaryImageOfPage":{"@id":"https:\/\/www.pameco.fi\/sv\/tuote\/ryhmaliitin-hydrauliletkujen-asennukseen\/#primaryimage"},"image":{"@id":"https:\/\/www.pameco.fi\/sv\/tuote\/ryhmaliitin-hydrauliletkujen-asennukseen\/#primaryimage"},"thumbnailUrl":"https:\/\/www.pameco.fi\/wpc\/uploads\/2025\/09\/Multi-X-kuva-scaled.jpg","datePublished":"2025-09-10T08:27:50+00:00","dateModified":"2025-11-18T05:37:29+00:00","breadcrumb":{"@id":"https:\/\/www.pameco.fi\/sv\/tuote\/ryhmaliitin-hydrauliletkujen-asennukseen\/#breadcrumb"},"inLanguage":"sv-SE","potentialAction":[{"@type":"ReadAction","target":["https:\/\/www.pameco.fi\/sv\/tuote\/ryhmaliitin-hydrauliletkujen-asennukseen\/"]}]},{"@type":"ImageObject","inLanguage":"sv-SE","@id":"https:\/\/www.pameco.fi\/sv\/tuote\/ryhmaliitin-hydrauliletkujen-asennukseen\/#primaryimage","url":"https:\/\/www.pameco.fi\/wpc\/uploads\/2025\/09\/Multi-X-kuva-scaled.jpg","contentUrl":"https:\/\/www.pameco.fi\/wpc\/uploads\/2025\/09\/Multi-X-kuva-scaled.jpg","width":2560,"height":1451},{"@type":"BreadcrumbList","@id":"https:\/\/www.pameco.fi\/sv\/tuote\/ryhmaliitin-hydrauliletkujen-asennukseen\/#breadcrumb","itemListElement":[{"@type":"ListItem","position":1,"name":"Hem","item":"https:\/\/www.pameco.fi\/sv\/"},{"@type":"ListItem","position":2,"name":"Butik","item":"https:\/\/www.pameco.fi\/verkkokauppa\/"},{"@type":"ListItem","position":3,"name":"Ryhm\u00e4liitin hydrauliletkujen asennukseen"}]},{"@type":"WebSite","@id":"https:\/\/www.pameco.fi\/sv\/#website","url":"https:\/\/www.pameco.fi\/sv\/","name":"Pameco","description":"Suomalaiset PAMECO, HOKKE ja AJO-tuotteet kone\u00adurakointiin ja maa\u00adtilojen lietteen- sek\u00e4 vesien\u00adk\u00e4sittelyyn","publisher":{"@id":"https:\/\/www.pameco.fi\/sv\/#organization"},"alternateName":"Nurmeksen Ter\u00e4smyynti Oy","potentialAction":[{"@type":"SearchAction","target":{"@type":"EntryPoint","urlTemplate":"https:\/\/www.pameco.fi\/sv\/?s={search_term_string}"},"query-input":{"@type":"PropertyValueSpecification","valueRequired":true,"valueName":"search_term_string"}}],"inLanguage":"sv-SE"},{"@type":"Organization","@id":"https:\/\/www.pameco.fi\/sv\/#organization","name":"Pameco","alternateName":"Nurmeksen Ter\u00e4smyynti Oy","url":"https:\/\/www.pameco.fi\/sv\/","logo":{"@type":"ImageObject","inLanguage":"sv-SE","@id":"https:\/\/www.pameco.fi\/sv\/#\/schema\/logo\/image\/","url":"https:\/\/www.pameco.fi\/wpc\/uploads\/2025\/09\/profiilikuva.png","contentUrl":"https:\/\/www.pameco.fi\/wpc\/uploads\/2025\/09\/profiilikuva.png","width":1500,"height":1500,"caption":"Pameco"},"image":{"@id":"https:\/\/www.pameco.fi\/sv\/#\/schema\/logo\/image\/"},"sameAs":["https:\/\/www.facebook.com\/ntmoy","https:\/\/www.youtube.com\/channel\/UCDQ51KVHtb23Y4nTYonSeRw"]}]}},"_links":{"self":[{"href":"https:\/\/www.pameco.fi\/sv\/wp-json\/wp\/v2\/product\/2791","targetHints":{"allow":["GET"]}}],"collection":[{"href":"https:\/\/www.pameco.fi\/sv\/wp-json\/wp\/v2\/product"}],"about":[{"href":"https:\/\/www.pameco.fi\/sv\/wp-json\/wp\/v2\/types\/product"}],"replies":[{"embeddable":true,"href":"https:\/\/www.pameco.fi\/sv\/wp-json\/wp\/v2\/comments?post=2791"}],"wp:featuredmedia":[{"embeddable":true,"href":"https:\/\/www.pameco.fi\/sv\/wp-json\/wp\/v2\/media\/3605"}],"wp:attachment":[{"href":"https:\/\/www.pameco.fi\/sv\/wp-json\/wp\/v2\/media?parent=2791"}],"wp:term":[{"taxonomy":"product_brand","embeddable":true,"href":"https:\/\/www.pameco.fi\/sv\/wp-json\/wp\/v2\/product_brand?post=2791"},{"taxonomy":"product_cat","embeddable":true,"href":"https:\/\/www.pameco.fi\/sv\/wp-json\/wp\/v2\/product_cat?post=2791"},{"taxonomy":"product_tag","embeddable":true,"href":"https:\/\/www.pameco.fi\/sv\/wp-json\/wp\/v2\/product_tag?post=2791"}],"curies":[{"name":"wp","href":"https:\/\/api.w.org\/{rel}","templated":true}]}}