{"id":2854,"date":"2025-09-10T12:20:23","date_gmt":"2025-09-10T09:20:23","guid":{"rendered":"https:\/\/www.pameco.fi\/tuote\/auran-pyorea-jalas-16270mm\/"},"modified":"2026-03-04T12:19:27","modified_gmt":"2026-03-04T10:19:27","slug":"auran-pyorea-jalas-16270mm","status":"publish","type":"product","link":"https:\/\/www.pameco.fi\/sv\/tuote\/auran-pyorea-jalas-16270mm\/","title":{"rendered":"Auran py\u00f6re\u00e4 jalas 16*275mm"},"content":{"rendered":"","protected":false},"excerpt":{"rendered":"<p>16mm Kulutuster\u00e4s<\/p>\n<p>Halkaisija 275mm<\/p>\n<p>Korvakoissa 16,2mm reik\u00e4 tappia varten.<\/p>\n<p>Korvakot toimitetaan irrallaan.<\/p>\n<p>Kuvasta poiketen maalamaton<\/p>\n","protected":false},"featured_media":3773,"comment_status":"open","ping_status":"closed","template":"","meta":{"_improvement_type_select":"improve_an_existing","_thumb_yes_seoaic":false,"_frame_yes_seoaic":false,"seoaic_generate_description":"","seoaic_improve_instructions_prompt":"","seoaic_rollback_content_improvement":"","seoaic_idea_thumbnail_generator":"","thumbnail_generated":false,"thumbnail_generate_prompt":"","seoaic_article_description":""},"product_brand":[],"product_cat":[60],"product_tag":[],"class_list":{"0":"post-2854","1":"product","2":"type-product","3":"status-publish","4":"has-post-thumbnail","6":"product_cat-tiehoidon-kulutusosat","7":"product_shipping_class-postipaketti-pakettiautomaatti-lahetys-enintaan-25kg","9":"first","10":"instock","11":"taxable","12":"shipping-taxable","13":"purchasable","14":"product-type-simple"},"yoast_head":"<!-- This site is optimized with the Yoast SEO plugin v27.2 - https:\/\/yoast.com\/product\/yoast-seo-wordpress\/ -->\n<title>Auran py\u00f6re\u00e4 jalas 16*275mm - Pameco<\/title>\n<meta name=\"robots\" content=\"index, follow, max-snippet:-1, max-image-preview:large, max-video-preview:-1\" \/>\n<link rel=\"canonical\" href=\"https:\/\/www.pameco.fi\/sv\/tuote\/auran-pyorea-jalas-16270mm\/\" \/>\n<meta property=\"og:locale\" content=\"sv_SE\" \/>\n<meta property=\"og:type\" content=\"article\" \/>\n<meta property=\"og:title\" content=\"Auran py\u00f6re\u00e4 jalas 16*275mm - Pameco\" \/>\n<meta property=\"og:description\" content=\"16mm Kulutuster\u00e4s  Halkaisija 275mm  Korvakoissa 16,2mm reik\u00e4 tappia varten.  Korvakot toimitetaan irrallaan.  Kuvasta poiketen maalamaton\" \/>\n<meta property=\"og:url\" content=\"https:\/\/www.pameco.fi\/sv\/tuote\/auran-pyorea-jalas-16270mm\/\" \/>\n<meta property=\"og:site_name\" content=\"Pameco\" \/>\n<meta property=\"article:publisher\" content=\"https:\/\/www.facebook.com\/ntmoy\" \/>\n<meta property=\"article:modified_time\" content=\"2026-03-04T10:19:27+00:00\" \/>\n<meta property=\"og:image\" content=\"https:\/\/www.pameco.fi\/wpc\/uploads\/2025\/09\/Pyorea-lautasjalas.jpeg\" \/>\n\t<meta property=\"og:image:width\" content=\"700\" \/>\n\t<meta property=\"og:image:height\" content=\"490\" \/>\n\t<meta property=\"og:image:type\" content=\"image\/jpeg\" \/>\n<meta name=\"twitter:card\" content=\"summary_large_image\" \/>\n<meta name=\"twitter:label1\" content=\"Est. reading time\" \/>\n\t<meta name=\"twitter:data1\" content=\"1 minute\" \/>\n<script type=\"application\/ld+json\" class=\"yoast-schema-graph\">{\"@context\":\"https:\/\/schema.org\",\"@graph\":[{\"@type\":\"WebPage\",\"@id\":\"https:\/\/www.pameco.fi\/sv\/tuote\/auran-pyorea-jalas-16270mm\/\",\"url\":\"https:\/\/www.pameco.fi\/sv\/tuote\/auran-pyorea-jalas-16270mm\/\",\"name\":\"Auran py\u00f6re\u00e4 jalas 16*275mm - Pameco\",\"isPartOf\":{\"@id\":\"https:\/\/www.pameco.fi\/sv\/#website\"},\"primaryImageOfPage\":{\"@id\":\"https:\/\/www.pameco.fi\/sv\/tuote\/auran-pyorea-jalas-16270mm\/#primaryimage\"},\"image\":{\"@id\":\"https:\/\/www.pameco.fi\/sv\/tuote\/auran-pyorea-jalas-16270mm\/#primaryimage\"},\"thumbnailUrl\":\"https:\/\/www.pameco.fi\/wpc\/uploads\/2025\/09\/Pyorea-lautasjalas.jpeg\",\"datePublished\":\"2025-09-10T09:20:23+00:00\",\"dateModified\":\"2026-03-04T10:19:27+00:00\",\"breadcrumb\":{\"@id\":\"https:\/\/www.pameco.fi\/sv\/tuote\/auran-pyorea-jalas-16270mm\/#breadcrumb\"},\"inLanguage\":\"sv-SE\",\"potentialAction\":[{\"@type\":\"ReadAction\",\"target\":[\"https:\/\/www.pameco.fi\/sv\/tuote\/auran-pyorea-jalas-16270mm\/\"]}]},{\"@type\":\"ImageObject\",\"inLanguage\":\"sv-SE\",\"@id\":\"https:\/\/www.pameco.fi\/sv\/tuote\/auran-pyorea-jalas-16270mm\/#primaryimage\",\"url\":\"https:\/\/www.pameco.fi\/wpc\/uploads\/2025\/09\/Pyorea-lautasjalas.jpeg\",\"contentUrl\":\"https:\/\/www.pameco.fi\/wpc\/uploads\/2025\/09\/Pyorea-lautasjalas.jpeg\",\"width\":700,\"height\":490},{\"@type\":\"BreadcrumbList\",\"@id\":\"https:\/\/www.pameco.fi\/sv\/tuote\/auran-pyorea-jalas-16270mm\/#breadcrumb\",\"itemListElement\":[{\"@type\":\"ListItem\",\"position\":1,\"name\":\"Hem\",\"item\":\"https:\/\/www.pameco.fi\/sv\/\"},{\"@type\":\"ListItem\",\"position\":2,\"name\":\"Butik\",\"item\":\"https:\/\/www.pameco.fi\/verkkokauppa\/\"},{\"@type\":\"ListItem\",\"position\":3,\"name\":\"Auran py\u00f6re\u00e4 jalas 16*275mm\"}]},{\"@type\":\"WebSite\",\"@id\":\"https:\/\/www.pameco.fi\/sv\/#website\",\"url\":\"https:\/\/www.pameco.fi\/sv\/\",\"name\":\"Pameco\",\"description\":\"Suomalaiset PAMECO, HOKKE ja AJO-tuotteet kone\u00adurakointiin ja maa\u00adtilojen lietteen- sek\u00e4 vesien\u00adk\u00e4sittelyyn\",\"publisher\":{\"@id\":\"https:\/\/www.pameco.fi\/sv\/#organization\"},\"alternateName\":\"Nurmeksen Ter\u00e4smyynti Oy\",\"potentialAction\":[{\"@type\":\"SearchAction\",\"target\":{\"@type\":\"EntryPoint\",\"urlTemplate\":\"https:\/\/www.pameco.fi\/sv\/?s={search_term_string}\"},\"query-input\":{\"@type\":\"PropertyValueSpecification\",\"valueRequired\":true,\"valueName\":\"search_term_string\"}}],\"inLanguage\":\"sv-SE\"},{\"@type\":\"Organization\",\"@id\":\"https:\/\/www.pameco.fi\/sv\/#organization\",\"name\":\"Pameco\",\"alternateName\":\"Nurmeksen Ter\u00e4smyynti Oy\",\"url\":\"https:\/\/www.pameco.fi\/sv\/\",\"logo\":{\"@type\":\"ImageObject\",\"inLanguage\":\"sv-SE\",\"@id\":\"https:\/\/www.pameco.fi\/sv\/#\/schema\/logo\/image\/\",\"url\":\"https:\/\/www.pameco.fi\/wpc\/uploads\/2025\/09\/profiilikuva.png\",\"contentUrl\":\"https:\/\/www.pameco.fi\/wpc\/uploads\/2025\/09\/profiilikuva.png\",\"width\":1500,\"height\":1500,\"caption\":\"Pameco\"},\"image\":{\"@id\":\"https:\/\/www.pameco.fi\/sv\/#\/schema\/logo\/image\/\"},\"sameAs\":[\"https:\/\/www.facebook.com\/ntmoy\",\"https:\/\/www.youtube.com\/channel\/UCDQ51KVHtb23Y4nTYonSeRw\"]}]}<\/script>\n<!-- \/ Yoast SEO plugin. -->","yoast_head_json":{"title":"Auran py\u00f6re\u00e4 jalas 16*275mm - Pameco","robots":{"index":"index","follow":"follow","max-snippet":"max-snippet:-1","max-image-preview":"max-image-preview:large","max-video-preview":"max-video-preview:-1"},"canonical":"https:\/\/www.pameco.fi\/sv\/tuote\/auran-pyorea-jalas-16270mm\/","og_locale":"sv_SE","og_type":"article","og_title":"Auran py\u00f6re\u00e4 jalas 16*275mm - Pameco","og_description":"16mm Kulutuster\u00e4s  Halkaisija 275mm  Korvakoissa 16,2mm reik\u00e4 tappia varten.  Korvakot toimitetaan irrallaan.  Kuvasta poiketen maalamaton","og_url":"https:\/\/www.pameco.fi\/sv\/tuote\/auran-pyorea-jalas-16270mm\/","og_site_name":"Pameco","article_publisher":"https:\/\/www.facebook.com\/ntmoy","article_modified_time":"2026-03-04T10:19:27+00:00","og_image":[{"width":700,"height":490,"url":"https:\/\/www.pameco.fi\/wpc\/uploads\/2025\/09\/Pyorea-lautasjalas.jpeg","type":"image\/jpeg"}],"twitter_card":"summary_large_image","twitter_misc":{"Est. reading time":"1 minute"},"schema":{"@context":"https:\/\/schema.org","@graph":[{"@type":"WebPage","@id":"https:\/\/www.pameco.fi\/sv\/tuote\/auran-pyorea-jalas-16270mm\/","url":"https:\/\/www.pameco.fi\/sv\/tuote\/auran-pyorea-jalas-16270mm\/","name":"Auran py\u00f6re\u00e4 jalas 16*275mm - Pameco","isPartOf":{"@id":"https:\/\/www.pameco.fi\/sv\/#website"},"primaryImageOfPage":{"@id":"https:\/\/www.pameco.fi\/sv\/tuote\/auran-pyorea-jalas-16270mm\/#primaryimage"},"image":{"@id":"https:\/\/www.pameco.fi\/sv\/tuote\/auran-pyorea-jalas-16270mm\/#primaryimage"},"thumbnailUrl":"https:\/\/www.pameco.fi\/wpc\/uploads\/2025\/09\/Pyorea-lautasjalas.jpeg","datePublished":"2025-09-10T09:20:23+00:00","dateModified":"2026-03-04T10:19:27+00:00","breadcrumb":{"@id":"https:\/\/www.pameco.fi\/sv\/tuote\/auran-pyorea-jalas-16270mm\/#breadcrumb"},"inLanguage":"sv-SE","potentialAction":[{"@type":"ReadAction","target":["https:\/\/www.pameco.fi\/sv\/tuote\/auran-pyorea-jalas-16270mm\/"]}]},{"@type":"ImageObject","inLanguage":"sv-SE","@id":"https:\/\/www.pameco.fi\/sv\/tuote\/auran-pyorea-jalas-16270mm\/#primaryimage","url":"https:\/\/www.pameco.fi\/wpc\/uploads\/2025\/09\/Pyorea-lautasjalas.jpeg","contentUrl":"https:\/\/www.pameco.fi\/wpc\/uploads\/2025\/09\/Pyorea-lautasjalas.jpeg","width":700,"height":490},{"@type":"BreadcrumbList","@id":"https:\/\/www.pameco.fi\/sv\/tuote\/auran-pyorea-jalas-16270mm\/#breadcrumb","itemListElement":[{"@type":"ListItem","position":1,"name":"Hem","item":"https:\/\/www.pameco.fi\/sv\/"},{"@type":"ListItem","position":2,"name":"Butik","item":"https:\/\/www.pameco.fi\/verkkokauppa\/"},{"@type":"ListItem","position":3,"name":"Auran py\u00f6re\u00e4 jalas 16*275mm"}]},{"@type":"WebSite","@id":"https:\/\/www.pameco.fi\/sv\/#website","url":"https:\/\/www.pameco.fi\/sv\/","name":"Pameco","description":"Suomalaiset PAMECO, HOKKE ja AJO-tuotteet kone\u00adurakointiin ja maa\u00adtilojen lietteen- sek\u00e4 vesien\u00adk\u00e4sittelyyn","publisher":{"@id":"https:\/\/www.pameco.fi\/sv\/#organization"},"alternateName":"Nurmeksen Ter\u00e4smyynti Oy","potentialAction":[{"@type":"SearchAction","target":{"@type":"EntryPoint","urlTemplate":"https:\/\/www.pameco.fi\/sv\/?s={search_term_string}"},"query-input":{"@type":"PropertyValueSpecification","valueRequired":true,"valueName":"search_term_string"}}],"inLanguage":"sv-SE"},{"@type":"Organization","@id":"https:\/\/www.pameco.fi\/sv\/#organization","name":"Pameco","alternateName":"Nurmeksen Ter\u00e4smyynti Oy","url":"https:\/\/www.pameco.fi\/sv\/","logo":{"@type":"ImageObject","inLanguage":"sv-SE","@id":"https:\/\/www.pameco.fi\/sv\/#\/schema\/logo\/image\/","url":"https:\/\/www.pameco.fi\/wpc\/uploads\/2025\/09\/profiilikuva.png","contentUrl":"https:\/\/www.pameco.fi\/wpc\/uploads\/2025\/09\/profiilikuva.png","width":1500,"height":1500,"caption":"Pameco"},"image":{"@id":"https:\/\/www.pameco.fi\/sv\/#\/schema\/logo\/image\/"},"sameAs":["https:\/\/www.facebook.com\/ntmoy","https:\/\/www.youtube.com\/channel\/UCDQ51KVHtb23Y4nTYonSeRw"]}]}},"_links":{"self":[{"href":"https:\/\/www.pameco.fi\/sv\/wp-json\/wp\/v2\/product\/2854","targetHints":{"allow":["GET"]}}],"collection":[{"href":"https:\/\/www.pameco.fi\/sv\/wp-json\/wp\/v2\/product"}],"about":[{"href":"https:\/\/www.pameco.fi\/sv\/wp-json\/wp\/v2\/types\/product"}],"replies":[{"embeddable":true,"href":"https:\/\/www.pameco.fi\/sv\/wp-json\/wp\/v2\/comments?post=2854"}],"wp:featuredmedia":[{"embeddable":true,"href":"https:\/\/www.pameco.fi\/sv\/wp-json\/wp\/v2\/media\/3773"}],"wp:attachment":[{"href":"https:\/\/www.pameco.fi\/sv\/wp-json\/wp\/v2\/media?parent=2854"}],"wp:term":[{"taxonomy":"product_brand","embeddable":true,"href":"https:\/\/www.pameco.fi\/sv\/wp-json\/wp\/v2\/product_brand?post=2854"},{"taxonomy":"product_cat","embeddable":true,"href":"https:\/\/www.pameco.fi\/sv\/wp-json\/wp\/v2\/product_cat?post=2854"},{"taxonomy":"product_tag","embeddable":true,"href":"https:\/\/www.pameco.fi\/sv\/wp-json\/wp\/v2\/product_tag?post=2854"}],"curies":[{"name":"wp","href":"https:\/\/api.w.org\/{rel}","templated":true}]}}