{"id":2915,"date":"2025-09-10T12:20:37","date_gmt":"2025-09-10T09:20:37","guid":{"rendered":"https:\/\/www.pameco.fi\/tuote\/pameco-hiekoituskauha-kaivinkoneisiin-1m%c2%b3-ntp10\/"},"modified":"2026-03-27T09:58:42","modified_gmt":"2026-03-27T07:58:42","slug":"pameco-hiekoituskauha-kaivinkoneisiin-1m%c2%b3-ntp10","status":"publish","type":"product","link":"https:\/\/www.pameco.fi\/sv\/tuote\/pameco-hiekoituskauha-kaivinkoneisiin-1m%c2%b3-ntp10\/","title":{"rendered":"Pameco Hiekoituskauha kaivinkoneisiin 1m\u00b3 NTP10"},"content":{"rendered":"","protected":false},"excerpt":{"rendered":"<ul class=\"check-list\">\n<li>Seularitil\u00e4<\/li>\n<li>Virtauksen s\u00e4\u00e4t\u00f6venttiili<\/li>\n<li>Hydrauliikkaletkut pikaliittimill\u00e4<\/li>\n<li>Sekoitin akseli<\/li>\n<li>CE merkitty<\/li>\n<\/ul>\n<p>Suoraan k\u00e4ytt\u00f6valmis. Hiekoitusleveys noin 1m.\u00a0NTP10 Kiinnikkeell\u00e4.<\/p>\n<p><a class=\"button\" href=\"https:\/\/www.pameco.fi\/yhteystiedot\/tarjouspyynto\/\" target=\"_blank\" rel=\"noopener\">L\u00e4het\u00e4 tarjouspyynt\u00f6<\/a><\/p>\n","protected":false},"featured_media":625,"comment_status":"open","ping_status":"closed","template":"","meta":{"_improvement_type_select":"improve_an_existing","_thumb_yes_seoaic":false,"_frame_yes_seoaic":false,"seoaic_generate_description":"","seoaic_improve_instructions_prompt":"","seoaic_rollback_content_improvement":"","seoaic_idea_thumbnail_generator":"","thumbnail_generated":false,"thumbnail_generate_prompt":"","seoaic_article_description":""},"product_brand":[],"product_cat":[66,112],"product_tag":[],"class_list":{"0":"post-2915","1":"product","2":"type-product","3":"status-publish","4":"has-post-thumbnail","6":"product_cat-auraus-ja-hiekoituslaitteet","7":"product_cat-kampanja","8":"product_shipping_class-isokokoinen-rahti","10":"first","11":"instock","12":"sale","13":"taxable","14":"shipping-taxable","15":"purchasable","16":"product-type-simple"},"yoast_head":"<!-- This site is optimized with the Yoast SEO plugin v27.2 - https:\/\/yoast.com\/product\/yoast-seo-wordpress\/ -->\n<title>Pameco Hiekoituskauha kaivinkoneisiin 1m\u00b3 NTP10 - Pameco<\/title>\n<meta name=\"robots\" content=\"index, follow, max-snippet:-1, max-image-preview:large, max-video-preview:-1\" \/>\n<link rel=\"canonical\" href=\"https:\/\/www.pameco.fi\/sv\/tuote\/pameco-hiekoituskauha-kaivinkoneisiin-1m%c2%b3-ntp10\/\" \/>\n<meta property=\"og:locale\" content=\"sv_SE\" \/>\n<meta property=\"og:type\" content=\"article\" \/>\n<meta property=\"og:title\" content=\"Pameco Hiekoituskauha kaivinkoneisiin 1m\u00b3 NTP10 - Pameco\" \/>\n<meta property=\"og:description\" content=\"Seularitil\u00e4  Virtauksen s\u00e4\u00e4t\u00f6venttiili  Hydrauliikkaletkut pikaliittimill\u00e4  Sekoitin akseli  CE merkitty  Suoraan k\u00e4ytt\u00f6valmis. Hiekoitusleveys noin 1m.\u00a0NTP10 Kiinnikkeell\u00e4.  L\u00e4het\u00e4 tarjouspyynt\u00f6\" \/>\n<meta property=\"og:url\" content=\"https:\/\/www.pameco.fi\/sv\/tuote\/pameco-hiekoituskauha-kaivinkoneisiin-1m%c2%b3-ntp10\/\" \/>\n<meta property=\"og:site_name\" content=\"Pameco\" \/>\n<meta property=\"article:publisher\" content=\"https:\/\/www.facebook.com\/ntmoy\" \/>\n<meta property=\"article:modified_time\" content=\"2026-03-27T07:58:42+00:00\" \/>\n<meta property=\"og:image\" content=\"https:\/\/www.pameco.fi\/wpc\/uploads\/2025\/08\/WhatsApp-Image-2021-11-29-at-13.20.45.jpeg\" \/>\n\t<meta property=\"og:image:width\" content=\"1457\" \/>\n\t<meta property=\"og:image:height\" content=\"1496\" \/>\n\t<meta property=\"og:image:type\" content=\"image\/jpeg\" \/>\n<meta name=\"twitter:card\" content=\"summary_large_image\" \/>\n<meta name=\"twitter:label1\" content=\"Est. reading time\" \/>\n\t<meta name=\"twitter:data1\" content=\"1 minute\" \/>\n<script type=\"application\/ld+json\" class=\"yoast-schema-graph\">{\"@context\":\"https:\/\/schema.org\",\"@graph\":[{\"@type\":\"WebPage\",\"@id\":\"https:\/\/www.pameco.fi\/sv\/tuote\/pameco-hiekoituskauha-kaivinkoneisiin-1m%c2%b3-ntp10\/\",\"url\":\"https:\/\/www.pameco.fi\/sv\/tuote\/pameco-hiekoituskauha-kaivinkoneisiin-1m%c2%b3-ntp10\/\",\"name\":\"Pameco Hiekoituskauha kaivinkoneisiin 1m\u00b3 NTP10 - Pameco\",\"isPartOf\":{\"@id\":\"https:\/\/www.pameco.fi\/sv\/#website\"},\"primaryImageOfPage\":{\"@id\":\"https:\/\/www.pameco.fi\/sv\/tuote\/pameco-hiekoituskauha-kaivinkoneisiin-1m%c2%b3-ntp10\/#primaryimage\"},\"image\":{\"@id\":\"https:\/\/www.pameco.fi\/sv\/tuote\/pameco-hiekoituskauha-kaivinkoneisiin-1m%c2%b3-ntp10\/#primaryimage\"},\"thumbnailUrl\":\"https:\/\/www.pameco.fi\/wpc\/uploads\/2025\/08\/WhatsApp-Image-2021-11-29-at-13.20.45.jpeg\",\"datePublished\":\"2025-09-10T09:20:37+00:00\",\"dateModified\":\"2026-03-27T07:58:42+00:00\",\"breadcrumb\":{\"@id\":\"https:\/\/www.pameco.fi\/sv\/tuote\/pameco-hiekoituskauha-kaivinkoneisiin-1m%c2%b3-ntp10\/#breadcrumb\"},\"inLanguage\":\"sv-SE\",\"potentialAction\":[{\"@type\":\"ReadAction\",\"target\":[\"https:\/\/www.pameco.fi\/sv\/tuote\/pameco-hiekoituskauha-kaivinkoneisiin-1m%c2%b3-ntp10\/\"]}]},{\"@type\":\"ImageObject\",\"inLanguage\":\"sv-SE\",\"@id\":\"https:\/\/www.pameco.fi\/sv\/tuote\/pameco-hiekoituskauha-kaivinkoneisiin-1m%c2%b3-ntp10\/#primaryimage\",\"url\":\"https:\/\/www.pameco.fi\/wpc\/uploads\/2025\/08\/WhatsApp-Image-2021-11-29-at-13.20.45.jpeg\",\"contentUrl\":\"https:\/\/www.pameco.fi\/wpc\/uploads\/2025\/08\/WhatsApp-Image-2021-11-29-at-13.20.45.jpeg\",\"width\":1457,\"height\":1496},{\"@type\":\"BreadcrumbList\",\"@id\":\"https:\/\/www.pameco.fi\/sv\/tuote\/pameco-hiekoituskauha-kaivinkoneisiin-1m%c2%b3-ntp10\/#breadcrumb\",\"itemListElement\":[{\"@type\":\"ListItem\",\"position\":1,\"name\":\"Hem\",\"item\":\"https:\/\/www.pameco.fi\/sv\/\"},{\"@type\":\"ListItem\",\"position\":2,\"name\":\"Butik\",\"item\":\"https:\/\/www.pameco.fi\/verkkokauppa\/\"},{\"@type\":\"ListItem\",\"position\":3,\"name\":\"Pameco Hiekoituskauha kaivinkoneisiin 1m\u00b3 NTP10\"}]},{\"@type\":\"WebSite\",\"@id\":\"https:\/\/www.pameco.fi\/sv\/#website\",\"url\":\"https:\/\/www.pameco.fi\/sv\/\",\"name\":\"Pameco\",\"description\":\"Suomalaiset PAMECO, HOKKE ja AJO-tuotteet kone\u00adurakointiin ja maa\u00adtilojen lietteen- sek\u00e4 vesien\u00adk\u00e4sittelyyn\",\"publisher\":{\"@id\":\"https:\/\/www.pameco.fi\/sv\/#organization\"},\"alternateName\":\"Nurmeksen Ter\u00e4smyynti Oy\",\"potentialAction\":[{\"@type\":\"SearchAction\",\"target\":{\"@type\":\"EntryPoint\",\"urlTemplate\":\"https:\/\/www.pameco.fi\/sv\/?s={search_term_string}\"},\"query-input\":{\"@type\":\"PropertyValueSpecification\",\"valueRequired\":true,\"valueName\":\"search_term_string\"}}],\"inLanguage\":\"sv-SE\"},{\"@type\":\"Organization\",\"@id\":\"https:\/\/www.pameco.fi\/sv\/#organization\",\"name\":\"Pameco\",\"alternateName\":\"Nurmeksen Ter\u00e4smyynti Oy\",\"url\":\"https:\/\/www.pameco.fi\/sv\/\",\"logo\":{\"@type\":\"ImageObject\",\"inLanguage\":\"sv-SE\",\"@id\":\"https:\/\/www.pameco.fi\/sv\/#\/schema\/logo\/image\/\",\"url\":\"https:\/\/www.pameco.fi\/wpc\/uploads\/2025\/09\/profiilikuva.png\",\"contentUrl\":\"https:\/\/www.pameco.fi\/wpc\/uploads\/2025\/09\/profiilikuva.png\",\"width\":1500,\"height\":1500,\"caption\":\"Pameco\"},\"image\":{\"@id\":\"https:\/\/www.pameco.fi\/sv\/#\/schema\/logo\/image\/\"},\"sameAs\":[\"https:\/\/www.facebook.com\/ntmoy\",\"https:\/\/www.youtube.com\/channel\/UCDQ51KVHtb23Y4nTYonSeRw\"]}]}<\/script>\n<!-- \/ Yoast SEO plugin. -->","yoast_head_json":{"title":"Pameco Hiekoituskauha kaivinkoneisiin 1m\u00b3 NTP10 - Pameco","robots":{"index":"index","follow":"follow","max-snippet":"max-snippet:-1","max-image-preview":"max-image-preview:large","max-video-preview":"max-video-preview:-1"},"canonical":"https:\/\/www.pameco.fi\/sv\/tuote\/pameco-hiekoituskauha-kaivinkoneisiin-1m%c2%b3-ntp10\/","og_locale":"sv_SE","og_type":"article","og_title":"Pameco Hiekoituskauha kaivinkoneisiin 1m\u00b3 NTP10 - Pameco","og_description":"Seularitil\u00e4  Virtauksen s\u00e4\u00e4t\u00f6venttiili  Hydrauliikkaletkut pikaliittimill\u00e4  Sekoitin akseli  CE merkitty  Suoraan k\u00e4ytt\u00f6valmis. Hiekoitusleveys noin 1m.\u00a0NTP10 Kiinnikkeell\u00e4.  L\u00e4het\u00e4 tarjouspyynt\u00f6","og_url":"https:\/\/www.pameco.fi\/sv\/tuote\/pameco-hiekoituskauha-kaivinkoneisiin-1m%c2%b3-ntp10\/","og_site_name":"Pameco","article_publisher":"https:\/\/www.facebook.com\/ntmoy","article_modified_time":"2026-03-27T07:58:42+00:00","og_image":[{"width":1457,"height":1496,"url":"https:\/\/www.pameco.fi\/wpc\/uploads\/2025\/08\/WhatsApp-Image-2021-11-29-at-13.20.45.jpeg","type":"image\/jpeg"}],"twitter_card":"summary_large_image","twitter_misc":{"Est. reading time":"1 minute"},"schema":{"@context":"https:\/\/schema.org","@graph":[{"@type":"WebPage","@id":"https:\/\/www.pameco.fi\/sv\/tuote\/pameco-hiekoituskauha-kaivinkoneisiin-1m%c2%b3-ntp10\/","url":"https:\/\/www.pameco.fi\/sv\/tuote\/pameco-hiekoituskauha-kaivinkoneisiin-1m%c2%b3-ntp10\/","name":"Pameco Hiekoituskauha kaivinkoneisiin 1m\u00b3 NTP10 - Pameco","isPartOf":{"@id":"https:\/\/www.pameco.fi\/sv\/#website"},"primaryImageOfPage":{"@id":"https:\/\/www.pameco.fi\/sv\/tuote\/pameco-hiekoituskauha-kaivinkoneisiin-1m%c2%b3-ntp10\/#primaryimage"},"image":{"@id":"https:\/\/www.pameco.fi\/sv\/tuote\/pameco-hiekoituskauha-kaivinkoneisiin-1m%c2%b3-ntp10\/#primaryimage"},"thumbnailUrl":"https:\/\/www.pameco.fi\/wpc\/uploads\/2025\/08\/WhatsApp-Image-2021-11-29-at-13.20.45.jpeg","datePublished":"2025-09-10T09:20:37+00:00","dateModified":"2026-03-27T07:58:42+00:00","breadcrumb":{"@id":"https:\/\/www.pameco.fi\/sv\/tuote\/pameco-hiekoituskauha-kaivinkoneisiin-1m%c2%b3-ntp10\/#breadcrumb"},"inLanguage":"sv-SE","potentialAction":[{"@type":"ReadAction","target":["https:\/\/www.pameco.fi\/sv\/tuote\/pameco-hiekoituskauha-kaivinkoneisiin-1m%c2%b3-ntp10\/"]}]},{"@type":"ImageObject","inLanguage":"sv-SE","@id":"https:\/\/www.pameco.fi\/sv\/tuote\/pameco-hiekoituskauha-kaivinkoneisiin-1m%c2%b3-ntp10\/#primaryimage","url":"https:\/\/www.pameco.fi\/wpc\/uploads\/2025\/08\/WhatsApp-Image-2021-11-29-at-13.20.45.jpeg","contentUrl":"https:\/\/www.pameco.fi\/wpc\/uploads\/2025\/08\/WhatsApp-Image-2021-11-29-at-13.20.45.jpeg","width":1457,"height":1496},{"@type":"BreadcrumbList","@id":"https:\/\/www.pameco.fi\/sv\/tuote\/pameco-hiekoituskauha-kaivinkoneisiin-1m%c2%b3-ntp10\/#breadcrumb","itemListElement":[{"@type":"ListItem","position":1,"name":"Hem","item":"https:\/\/www.pameco.fi\/sv\/"},{"@type":"ListItem","position":2,"name":"Butik","item":"https:\/\/www.pameco.fi\/verkkokauppa\/"},{"@type":"ListItem","position":3,"name":"Pameco Hiekoituskauha kaivinkoneisiin 1m\u00b3 NTP10"}]},{"@type":"WebSite","@id":"https:\/\/www.pameco.fi\/sv\/#website","url":"https:\/\/www.pameco.fi\/sv\/","name":"Pameco","description":"Suomalaiset PAMECO, HOKKE ja AJO-tuotteet kone\u00adurakointiin ja maa\u00adtilojen lietteen- sek\u00e4 vesien\u00adk\u00e4sittelyyn","publisher":{"@id":"https:\/\/www.pameco.fi\/sv\/#organization"},"alternateName":"Nurmeksen Ter\u00e4smyynti Oy","potentialAction":[{"@type":"SearchAction","target":{"@type":"EntryPoint","urlTemplate":"https:\/\/www.pameco.fi\/sv\/?s={search_term_string}"},"query-input":{"@type":"PropertyValueSpecification","valueRequired":true,"valueName":"search_term_string"}}],"inLanguage":"sv-SE"},{"@type":"Organization","@id":"https:\/\/www.pameco.fi\/sv\/#organization","name":"Pameco","alternateName":"Nurmeksen Ter\u00e4smyynti Oy","url":"https:\/\/www.pameco.fi\/sv\/","logo":{"@type":"ImageObject","inLanguage":"sv-SE","@id":"https:\/\/www.pameco.fi\/sv\/#\/schema\/logo\/image\/","url":"https:\/\/www.pameco.fi\/wpc\/uploads\/2025\/09\/profiilikuva.png","contentUrl":"https:\/\/www.pameco.fi\/wpc\/uploads\/2025\/09\/profiilikuva.png","width":1500,"height":1500,"caption":"Pameco"},"image":{"@id":"https:\/\/www.pameco.fi\/sv\/#\/schema\/logo\/image\/"},"sameAs":["https:\/\/www.facebook.com\/ntmoy","https:\/\/www.youtube.com\/channel\/UCDQ51KVHtb23Y4nTYonSeRw"]}]}},"_links":{"self":[{"href":"https:\/\/www.pameco.fi\/sv\/wp-json\/wp\/v2\/product\/2915","targetHints":{"allow":["GET"]}}],"collection":[{"href":"https:\/\/www.pameco.fi\/sv\/wp-json\/wp\/v2\/product"}],"about":[{"href":"https:\/\/www.pameco.fi\/sv\/wp-json\/wp\/v2\/types\/product"}],"replies":[{"embeddable":true,"href":"https:\/\/www.pameco.fi\/sv\/wp-json\/wp\/v2\/comments?post=2915"}],"wp:featuredmedia":[{"embeddable":true,"href":"https:\/\/www.pameco.fi\/sv\/wp-json\/wp\/v2\/media\/625"}],"wp:attachment":[{"href":"https:\/\/www.pameco.fi\/sv\/wp-json\/wp\/v2\/media?parent=2915"}],"wp:term":[{"taxonomy":"product_brand","embeddable":true,"href":"https:\/\/www.pameco.fi\/sv\/wp-json\/wp\/v2\/product_brand?post=2915"},{"taxonomy":"product_cat","embeddable":true,"href":"https:\/\/www.pameco.fi\/sv\/wp-json\/wp\/v2\/product_cat?post=2915"},{"taxonomy":"product_tag","embeddable":true,"href":"https:\/\/www.pameco.fi\/sv\/wp-json\/wp\/v2\/product_tag?post=2915"}],"curies":[{"name":"wp","href":"https:\/\/api.w.org\/{rel}","templated":true}]}}