{"id":2916,"date":"2025-09-10T12:20:38","date_gmt":"2025-09-10T09:20:38","guid":{"rendered":"https:\/\/www.pameco.fi\/tuote\/pameco-pa3660-perhosaura\/"},"modified":"2025-10-22T12:40:08","modified_gmt":"2025-10-22T09:40:08","slug":"pameco-pa3660-perhosaura","status":"publish","type":"product","link":"https:\/\/www.pameco.fi\/sv\/tuote\/pameco-pa3660-perhosaura\/","title":{"rendered":"Pameco PA3660 Perhosaura"},"content":{"rendered":"","protected":false},"excerpt":{"rendered":"<p><strong>CE-merkitty talvikunnossapidon tuote.<\/strong><\/p>\n<ul class=\"check-list\">\n<li class=\"color--secondary\"><span style=\"color: #a6a49d;\">Ter\u00e4n leveys 3660mm<\/span><\/li>\n<li class=\"color--secondary\"><span style=\"color: #a6a49d;\">Ty\u00f6leveys 45asteen kulmassa noin 2,6 metri\u00e4<\/span><\/li>\n<li class=\"color--secondary\"><span style=\"color: #a6a49d;\">Vakiona 16mm paksut k\u00e4\u00e4nnett\u00e4v\u00e4t hammaster\u00e4t HB500, reik\u00e4jako 305mm<\/span><\/li>\n<li class=\"color--secondary\"><span style=\"color: #a6a49d;\">Siiven korkeus n.120cm<\/span><\/li>\n<li class=\"color--secondary\"><span style=\"color: #a6a49d;\">Paino n.895kg<\/span><\/li>\n<li class=\"color--secondary\"><span style=\"color: #a6a49d;\">Ty\u00f6laitekiinnikkeet pulttikiinniteiset<\/span><\/li>\n<li class=\"color--secondary\"><span style=\"color: #a6a49d;\">Siipi valmistetaan mankeloimalla.<\/span><\/li>\n<\/ul>\n<h3>Ominaisuudet mm.<\/h3>\n<ul class=\"check-list\">\n<li class=\"color--secondary\"><span style=\"color: #a6a49d;\">K\u00e4\u00e4nt\u00f6kulma 0-45 astetta molempiin suuntiin.<\/span><\/li>\n<li class=\"color--secondary\"><span style=\"color: #a6a49d;\">J\u00e4re\u00e4 k\u00e4\u00e4nt\u00f6runko\/kiinnitysosa, liukupalat on rasvattavat, s\u00e4\u00e4dett\u00e4v\u00e4t ja nopeasti vaihdettavissa.<\/span><\/li>\n<li class=\"color--secondary\"><span style=\"color: #a6a49d;\">Polyuretaanimaalaus kest\u00e4\u00e4 hyvin kulutusta ja on liukas.<\/span><\/li>\n<\/ul>\n<h3>Pameco aurankelluntasysteemin hy\u00f6dyt<\/h3>\n<ul class=\"check-list\">\n<li class=\"color--secondary\"><span style=\"color: #a6a49d;\">Kevyt ty\u00f6nt\u00e4\u00e4<\/span><\/li>\n<li class=\"color--secondary\"><span style=\"color: #a6a49d;\">My\u00f6t\u00e4ilee maastoa tarkasti<\/span><\/li>\n<li class=\"color--secondary\"><span style=\"color: #a6a49d;\">Ei tunkeudu maahan tahattomasti<\/span><\/li>\n<li class=\"color--secondary\"><span style=\"color: #a6a49d;\">Aura ei tarvitse tukijalkoja (halutessaan sellaiset saa kuitenkin lis\u00e4varusteena)<\/span><\/li>\n<\/ul>\n[youtube video=\"https:\/\/youtu.be\/EEALLoChkQQ\"]\n<p>Toimitus sis\u00e4lt\u00e4\u00e4 vakio traktori ty\u00f6laitekiinnikkeet esim Euro, Vila, Isme yms..<\/p>\n<p><a class=\"button\" href=\"https:\/\/www.pameco.fi\/yhteystiedot\/tarjouspyynto\/\" target=\"_blank\" rel=\"noopener\">L\u00e4het\u00e4 tarjouspyynt\u00f6<\/a><\/p>\n","protected":false},"featured_media":630,"comment_status":"open","ping_status":"closed","template":"","meta":{"_improvement_type_select":"improve_an_existing","_thumb_yes_seoaic":false,"_frame_yes_seoaic":false,"seoaic_generate_description":"","seoaic_improve_instructions_prompt":"","seoaic_rollback_content_improvement":"","seoaic_idea_thumbnail_generator":"","thumbnail_generated":false,"thumbnail_generate_prompt":"","seoaic_article_description":""},"product_brand":[],"product_cat":[66],"product_tag":[],"class_list":{"0":"post-2916","1":"product","2":"type-product","3":"status-publish","4":"has-post-thumbnail","6":"product_cat-auraus-ja-hiekoituslaitteet","8":"first","9":"onbackorder","10":"featured","11":"taxable","12":"shipping-taxable","13":"product-type-simple"},"yoast_head":"<!-- This site is optimized with the Yoast SEO plugin v27.2 - https:\/\/yoast.com\/product\/yoast-seo-wordpress\/ -->\n<title>Pameco PA3660 Perhosaura - Pameco<\/title>\n<meta name=\"robots\" content=\"index, follow, max-snippet:-1, max-image-preview:large, max-video-preview:-1\" \/>\n<link rel=\"canonical\" href=\"https:\/\/www.pameco.fi\/sv\/tuote\/pameco-pa3660-perhosaura\/\" \/>\n<meta property=\"og:locale\" content=\"sv_SE\" \/>\n<meta property=\"og:type\" content=\"article\" \/>\n<meta property=\"og:title\" content=\"Pameco PA3660 Perhosaura - Pameco\" \/>\n<meta property=\"og:description\" content=\"CE-merkitty talvikunnossapidon tuote.   Ter\u00e4n leveys 3660mm  Ty\u00f6leveys 45asteen kulmassa noin 2,6 metri\u00e4  Vakiona 16mm paksut k\u00e4\u00e4nnett\u00e4v\u00e4t hammaster\u00e4t HB500, reik\u00e4jako 305mm  Siiven korkeus n.120cm  Paino n.895kg  Ty\u00f6laitekiinnikkeet pulttikiinniteiset  Siipi valmistetaan mankeloimalla.  Ominaisuudet mm.   K\u00e4\u00e4nt\u00f6kulma 0-45 astetta molempiin suuntiin.  J\u00e4re\u00e4 k\u00e4\u00e4nt\u00f6runko\/kiinnitysosa, liukupalat on rasvattavat, s\u00e4\u00e4dett\u00e4v\u00e4t ja nopeasti vaihdettavissa.  Polyuretaanimaalaus kest\u00e4\u00e4 hyvin kulutusta ja on liukas.  Pameco aurankelluntasysteemin hy\u00f6dyt   Kevyt ty\u00f6nt\u00e4\u00e4  My\u00f6t\u00e4ilee maastoa tarkasti  Ei tunkeudu maahan tahattomasti  Aura ei tarvitse tukijalkoja (halutessaan sellaiset saa kuitenkin lis\u00e4varusteena)    Toimitus sis\u00e4lt\u00e4\u00e4 vakio traktori ty\u00f6laitekiinnikkeet esim Euro, Vila, Isme yms..  L\u00e4het\u00e4 tarjouspyynt\u00f6\" \/>\n<meta property=\"og:url\" content=\"https:\/\/www.pameco.fi\/sv\/tuote\/pameco-pa3660-perhosaura\/\" \/>\n<meta property=\"og:site_name\" content=\"Pameco\" \/>\n<meta property=\"article:publisher\" content=\"https:\/\/www.facebook.com\/ntmoy\" \/>\n<meta property=\"article:modified_time\" content=\"2025-10-22T09:40:08+00:00\" \/>\n<meta property=\"og:image\" content=\"https:\/\/www.pameco.fi\/wpc\/uploads\/2025\/08\/10.jpg\" \/>\n\t<meta property=\"og:image:width\" content=\"1356\" \/>\n\t<meta property=\"og:image:height\" content=\"908\" \/>\n\t<meta property=\"og:image:type\" content=\"image\/jpeg\" \/>\n<meta name=\"twitter:card\" content=\"summary_large_image\" \/>\n<meta name=\"twitter:label1\" content=\"Est. reading time\" \/>\n\t<meta name=\"twitter:data1\" content=\"1 minute\" \/>\n<script type=\"application\/ld+json\" class=\"yoast-schema-graph\">{\"@context\":\"https:\/\/schema.org\",\"@graph\":[{\"@type\":\"WebPage\",\"@id\":\"https:\/\/www.pameco.fi\/sv\/tuote\/pameco-pa3660-perhosaura\/\",\"url\":\"https:\/\/www.pameco.fi\/sv\/tuote\/pameco-pa3660-perhosaura\/\",\"name\":\"Pameco PA3660 Perhosaura - Pameco\",\"isPartOf\":{\"@id\":\"https:\/\/www.pameco.fi\/sv\/#website\"},\"primaryImageOfPage\":{\"@id\":\"https:\/\/www.pameco.fi\/sv\/tuote\/pameco-pa3660-perhosaura\/#primaryimage\"},\"image\":{\"@id\":\"https:\/\/www.pameco.fi\/sv\/tuote\/pameco-pa3660-perhosaura\/#primaryimage\"},\"thumbnailUrl\":\"https:\/\/www.pameco.fi\/wpc\/uploads\/2025\/08\/10.jpg\",\"datePublished\":\"2025-09-10T09:20:38+00:00\",\"dateModified\":\"2025-10-22T09:40:08+00:00\",\"breadcrumb\":{\"@id\":\"https:\/\/www.pameco.fi\/sv\/tuote\/pameco-pa3660-perhosaura\/#breadcrumb\"},\"inLanguage\":\"sv-SE\",\"potentialAction\":[{\"@type\":\"ReadAction\",\"target\":[\"https:\/\/www.pameco.fi\/sv\/tuote\/pameco-pa3660-perhosaura\/\"]}]},{\"@type\":\"ImageObject\",\"inLanguage\":\"sv-SE\",\"@id\":\"https:\/\/www.pameco.fi\/sv\/tuote\/pameco-pa3660-perhosaura\/#primaryimage\",\"url\":\"https:\/\/www.pameco.fi\/wpc\/uploads\/2025\/08\/10.jpg\",\"contentUrl\":\"https:\/\/www.pameco.fi\/wpc\/uploads\/2025\/08\/10.jpg\",\"width\":1356,\"height\":908},{\"@type\":\"BreadcrumbList\",\"@id\":\"https:\/\/www.pameco.fi\/sv\/tuote\/pameco-pa3660-perhosaura\/#breadcrumb\",\"itemListElement\":[{\"@type\":\"ListItem\",\"position\":1,\"name\":\"Hem\",\"item\":\"https:\/\/www.pameco.fi\/sv\/\"},{\"@type\":\"ListItem\",\"position\":2,\"name\":\"Butik\",\"item\":\"https:\/\/www.pameco.fi\/verkkokauppa\/\"},{\"@type\":\"ListItem\",\"position\":3,\"name\":\"Pameco PA3660 Perhosaura\"}]},{\"@type\":\"WebSite\",\"@id\":\"https:\/\/www.pameco.fi\/sv\/#website\",\"url\":\"https:\/\/www.pameco.fi\/sv\/\",\"name\":\"Pameco\",\"description\":\"Suomalaiset PAMECO, HOKKE ja AJO-tuotteet kone\u00adurakointiin ja maa\u00adtilojen lietteen- sek\u00e4 vesien\u00adk\u00e4sittelyyn\",\"publisher\":{\"@id\":\"https:\/\/www.pameco.fi\/sv\/#organization\"},\"alternateName\":\"Nurmeksen Ter\u00e4smyynti Oy\",\"potentialAction\":[{\"@type\":\"SearchAction\",\"target\":{\"@type\":\"EntryPoint\",\"urlTemplate\":\"https:\/\/www.pameco.fi\/sv\/?s={search_term_string}\"},\"query-input\":{\"@type\":\"PropertyValueSpecification\",\"valueRequired\":true,\"valueName\":\"search_term_string\"}}],\"inLanguage\":\"sv-SE\"},{\"@type\":\"Organization\",\"@id\":\"https:\/\/www.pameco.fi\/sv\/#organization\",\"name\":\"Pameco\",\"alternateName\":\"Nurmeksen Ter\u00e4smyynti Oy\",\"url\":\"https:\/\/www.pameco.fi\/sv\/\",\"logo\":{\"@type\":\"ImageObject\",\"inLanguage\":\"sv-SE\",\"@id\":\"https:\/\/www.pameco.fi\/sv\/#\/schema\/logo\/image\/\",\"url\":\"https:\/\/www.pameco.fi\/wpc\/uploads\/2025\/09\/profiilikuva.png\",\"contentUrl\":\"https:\/\/www.pameco.fi\/wpc\/uploads\/2025\/09\/profiilikuva.png\",\"width\":1500,\"height\":1500,\"caption\":\"Pameco\"},\"image\":{\"@id\":\"https:\/\/www.pameco.fi\/sv\/#\/schema\/logo\/image\/\"},\"sameAs\":[\"https:\/\/www.facebook.com\/ntmoy\",\"https:\/\/www.youtube.com\/channel\/UCDQ51KVHtb23Y4nTYonSeRw\"]}]}<\/script>\n<!-- \/ Yoast SEO plugin. -->","yoast_head_json":{"title":"Pameco PA3660 Perhosaura - Pameco","robots":{"index":"index","follow":"follow","max-snippet":"max-snippet:-1","max-image-preview":"max-image-preview:large","max-video-preview":"max-video-preview:-1"},"canonical":"https:\/\/www.pameco.fi\/sv\/tuote\/pameco-pa3660-perhosaura\/","og_locale":"sv_SE","og_type":"article","og_title":"Pameco PA3660 Perhosaura - Pameco","og_description":"CE-merkitty talvikunnossapidon tuote.   Ter\u00e4n leveys 3660mm  Ty\u00f6leveys 45asteen kulmassa noin 2,6 metri\u00e4  Vakiona 16mm paksut k\u00e4\u00e4nnett\u00e4v\u00e4t hammaster\u00e4t HB500, reik\u00e4jako 305mm  Siiven korkeus n.120cm  Paino n.895kg  Ty\u00f6laitekiinnikkeet pulttikiinniteiset  Siipi valmistetaan mankeloimalla.  Ominaisuudet mm.   K\u00e4\u00e4nt\u00f6kulma 0-45 astetta molempiin suuntiin.  J\u00e4re\u00e4 k\u00e4\u00e4nt\u00f6runko\/kiinnitysosa, liukupalat on rasvattavat, s\u00e4\u00e4dett\u00e4v\u00e4t ja nopeasti vaihdettavissa.  Polyuretaanimaalaus kest\u00e4\u00e4 hyvin kulutusta ja on liukas.  Pameco aurankelluntasysteemin hy\u00f6dyt   Kevyt ty\u00f6nt\u00e4\u00e4  My\u00f6t\u00e4ilee maastoa tarkasti  Ei tunkeudu maahan tahattomasti  Aura ei tarvitse tukijalkoja (halutessaan sellaiset saa kuitenkin lis\u00e4varusteena)    Toimitus sis\u00e4lt\u00e4\u00e4 vakio traktori ty\u00f6laitekiinnikkeet esim Euro, Vila, Isme yms..  L\u00e4het\u00e4 tarjouspyynt\u00f6","og_url":"https:\/\/www.pameco.fi\/sv\/tuote\/pameco-pa3660-perhosaura\/","og_site_name":"Pameco","article_publisher":"https:\/\/www.facebook.com\/ntmoy","article_modified_time":"2025-10-22T09:40:08+00:00","og_image":[{"width":1356,"height":908,"url":"https:\/\/www.pameco.fi\/wpc\/uploads\/2025\/08\/10.jpg","type":"image\/jpeg"}],"twitter_card":"summary_large_image","twitter_misc":{"Est. reading time":"1 minute"},"schema":{"@context":"https:\/\/schema.org","@graph":[{"@type":"WebPage","@id":"https:\/\/www.pameco.fi\/sv\/tuote\/pameco-pa3660-perhosaura\/","url":"https:\/\/www.pameco.fi\/sv\/tuote\/pameco-pa3660-perhosaura\/","name":"Pameco PA3660 Perhosaura - Pameco","isPartOf":{"@id":"https:\/\/www.pameco.fi\/sv\/#website"},"primaryImageOfPage":{"@id":"https:\/\/www.pameco.fi\/sv\/tuote\/pameco-pa3660-perhosaura\/#primaryimage"},"image":{"@id":"https:\/\/www.pameco.fi\/sv\/tuote\/pameco-pa3660-perhosaura\/#primaryimage"},"thumbnailUrl":"https:\/\/www.pameco.fi\/wpc\/uploads\/2025\/08\/10.jpg","datePublished":"2025-09-10T09:20:38+00:00","dateModified":"2025-10-22T09:40:08+00:00","breadcrumb":{"@id":"https:\/\/www.pameco.fi\/sv\/tuote\/pameco-pa3660-perhosaura\/#breadcrumb"},"inLanguage":"sv-SE","potentialAction":[{"@type":"ReadAction","target":["https:\/\/www.pameco.fi\/sv\/tuote\/pameco-pa3660-perhosaura\/"]}]},{"@type":"ImageObject","inLanguage":"sv-SE","@id":"https:\/\/www.pameco.fi\/sv\/tuote\/pameco-pa3660-perhosaura\/#primaryimage","url":"https:\/\/www.pameco.fi\/wpc\/uploads\/2025\/08\/10.jpg","contentUrl":"https:\/\/www.pameco.fi\/wpc\/uploads\/2025\/08\/10.jpg","width":1356,"height":908},{"@type":"BreadcrumbList","@id":"https:\/\/www.pameco.fi\/sv\/tuote\/pameco-pa3660-perhosaura\/#breadcrumb","itemListElement":[{"@type":"ListItem","position":1,"name":"Hem","item":"https:\/\/www.pameco.fi\/sv\/"},{"@type":"ListItem","position":2,"name":"Butik","item":"https:\/\/www.pameco.fi\/verkkokauppa\/"},{"@type":"ListItem","position":3,"name":"Pameco PA3660 Perhosaura"}]},{"@type":"WebSite","@id":"https:\/\/www.pameco.fi\/sv\/#website","url":"https:\/\/www.pameco.fi\/sv\/","name":"Pameco","description":"Suomalaiset PAMECO, HOKKE ja AJO-tuotteet kone\u00adurakointiin ja maa\u00adtilojen lietteen- sek\u00e4 vesien\u00adk\u00e4sittelyyn","publisher":{"@id":"https:\/\/www.pameco.fi\/sv\/#organization"},"alternateName":"Nurmeksen Ter\u00e4smyynti Oy","potentialAction":[{"@type":"SearchAction","target":{"@type":"EntryPoint","urlTemplate":"https:\/\/www.pameco.fi\/sv\/?s={search_term_string}"},"query-input":{"@type":"PropertyValueSpecification","valueRequired":true,"valueName":"search_term_string"}}],"inLanguage":"sv-SE"},{"@type":"Organization","@id":"https:\/\/www.pameco.fi\/sv\/#organization","name":"Pameco","alternateName":"Nurmeksen Ter\u00e4smyynti Oy","url":"https:\/\/www.pameco.fi\/sv\/","logo":{"@type":"ImageObject","inLanguage":"sv-SE","@id":"https:\/\/www.pameco.fi\/sv\/#\/schema\/logo\/image\/","url":"https:\/\/www.pameco.fi\/wpc\/uploads\/2025\/09\/profiilikuva.png","contentUrl":"https:\/\/www.pameco.fi\/wpc\/uploads\/2025\/09\/profiilikuva.png","width":1500,"height":1500,"caption":"Pameco"},"image":{"@id":"https:\/\/www.pameco.fi\/sv\/#\/schema\/logo\/image\/"},"sameAs":["https:\/\/www.facebook.com\/ntmoy","https:\/\/www.youtube.com\/channel\/UCDQ51KVHtb23Y4nTYonSeRw"]}]}},"_links":{"self":[{"href":"https:\/\/www.pameco.fi\/sv\/wp-json\/wp\/v2\/product\/2916","targetHints":{"allow":["GET"]}}],"collection":[{"href":"https:\/\/www.pameco.fi\/sv\/wp-json\/wp\/v2\/product"}],"about":[{"href":"https:\/\/www.pameco.fi\/sv\/wp-json\/wp\/v2\/types\/product"}],"replies":[{"embeddable":true,"href":"https:\/\/www.pameco.fi\/sv\/wp-json\/wp\/v2\/comments?post=2916"}],"wp:featuredmedia":[{"embeddable":true,"href":"https:\/\/www.pameco.fi\/sv\/wp-json\/wp\/v2\/media\/630"}],"wp:attachment":[{"href":"https:\/\/www.pameco.fi\/sv\/wp-json\/wp\/v2\/media?parent=2916"}],"wp:term":[{"taxonomy":"product_brand","embeddable":true,"href":"https:\/\/www.pameco.fi\/sv\/wp-json\/wp\/v2\/product_brand?post=2916"},{"taxonomy":"product_cat","embeddable":true,"href":"https:\/\/www.pameco.fi\/sv\/wp-json\/wp\/v2\/product_cat?post=2916"},{"taxonomy":"product_tag","embeddable":true,"href":"https:\/\/www.pameco.fi\/sv\/wp-json\/wp\/v2\/product_tag?post=2916"}],"curies":[{"name":"wp","href":"https:\/\/api.w.org\/{rel}","templated":true}]}}