{"id":2934,"date":"2025-09-10T12:20:44","date_gmt":"2025-09-10T09:20:44","guid":{"rendered":"https:\/\/www.pameco.fi\/?post_type=product&#038;p=2934"},"modified":"2026-02-05T09:45:59","modified_gmt":"2026-02-05T07:45:59","slug":"pameco-nostolaite-aurapuskuri-john-deere-6-sarja","status":"publish","type":"product","link":"https:\/\/www.pameco.fi\/sv\/tuote\/pameco-nostolaite-aurapuskuri-john-deere-6-sarja\/","title":{"rendered":"Pameco nostolaite aurapuskuri, John Deere 6-Sarja"},"content":{"rendered":"","protected":false},"excerpt":{"rendered":"<h2 class=\"h4\">Pameco aurapuskuri John Deere R-sarjan etunostolaitteisiin<\/h2>\n<p>T\u00e4ydellinen asennus valmis paketti John Deeren 6R sarjaan.<\/p>\n<ul class=\"check-list\">\n<li>Sopivuus testattu 6R145, 6R155, 6R165, 6R185, 6R175, 6R195, 6R215, 6R230 ja 6R250<\/li>\n<li>Aurapuskuri levy<\/li>\n<li>Etunostolaite korvakot(30mm S355)<\/li>\n<li>J\u00e4re\u00e4 kiinte\u00e4 ty\u00f6nt\u00f6varsi<\/li>\n<li>Kaikki tarvittavat tapit kuuluu mukaan.<\/li>\n<li>Jousikuormitteinen auran tapin lukitus<\/li>\n<\/ul>\n","protected":false},"featured_media":740,"comment_status":"open","ping_status":"closed","template":"","meta":{"_improvement_type_select":"improve_an_existing","_thumb_yes_seoaic":false,"_frame_yes_seoaic":false,"seoaic_generate_description":"","seoaic_improve_instructions_prompt":"","seoaic_rollback_content_improvement":"","seoaic_idea_thumbnail_generator":"","thumbnail_generated":false,"thumbnail_generate_prompt":"","seoaic_article_description":""},"product_brand":[],"product_cat":[66],"product_tag":[],"class_list":{"0":"post-2934","1":"product","2":"type-product","3":"status-publish","4":"has-post-thumbnail","6":"product_cat-auraus-ja-hiekoituslaitteet","7":"product_shipping_class-rahti-toimitus-kotiovelle","9":"first","10":"instock","11":"taxable","12":"shipping-taxable","13":"purchasable","14":"product-type-simple"},"yoast_head":"<!-- This site is optimized with the Yoast SEO plugin v27.2 - https:\/\/yoast.com\/product\/yoast-seo-wordpress\/ -->\n<title>Pameco nostolaite aurapuskuri, John Deere 6-Sarja - Pameco<\/title>\n<meta name=\"robots\" content=\"index, follow, max-snippet:-1, max-image-preview:large, max-video-preview:-1\" \/>\n<link rel=\"canonical\" href=\"https:\/\/www.pameco.fi\/sv\/tuote\/pameco-nostolaite-aurapuskuri-john-deere-6-sarja\/\" \/>\n<meta property=\"og:locale\" content=\"sv_SE\" \/>\n<meta property=\"og:type\" content=\"article\" \/>\n<meta property=\"og:title\" content=\"Pameco nostolaite aurapuskuri, John Deere 6-Sarja - Pameco\" \/>\n<meta property=\"og:description\" content=\"Pameco aurapuskuri John Deere R-sarjan etunostolaitteisiin T\u00e4ydellinen asennus valmis paketti John Deeren 6R sarjaan.   Sopivuus testattu 6R145, 6R155, 6R165, 6R185, 6R175, 6R195, 6R215, 6R230 ja 6R250  Aurapuskuri levy  Etunostolaite korvakot(30mm S355)  J\u00e4re\u00e4 kiinte\u00e4 ty\u00f6nt\u00f6varsi  Kaikki tarvittavat tapit kuuluu mukaan.  Jousikuormitteinen auran tapin lukitus\" \/>\n<meta property=\"og:url\" content=\"https:\/\/www.pameco.fi\/sv\/tuote\/pameco-nostolaite-aurapuskuri-john-deere-6-sarja\/\" \/>\n<meta property=\"og:site_name\" content=\"Pameco\" \/>\n<meta property=\"article:publisher\" content=\"https:\/\/www.facebook.com\/ntmoy\" \/>\n<meta property=\"article:modified_time\" content=\"2026-02-05T07:45:59+00:00\" \/>\n<meta property=\"og:image\" content=\"https:\/\/www.pameco.fi\/wpc\/uploads\/2025\/08\/WhatsApp-Image-2022-12-02-at-09.46.42-4.jpeg\" \/>\n\t<meta property=\"og:image:width\" content=\"1382\" \/>\n\t<meta property=\"og:image:height\" content=\"1164\" \/>\n\t<meta property=\"og:image:type\" content=\"image\/jpeg\" \/>\n<meta name=\"twitter:card\" content=\"summary_large_image\" \/>\n<meta name=\"twitter:label1\" content=\"Est. reading time\" \/>\n\t<meta name=\"twitter:data1\" content=\"1 minute\" \/>\n<script type=\"application\/ld+json\" class=\"yoast-schema-graph\">{\"@context\":\"https:\/\/schema.org\",\"@graph\":[{\"@type\":\"WebPage\",\"@id\":\"https:\/\/www.pameco.fi\/sv\/tuote\/pameco-nostolaite-aurapuskuri-john-deere-6-sarja\/\",\"url\":\"https:\/\/www.pameco.fi\/sv\/tuote\/pameco-nostolaite-aurapuskuri-john-deere-6-sarja\/\",\"name\":\"Pameco nostolaite aurapuskuri, John Deere 6-Sarja - Pameco\",\"isPartOf\":{\"@id\":\"https:\/\/www.pameco.fi\/sv\/#website\"},\"primaryImageOfPage\":{\"@id\":\"https:\/\/www.pameco.fi\/sv\/tuote\/pameco-nostolaite-aurapuskuri-john-deere-6-sarja\/#primaryimage\"},\"image\":{\"@id\":\"https:\/\/www.pameco.fi\/sv\/tuote\/pameco-nostolaite-aurapuskuri-john-deere-6-sarja\/#primaryimage\"},\"thumbnailUrl\":\"https:\/\/www.pameco.fi\/wpc\/uploads\/2025\/08\/WhatsApp-Image-2022-12-02-at-09.46.42-4.jpeg\",\"datePublished\":\"2025-09-10T09:20:44+00:00\",\"dateModified\":\"2026-02-05T07:45:59+00:00\",\"breadcrumb\":{\"@id\":\"https:\/\/www.pameco.fi\/sv\/tuote\/pameco-nostolaite-aurapuskuri-john-deere-6-sarja\/#breadcrumb\"},\"inLanguage\":\"sv-SE\",\"potentialAction\":[{\"@type\":\"ReadAction\",\"target\":[\"https:\/\/www.pameco.fi\/sv\/tuote\/pameco-nostolaite-aurapuskuri-john-deere-6-sarja\/\"]}]},{\"@type\":\"ImageObject\",\"inLanguage\":\"sv-SE\",\"@id\":\"https:\/\/www.pameco.fi\/sv\/tuote\/pameco-nostolaite-aurapuskuri-john-deere-6-sarja\/#primaryimage\",\"url\":\"https:\/\/www.pameco.fi\/wpc\/uploads\/2025\/08\/WhatsApp-Image-2022-12-02-at-09.46.42-4.jpeg\",\"contentUrl\":\"https:\/\/www.pameco.fi\/wpc\/uploads\/2025\/08\/WhatsApp-Image-2022-12-02-at-09.46.42-4.jpeg\",\"width\":1382,\"height\":1164},{\"@type\":\"BreadcrumbList\",\"@id\":\"https:\/\/www.pameco.fi\/sv\/tuote\/pameco-nostolaite-aurapuskuri-john-deere-6-sarja\/#breadcrumb\",\"itemListElement\":[{\"@type\":\"ListItem\",\"position\":1,\"name\":\"Hem\",\"item\":\"https:\/\/www.pameco.fi\/sv\/\"},{\"@type\":\"ListItem\",\"position\":2,\"name\":\"Butik\",\"item\":\"https:\/\/www.pameco.fi\/verkkokauppa\/\"},{\"@type\":\"ListItem\",\"position\":3,\"name\":\"Pameco nostolaite aurapuskuri, John Deere 6-Sarja\"}]},{\"@type\":\"WebSite\",\"@id\":\"https:\/\/www.pameco.fi\/sv\/#website\",\"url\":\"https:\/\/www.pameco.fi\/sv\/\",\"name\":\"Pameco\",\"description\":\"Suomalaiset PAMECO, HOKKE ja AJO-tuotteet kone\u00adurakointiin ja maa\u00adtilojen lietteen- sek\u00e4 vesien\u00adk\u00e4sittelyyn\",\"publisher\":{\"@id\":\"https:\/\/www.pameco.fi\/sv\/#organization\"},\"alternateName\":\"Nurmeksen Ter\u00e4smyynti Oy\",\"potentialAction\":[{\"@type\":\"SearchAction\",\"target\":{\"@type\":\"EntryPoint\",\"urlTemplate\":\"https:\/\/www.pameco.fi\/sv\/?s={search_term_string}\"},\"query-input\":{\"@type\":\"PropertyValueSpecification\",\"valueRequired\":true,\"valueName\":\"search_term_string\"}}],\"inLanguage\":\"sv-SE\"},{\"@type\":\"Organization\",\"@id\":\"https:\/\/www.pameco.fi\/sv\/#organization\",\"name\":\"Pameco\",\"alternateName\":\"Nurmeksen Ter\u00e4smyynti Oy\",\"url\":\"https:\/\/www.pameco.fi\/sv\/\",\"logo\":{\"@type\":\"ImageObject\",\"inLanguage\":\"sv-SE\",\"@id\":\"https:\/\/www.pameco.fi\/sv\/#\/schema\/logo\/image\/\",\"url\":\"https:\/\/www.pameco.fi\/wpc\/uploads\/2025\/09\/profiilikuva.png\",\"contentUrl\":\"https:\/\/www.pameco.fi\/wpc\/uploads\/2025\/09\/profiilikuva.png\",\"width\":1500,\"height\":1500,\"caption\":\"Pameco\"},\"image\":{\"@id\":\"https:\/\/www.pameco.fi\/sv\/#\/schema\/logo\/image\/\"},\"sameAs\":[\"https:\/\/www.facebook.com\/ntmoy\",\"https:\/\/www.youtube.com\/channel\/UCDQ51KVHtb23Y4nTYonSeRw\"]}]}<\/script>\n<!-- \/ Yoast SEO plugin. -->","yoast_head_json":{"title":"Pameco nostolaite aurapuskuri, John Deere 6-Sarja - Pameco","robots":{"index":"index","follow":"follow","max-snippet":"max-snippet:-1","max-image-preview":"max-image-preview:large","max-video-preview":"max-video-preview:-1"},"canonical":"https:\/\/www.pameco.fi\/sv\/tuote\/pameco-nostolaite-aurapuskuri-john-deere-6-sarja\/","og_locale":"sv_SE","og_type":"article","og_title":"Pameco nostolaite aurapuskuri, John Deere 6-Sarja - Pameco","og_description":"Pameco aurapuskuri John Deere R-sarjan etunostolaitteisiin T\u00e4ydellinen asennus valmis paketti John Deeren 6R sarjaan.   Sopivuus testattu 6R145, 6R155, 6R165, 6R185, 6R175, 6R195, 6R215, 6R230 ja 6R250  Aurapuskuri levy  Etunostolaite korvakot(30mm S355)  J\u00e4re\u00e4 kiinte\u00e4 ty\u00f6nt\u00f6varsi  Kaikki tarvittavat tapit kuuluu mukaan.  Jousikuormitteinen auran tapin lukitus","og_url":"https:\/\/www.pameco.fi\/sv\/tuote\/pameco-nostolaite-aurapuskuri-john-deere-6-sarja\/","og_site_name":"Pameco","article_publisher":"https:\/\/www.facebook.com\/ntmoy","article_modified_time":"2026-02-05T07:45:59+00:00","og_image":[{"width":1382,"height":1164,"url":"https:\/\/www.pameco.fi\/wpc\/uploads\/2025\/08\/WhatsApp-Image-2022-12-02-at-09.46.42-4.jpeg","type":"image\/jpeg"}],"twitter_card":"summary_large_image","twitter_misc":{"Est. reading time":"1 minute"},"schema":{"@context":"https:\/\/schema.org","@graph":[{"@type":"WebPage","@id":"https:\/\/www.pameco.fi\/sv\/tuote\/pameco-nostolaite-aurapuskuri-john-deere-6-sarja\/","url":"https:\/\/www.pameco.fi\/sv\/tuote\/pameco-nostolaite-aurapuskuri-john-deere-6-sarja\/","name":"Pameco nostolaite aurapuskuri, John Deere 6-Sarja - Pameco","isPartOf":{"@id":"https:\/\/www.pameco.fi\/sv\/#website"},"primaryImageOfPage":{"@id":"https:\/\/www.pameco.fi\/sv\/tuote\/pameco-nostolaite-aurapuskuri-john-deere-6-sarja\/#primaryimage"},"image":{"@id":"https:\/\/www.pameco.fi\/sv\/tuote\/pameco-nostolaite-aurapuskuri-john-deere-6-sarja\/#primaryimage"},"thumbnailUrl":"https:\/\/www.pameco.fi\/wpc\/uploads\/2025\/08\/WhatsApp-Image-2022-12-02-at-09.46.42-4.jpeg","datePublished":"2025-09-10T09:20:44+00:00","dateModified":"2026-02-05T07:45:59+00:00","breadcrumb":{"@id":"https:\/\/www.pameco.fi\/sv\/tuote\/pameco-nostolaite-aurapuskuri-john-deere-6-sarja\/#breadcrumb"},"inLanguage":"sv-SE","potentialAction":[{"@type":"ReadAction","target":["https:\/\/www.pameco.fi\/sv\/tuote\/pameco-nostolaite-aurapuskuri-john-deere-6-sarja\/"]}]},{"@type":"ImageObject","inLanguage":"sv-SE","@id":"https:\/\/www.pameco.fi\/sv\/tuote\/pameco-nostolaite-aurapuskuri-john-deere-6-sarja\/#primaryimage","url":"https:\/\/www.pameco.fi\/wpc\/uploads\/2025\/08\/WhatsApp-Image-2022-12-02-at-09.46.42-4.jpeg","contentUrl":"https:\/\/www.pameco.fi\/wpc\/uploads\/2025\/08\/WhatsApp-Image-2022-12-02-at-09.46.42-4.jpeg","width":1382,"height":1164},{"@type":"BreadcrumbList","@id":"https:\/\/www.pameco.fi\/sv\/tuote\/pameco-nostolaite-aurapuskuri-john-deere-6-sarja\/#breadcrumb","itemListElement":[{"@type":"ListItem","position":1,"name":"Hem","item":"https:\/\/www.pameco.fi\/sv\/"},{"@type":"ListItem","position":2,"name":"Butik","item":"https:\/\/www.pameco.fi\/verkkokauppa\/"},{"@type":"ListItem","position":3,"name":"Pameco nostolaite aurapuskuri, John Deere 6-Sarja"}]},{"@type":"WebSite","@id":"https:\/\/www.pameco.fi\/sv\/#website","url":"https:\/\/www.pameco.fi\/sv\/","name":"Pameco","description":"Suomalaiset PAMECO, HOKKE ja AJO-tuotteet kone\u00adurakointiin ja maa\u00adtilojen lietteen- sek\u00e4 vesien\u00adk\u00e4sittelyyn","publisher":{"@id":"https:\/\/www.pameco.fi\/sv\/#organization"},"alternateName":"Nurmeksen Ter\u00e4smyynti Oy","potentialAction":[{"@type":"SearchAction","target":{"@type":"EntryPoint","urlTemplate":"https:\/\/www.pameco.fi\/sv\/?s={search_term_string}"},"query-input":{"@type":"PropertyValueSpecification","valueRequired":true,"valueName":"search_term_string"}}],"inLanguage":"sv-SE"},{"@type":"Organization","@id":"https:\/\/www.pameco.fi\/sv\/#organization","name":"Pameco","alternateName":"Nurmeksen Ter\u00e4smyynti Oy","url":"https:\/\/www.pameco.fi\/sv\/","logo":{"@type":"ImageObject","inLanguage":"sv-SE","@id":"https:\/\/www.pameco.fi\/sv\/#\/schema\/logo\/image\/","url":"https:\/\/www.pameco.fi\/wpc\/uploads\/2025\/09\/profiilikuva.png","contentUrl":"https:\/\/www.pameco.fi\/wpc\/uploads\/2025\/09\/profiilikuva.png","width":1500,"height":1500,"caption":"Pameco"},"image":{"@id":"https:\/\/www.pameco.fi\/sv\/#\/schema\/logo\/image\/"},"sameAs":["https:\/\/www.facebook.com\/ntmoy","https:\/\/www.youtube.com\/channel\/UCDQ51KVHtb23Y4nTYonSeRw"]}]}},"_links":{"self":[{"href":"https:\/\/www.pameco.fi\/sv\/wp-json\/wp\/v2\/product\/2934","targetHints":{"allow":["GET"]}}],"collection":[{"href":"https:\/\/www.pameco.fi\/sv\/wp-json\/wp\/v2\/product"}],"about":[{"href":"https:\/\/www.pameco.fi\/sv\/wp-json\/wp\/v2\/types\/product"}],"replies":[{"embeddable":true,"href":"https:\/\/www.pameco.fi\/sv\/wp-json\/wp\/v2\/comments?post=2934"}],"wp:featuredmedia":[{"embeddable":true,"href":"https:\/\/www.pameco.fi\/sv\/wp-json\/wp\/v2\/media\/740"}],"wp:attachment":[{"href":"https:\/\/www.pameco.fi\/sv\/wp-json\/wp\/v2\/media?parent=2934"}],"wp:term":[{"taxonomy":"product_brand","embeddable":true,"href":"https:\/\/www.pameco.fi\/sv\/wp-json\/wp\/v2\/product_brand?post=2934"},{"taxonomy":"product_cat","embeddable":true,"href":"https:\/\/www.pameco.fi\/sv\/wp-json\/wp\/v2\/product_cat?post=2934"},{"taxonomy":"product_tag","embeddable":true,"href":"https:\/\/www.pameco.fi\/sv\/wp-json\/wp\/v2\/product_tag?post=2934"}],"curies":[{"name":"wp","href":"https:\/\/api.w.org\/{rel}","templated":true}]}}