{"id":2965,"date":"2025-09-10T12:20:52","date_gmt":"2025-09-10T09:20:52","guid":{"rendered":"https:\/\/www.pameco.fi\/tuote\/pameco-puomiharja-1500mm-kelluntarungolla-ilman-kiinniketta\/"},"modified":"2025-09-15T10:17:29","modified_gmt":"2025-09-15T07:17:29","slug":"pameco-puomiharja-1500mm-kelluntarungolla-ilman-kiinniketta","status":"publish","type":"product","link":"https:\/\/www.pameco.fi\/sv\/tuote\/pameco-puomiharja-1500mm-kelluntarungolla-ilman-kiinniketta\/","title":{"rendered":"Pameco puomiharja 1500mm, kelluntarungolla-ilman kiinnikett\u00e4."},"content":{"rendered":"","protected":false},"excerpt":{"rendered":"<h2 class=\"h4\">Kellunnalla varustettu puomiharja kaivinkoneisiin<\/h2>\n<p>(kellunta osa on lis\u00e4varuste joten puomiharjoja saa my\u00f6s ilman kelluntaa)<\/p>\n<ul class=\"check-list\">\n<li>Harjan ty\u00f6leveys noin 1,5 metri\u00e4<\/li>\n<li>Harjan kokonaisleveys noin 1,75 metri\u00e4<\/li>\n<li>Harjalamelli siksak 7&#8243;*900mm<\/li>\n<li>Hydraulituotto min. 60 l\/min<\/li>\n<li>Hydrauliikan ty\u00f6paine 160-220 bar<\/li>\n<li>Vapaavirtausventtiili, harja j\u00e4\u00e4 vapaasti py\u00f6rim\u00e4\u00e4n kun hydrauliikan virtaus loppuu-&gt;s\u00e4\u00e4st\u00e4\u00e4 hydrauliikka osia merkitt\u00e4v\u00e4sti.<\/li>\n<li>Hydrauliikka kahdella 1\/2\u2033 letkulla.<\/li>\n<li>Tukijalat<\/li>\n<li>Valitse ty\u00f6laite kiinnike osiosta haluamasi kiinnike(TULOSSA)<\/li>\n<\/ul>\n","protected":false},"featured_media":868,"comment_status":"open","ping_status":"closed","template":"","meta":{"_improvement_type_select":"improve_an_existing","_thumb_yes_seoaic":false,"_frame_yes_seoaic":false,"seoaic_generate_description":"","seoaic_improve_instructions_prompt":"","seoaic_rollback_content_improvement":"","seoaic_idea_thumbnail_generator":"","thumbnail_generated":false,"thumbnail_generate_prompt":"","seoaic_article_description":""},"product_brand":[],"product_cat":[55],"product_tag":[],"class_list":{"0":"post-2965","1":"product","2":"type-product","3":"status-publish","4":"has-post-thumbnail","6":"product_cat-harjakoneet-ja-listaharjat","7":"product_shipping_class-isokokoinen-rahti","9":"first","10":"onbackorder","11":"taxable","12":"shipping-taxable","13":"purchasable","14":"product-type-simple"},"yoast_head":"<!-- This site is optimized with the Yoast SEO plugin v27.2 - https:\/\/yoast.com\/product\/yoast-seo-wordpress\/ -->\n<title>Pameco puomiharja 1500mm, kelluntarungolla-ilman kiinnikett\u00e4. - Pameco<\/title>\n<meta name=\"robots\" content=\"index, follow, max-snippet:-1, max-image-preview:large, max-video-preview:-1\" \/>\n<link rel=\"canonical\" href=\"https:\/\/www.pameco.fi\/sv\/tuote\/pameco-puomiharja-1500mm-kelluntarungolla-ilman-kiinniketta\/\" \/>\n<meta property=\"og:locale\" content=\"sv_SE\" \/>\n<meta property=\"og:type\" content=\"article\" \/>\n<meta property=\"og:title\" content=\"Pameco puomiharja 1500mm, kelluntarungolla-ilman kiinnikett\u00e4. - Pameco\" \/>\n<meta property=\"og:description\" content=\"Kellunnalla varustettu puomiharja kaivinkoneisiin (kellunta osa on lis\u00e4varuste joten puomiharjoja saa my\u00f6s ilman kelluntaa)   Harjan ty\u00f6leveys noin 1,5 metri\u00e4  Harjan kokonaisleveys noin 1,75 metri\u00e4  Harjalamelli siksak 7&quot;*900mm  Hydraulituotto min. 60 l\/min  Hydrauliikan ty\u00f6paine 160-220 bar  Vapaavirtausventtiili, harja j\u00e4\u00e4 vapaasti py\u00f6rim\u00e4\u00e4n kun hydrauliikan virtaus loppuu-&gt;s\u00e4\u00e4st\u00e4\u00e4 hydrauliikka osia merkitt\u00e4v\u00e4sti.  Hydrauliikka kahdella 1\/2\u2033 letkulla.  Tukijalat  Valitse ty\u00f6laite kiinnike osiosta haluamasi kiinnike(TULOSSA)\" \/>\n<meta property=\"og:url\" content=\"https:\/\/www.pameco.fi\/sv\/tuote\/pameco-puomiharja-1500mm-kelluntarungolla-ilman-kiinniketta\/\" \/>\n<meta property=\"og:site_name\" content=\"Pameco\" \/>\n<meta property=\"article:publisher\" content=\"https:\/\/www.facebook.com\/ntmoy\" \/>\n<meta property=\"article:modified_time\" content=\"2025-09-15T07:17:29+00:00\" \/>\n<meta property=\"og:image\" content=\"https:\/\/www.pameco.fi\/wpc\/uploads\/2025\/08\/6-2.jpg\" \/>\n\t<meta property=\"og:image:width\" content=\"948\" \/>\n\t<meta property=\"og:image:height\" content=\"1168\" \/>\n\t<meta property=\"og:image:type\" content=\"image\/jpeg\" \/>\n<meta name=\"twitter:card\" content=\"summary_large_image\" \/>\n<meta name=\"twitter:label1\" content=\"Est. reading time\" \/>\n\t<meta name=\"twitter:data1\" content=\"1 minute\" \/>\n<script type=\"application\/ld+json\" class=\"yoast-schema-graph\">{\"@context\":\"https:\/\/schema.org\",\"@graph\":[{\"@type\":\"WebPage\",\"@id\":\"https:\/\/www.pameco.fi\/sv\/tuote\/pameco-puomiharja-1500mm-kelluntarungolla-ilman-kiinniketta\/\",\"url\":\"https:\/\/www.pameco.fi\/sv\/tuote\/pameco-puomiharja-1500mm-kelluntarungolla-ilman-kiinniketta\/\",\"name\":\"Pameco puomiharja 1500mm, kelluntarungolla-ilman kiinnikett\u00e4. - Pameco\",\"isPartOf\":{\"@id\":\"https:\/\/www.pameco.fi\/sv\/#website\"},\"primaryImageOfPage\":{\"@id\":\"https:\/\/www.pameco.fi\/sv\/tuote\/pameco-puomiharja-1500mm-kelluntarungolla-ilman-kiinniketta\/#primaryimage\"},\"image\":{\"@id\":\"https:\/\/www.pameco.fi\/sv\/tuote\/pameco-puomiharja-1500mm-kelluntarungolla-ilman-kiinniketta\/#primaryimage\"},\"thumbnailUrl\":\"https:\/\/www.pameco.fi\/wpc\/uploads\/2025\/08\/6-2.jpg\",\"datePublished\":\"2025-09-10T09:20:52+00:00\",\"dateModified\":\"2025-09-15T07:17:29+00:00\",\"breadcrumb\":{\"@id\":\"https:\/\/www.pameco.fi\/sv\/tuote\/pameco-puomiharja-1500mm-kelluntarungolla-ilman-kiinniketta\/#breadcrumb\"},\"inLanguage\":\"sv-SE\",\"potentialAction\":[{\"@type\":\"ReadAction\",\"target\":[\"https:\/\/www.pameco.fi\/sv\/tuote\/pameco-puomiharja-1500mm-kelluntarungolla-ilman-kiinniketta\/\"]}]},{\"@type\":\"ImageObject\",\"inLanguage\":\"sv-SE\",\"@id\":\"https:\/\/www.pameco.fi\/sv\/tuote\/pameco-puomiharja-1500mm-kelluntarungolla-ilman-kiinniketta\/#primaryimage\",\"url\":\"https:\/\/www.pameco.fi\/wpc\/uploads\/2025\/08\/6-2.jpg\",\"contentUrl\":\"https:\/\/www.pameco.fi\/wpc\/uploads\/2025\/08\/6-2.jpg\",\"width\":948,\"height\":1168},{\"@type\":\"BreadcrumbList\",\"@id\":\"https:\/\/www.pameco.fi\/sv\/tuote\/pameco-puomiharja-1500mm-kelluntarungolla-ilman-kiinniketta\/#breadcrumb\",\"itemListElement\":[{\"@type\":\"ListItem\",\"position\":1,\"name\":\"Hem\",\"item\":\"https:\/\/www.pameco.fi\/sv\/\"},{\"@type\":\"ListItem\",\"position\":2,\"name\":\"Butik\",\"item\":\"https:\/\/www.pameco.fi\/verkkokauppa\/\"},{\"@type\":\"ListItem\",\"position\":3,\"name\":\"Pameco puomiharja 1500mm, kelluntarungolla-ilman kiinnikett\u00e4.\"}]},{\"@type\":\"WebSite\",\"@id\":\"https:\/\/www.pameco.fi\/sv\/#website\",\"url\":\"https:\/\/www.pameco.fi\/sv\/\",\"name\":\"Pameco\",\"description\":\"Suomalaiset PAMECO, HOKKE ja AJO-tuotteet kone\u00adurakointiin ja maa\u00adtilojen lietteen- sek\u00e4 vesien\u00adk\u00e4sittelyyn\",\"publisher\":{\"@id\":\"https:\/\/www.pameco.fi\/sv\/#organization\"},\"alternateName\":\"Nurmeksen Ter\u00e4smyynti Oy\",\"potentialAction\":[{\"@type\":\"SearchAction\",\"target\":{\"@type\":\"EntryPoint\",\"urlTemplate\":\"https:\/\/www.pameco.fi\/sv\/?s={search_term_string}\"},\"query-input\":{\"@type\":\"PropertyValueSpecification\",\"valueRequired\":true,\"valueName\":\"search_term_string\"}}],\"inLanguage\":\"sv-SE\"},{\"@type\":\"Organization\",\"@id\":\"https:\/\/www.pameco.fi\/sv\/#organization\",\"name\":\"Pameco\",\"alternateName\":\"Nurmeksen Ter\u00e4smyynti Oy\",\"url\":\"https:\/\/www.pameco.fi\/sv\/\",\"logo\":{\"@type\":\"ImageObject\",\"inLanguage\":\"sv-SE\",\"@id\":\"https:\/\/www.pameco.fi\/sv\/#\/schema\/logo\/image\/\",\"url\":\"https:\/\/www.pameco.fi\/wpc\/uploads\/2025\/09\/profiilikuva.png\",\"contentUrl\":\"https:\/\/www.pameco.fi\/wpc\/uploads\/2025\/09\/profiilikuva.png\",\"width\":1500,\"height\":1500,\"caption\":\"Pameco\"},\"image\":{\"@id\":\"https:\/\/www.pameco.fi\/sv\/#\/schema\/logo\/image\/\"},\"sameAs\":[\"https:\/\/www.facebook.com\/ntmoy\",\"https:\/\/www.youtube.com\/channel\/UCDQ51KVHtb23Y4nTYonSeRw\"]}]}<\/script>\n<!-- \/ Yoast SEO plugin. -->","yoast_head_json":{"title":"Pameco puomiharja 1500mm, kelluntarungolla-ilman kiinnikett\u00e4. - Pameco","robots":{"index":"index","follow":"follow","max-snippet":"max-snippet:-1","max-image-preview":"max-image-preview:large","max-video-preview":"max-video-preview:-1"},"canonical":"https:\/\/www.pameco.fi\/sv\/tuote\/pameco-puomiharja-1500mm-kelluntarungolla-ilman-kiinniketta\/","og_locale":"sv_SE","og_type":"article","og_title":"Pameco puomiharja 1500mm, kelluntarungolla-ilman kiinnikett\u00e4. - Pameco","og_description":"Kellunnalla varustettu puomiharja kaivinkoneisiin (kellunta osa on lis\u00e4varuste joten puomiharjoja saa my\u00f6s ilman kelluntaa)   Harjan ty\u00f6leveys noin 1,5 metri\u00e4  Harjan kokonaisleveys noin 1,75 metri\u00e4  Harjalamelli siksak 7\"*900mm  Hydraulituotto min. 60 l\/min  Hydrauliikan ty\u00f6paine 160-220 bar  Vapaavirtausventtiili, harja j\u00e4\u00e4 vapaasti py\u00f6rim\u00e4\u00e4n kun hydrauliikan virtaus loppuu-&gt;s\u00e4\u00e4st\u00e4\u00e4 hydrauliikka osia merkitt\u00e4v\u00e4sti.  Hydrauliikka kahdella 1\/2\u2033 letkulla.  Tukijalat  Valitse ty\u00f6laite kiinnike osiosta haluamasi kiinnike(TULOSSA)","og_url":"https:\/\/www.pameco.fi\/sv\/tuote\/pameco-puomiharja-1500mm-kelluntarungolla-ilman-kiinniketta\/","og_site_name":"Pameco","article_publisher":"https:\/\/www.facebook.com\/ntmoy","article_modified_time":"2025-09-15T07:17:29+00:00","og_image":[{"width":948,"height":1168,"url":"https:\/\/www.pameco.fi\/wpc\/uploads\/2025\/08\/6-2.jpg","type":"image\/jpeg"}],"twitter_card":"summary_large_image","twitter_misc":{"Est. reading time":"1 minute"},"schema":{"@context":"https:\/\/schema.org","@graph":[{"@type":"WebPage","@id":"https:\/\/www.pameco.fi\/sv\/tuote\/pameco-puomiharja-1500mm-kelluntarungolla-ilman-kiinniketta\/","url":"https:\/\/www.pameco.fi\/sv\/tuote\/pameco-puomiharja-1500mm-kelluntarungolla-ilman-kiinniketta\/","name":"Pameco puomiharja 1500mm, kelluntarungolla-ilman kiinnikett\u00e4. - Pameco","isPartOf":{"@id":"https:\/\/www.pameco.fi\/sv\/#website"},"primaryImageOfPage":{"@id":"https:\/\/www.pameco.fi\/sv\/tuote\/pameco-puomiharja-1500mm-kelluntarungolla-ilman-kiinniketta\/#primaryimage"},"image":{"@id":"https:\/\/www.pameco.fi\/sv\/tuote\/pameco-puomiharja-1500mm-kelluntarungolla-ilman-kiinniketta\/#primaryimage"},"thumbnailUrl":"https:\/\/www.pameco.fi\/wpc\/uploads\/2025\/08\/6-2.jpg","datePublished":"2025-09-10T09:20:52+00:00","dateModified":"2025-09-15T07:17:29+00:00","breadcrumb":{"@id":"https:\/\/www.pameco.fi\/sv\/tuote\/pameco-puomiharja-1500mm-kelluntarungolla-ilman-kiinniketta\/#breadcrumb"},"inLanguage":"sv-SE","potentialAction":[{"@type":"ReadAction","target":["https:\/\/www.pameco.fi\/sv\/tuote\/pameco-puomiharja-1500mm-kelluntarungolla-ilman-kiinniketta\/"]}]},{"@type":"ImageObject","inLanguage":"sv-SE","@id":"https:\/\/www.pameco.fi\/sv\/tuote\/pameco-puomiharja-1500mm-kelluntarungolla-ilman-kiinniketta\/#primaryimage","url":"https:\/\/www.pameco.fi\/wpc\/uploads\/2025\/08\/6-2.jpg","contentUrl":"https:\/\/www.pameco.fi\/wpc\/uploads\/2025\/08\/6-2.jpg","width":948,"height":1168},{"@type":"BreadcrumbList","@id":"https:\/\/www.pameco.fi\/sv\/tuote\/pameco-puomiharja-1500mm-kelluntarungolla-ilman-kiinniketta\/#breadcrumb","itemListElement":[{"@type":"ListItem","position":1,"name":"Hem","item":"https:\/\/www.pameco.fi\/sv\/"},{"@type":"ListItem","position":2,"name":"Butik","item":"https:\/\/www.pameco.fi\/verkkokauppa\/"},{"@type":"ListItem","position":3,"name":"Pameco puomiharja 1500mm, kelluntarungolla-ilman kiinnikett\u00e4."}]},{"@type":"WebSite","@id":"https:\/\/www.pameco.fi\/sv\/#website","url":"https:\/\/www.pameco.fi\/sv\/","name":"Pameco","description":"Suomalaiset PAMECO, HOKKE ja AJO-tuotteet kone\u00adurakointiin ja maa\u00adtilojen lietteen- sek\u00e4 vesien\u00adk\u00e4sittelyyn","publisher":{"@id":"https:\/\/www.pameco.fi\/sv\/#organization"},"alternateName":"Nurmeksen Ter\u00e4smyynti Oy","potentialAction":[{"@type":"SearchAction","target":{"@type":"EntryPoint","urlTemplate":"https:\/\/www.pameco.fi\/sv\/?s={search_term_string}"},"query-input":{"@type":"PropertyValueSpecification","valueRequired":true,"valueName":"search_term_string"}}],"inLanguage":"sv-SE"},{"@type":"Organization","@id":"https:\/\/www.pameco.fi\/sv\/#organization","name":"Pameco","alternateName":"Nurmeksen Ter\u00e4smyynti Oy","url":"https:\/\/www.pameco.fi\/sv\/","logo":{"@type":"ImageObject","inLanguage":"sv-SE","@id":"https:\/\/www.pameco.fi\/sv\/#\/schema\/logo\/image\/","url":"https:\/\/www.pameco.fi\/wpc\/uploads\/2025\/09\/profiilikuva.png","contentUrl":"https:\/\/www.pameco.fi\/wpc\/uploads\/2025\/09\/profiilikuva.png","width":1500,"height":1500,"caption":"Pameco"},"image":{"@id":"https:\/\/www.pameco.fi\/sv\/#\/schema\/logo\/image\/"},"sameAs":["https:\/\/www.facebook.com\/ntmoy","https:\/\/www.youtube.com\/channel\/UCDQ51KVHtb23Y4nTYonSeRw"]}]}},"_links":{"self":[{"href":"https:\/\/www.pameco.fi\/sv\/wp-json\/wp\/v2\/product\/2965","targetHints":{"allow":["GET"]}}],"collection":[{"href":"https:\/\/www.pameco.fi\/sv\/wp-json\/wp\/v2\/product"}],"about":[{"href":"https:\/\/www.pameco.fi\/sv\/wp-json\/wp\/v2\/types\/product"}],"replies":[{"embeddable":true,"href":"https:\/\/www.pameco.fi\/sv\/wp-json\/wp\/v2\/comments?post=2965"}],"wp:featuredmedia":[{"embeddable":true,"href":"https:\/\/www.pameco.fi\/sv\/wp-json\/wp\/v2\/media\/868"}],"wp:attachment":[{"href":"https:\/\/www.pameco.fi\/sv\/wp-json\/wp\/v2\/media?parent=2965"}],"wp:term":[{"taxonomy":"product_brand","embeddable":true,"href":"https:\/\/www.pameco.fi\/sv\/wp-json\/wp\/v2\/product_brand?post=2965"},{"taxonomy":"product_cat","embeddable":true,"href":"https:\/\/www.pameco.fi\/sv\/wp-json\/wp\/v2\/product_cat?post=2965"},{"taxonomy":"product_tag","embeddable":true,"href":"https:\/\/www.pameco.fi\/sv\/wp-json\/wp\/v2\/product_tag?post=2965"}],"curies":[{"name":"wp","href":"https:\/\/api.w.org\/{rel}","templated":true}]}}