{"id":3031,"date":"2025-09-10T12:35:48","date_gmt":"2025-09-10T09:35:48","guid":{"rendered":"https:\/\/www.pameco.fi\/?post_type=product&#038;p=3031"},"modified":"2025-10-01T07:47:42","modified_gmt":"2025-10-01T04:47:42","slug":"pameco-alustera-at3280-valtra-q","status":"publish","type":"product","link":"https:\/\/www.pameco.fi\/sv\/tuote\/pameco-alustera-at3280-valtra-q\/","title":{"rendered":"Pameco Aluster\u00e4 AT3280 Valtra Q"},"content":{"rendered":"","protected":false},"excerpt":{"rendered":"<h2>Pameco Aluster\u00e4 AT3280 Valtra Q-sarjaan<\/h2>\n<p><strong>CE-merkitty talvikunnossapidon tuote.<\/strong><\/p>\n<ul class=\"check-list\">\n<li class=\"color--secondary\"><span style=\"color: #a6a49d;\">Ter\u00e4n leveys 3280mm<\/span><\/li>\n<li class=\"color--secondary\"><span style=\"color: #a6a49d;\">Hydraulinen kallistus n.50mm, 12astetta (vakiovaruste)<\/span><\/li>\n<li class=\"color--secondary\"><span style=\"color: #a6a49d;\">Ter\u00e4v\u00e4t Betek tappiter\u00e4t (kuuluu toimitukseen)<\/span><\/li>\n<li class=\"color--secondary\"><span style=\"color: #a6a49d;\">Maavara tappiterill\u00e4 noin 18-22cm tappiter\u00e4n k\u00e4rkeen mitattuna<\/span><\/li>\n<li class=\"color--secondary\"><span style=\"color: #a6a49d;\">Polyuretaanimaalaus kest\u00e4\u00e4 hyvin kulutusta ja on liukas.<\/span><\/li>\n<li class=\"color--secondary\"><span style=\"color: #a6a49d;\">Paineakku (30bar vastapaineella)<\/span><\/li>\n<li class=\"color--secondary\"><span style=\"color: #a6a49d;\">Ter\u00e4n saa irti irrottamalla 4 tappia jolloin pelkk\u00e4 runko j\u00e4\u00e4 traktoriin kiinni, runkokin on pultattavissa irti traktorista ilman renkaiden irroitusta.<\/span><\/li>\n<li class=\"color--secondary\"><span style=\"color: #a6a49d;\">Rakenne ei hankaloita huoltojen suorittamista<\/span><\/li>\n<li class=\"color--secondary\"><span style=\"color: #a6a49d;\">Tarvitsee kaksi kappaletta 2-toimisia hydrauliikkalohkoja, k\u00e4ytet\u00e4\u00e4n siis traktorin omaa hydrauliikkaa.<\/span><\/li>\n<li class=\"color--secondary\"><span style=\"color: #a6a49d;\">Em\u00e4ter\u00e4 valmistettu kulutuster\u00e4ksest\u00e4, runko 40mm paksua S355 laadun rakenneter\u00e4st\u00e4.<\/span><\/li>\n<li class=\"color--secondary\"><span style=\"color: #a6a49d;\">Kaikki tapit vaihdettavissa k\u00e4sity\u00f6kaluilla<\/span><\/li>\n<\/ul>\n<p><strong>HUOM! Lis\u00e4varusteena mahdollista saada kaikkiin aluster\u00e4 malleihimme hydraulinen 250mm jatke tappiterill\u00e4 oikealle puolelle (luovutuspuolelle).<\/strong><\/p>\n<ul class=\"check-list\">\n<li class=\"color--secondary\"><span style=\"color: #a6a49d;\">Jatketta ei voi asentaa j\u00e4lkik\u00e4teen joten jatke tilattava jo aluster\u00e4n tilauksen yhteydess\u00e4.<\/span><\/li>\n<li class=\"color--secondary\"><span style=\"color: #a6a49d;\">Tarvitsee 3:n lohkon k\u00e4ytt\u00f6\u00f6n tai hydrauliikan voi varustella 6\/2 s\u00e4hk\u00f6isell\u00e4 venttiilill\u00e4 jolloin jatketta voi k\u00e4ytt\u00e4\u00e4 vuorotellen kallistuksen kanssa, t\u00e4ll\u00f6in 2 hydraulilohkoa riitt\u00e4\u00e4.<\/span><\/li>\n<\/ul>\n<p>Pameco Aluster\u00e4 voidaan asentaa meill\u00e4 Nurmeksen Ter\u00e4smyynti Oy:n tiloissa Nurmeksessa tai <a class=\"far fa-file-pdf fa--after icon-color--secondary-color\" href=\"https:\/\/www.pameco.fi\/wpc\/uploads\/2025\/09\/Asennus-yritykset-19-10-23-PDF.pdf\" target=\"_blank\" rel=\"noopener\">valtuuttamissamme asennusliikkeiss\u00e4<\/a>\u00a0Asennus veloitetaan erikseen.<\/p>\n<p>&nbsp;<\/p>\n<p><a class=\"button\" href=\"https:\/\/www.pameco.fi\/yhteystiedot\/tarjouspyynto\/\" target=\"_blank\" rel=\"noopener\">L\u00e4het\u00e4 tarjouspyynt\u00f6<\/a><\/p>\n","protected":false},"featured_media":3058,"comment_status":"open","ping_status":"closed","template":"","meta":{"_improvement_type_select":"improve_an_existing","_thumb_yes_seoaic":false,"_frame_yes_seoaic":false,"seoaic_generate_description":"","seoaic_improve_instructions_prompt":"","seoaic_rollback_content_improvement":"","seoaic_idea_thumbnail_generator":"","thumbnail_generated":false,"thumbnail_generate_prompt":"","seoaic_article_description":""},"product_brand":[],"product_cat":[66],"product_tag":[],"class_list":{"0":"post-3031","1":"product","2":"type-product","3":"status-publish","4":"has-post-thumbnail","6":"product_cat-auraus-ja-hiekoituslaitteet","7":"product_shipping_class-vain-nouto-toimipisteelta","9":"first","10":"instock","11":"taxable","12":"shipping-taxable","13":"product-type-simple"},"yoast_head":"<!-- This site is optimized with the Yoast SEO plugin v27.2 - https:\/\/yoast.com\/product\/yoast-seo-wordpress\/ -->\n<title>Pameco Aluster\u00e4 AT3280 Valtra Q - Pameco<\/title>\n<meta name=\"robots\" content=\"index, follow, max-snippet:-1, max-image-preview:large, max-video-preview:-1\" \/>\n<link rel=\"canonical\" href=\"https:\/\/www.pameco.fi\/sv\/tuote\/pameco-alustera-at3280-valtra-q\/\" \/>\n<meta property=\"og:locale\" content=\"sv_SE\" \/>\n<meta property=\"og:type\" content=\"article\" \/>\n<meta property=\"og:title\" content=\"Pameco Aluster\u00e4 AT3280 Valtra Q - Pameco\" \/>\n<meta property=\"og:description\" content=\"Pameco Aluster\u00e4 AT3280 Valtra Q-sarjaan CE-merkitty talvikunnossapidon tuote.   Ter\u00e4n leveys 3280mm  Hydraulinen kallistus n.50mm, 12astetta (vakiovaruste)  Ter\u00e4v\u00e4t Betek tappiter\u00e4t (kuuluu toimitukseen)  Maavara tappiterill\u00e4 noin 18-22cm tappiter\u00e4n k\u00e4rkeen mitattuna  Polyuretaanimaalaus kest\u00e4\u00e4 hyvin kulutusta ja on liukas.  Paineakku (30bar vastapaineella)  Ter\u00e4n saa irti irrottamalla 4 tappia jolloin pelkk\u00e4 runko j\u00e4\u00e4 traktoriin kiinni, runkokin on pultattavissa irti traktorista ilman renkaiden irroitusta.  Rakenne ei hankaloita huoltojen suorittamista  Tarvitsee kaksi kappaletta 2-toimisia hydrauliikkalohkoja, k\u00e4ytet\u00e4\u00e4n siis traktorin omaa hydrauliikkaa.  Em\u00e4ter\u00e4 valmistettu kulutuster\u00e4ksest\u00e4, runko 40mm paksua S355 laadun rakenneter\u00e4st\u00e4.  Kaikki tapit vaihdettavissa k\u00e4sity\u00f6kaluilla  HUOM! Lis\u00e4varusteena mahdollista saada kaikkiin aluster\u00e4 malleihimme hydraulinen 250mm jatke tappiterill\u00e4 oikealle puolelle (luovutuspuolelle).   Jatketta ei voi asentaa j\u00e4lkik\u00e4teen joten jatke tilattava jo aluster\u00e4n tilauksen yhteydess\u00e4.  Tarvitsee 3:n lohkon k\u00e4ytt\u00f6\u00f6n tai hydrauliikan voi varustella 6\/2 s\u00e4hk\u00f6isell\u00e4 venttiilill\u00e4 jolloin jatketta voi k\u00e4ytt\u00e4\u00e4 vuorotellen kallistuksen kanssa, t\u00e4ll\u00f6in 2 hydraulilohkoa riitt\u00e4\u00e4.  Pameco Aluster\u00e4 voidaan asentaa meill\u00e4 Nurmeksen Ter\u00e4smyynti Oy:n tiloissa Nurmeksessa tai valtuuttamissamme asennusliikkeiss\u00e4\u00a0Asennus veloitetaan erikseen.  &nbsp;  L\u00e4het\u00e4 tarjouspyynt\u00f6\" \/>\n<meta property=\"og:url\" content=\"https:\/\/www.pameco.fi\/sv\/tuote\/pameco-alustera-at3280-valtra-q\/\" \/>\n<meta property=\"og:site_name\" content=\"Pameco\" \/>\n<meta property=\"article:publisher\" content=\"https:\/\/www.facebook.com\/ntmoy\" \/>\n<meta property=\"article:modified_time\" content=\"2025-10-01T04:47:42+00:00\" \/>\n<meta property=\"og:image\" content=\"https:\/\/www.pameco.fi\/wpc\/uploads\/2025\/09\/5.jpg\" \/>\n\t<meta property=\"og:image:width\" content=\"1528\" \/>\n\t<meta property=\"og:image:height\" content=\"1630\" \/>\n\t<meta property=\"og:image:type\" content=\"image\/jpeg\" \/>\n<meta name=\"twitter:card\" content=\"summary_large_image\" \/>\n<meta name=\"twitter:label1\" content=\"Est. reading time\" \/>\n\t<meta name=\"twitter:data1\" content=\"1 minute\" \/>\n<script type=\"application\/ld+json\" class=\"yoast-schema-graph\">{\"@context\":\"https:\/\/schema.org\",\"@graph\":[{\"@type\":\"WebPage\",\"@id\":\"https:\/\/www.pameco.fi\/sv\/tuote\/pameco-alustera-at3280-valtra-q\/\",\"url\":\"https:\/\/www.pameco.fi\/sv\/tuote\/pameco-alustera-at3280-valtra-q\/\",\"name\":\"Pameco Aluster\u00e4 AT3280 Valtra Q - Pameco\",\"isPartOf\":{\"@id\":\"https:\/\/www.pameco.fi\/sv\/#website\"},\"primaryImageOfPage\":{\"@id\":\"https:\/\/www.pameco.fi\/sv\/tuote\/pameco-alustera-at3280-valtra-q\/#primaryimage\"},\"image\":{\"@id\":\"https:\/\/www.pameco.fi\/sv\/tuote\/pameco-alustera-at3280-valtra-q\/#primaryimage\"},\"thumbnailUrl\":\"https:\/\/www.pameco.fi\/wpc\/uploads\/2025\/09\/5.jpg\",\"datePublished\":\"2025-09-10T09:35:48+00:00\",\"dateModified\":\"2025-10-01T04:47:42+00:00\",\"breadcrumb\":{\"@id\":\"https:\/\/www.pameco.fi\/sv\/tuote\/pameco-alustera-at3280-valtra-q\/#breadcrumb\"},\"inLanguage\":\"sv-SE\",\"potentialAction\":[{\"@type\":\"ReadAction\",\"target\":[\"https:\/\/www.pameco.fi\/sv\/tuote\/pameco-alustera-at3280-valtra-q\/\"]}]},{\"@type\":\"ImageObject\",\"inLanguage\":\"sv-SE\",\"@id\":\"https:\/\/www.pameco.fi\/sv\/tuote\/pameco-alustera-at3280-valtra-q\/#primaryimage\",\"url\":\"https:\/\/www.pameco.fi\/wpc\/uploads\/2025\/09\/5.jpg\",\"contentUrl\":\"https:\/\/www.pameco.fi\/wpc\/uploads\/2025\/09\/5.jpg\",\"width\":1528,\"height\":1630},{\"@type\":\"BreadcrumbList\",\"@id\":\"https:\/\/www.pameco.fi\/sv\/tuote\/pameco-alustera-at3280-valtra-q\/#breadcrumb\",\"itemListElement\":[{\"@type\":\"ListItem\",\"position\":1,\"name\":\"Hem\",\"item\":\"https:\/\/www.pameco.fi\/sv\/\"},{\"@type\":\"ListItem\",\"position\":2,\"name\":\"Butik\",\"item\":\"https:\/\/www.pameco.fi\/verkkokauppa\/\"},{\"@type\":\"ListItem\",\"position\":3,\"name\":\"Pameco Aluster\u00e4 AT3280 Valtra Q\"}]},{\"@type\":\"WebSite\",\"@id\":\"https:\/\/www.pameco.fi\/sv\/#website\",\"url\":\"https:\/\/www.pameco.fi\/sv\/\",\"name\":\"Pameco\",\"description\":\"Suomalaiset PAMECO, HOKKE ja AJO-tuotteet kone\u00adurakointiin ja maa\u00adtilojen lietteen- sek\u00e4 vesien\u00adk\u00e4sittelyyn\",\"publisher\":{\"@id\":\"https:\/\/www.pameco.fi\/sv\/#organization\"},\"alternateName\":\"Nurmeksen Ter\u00e4smyynti Oy\",\"potentialAction\":[{\"@type\":\"SearchAction\",\"target\":{\"@type\":\"EntryPoint\",\"urlTemplate\":\"https:\/\/www.pameco.fi\/sv\/?s={search_term_string}\"},\"query-input\":{\"@type\":\"PropertyValueSpecification\",\"valueRequired\":true,\"valueName\":\"search_term_string\"}}],\"inLanguage\":\"sv-SE\"},{\"@type\":\"Organization\",\"@id\":\"https:\/\/www.pameco.fi\/sv\/#organization\",\"name\":\"Pameco\",\"alternateName\":\"Nurmeksen Ter\u00e4smyynti Oy\",\"url\":\"https:\/\/www.pameco.fi\/sv\/\",\"logo\":{\"@type\":\"ImageObject\",\"inLanguage\":\"sv-SE\",\"@id\":\"https:\/\/www.pameco.fi\/sv\/#\/schema\/logo\/image\/\",\"url\":\"https:\/\/www.pameco.fi\/wpc\/uploads\/2025\/09\/profiilikuva.png\",\"contentUrl\":\"https:\/\/www.pameco.fi\/wpc\/uploads\/2025\/09\/profiilikuva.png\",\"width\":1500,\"height\":1500,\"caption\":\"Pameco\"},\"image\":{\"@id\":\"https:\/\/www.pameco.fi\/sv\/#\/schema\/logo\/image\/\"},\"sameAs\":[\"https:\/\/www.facebook.com\/ntmoy\",\"https:\/\/www.youtube.com\/channel\/UCDQ51KVHtb23Y4nTYonSeRw\"]}]}<\/script>\n<!-- \/ Yoast SEO plugin. -->","yoast_head_json":{"title":"Pameco Aluster\u00e4 AT3280 Valtra Q - Pameco","robots":{"index":"index","follow":"follow","max-snippet":"max-snippet:-1","max-image-preview":"max-image-preview:large","max-video-preview":"max-video-preview:-1"},"canonical":"https:\/\/www.pameco.fi\/sv\/tuote\/pameco-alustera-at3280-valtra-q\/","og_locale":"sv_SE","og_type":"article","og_title":"Pameco Aluster\u00e4 AT3280 Valtra Q - Pameco","og_description":"Pameco Aluster\u00e4 AT3280 Valtra Q-sarjaan CE-merkitty talvikunnossapidon tuote.   Ter\u00e4n leveys 3280mm  Hydraulinen kallistus n.50mm, 12astetta (vakiovaruste)  Ter\u00e4v\u00e4t Betek tappiter\u00e4t (kuuluu toimitukseen)  Maavara tappiterill\u00e4 noin 18-22cm tappiter\u00e4n k\u00e4rkeen mitattuna  Polyuretaanimaalaus kest\u00e4\u00e4 hyvin kulutusta ja on liukas.  Paineakku (30bar vastapaineella)  Ter\u00e4n saa irti irrottamalla 4 tappia jolloin pelkk\u00e4 runko j\u00e4\u00e4 traktoriin kiinni, runkokin on pultattavissa irti traktorista ilman renkaiden irroitusta.  Rakenne ei hankaloita huoltojen suorittamista  Tarvitsee kaksi kappaletta 2-toimisia hydrauliikkalohkoja, k\u00e4ytet\u00e4\u00e4n siis traktorin omaa hydrauliikkaa.  Em\u00e4ter\u00e4 valmistettu kulutuster\u00e4ksest\u00e4, runko 40mm paksua S355 laadun rakenneter\u00e4st\u00e4.  Kaikki tapit vaihdettavissa k\u00e4sity\u00f6kaluilla  HUOM! Lis\u00e4varusteena mahdollista saada kaikkiin aluster\u00e4 malleihimme hydraulinen 250mm jatke tappiterill\u00e4 oikealle puolelle (luovutuspuolelle).   Jatketta ei voi asentaa j\u00e4lkik\u00e4teen joten jatke tilattava jo aluster\u00e4n tilauksen yhteydess\u00e4.  Tarvitsee 3:n lohkon k\u00e4ytt\u00f6\u00f6n tai hydrauliikan voi varustella 6\/2 s\u00e4hk\u00f6isell\u00e4 venttiilill\u00e4 jolloin jatketta voi k\u00e4ytt\u00e4\u00e4 vuorotellen kallistuksen kanssa, t\u00e4ll\u00f6in 2 hydraulilohkoa riitt\u00e4\u00e4.  Pameco Aluster\u00e4 voidaan asentaa meill\u00e4 Nurmeksen Ter\u00e4smyynti Oy:n tiloissa Nurmeksessa tai valtuuttamissamme asennusliikkeiss\u00e4\u00a0Asennus veloitetaan erikseen.  &nbsp;  L\u00e4het\u00e4 tarjouspyynt\u00f6","og_url":"https:\/\/www.pameco.fi\/sv\/tuote\/pameco-alustera-at3280-valtra-q\/","og_site_name":"Pameco","article_publisher":"https:\/\/www.facebook.com\/ntmoy","article_modified_time":"2025-10-01T04:47:42+00:00","og_image":[{"width":1528,"height":1630,"url":"https:\/\/www.pameco.fi\/wpc\/uploads\/2025\/09\/5.jpg","type":"image\/jpeg"}],"twitter_card":"summary_large_image","twitter_misc":{"Est. reading time":"1 minute"},"schema":{"@context":"https:\/\/schema.org","@graph":[{"@type":"WebPage","@id":"https:\/\/www.pameco.fi\/sv\/tuote\/pameco-alustera-at3280-valtra-q\/","url":"https:\/\/www.pameco.fi\/sv\/tuote\/pameco-alustera-at3280-valtra-q\/","name":"Pameco Aluster\u00e4 AT3280 Valtra Q - Pameco","isPartOf":{"@id":"https:\/\/www.pameco.fi\/sv\/#website"},"primaryImageOfPage":{"@id":"https:\/\/www.pameco.fi\/sv\/tuote\/pameco-alustera-at3280-valtra-q\/#primaryimage"},"image":{"@id":"https:\/\/www.pameco.fi\/sv\/tuote\/pameco-alustera-at3280-valtra-q\/#primaryimage"},"thumbnailUrl":"https:\/\/www.pameco.fi\/wpc\/uploads\/2025\/09\/5.jpg","datePublished":"2025-09-10T09:35:48+00:00","dateModified":"2025-10-01T04:47:42+00:00","breadcrumb":{"@id":"https:\/\/www.pameco.fi\/sv\/tuote\/pameco-alustera-at3280-valtra-q\/#breadcrumb"},"inLanguage":"sv-SE","potentialAction":[{"@type":"ReadAction","target":["https:\/\/www.pameco.fi\/sv\/tuote\/pameco-alustera-at3280-valtra-q\/"]}]},{"@type":"ImageObject","inLanguage":"sv-SE","@id":"https:\/\/www.pameco.fi\/sv\/tuote\/pameco-alustera-at3280-valtra-q\/#primaryimage","url":"https:\/\/www.pameco.fi\/wpc\/uploads\/2025\/09\/5.jpg","contentUrl":"https:\/\/www.pameco.fi\/wpc\/uploads\/2025\/09\/5.jpg","width":1528,"height":1630},{"@type":"BreadcrumbList","@id":"https:\/\/www.pameco.fi\/sv\/tuote\/pameco-alustera-at3280-valtra-q\/#breadcrumb","itemListElement":[{"@type":"ListItem","position":1,"name":"Hem","item":"https:\/\/www.pameco.fi\/sv\/"},{"@type":"ListItem","position":2,"name":"Butik","item":"https:\/\/www.pameco.fi\/verkkokauppa\/"},{"@type":"ListItem","position":3,"name":"Pameco Aluster\u00e4 AT3280 Valtra Q"}]},{"@type":"WebSite","@id":"https:\/\/www.pameco.fi\/sv\/#website","url":"https:\/\/www.pameco.fi\/sv\/","name":"Pameco","description":"Suomalaiset PAMECO, HOKKE ja AJO-tuotteet kone\u00adurakointiin ja maa\u00adtilojen lietteen- sek\u00e4 vesien\u00adk\u00e4sittelyyn","publisher":{"@id":"https:\/\/www.pameco.fi\/sv\/#organization"},"alternateName":"Nurmeksen Ter\u00e4smyynti Oy","potentialAction":[{"@type":"SearchAction","target":{"@type":"EntryPoint","urlTemplate":"https:\/\/www.pameco.fi\/sv\/?s={search_term_string}"},"query-input":{"@type":"PropertyValueSpecification","valueRequired":true,"valueName":"search_term_string"}}],"inLanguage":"sv-SE"},{"@type":"Organization","@id":"https:\/\/www.pameco.fi\/sv\/#organization","name":"Pameco","alternateName":"Nurmeksen Ter\u00e4smyynti Oy","url":"https:\/\/www.pameco.fi\/sv\/","logo":{"@type":"ImageObject","inLanguage":"sv-SE","@id":"https:\/\/www.pameco.fi\/sv\/#\/schema\/logo\/image\/","url":"https:\/\/www.pameco.fi\/wpc\/uploads\/2025\/09\/profiilikuva.png","contentUrl":"https:\/\/www.pameco.fi\/wpc\/uploads\/2025\/09\/profiilikuva.png","width":1500,"height":1500,"caption":"Pameco"},"image":{"@id":"https:\/\/www.pameco.fi\/sv\/#\/schema\/logo\/image\/"},"sameAs":["https:\/\/www.facebook.com\/ntmoy","https:\/\/www.youtube.com\/channel\/UCDQ51KVHtb23Y4nTYonSeRw"]}]}},"_links":{"self":[{"href":"https:\/\/www.pameco.fi\/sv\/wp-json\/wp\/v2\/product\/3031","targetHints":{"allow":["GET"]}}],"collection":[{"href":"https:\/\/www.pameco.fi\/sv\/wp-json\/wp\/v2\/product"}],"about":[{"href":"https:\/\/www.pameco.fi\/sv\/wp-json\/wp\/v2\/types\/product"}],"replies":[{"embeddable":true,"href":"https:\/\/www.pameco.fi\/sv\/wp-json\/wp\/v2\/comments?post=3031"}],"wp:featuredmedia":[{"embeddable":true,"href":"https:\/\/www.pameco.fi\/sv\/wp-json\/wp\/v2\/media\/3058"}],"wp:attachment":[{"href":"https:\/\/www.pameco.fi\/sv\/wp-json\/wp\/v2\/media?parent=3031"}],"wp:term":[{"taxonomy":"product_brand","embeddable":true,"href":"https:\/\/www.pameco.fi\/sv\/wp-json\/wp\/v2\/product_brand?post=3031"},{"taxonomy":"product_cat","embeddable":true,"href":"https:\/\/www.pameco.fi\/sv\/wp-json\/wp\/v2\/product_cat?post=3031"},{"taxonomy":"product_tag","embeddable":true,"href":"https:\/\/www.pameco.fi\/sv\/wp-json\/wp\/v2\/product_tag?post=3031"}],"curies":[{"name":"wp","href":"https:\/\/api.w.org\/{rel}","templated":true}]}}